{"id":4188,"date":"2020-02-18T09:48:15","date_gmt":"2020-02-18T08:48:15","guid":{"rendered":"https:\/\/paulrivera.it\/product\/luster-oil-non-oil-ochronny-plyn-modelujacy\/"},"modified":"2024-05-13T09:56:57","modified_gmt":"2024-05-13T07:56:57","slug":"luster-oil-non-oil-ochronny-plyn-modelujacy","status":"publish","type":"product","link":"https:\/\/paulrivera.it\/pl\/prodotti\/finish-styling-pl\/luster-oil-non-oil-ochronny-plyn-modelujacy\/","title":{"rendered":"Luster Oil non Oil &#8211; Ochronny p\u0142yn modeluj\u0105cy"},"content":{"rendered":"<div class=\"wpb-content-wrapper\"><p>[vc_row full_width=&#8221;stretch_row&#8221;][vc_column][vc_row_inner el_id=&#8221;desktop&#8221;][vc_column_inner width=&#8221;1\/2&#8243; css=&#8221;.vc_custom_1582194227194{padding-top: 10% !important;padding-right: 10% !important;padding-bottom: 10% !important;padding-left: 30% !important;}&#8221; offset=&#8221;vc_hidden-md vc_hidden-sm vc_hidden-xs&#8221;][vc_column_text]<\/p>\n<h1>Pokochasz ten produkt za to, \u017ce<\/h1>\n<ul>\n<li><span style=\"font-weight: 400;\">Modeluje i chroni w\u0142osy<\/span><\/li>\n<li>Nawil\u017ca w\u0142osy i przeciwdzia\u0142a ich puszeniu si\u0119<\/li>\n<li>Pozwala uzyska\u0107 naturalny wygl\u0105d zdrowych\u00a0 w\u0142os\u00f3w<\/li>\n<li>Nie skleja i nie brudzi w\u0142os\u00f3w<\/li>\n<\/ul>\n<p>[\/vc_column_text][vc_column_text]<\/p>\n<h1>Sk\u0142adniki aktywne zawarte w formule<\/h1>\n<ul>\n<li><span style=\"font-weight: 400;\">Wyci\u0105g z siemienia lnianego: s<\/span>iemi\u0119 lniane jest naturalnym silnym \u015brodkiem do w\u0142os\u00f3w potrzebuj\u0105cych od\u017cywienia, pomaga nawil\u017cy\u0107 w\u0142osy i zachowa\u0107 ich spr\u0119\u017cysto\u015b\u0107 i <span style=\"font-weight: 400;\">odporno\u015b\u0107<\/span><\/li>\n<li>Nostrzyk \u017c\u00f3\u0142ty: bogaty we flawonoidy i kumaryn\u0119 ma w\u0142a\u015bciwo\u015bci regeneruj\u0105ce, relaksuj\u0105ce i od\u017cywcze, kt\u00f3re sprawiaj\u0105, \u017ce sprawdza si\u0119 idealnie do odbudowy i u\u0142atwia rozczesywanie w\u0142os\u00f3w, pozostawiaj\u0105c je l\u015bni\u0105ce i pe\u0142ne obj\u0119to\u015bci.<\/li>\n<\/ul>\n<p>[\/vc_column_text][vc_column_text]<\/p>\n<h1>Jak stosowa\u0107?<\/h1>\n<p><span style=\"font-weight: 400;\">Na\u0142o\u017cy\u0107 p\u0142yn modeluj\u0105cy <\/span><span style=\"font-weight: 400;\">Luste<\/span><span style=\"font-weight: 400;\">r na mokre lub suche w\u0142osy i wymodelowa\u0107 fryzur\u0119. <\/span>[\/vc_column_text][\/vc_column_inner][vc_column_inner width=&#8221;1\/2&#8243; css=&#8221;.vc_custom_1582892326729{background-image: url(https:\/\/paulrivera.it\/wp-content\/uploads\/2020\/02\/background_adv_produc_luster.png?id=919) !important;background-position: center !important;background-repeat: no-repeat !important;background-size: cover !important;}&#8221; offset=&#8221;vc_hidden-md vc_hidden-sm vc_hidden-xs&#8221;][vc_single_image image=&#8221;4166&#8243; img_size=&#8221;large&#8221; alignment=&#8221;center&#8221;][\/vc_column_inner][\/vc_row_inner][vc_row_inner el_id=&#8221;tablet&#8221;][vc_column_inner offset=&#8221;vc_hidden-lg vc_hidden-xs&#8221;][vc_column_text]<\/p>\n<h1>Pokochasz ten produkt za to, \u017ce<\/h1>\n<ul>\n<li><span style=\"font-weight: 400;\">Modeluje i chroni w\u0142osy<\/span><\/li>\n<li>Nawil\u017ca w\u0142osy i przeciwdzia\u0142a ich puszeniu si\u0119<\/li>\n<li>Pozwala uzyska\u0107 naturalny wygl\u0105d zdrowych\u00a0 w\u0142os\u00f3w<\/li>\n<li>Nie skleja i nie brudzi w\u0142os\u00f3w<\/li>\n<\/ul>\n<p>[\/vc_column_text][vc_column_text]<\/p>\n<h1>Sk\u0142adniki aktywne zawarte w formule<\/h1>\n<ul>\n<li><span style=\"font-weight: 400;\">Wyci\u0105g z siemienia lnianego: s<\/span>iemi\u0119 lniane jest naturalnym silnym \u015brodkiem do w\u0142os\u00f3w potrzebuj\u0105cych od\u017cywienia, pomaga nawil\u017cy\u0107 w\u0142osy i zachowa\u0107 ich spr\u0119\u017cysto\u015b\u0107 i <span style=\"font-weight: 400;\">odporno\u015b\u0107<\/span><\/li>\n<li>Nostrzyk \u017c\u00f3\u0142ty: bogaty we flawonoidy i kumaryn\u0119 ma w\u0142a\u015bciwo\u015bci regeneruj\u0105ce, relaksuj\u0105ce i od\u017cywcze, kt\u00f3re sprawiaj\u0105, \u017ce sprawdza si\u0119 idealnie do odbudowy i u\u0142atwia rozczesywanie w\u0142os\u00f3w, pozostawiaj\u0105c je l\u015bni\u0105ce i pe\u0142ne obj\u0119to\u015bci.<\/li>\n<\/ul>\n<p>[\/vc_column_text][vc_column_text]<\/p>\n<h1>Jak stosowa\u0107?<\/h1>\n<p><span style=\"font-weight: 400;\">Na\u0142o\u017cy\u0107 p\u0142yn modeluj\u0105cy <\/span><span style=\"font-weight: 400;\">Luste<\/span><span style=\"font-weight: 400;\">r na mokre lub suche w\u0142osy i wymodelowa\u0107 fryzur\u0119. <\/span>[\/vc_column_text][\/vc_column_inner][\/vc_row_inner][vc_row_inner el_id=&#8221;mobile&#8221;][vc_column_inner width=&#8221;1\/2&#8243; offset=&#8221;vc_hidden-lg vc_hidden-md vc_hidden-sm&#8221;][vc_column_text]<\/p>\n<h1>Pokochasz ten produkt za to, \u017ce<\/h1>\n<ul>\n<li><span style=\"font-weight: 400;\">Modeluje i chroni w\u0142osy<\/span><\/li>\n<li>Nawil\u017ca w\u0142osy i przeciwdzia\u0142a ich puszeniu si\u0119<\/li>\n<li>Pozwala uzyska\u0107 naturalny wygl\u0105d zdrowych\u00a0 w\u0142os\u00f3w<\/li>\n<li>Nie skleja i nie brudzi w\u0142os\u00f3w<\/li>\n<\/ul>\n<p>[\/vc_column_text][vc_column_text]<\/p>\n<h1>Sk\u0142adniki aktywne zawarte w formule<\/h1>\n<ul>\n<li><span style=\"font-weight: 400;\">Wyci\u0105g z siemienia lnianego: s<\/span>iemi\u0119 lniane jest naturalnym silnym \u015brodkiem do w\u0142os\u00f3w potrzebuj\u0105cych od\u017cywienia, pomaga nawil\u017cy\u0107 w\u0142osy i zachowa\u0107 ich spr\u0119\u017cysto\u015b\u0107 i <span style=\"font-weight: 400;\">odporno\u015b\u0107<\/span><\/li>\n<li>Nostrzyk \u017c\u00f3\u0142ty: bogaty we flawonoidy i kumaryn\u0119 ma w\u0142a\u015bciwo\u015bci regeneruj\u0105ce, relaksuj\u0105ce i od\u017cywcze, kt\u00f3re sprawiaj\u0105, \u017ce sprawdza si\u0119 idealnie do odbudowy i u\u0142atwia rozczesywanie w\u0142os\u00f3w, pozostawiaj\u0105c je l\u015bni\u0105ce i pe\u0142ne obj\u0119to\u015bci.<\/li>\n<\/ul>\n<p>[\/vc_column_text][vc_column_text]<\/p>\n<h1>Jak stosowa\u0107?<\/h1>\n<p><span style=\"font-weight: 400;\">Na\u0142o\u017cy\u0107 p\u0142yn modeluj\u0105cy <\/span><span style=\"font-weight: 400;\">Luste<\/span><span style=\"font-weight: 400;\">r na mokre lub suche w\u0142osy i wymodelowa\u0107 fryzur\u0119. <\/span>[\/vc_column_text][\/vc_column_inner][vc_column_inner width=&#8221;1\/2&#8243; css=&#8221;.vc_custom_1582892345786{background-image: url(https:\/\/paulrivera.it\/wp-content\/uploads\/2020\/02\/background_adv_produc_luster.png?id=919) !important;background-position: center !important;background-repeat: no-repeat !important;background-size: cover !important;}&#8221; offset=&#8221;vc_hidden-lg vc_hidden-md vc_hidden-sm&#8221;][vc_single_image image=&#8221;4166&#8243; img_size=&#8221;large&#8221; alignment=&#8221;center&#8221;][\/vc_column_inner][\/vc_row_inner][\/vc_column][\/vc_row][vc_row css=&#8221;.vc_custom_1582192829011{padding-top: 50px !important;}&#8221;][vc_column][vc_row_inner][vc_column_inner][vc_column_text]<\/p>\n<h1 class=\"p1\" style=\"text-align: center;\">Spodoba Ci si\u0119 r\u00f3wnie\u017c<\/h1>\n<p>[\/vc_column_text][\/vc_column_inner][\/vc_row_inner][vc_raw_html]JTVCd3BiLXByb2R1Y3Qtc2xpZGVyLXNob3J0Y29kZSUyMGlkJTNEJTIyMTkzJTIyJTVE[\/vc_raw_html][\/vc_column][\/vc_row]<\/p>\n<\/div>","protected":false},"excerpt":{"rendered":"<p><span style=\"font-weight: 400;\">L\u2019<\/span><span style=\"font-weight: 400;\">Oil non Oil Luster <\/span><span style=\"font-weight: 400;\">\u00a0to<\/span><b> ochronny p\u0142yn modeluj\u0105cy<\/b><span style=\"font-weight: 400;\">, pozostawiaj\u0105cy naturalny wygl\u0105d w\u0142os\u00f3w. Tworzy lekk\u0105 warstw\u0119 od\u017cywcz\u0105 i eliminuje puszenie si\u0119 w\u0142os\u00f3w, nie pozostawiaj\u0105c osadu ani nie obci\u0105\u017caj\u0105c ich. Wzbogacony o <\/span><b>wyci\u0105gi z siemienia lnianego <\/b><span style=\"font-weight: 400;\">i <\/span><b>nostrzyka lekarskiego<\/b><span style=\"font-weight: 400;\">, sk\u0142adniki aktywne o w\u0142a\u015bciwo\u015bciach od\u017cywczych i nawil\u017caj\u0105cych.<\/span><\/p>\n<p><span style=\"font-weight: 400;\">Otula w\u0142osy na ca\u0142ej d\u0142ugo\u015bci lekko utrwalaj\u0105c\u0105 warstw\u0105 ochronn\u0105. Efekt: p\u0142yn Luster <\/span><b>\u00a0jednocze\u015bnie roz\u015bwietla i modeluje<\/b><span style=\"font-weight: 400;\">, daj\u0105c natychmiastowy efekt l\u015bni\u0105cych w\u0142os\u00f3w. W\u0142osy odzyskuj\u0105 mi\u0119kko\u015b\u0107 i witalno\u015b\u0107.<\/span><\/p>\n<p><span style=\"font-weight: 400;\">200 ml<\/span><\/p>\n<p>&nbsp;<\/p>\n[maxbutton id=\"8\"]\n","protected":false},"featured_media":4189,"template":"","meta":[],"product_brand":[],"product_cat":[694],"product_tag":[],"class_list":{"0":"post-4188","1":"product","2":"type-product","3":"status-publish","4":"has-post-thumbnail","6":"product_cat-finish-styling-pl","7":"description-off","9":"first","10":"instock","11":"shipping-taxable","12":"product-type-simple"},"yoast_head":"<!-- This site is optimized with the Yoast SEO plugin v27.2 - https:\/\/yoast.com\/product\/yoast-seo-wordpress\/ -->\n<title>Luster Oil non Oil - Ochronny p\u0142yn modeluj\u0105cy | Paul Rivera<\/title>\n<meta name=\"description\" content=\"L\u2019Oil non Oil Luster \u00a0to ochronny p\u0142yn modeluj\u0105cy, pozostawiaj\u0105cy naturalny wygl\u0105d w\u0142os\u00f3w.\" \/>\n<meta name=\"robots\" content=\"index, follow, max-snippet:-1, max-image-preview:large, max-video-preview:-1\" \/>\n<link rel=\"canonical\" href=\"https:\/\/paulrivera.it\/pl\/prodotti\/finish-styling-pl\/luster-oil-non-oil-ochronny-plyn-modelujacy\/\" \/>\n<meta property=\"og:locale\" content=\"pl_PL\" \/>\n<meta property=\"og:type\" content=\"article\" \/>\n<meta property=\"og:title\" content=\"Luster Oil non Oil - Ochronny p\u0142yn modeluj\u0105cy | Paul Rivera\" \/>\n<meta property=\"og:description\" content=\"L\u2019Oil non Oil Luster \u00a0to ochronny p\u0142yn modeluj\u0105cy, pozostawiaj\u0105cy naturalny wygl\u0105d w\u0142os\u00f3w.\" \/>\n<meta property=\"og:url\" content=\"https:\/\/paulrivera.it\/pl\/prodotti\/finish-styling-pl\/luster-oil-non-oil-ochronny-plyn-modelujacy\/\" \/>\n<meta property=\"og:site_name\" content=\"Paul Rivera\" \/>\n<meta property=\"article:modified_time\" content=\"2024-05-13T07:56:57+00:00\" \/>\n<meta property=\"og:image\" content=\"https:\/\/paulrivera.it\/wp-content\/uploads\/2020\/02\/606129_paul_rivera_loster_protective_shaping_fluid_200ml.png\" \/>\n\t<meta property=\"og:image:width\" content=\"800\" \/>\n\t<meta property=\"og:image:height\" content=\"800\" \/>\n\t<meta property=\"og:image:type\" content=\"image\/png\" \/>\n<meta name=\"twitter:card\" content=\"summary_large_image\" \/>\n<meta name=\"twitter:label1\" content=\"Est. reading time\" \/>\n\t<meta name=\"twitter:data1\" content=\"3 minutes\" \/>\n<script type=\"application\/ld+json\" class=\"yoast-schema-graph\">{\"@context\":\"https:\/\/schema.org\",\"@graph\":[{\"@type\":\"WebPage\",\"@id\":\"https:\/\/paulrivera.it\/pl\/prodotti\/finish-styling-pl\/luster-oil-non-oil-ochronny-plyn-modelujacy\/\",\"url\":\"https:\/\/paulrivera.it\/pl\/prodotti\/finish-styling-pl\/luster-oil-non-oil-ochronny-plyn-modelujacy\/\",\"name\":\"Luster Oil non Oil - Ochronny p\u0142yn modeluj\u0105cy | Paul Rivera\",\"isPartOf\":{\"@id\":\"https:\/\/paulrivera.it\/pl\/#website\"},\"primaryImageOfPage\":{\"@id\":\"https:\/\/paulrivera.it\/pl\/prodotti\/finish-styling-pl\/luster-oil-non-oil-ochronny-plyn-modelujacy\/#primaryimage\"},\"image\":{\"@id\":\"https:\/\/paulrivera.it\/pl\/prodotti\/finish-styling-pl\/luster-oil-non-oil-ochronny-plyn-modelujacy\/#primaryimage\"},\"thumbnailUrl\":\"https:\/\/paulrivera.it\/wp-content\/uploads\/2020\/02\/606129_paul_rivera_loster_protective_shaping_fluid_200ml.png\",\"datePublished\":\"2020-02-18T08:48:15+00:00\",\"dateModified\":\"2024-05-13T07:56:57+00:00\",\"description\":\"L\u2019Oil non Oil Luster \u00a0to ochronny p\u0142yn modeluj\u0105cy, pozostawiaj\u0105cy naturalny wygl\u0105d w\u0142os\u00f3w.\",\"breadcrumb\":{\"@id\":\"https:\/\/paulrivera.it\/pl\/prodotti\/finish-styling-pl\/luster-oil-non-oil-ochronny-plyn-modelujacy\/#breadcrumb\"},\"inLanguage\":\"pl-PL\",\"potentialAction\":[{\"@type\":\"ReadAction\",\"target\":[\"https:\/\/paulrivera.it\/pl\/prodotti\/finish-styling-pl\/luster-oil-non-oil-ochronny-plyn-modelujacy\/\"]}]},{\"@type\":\"ImageObject\",\"inLanguage\":\"pl-PL\",\"@id\":\"https:\/\/paulrivera.it\/pl\/prodotti\/finish-styling-pl\/luster-oil-non-oil-ochronny-plyn-modelujacy\/#primaryimage\",\"url\":\"https:\/\/paulrivera.it\/wp-content\/uploads\/2020\/02\/606129_paul_rivera_loster_protective_shaping_fluid_200ml.png\",\"contentUrl\":\"https:\/\/paulrivera.it\/wp-content\/uploads\/2020\/02\/606129_paul_rivera_loster_protective_shaping_fluid_200ml.png\",\"width\":800,\"height\":800,\"caption\":\"Luster Oil non Oil - Ochronny p\u0142yn modeluj\u0105cy\"},{\"@type\":\"BreadcrumbList\",\"@id\":\"https:\/\/paulrivera.it\/pl\/prodotti\/finish-styling-pl\/luster-oil-non-oil-ochronny-plyn-modelujacy\/#breadcrumb\",\"itemListElement\":[{\"@type\":\"ListItem\",\"position\":1,\"name\":\"Home\",\"item\":\"https:\/\/paulrivera.it\/pl\/\"},{\"@type\":\"ListItem\",\"position\":2,\"name\":\"Pagina shop\",\"item\":\"https:\/\/paulrivera.it\/prodotti\/\"},{\"@type\":\"ListItem\",\"position\":3,\"name\":\"Luster Oil non Oil &#8211; Ochronny p\u0142yn modeluj\u0105cy\"}]},{\"@type\":\"WebSite\",\"@id\":\"https:\/\/paulrivera.it\/pl\/#website\",\"url\":\"https:\/\/paulrivera.it\/pl\/\",\"name\":\"Paul Rivera\",\"description\":\"Hair Beauty Celebration\",\"publisher\":{\"@id\":\"https:\/\/paulrivera.it\/pl\/#organization\"},\"potentialAction\":[{\"@type\":\"SearchAction\",\"target\":{\"@type\":\"EntryPoint\",\"urlTemplate\":\"https:\/\/paulrivera.it\/pl\/?s={search_term_string}\"},\"query-input\":{\"@type\":\"PropertyValueSpecification\",\"valueRequired\":true,\"valueName\":\"search_term_string\"}}],\"inLanguage\":\"pl-PL\"},{\"@type\":\"Organization\",\"@id\":\"https:\/\/paulrivera.it\/pl\/#organization\",\"name\":\"Paul Rivera\",\"url\":\"https:\/\/paulrivera.it\/pl\/\",\"logo\":{\"@type\":\"ImageObject\",\"inLanguage\":\"pl-PL\",\"@id\":\"https:\/\/paulrivera.it\/pl\/#\/schema\/logo\/image\/\",\"url\":\"https:\/\/paulrivera.it\/wp-content\/uploads\/2020\/02\/paul_rivera_logo_header_x2.png\",\"contentUrl\":\"https:\/\/paulrivera.it\/wp-content\/uploads\/2020\/02\/paul_rivera_logo_header_x2.png\",\"width\":470,\"height\":60,\"caption\":\"Paul Rivera\"},\"image\":{\"@id\":\"https:\/\/paulrivera.it\/pl\/#\/schema\/logo\/image\/\"}}]}<\/script>\n<!-- \/ Yoast SEO plugin. -->","yoast_head_json":{"title":"Luster Oil non Oil - Ochronny p\u0142yn modeluj\u0105cy | Paul Rivera","description":"L\u2019Oil non Oil Luster \u00a0to ochronny p\u0142yn modeluj\u0105cy, pozostawiaj\u0105cy naturalny wygl\u0105d w\u0142os\u00f3w.","robots":{"index":"index","follow":"follow","max-snippet":"max-snippet:-1","max-image-preview":"max-image-preview:large","max-video-preview":"max-video-preview:-1"},"canonical":"https:\/\/paulrivera.it\/pl\/prodotti\/finish-styling-pl\/luster-oil-non-oil-ochronny-plyn-modelujacy\/","og_locale":"pl_PL","og_type":"article","og_title":"Luster Oil non Oil - Ochronny p\u0142yn modeluj\u0105cy | Paul Rivera","og_description":"L\u2019Oil non Oil Luster \u00a0to ochronny p\u0142yn modeluj\u0105cy, pozostawiaj\u0105cy naturalny wygl\u0105d w\u0142os\u00f3w.","og_url":"https:\/\/paulrivera.it\/pl\/prodotti\/finish-styling-pl\/luster-oil-non-oil-ochronny-plyn-modelujacy\/","og_site_name":"Paul Rivera","article_modified_time":"2024-05-13T07:56:57+00:00","og_image":[{"width":800,"height":800,"url":"https:\/\/paulrivera.it\/wp-content\/uploads\/2020\/02\/606129_paul_rivera_loster_protective_shaping_fluid_200ml.png","type":"image\/png"}],"twitter_card":"summary_large_image","twitter_misc":{"Est. reading time":"3 minutes"},"schema":{"@context":"https:\/\/schema.org","@graph":[{"@type":"WebPage","@id":"https:\/\/paulrivera.it\/pl\/prodotti\/finish-styling-pl\/luster-oil-non-oil-ochronny-plyn-modelujacy\/","url":"https:\/\/paulrivera.it\/pl\/prodotti\/finish-styling-pl\/luster-oil-non-oil-ochronny-plyn-modelujacy\/","name":"Luster Oil non Oil - Ochronny p\u0142yn modeluj\u0105cy | Paul Rivera","isPartOf":{"@id":"https:\/\/paulrivera.it\/pl\/#website"},"primaryImageOfPage":{"@id":"https:\/\/paulrivera.it\/pl\/prodotti\/finish-styling-pl\/luster-oil-non-oil-ochronny-plyn-modelujacy\/#primaryimage"},"image":{"@id":"https:\/\/paulrivera.it\/pl\/prodotti\/finish-styling-pl\/luster-oil-non-oil-ochronny-plyn-modelujacy\/#primaryimage"},"thumbnailUrl":"https:\/\/paulrivera.it\/wp-content\/uploads\/2020\/02\/606129_paul_rivera_loster_protective_shaping_fluid_200ml.png","datePublished":"2020-02-18T08:48:15+00:00","dateModified":"2024-05-13T07:56:57+00:00","description":"L\u2019Oil non Oil Luster \u00a0to ochronny p\u0142yn modeluj\u0105cy, pozostawiaj\u0105cy naturalny wygl\u0105d w\u0142os\u00f3w.","breadcrumb":{"@id":"https:\/\/paulrivera.it\/pl\/prodotti\/finish-styling-pl\/luster-oil-non-oil-ochronny-plyn-modelujacy\/#breadcrumb"},"inLanguage":"pl-PL","potentialAction":[{"@type":"ReadAction","target":["https:\/\/paulrivera.it\/pl\/prodotti\/finish-styling-pl\/luster-oil-non-oil-ochronny-plyn-modelujacy\/"]}]},{"@type":"ImageObject","inLanguage":"pl-PL","@id":"https:\/\/paulrivera.it\/pl\/prodotti\/finish-styling-pl\/luster-oil-non-oil-ochronny-plyn-modelujacy\/#primaryimage","url":"https:\/\/paulrivera.it\/wp-content\/uploads\/2020\/02\/606129_paul_rivera_loster_protective_shaping_fluid_200ml.png","contentUrl":"https:\/\/paulrivera.it\/wp-content\/uploads\/2020\/02\/606129_paul_rivera_loster_protective_shaping_fluid_200ml.png","width":800,"height":800,"caption":"Luster Oil non Oil - Ochronny p\u0142yn modeluj\u0105cy"},{"@type":"BreadcrumbList","@id":"https:\/\/paulrivera.it\/pl\/prodotti\/finish-styling-pl\/luster-oil-non-oil-ochronny-plyn-modelujacy\/#breadcrumb","itemListElement":[{"@type":"ListItem","position":1,"name":"Home","item":"https:\/\/paulrivera.it\/pl\/"},{"@type":"ListItem","position":2,"name":"Pagina shop","item":"https:\/\/paulrivera.it\/prodotti\/"},{"@type":"ListItem","position":3,"name":"Luster Oil non Oil &#8211; Ochronny p\u0142yn modeluj\u0105cy"}]},{"@type":"WebSite","@id":"https:\/\/paulrivera.it\/pl\/#website","url":"https:\/\/paulrivera.it\/pl\/","name":"Paul Rivera","description":"Hair Beauty Celebration","publisher":{"@id":"https:\/\/paulrivera.it\/pl\/#organization"},"potentialAction":[{"@type":"SearchAction","target":{"@type":"EntryPoint","urlTemplate":"https:\/\/paulrivera.it\/pl\/?s={search_term_string}"},"query-input":{"@type":"PropertyValueSpecification","valueRequired":true,"valueName":"search_term_string"}}],"inLanguage":"pl-PL"},{"@type":"Organization","@id":"https:\/\/paulrivera.it\/pl\/#organization","name":"Paul Rivera","url":"https:\/\/paulrivera.it\/pl\/","logo":{"@type":"ImageObject","inLanguage":"pl-PL","@id":"https:\/\/paulrivera.it\/pl\/#\/schema\/logo\/image\/","url":"https:\/\/paulrivera.it\/wp-content\/uploads\/2020\/02\/paul_rivera_logo_header_x2.png","contentUrl":"https:\/\/paulrivera.it\/wp-content\/uploads\/2020\/02\/paul_rivera_logo_header_x2.png","width":470,"height":60,"caption":"Paul Rivera"},"image":{"@id":"https:\/\/paulrivera.it\/pl\/#\/schema\/logo\/image\/"}}]}},"_links":{"self":[{"href":"https:\/\/paulrivera.it\/pl\/wp-json\/wp\/v2\/product\/4188","targetHints":{"allow":["GET"]}}],"collection":[{"href":"https:\/\/paulrivera.it\/pl\/wp-json\/wp\/v2\/product"}],"about":[{"href":"https:\/\/paulrivera.it\/pl\/wp-json\/wp\/v2\/types\/product"}],"wp:featuredmedia":[{"embeddable":true,"href":"https:\/\/paulrivera.it\/pl\/wp-json\/wp\/v2\/media\/4189"}],"wp:attachment":[{"href":"https:\/\/paulrivera.it\/pl\/wp-json\/wp\/v2\/media?parent=4188"}],"wp:term":[{"taxonomy":"product_brand","embeddable":true,"href":"https:\/\/paulrivera.it\/pl\/wp-json\/wp\/v2\/product_brand?post=4188"},{"taxonomy":"product_cat","embeddable":true,"href":"https:\/\/paulrivera.it\/pl\/wp-json\/wp\/v2\/product_cat?post=4188"},{"taxonomy":"product_tag","embeddable":true,"href":"https:\/\/paulrivera.it\/pl\/wp-json\/wp\/v2\/product_tag?post=4188"}],"curies":[{"name":"wp","href":"https:\/\/api.w.org\/{rel}","templated":true}]}}