{"id":4606,"date":"2021-12-13T09:00:52","date_gmt":"2021-11-24T14:09:52","guid":{"rendered":"https:\/\/paulrivera.it\/?post_type=product&#038;p=4606"},"modified":"2024-05-13T09:38:21","modified_gmt":"2024-05-13T07:38:21","slug":"plex-us-n3-home-treatment","status":"publish","type":"product","link":"https:\/\/paulrivera.it\/pl\/prodotti\/dzial-techniczny-pl\/plex-us-ochronny-zabieg-wielofunkcyjny\/plex-us-n3-home-treatment\/","title":{"rendered":"PLEX-US N\u00b03 &#8211; Home treatment"},"content":{"rendered":"<div class=\"wpb-content-wrapper\"><p>[vc_row full_width=&#8221;stretch_row&#8221;][vc_column][vc_row_inner el_id=&#8221;desktop&#8221;][vc_column_inner width=&#8221;1\/2&#8243; css=&#8221;.vc_custom_1582194227194{padding-top: 10% !important;padding-right: 10% !important;padding-bottom: 10% !important;padding-left: 30% !important;}&#8221; offset=&#8221;vc_hidden-md vc_hidden-sm vc_hidden-xs&#8221;][vc_column_text]<\/p>\n<h1>Pokochasz ten produkt za to, \u017ce<\/h1>\n<ul>\n<li style=\"font-weight: 400;\" aria-level=\"1\"><span style=\"font-weight: 400;\">Przed\u0142u\u017ca efekty zabiegu PLEX-US wykonanego w salonie<\/span><\/li>\n<li style=\"font-weight: 400;\" aria-level=\"1\"><span style=\"font-weight: 400;\">Mo\u017ce by\u0107 stosowany przed zwyk\u0142\u0105 piel\u0119gnacj\u0105 w\u0142os\u00f3w lub po<\/span><\/li>\n<li style=\"font-weight: 400;\" aria-level=\"1\"><span style=\"font-weight: 400;\">Idealny do w\u0142os\u00f3w zniszczonych agresywnymi us\u0142ugami technicznymi (koloryzacja i dekoloryzacja)<\/span><\/li>\n<li style=\"font-weight: 400;\" aria-level=\"1\"><span style=\"font-weight: 400;\">W\u0142osy stan\u0105 si\u0119 widocznie zregenerowane<\/span><\/li>\n<\/ul>\n<p>[\/vc_column_text][vc_column_text]<\/p>\n<h1>Formu\u0142a<\/h1>\n<ul>\n<li><span style=\"font-weight: 400;\">BOND INFUSION: proteinowy kompleks funkcjonalny dzia\u0142aj\u0105cy na odporno\u015b\u0107 w\u0142os\u00f3w na z\u0142amania, elastyczno\u015b\u0107 i j\u0119drno\u015b\u0107 \u0142usek w\u0142osa. Tworzy na w\u0142osach pow\u0142ok\u0119, kt\u00f3ra wzmacnia, nawil\u017ca i chroni ich powierzchni\u0119. <\/span><\/li>\n<\/ul>\n<p>[\/vc_column_text][vc_column_text]<\/p>\n<h1>Jak stosowa\u0107?<\/h1>\n<p><span style=\"font-weight: 400;\">Nanie\u015b\u0107 PLEX-US N\u00b03 na wilgotne w\u0142osy przed umyciem lub po, aby dope\u0142ni\u0107 piel\u0119gnacj\u0119 w\u0142os\u00f3w. Dopasowa\u0107 stosowanie produktu w zale\u017cno\u015bci od typu us\u0142ugi i rodzaju w\u0142os\u00f3w zgodnie ze schematem stosowania.<\/span><\/p>\n<p><span style=\"font-weight: 400;\">Sp\u0142uka\u0107.<\/span>[\/vc_column_text][\/vc_column_inner][vc_column_inner width=&#8221;1\/2&#8243; css=&#8221;.vc_custom_1638805564665{background-color: #d08eb8 !important;background-position: center !important;background-repeat: no-repeat !important;background-size: cover !important;}&#8221; offset=&#8221;vc_hidden-md vc_hidden-sm vc_hidden-xs&#8221;][vc_single_image image=&#8221;4716&#8243; img_size=&#8221;full&#8221;][\/vc_column_inner][\/vc_row_inner][vc_row_inner el_id=&#8221;tablet&#8221;][vc_column_inner offset=&#8221;vc_hidden-lg vc_hidden-xs&#8221;][vc_column_text]<\/p>\n<h1>Pokochasz ten produkt za to, \u017ce<\/h1>\n<ul>\n<li style=\"font-weight: 400;\" aria-level=\"1\"><span style=\"font-weight: 400;\">Przed\u0142u\u017ca efekty zabiegu PLEX-US wykonanego w salonie<\/span><\/li>\n<li style=\"font-weight: 400;\" aria-level=\"1\"><span style=\"font-weight: 400;\">Mo\u017ce by\u0107 stosowany przed zwyk\u0142\u0105 piel\u0119gnacj\u0105 w\u0142os\u00f3w lub po<\/span><\/li>\n<li style=\"font-weight: 400;\" aria-level=\"1\"><span style=\"font-weight: 400;\">Idealny do w\u0142os\u00f3w zniszczonych agresywnymi us\u0142ugami technicznymi (koloryzacja i dekoloryzacja)<\/span><\/li>\n<li style=\"font-weight: 400;\" aria-level=\"1\"><span style=\"font-weight: 400;\">W\u0142osy stan\u0105 si\u0119 widocznie zregenerowane<\/span><\/li>\n<\/ul>\n<p>[\/vc_column_text][vc_column_text]<\/p>\n<h1>Formu\u0142a<\/h1>\n<ul>\n<li><span style=\"font-weight: 400;\">BOND INFUSION: proteinowy kompleks funkcjonalny dzia\u0142aj\u0105cy na odporno\u015b\u0107 w\u0142os\u00f3w na z\u0142amania, elastyczno\u015b\u0107 i j\u0119drno\u015b\u0107 \u0142usek w\u0142osa. Tworzy na w\u0142osach pow\u0142ok\u0119, kt\u00f3ra wzmacnia, nawil\u017ca i chroni ich powierzchni\u0119. <\/span><\/li>\n<\/ul>\n<p>[\/vc_column_text][vc_column_text]<\/p>\n<h1>Jak stosowa\u0107?<\/h1>\n<p><span style=\"font-weight: 400;\">Nanie\u015b\u0107 PLEX-US N\u00b03 na wilgotne w\u0142osy przed umyciem lub po, aby dope\u0142ni\u0107 piel\u0119gnacj\u0119 w\u0142os\u00f3w. Dopasowa\u0107 stosowanie produktu w zale\u017cno\u015bci od typu us\u0142ugi i rodzaju w\u0142os\u00f3w zgodnie ze schematem stosowania.<\/span><\/p>\n<p><span style=\"font-weight: 400;\">Sp\u0142uka\u0107.<\/span>[\/vc_column_text][\/vc_column_inner][\/vc_row_inner][vc_row_inner el_id=&#8221;mobile&#8221;][vc_column_inner width=&#8221;1\/2&#8243; offset=&#8221;vc_hidden-lg vc_hidden-md vc_hidden-sm&#8221;][vc_column_text]<\/p>\n<h1>Pokochasz ten produkt za to, \u017ce<\/h1>\n<ul>\n<li style=\"font-weight: 400;\" aria-level=\"1\"><span style=\"font-weight: 400;\">Przed\u0142u\u017ca efekty zabiegu PLEX-US wykonanego w salonie<\/span><\/li>\n<li style=\"font-weight: 400;\" aria-level=\"1\"><span style=\"font-weight: 400;\">Mo\u017ce by\u0107 stosowany przed zwyk\u0142\u0105 piel\u0119gnacj\u0105 w\u0142os\u00f3w lub po<\/span><\/li>\n<li style=\"font-weight: 400;\" aria-level=\"1\"><span style=\"font-weight: 400;\">Idealny do w\u0142os\u00f3w zniszczonych agresywnymi us\u0142ugami technicznymi (koloryzacja i dekoloryzacja)<\/span><\/li>\n<li style=\"font-weight: 400;\" aria-level=\"1\"><span style=\"font-weight: 400;\">W\u0142osy stan\u0105 si\u0119 widocznie zregenerowane<\/span><\/li>\n<\/ul>\n<p>[\/vc_column_text][vc_column_text]<\/p>\n<h1>Formu\u0142a<\/h1>\n<ul>\n<li><span style=\"font-weight: 400;\">BOND INFUSION: proteinowy kompleks funkcjonalny dzia\u0142aj\u0105cy na odporno\u015b\u0107 w\u0142os\u00f3w na z\u0142amania, elastyczno\u015b\u0107 i j\u0119drno\u015b\u0107 \u0142usek w\u0142osa. Tworzy na w\u0142osach pow\u0142ok\u0119, kt\u00f3ra wzmacnia, nawil\u017ca i chroni ich powierzchni\u0119. <\/span><\/li>\n<\/ul>\n<p>[\/vc_column_text][vc_column_text]<\/p>\n<h1>Jak stosowa\u0107?<\/h1>\n<p><span style=\"font-weight: 400;\">Nanie\u015b\u0107 PLEX-US N\u00b03 na wilgotne w\u0142osy przed umyciem lub po, aby dope\u0142ni\u0107 piel\u0119gnacj\u0119 w\u0142os\u00f3w. Dopasowa\u0107 stosowanie produktu w zale\u017cno\u015bci od typu us\u0142ugi i rodzaju w\u0142os\u00f3w zgodnie ze schematem stosowania.<\/span><\/p>\n<p><span style=\"font-weight: 400;\">Sp\u0142uka\u0107.<\/span>[\/vc_column_text][\/vc_column_inner][vc_column_inner width=&#8221;1\/2&#8243; css=&#8221;.vc_custom_1638805592941{background-color: #d08eb8 !important;background-position: center !important;background-repeat: no-repeat !important;background-size: cover !important;}&#8221; offset=&#8221;vc_hidden-lg vc_hidden-md vc_hidden-sm&#8221;][vc_single_image image=&#8221;4716&#8243; img_size=&#8221;full&#8221;][\/vc_column_inner][\/vc_row_inner][\/vc_column][\/vc_row][vc_row][vc_column][vc_column_text]<\/p>\n<h1 style=\"text-align: center;\">Schemat stosowania<\/h1>\n<p>[\/vc_column_text][vc_raw_html]JTVCd3B0YiUyMGlkJTNENDYzMyU1RA==[\/vc_raw_html][\/vc_column][\/vc_row][vc_row css=&#8221;.vc_custom_1582192829011{padding-top: 50px !important;}&#8221;][vc_column][vc_row_inner][vc_column_inner][vc_column_text]<\/p>\n<h1 style=\"text-align: center;\"><span style=\"font-weight: 400;\">Spodoba Ci si\u0119 r\u00f3wnie\u017c<\/span><\/h1>\n<p>[\/vc_column_text][\/vc_column_inner][\/vc_row_inner][vc_raw_html]JTVCd3BiLXByb2R1Y3Qtc2xpZGVyLXNob3J0Y29kZSUyMGlkJTNEJTIyNDY1MiUyMiU1RA==[\/vc_raw_html][\/vc_column][\/vc_row]<\/p>\n<\/div>","protected":false},"excerpt":{"rendered":"<p><span style=\"font-weight: 400;\">PLEX-US N\u00b03 to profesjonalny zabieg<\/span><b>, kt\u00f3ry mo\u017cna stosowa\u0107 w domu<\/b><span style=\"font-weight: 400;\">, aby wzmocni\u0107 i przed\u0142u\u017cy\u0107 efekty wielofunkcyjnej us\u0142ugi ochronnej PLEX-US wykonanej w salonie. Idealny do w\u0142os\u00f3w zestresowanych koloryzacj\u0105 lub dekoloryzacj\u0105 zabieg <\/span><b>BOND INFUSION<\/b><span style=\"font-weight: 400;\"> umo\u017cliwia <\/span><b>odbudow\u0119 w\u0142os\u00f3w od wewn\u0105trz, nadaj\u0105c efekt pow\u0142oki<\/b><span style=\"font-weight: 400;\">, kt\u00f3ra nawil\u017ca i wzmacnia powierzchni\u0119 w\u0142os\u00f3w.<\/span><\/p>\n<p><span style=\"font-weight: 400;\">Preparat nale\u017cy sp\u0142uka\u0107.<\/span><\/p>\n<p><span style=\"font-weight: 400;\">150 ml<\/span><\/p>\n<p>&nbsp;<\/p>\n[maxbutton id=\"8\"]\n","protected":false},"featured_media":4676,"template":"","meta":[],"product_brand":[],"product_cat":[907],"product_tag":[],"class_list":{"0":"post-4606","1":"product","2":"type-product","3":"status-publish","4":"has-post-thumbnail","6":"product_cat-plex-us-ochronny-zabieg-wielofunkcyjny","7":"description-off","9":"first","10":"instock","11":"shipping-taxable","12":"product-type-simple"},"yoast_head":"<!-- This site is optimized with the Yoast SEO plugin v27.2 - https:\/\/yoast.com\/product\/yoast-seo-wordpress\/ -->\n<title>PLEX-US N\u00b03 - Home treatment | Paul Rivera<\/title>\n<meta name=\"description\" content=\"PLEX-US N\u00b03 to profesjonalny zabieg, kt\u00f3ry mo\u017cna stosowa\u0107 w domu, aby wzmocni\u0107 i przed\u0142u\u017cy\u0107 efekty wielofunkcyjnej us\u0142ugi ochronnej PLEX-US wykonanej w salonie.\" \/>\n<meta name=\"robots\" content=\"index, follow, max-snippet:-1, max-image-preview:large, max-video-preview:-1\" \/>\n<link rel=\"canonical\" href=\"https:\/\/paulrivera.it\/pl\/prodotti\/dzial-techniczny-pl\/plex-us-ochronny-zabieg-wielofunkcyjny\/plex-us-n3-home-treatment\/\" \/>\n<meta property=\"og:locale\" content=\"pl_PL\" \/>\n<meta property=\"og:type\" content=\"article\" \/>\n<meta property=\"og:title\" content=\"PLEX-US N\u00b03 - Home treatment | Paul Rivera\" \/>\n<meta property=\"og:description\" content=\"PLEX-US N\u00b03 to profesjonalny zabieg, kt\u00f3ry mo\u017cna stosowa\u0107 w domu, aby wzmocni\u0107 i przed\u0142u\u017cy\u0107 efekty wielofunkcyjnej us\u0142ugi ochronnej PLEX-US wykonanej w salonie.\" \/>\n<meta property=\"og:url\" content=\"https:\/\/paulrivera.it\/pl\/prodotti\/dzial-techniczny-pl\/plex-us-ochronny-zabieg-wielofunkcyjny\/plex-us-n3-home-treatment\/\" \/>\n<meta property=\"og:site_name\" content=\"Paul Rivera\" \/>\n<meta property=\"article:modified_time\" content=\"2024-05-13T07:38:21+00:00\" \/>\n<meta property=\"og:image\" content=\"https:\/\/paulrivera.it\/wp-content\/uploads\/2021\/12\/604330_paul_rivera_plex_use_multipurpose_treatment_150ml.png\" \/>\n\t<meta property=\"og:image:width\" content=\"800\" \/>\n\t<meta property=\"og:image:height\" content=\"800\" \/>\n\t<meta property=\"og:image:type\" content=\"image\/png\" \/>\n<meta name=\"twitter:card\" content=\"summary_large_image\" \/>\n<meta name=\"twitter:label1\" content=\"Est. reading time\" \/>\n\t<meta name=\"twitter:data1\" content=\"3 minutes\" \/>\n<script type=\"application\/ld+json\" class=\"yoast-schema-graph\">{\"@context\":\"https:\/\/schema.org\",\"@graph\":[{\"@type\":\"WebPage\",\"@id\":\"https:\/\/paulrivera.it\/pl\/prodotti\/dzial-techniczny-pl\/plex-us-ochronny-zabieg-wielofunkcyjny\/plex-us-n3-home-treatment\/\",\"url\":\"https:\/\/paulrivera.it\/pl\/prodotti\/dzial-techniczny-pl\/plex-us-ochronny-zabieg-wielofunkcyjny\/plex-us-n3-home-treatment\/\",\"name\":\"PLEX-US N\u00b03 - Home treatment | Paul Rivera\",\"isPartOf\":{\"@id\":\"https:\/\/paulrivera.it\/pl\/#website\"},\"primaryImageOfPage\":{\"@id\":\"https:\/\/paulrivera.it\/pl\/prodotti\/dzial-techniczny-pl\/plex-us-ochronny-zabieg-wielofunkcyjny\/plex-us-n3-home-treatment\/#primaryimage\"},\"image\":{\"@id\":\"https:\/\/paulrivera.it\/pl\/prodotti\/dzial-techniczny-pl\/plex-us-ochronny-zabieg-wielofunkcyjny\/plex-us-n3-home-treatment\/#primaryimage\"},\"thumbnailUrl\":\"https:\/\/paulrivera.it\/wp-content\/uploads\/2021\/12\/604330_paul_rivera_plex_use_multipurpose_treatment_150ml.png\",\"datePublished\":\"2021-11-24T14:09:52+00:00\",\"dateModified\":\"2024-05-13T07:38:21+00:00\",\"description\":\"PLEX-US N\u00b03 to profesjonalny zabieg, kt\u00f3ry mo\u017cna stosowa\u0107 w domu, aby wzmocni\u0107 i przed\u0142u\u017cy\u0107 efekty wielofunkcyjnej us\u0142ugi ochronnej PLEX-US wykonanej w salonie.\",\"breadcrumb\":{\"@id\":\"https:\/\/paulrivera.it\/pl\/prodotti\/dzial-techniczny-pl\/plex-us-ochronny-zabieg-wielofunkcyjny\/plex-us-n3-home-treatment\/#breadcrumb\"},\"inLanguage\":\"pl-PL\",\"potentialAction\":[{\"@type\":\"ReadAction\",\"target\":[\"https:\/\/paulrivera.it\/pl\/prodotti\/dzial-techniczny-pl\/plex-us-ochronny-zabieg-wielofunkcyjny\/plex-us-n3-home-treatment\/\"]}]},{\"@type\":\"ImageObject\",\"inLanguage\":\"pl-PL\",\"@id\":\"https:\/\/paulrivera.it\/pl\/prodotti\/dzial-techniczny-pl\/plex-us-ochronny-zabieg-wielofunkcyjny\/plex-us-n3-home-treatment\/#primaryimage\",\"url\":\"https:\/\/paulrivera.it\/wp-content\/uploads\/2021\/12\/604330_paul_rivera_plex_use_multipurpose_treatment_150ml.png\",\"contentUrl\":\"https:\/\/paulrivera.it\/wp-content\/uploads\/2021\/12\/604330_paul_rivera_plex_use_multipurpose_treatment_150ml.png\",\"width\":800,\"height\":800},{\"@type\":\"BreadcrumbList\",\"@id\":\"https:\/\/paulrivera.it\/pl\/prodotti\/dzial-techniczny-pl\/plex-us-ochronny-zabieg-wielofunkcyjny\/plex-us-n3-home-treatment\/#breadcrumb\",\"itemListElement\":[{\"@type\":\"ListItem\",\"position\":1,\"name\":\"Home\",\"item\":\"https:\/\/paulrivera.it\/pl\/\"},{\"@type\":\"ListItem\",\"position\":2,\"name\":\"Pagina shop\",\"item\":\"https:\/\/paulrivera.it\/prodotti\/\"},{\"@type\":\"ListItem\",\"position\":3,\"name\":\"PLEX-US N\u00b03 &#8211; Home treatment\"}]},{\"@type\":\"WebSite\",\"@id\":\"https:\/\/paulrivera.it\/pl\/#website\",\"url\":\"https:\/\/paulrivera.it\/pl\/\",\"name\":\"Paul Rivera\",\"description\":\"Hair Beauty Celebration\",\"publisher\":{\"@id\":\"https:\/\/paulrivera.it\/pl\/#organization\"},\"potentialAction\":[{\"@type\":\"SearchAction\",\"target\":{\"@type\":\"EntryPoint\",\"urlTemplate\":\"https:\/\/paulrivera.it\/pl\/?s={search_term_string}\"},\"query-input\":{\"@type\":\"PropertyValueSpecification\",\"valueRequired\":true,\"valueName\":\"search_term_string\"}}],\"inLanguage\":\"pl-PL\"},{\"@type\":\"Organization\",\"@id\":\"https:\/\/paulrivera.it\/pl\/#organization\",\"name\":\"Paul Rivera\",\"url\":\"https:\/\/paulrivera.it\/pl\/\",\"logo\":{\"@type\":\"ImageObject\",\"inLanguage\":\"pl-PL\",\"@id\":\"https:\/\/paulrivera.it\/pl\/#\/schema\/logo\/image\/\",\"url\":\"https:\/\/paulrivera.it\/wp-content\/uploads\/2020\/02\/paul_rivera_logo_header_x2.png\",\"contentUrl\":\"https:\/\/paulrivera.it\/wp-content\/uploads\/2020\/02\/paul_rivera_logo_header_x2.png\",\"width\":470,\"height\":60,\"caption\":\"Paul Rivera\"},\"image\":{\"@id\":\"https:\/\/paulrivera.it\/pl\/#\/schema\/logo\/image\/\"}}]}<\/script>\n<!-- \/ Yoast SEO plugin. -->","yoast_head_json":{"title":"PLEX-US N\u00b03 - Home treatment | Paul Rivera","description":"PLEX-US N\u00b03 to profesjonalny zabieg, kt\u00f3ry mo\u017cna stosowa\u0107 w domu, aby wzmocni\u0107 i przed\u0142u\u017cy\u0107 efekty wielofunkcyjnej us\u0142ugi ochronnej PLEX-US wykonanej w salonie.","robots":{"index":"index","follow":"follow","max-snippet":"max-snippet:-1","max-image-preview":"max-image-preview:large","max-video-preview":"max-video-preview:-1"},"canonical":"https:\/\/paulrivera.it\/pl\/prodotti\/dzial-techniczny-pl\/plex-us-ochronny-zabieg-wielofunkcyjny\/plex-us-n3-home-treatment\/","og_locale":"pl_PL","og_type":"article","og_title":"PLEX-US N\u00b03 - Home treatment | Paul Rivera","og_description":"PLEX-US N\u00b03 to profesjonalny zabieg, kt\u00f3ry mo\u017cna stosowa\u0107 w domu, aby wzmocni\u0107 i przed\u0142u\u017cy\u0107 efekty wielofunkcyjnej us\u0142ugi ochronnej PLEX-US wykonanej w salonie.","og_url":"https:\/\/paulrivera.it\/pl\/prodotti\/dzial-techniczny-pl\/plex-us-ochronny-zabieg-wielofunkcyjny\/plex-us-n3-home-treatment\/","og_site_name":"Paul Rivera","article_modified_time":"2024-05-13T07:38:21+00:00","og_image":[{"width":800,"height":800,"url":"https:\/\/paulrivera.it\/wp-content\/uploads\/2021\/12\/604330_paul_rivera_plex_use_multipurpose_treatment_150ml.png","type":"image\/png"}],"twitter_card":"summary_large_image","twitter_misc":{"Est. reading time":"3 minutes"},"schema":{"@context":"https:\/\/schema.org","@graph":[{"@type":"WebPage","@id":"https:\/\/paulrivera.it\/pl\/prodotti\/dzial-techniczny-pl\/plex-us-ochronny-zabieg-wielofunkcyjny\/plex-us-n3-home-treatment\/","url":"https:\/\/paulrivera.it\/pl\/prodotti\/dzial-techniczny-pl\/plex-us-ochronny-zabieg-wielofunkcyjny\/plex-us-n3-home-treatment\/","name":"PLEX-US N\u00b03 - Home treatment | Paul Rivera","isPartOf":{"@id":"https:\/\/paulrivera.it\/pl\/#website"},"primaryImageOfPage":{"@id":"https:\/\/paulrivera.it\/pl\/prodotti\/dzial-techniczny-pl\/plex-us-ochronny-zabieg-wielofunkcyjny\/plex-us-n3-home-treatment\/#primaryimage"},"image":{"@id":"https:\/\/paulrivera.it\/pl\/prodotti\/dzial-techniczny-pl\/plex-us-ochronny-zabieg-wielofunkcyjny\/plex-us-n3-home-treatment\/#primaryimage"},"thumbnailUrl":"https:\/\/paulrivera.it\/wp-content\/uploads\/2021\/12\/604330_paul_rivera_plex_use_multipurpose_treatment_150ml.png","datePublished":"2021-11-24T14:09:52+00:00","dateModified":"2024-05-13T07:38:21+00:00","description":"PLEX-US N\u00b03 to profesjonalny zabieg, kt\u00f3ry mo\u017cna stosowa\u0107 w domu, aby wzmocni\u0107 i przed\u0142u\u017cy\u0107 efekty wielofunkcyjnej us\u0142ugi ochronnej PLEX-US wykonanej w salonie.","breadcrumb":{"@id":"https:\/\/paulrivera.it\/pl\/prodotti\/dzial-techniczny-pl\/plex-us-ochronny-zabieg-wielofunkcyjny\/plex-us-n3-home-treatment\/#breadcrumb"},"inLanguage":"pl-PL","potentialAction":[{"@type":"ReadAction","target":["https:\/\/paulrivera.it\/pl\/prodotti\/dzial-techniczny-pl\/plex-us-ochronny-zabieg-wielofunkcyjny\/plex-us-n3-home-treatment\/"]}]},{"@type":"ImageObject","inLanguage":"pl-PL","@id":"https:\/\/paulrivera.it\/pl\/prodotti\/dzial-techniczny-pl\/plex-us-ochronny-zabieg-wielofunkcyjny\/plex-us-n3-home-treatment\/#primaryimage","url":"https:\/\/paulrivera.it\/wp-content\/uploads\/2021\/12\/604330_paul_rivera_plex_use_multipurpose_treatment_150ml.png","contentUrl":"https:\/\/paulrivera.it\/wp-content\/uploads\/2021\/12\/604330_paul_rivera_plex_use_multipurpose_treatment_150ml.png","width":800,"height":800},{"@type":"BreadcrumbList","@id":"https:\/\/paulrivera.it\/pl\/prodotti\/dzial-techniczny-pl\/plex-us-ochronny-zabieg-wielofunkcyjny\/plex-us-n3-home-treatment\/#breadcrumb","itemListElement":[{"@type":"ListItem","position":1,"name":"Home","item":"https:\/\/paulrivera.it\/pl\/"},{"@type":"ListItem","position":2,"name":"Pagina shop","item":"https:\/\/paulrivera.it\/prodotti\/"},{"@type":"ListItem","position":3,"name":"PLEX-US N\u00b03 &#8211; Home treatment"}]},{"@type":"WebSite","@id":"https:\/\/paulrivera.it\/pl\/#website","url":"https:\/\/paulrivera.it\/pl\/","name":"Paul Rivera","description":"Hair Beauty Celebration","publisher":{"@id":"https:\/\/paulrivera.it\/pl\/#organization"},"potentialAction":[{"@type":"SearchAction","target":{"@type":"EntryPoint","urlTemplate":"https:\/\/paulrivera.it\/pl\/?s={search_term_string}"},"query-input":{"@type":"PropertyValueSpecification","valueRequired":true,"valueName":"search_term_string"}}],"inLanguage":"pl-PL"},{"@type":"Organization","@id":"https:\/\/paulrivera.it\/pl\/#organization","name":"Paul Rivera","url":"https:\/\/paulrivera.it\/pl\/","logo":{"@type":"ImageObject","inLanguage":"pl-PL","@id":"https:\/\/paulrivera.it\/pl\/#\/schema\/logo\/image\/","url":"https:\/\/paulrivera.it\/wp-content\/uploads\/2020\/02\/paul_rivera_logo_header_x2.png","contentUrl":"https:\/\/paulrivera.it\/wp-content\/uploads\/2020\/02\/paul_rivera_logo_header_x2.png","width":470,"height":60,"caption":"Paul Rivera"},"image":{"@id":"https:\/\/paulrivera.it\/pl\/#\/schema\/logo\/image\/"}}]}},"_links":{"self":[{"href":"https:\/\/paulrivera.it\/pl\/wp-json\/wp\/v2\/product\/4606","targetHints":{"allow":["GET"]}}],"collection":[{"href":"https:\/\/paulrivera.it\/pl\/wp-json\/wp\/v2\/product"}],"about":[{"href":"https:\/\/paulrivera.it\/pl\/wp-json\/wp\/v2\/types\/product"}],"wp:featuredmedia":[{"embeddable":true,"href":"https:\/\/paulrivera.it\/pl\/wp-json\/wp\/v2\/media\/4676"}],"wp:attachment":[{"href":"https:\/\/paulrivera.it\/pl\/wp-json\/wp\/v2\/media?parent=4606"}],"wp:term":[{"taxonomy":"product_brand","embeddable":true,"href":"https:\/\/paulrivera.it\/pl\/wp-json\/wp\/v2\/product_brand?post=4606"},{"taxonomy":"product_cat","embeddable":true,"href":"https:\/\/paulrivera.it\/pl\/wp-json\/wp\/v2\/product_cat?post=4606"},{"taxonomy":"product_tag","embeddable":true,"href":"https:\/\/paulrivera.it\/pl\/wp-json\/wp\/v2\/product_tag?post=4606"}],"curies":[{"name":"wp","href":"https:\/\/api.w.org\/{rel}","templated":true}]}}