{"id":4612,"date":"2021-12-13T09:00:36","date_gmt":"2021-11-24T14:21:36","guid":{"rendered":"https:\/\/paulrivera.it\/?post_type=product&#038;p=4612"},"modified":"2024-05-13T09:38:59","modified_gmt":"2024-05-13T07:38:59","slug":"plex-us-kit","status":"publish","type":"product","link":"https:\/\/paulrivera.it\/pl\/prodotti\/dzial-techniczny-pl\/plex-us-ochronny-zabieg-wielofunkcyjny\/plex-us-kit\/","title":{"rendered":"PLEX-US KIT"},"content":{"rendered":"<div class=\"wpb-content-wrapper\"><p>[vc_row full_width=&#8221;stretch_row&#8221;][vc_column][vc_row_inner el_id=&#8221;desktop&#8221;][vc_column_inner width=&#8221;1\/2&#8243; css=&#8221;.vc_custom_1582194227194{padding-top: 10% !important;padding-right: 10% !important;padding-bottom: 10% !important;padding-left: 30% !important;}&#8221; offset=&#8221;vc_hidden-md vc_hidden-sm vc_hidden-xs&#8221;][vc_column_text]<\/p>\n<h1>Pokochasz ten produkt za to, \u017ce<\/h1>\n<ul>\n<li style=\"font-weight: 400;\" aria-level=\"1\"><span style=\"font-weight: 400;\">Poprawia zdrowie oraz tekstur\u0119 w\u0142os\u00f3w<\/span><\/li>\n<li style=\"font-weight: 400;\" aria-level=\"1\"><span style=\"font-weight: 400;\">Nie zmienia standardowego czasu pozostawienia produktu na w\u0142osach us\u0142ug technicznych<\/span><\/li>\n<li style=\"font-weight: 400;\" aria-level=\"1\"><span style=\"font-weight: 400;\">Poprawia przenikanie farby wg\u0142\u0105b w\u0142os\u00f3w<\/span><\/li>\n<li style=\"font-weight: 400;\" aria-level=\"1\"><span style=\"font-weight: 400;\">Obudowuje w\u0142\u00f3kno w\u0142os\u00f3w od \u015brodka<\/span><\/li>\n<\/ul>\n<p>[\/vc_column_text][vc_column_text]<\/p>\n<h1>Formu\u0142a<\/h1>\n<ul>\n<li><span style=\"font-weight: 400;\">BOND INFUSION: proteinowy kompleks funkcjonalny dzia\u0142aj\u0105cy na odporno\u015b\u0107 w\u0142os\u00f3w na z\u0142amania, elastyczno\u015b\u0107 i j\u0119drno\u015b\u0107 \u0142usek w\u0142osa. Tworzy na w\u0142osach pow\u0142ok\u0119, kt\u00f3ra wzmacnia, nawil\u017ca i chroni ich powierzchni\u0119. <\/span><\/li>\n<\/ul>\n<p>[\/vc_column_text][vc_column_text]<\/p>\n<h1>Jak stosowa\u0107?<\/h1>\n<p><span style=\"font-weight: 400;\">Doda\u0107 <a href=\"https:\/\/paulrivera.it\/pl\/produkt\/plex-us-n1-dodatek-ochronny-do-uslug-technicznych\/\">PLEX-US N\u00b01<\/a> do wybranej mieszanki us\u0142ugi technicznej i pozostawi\u0107 na w\u0142osach zgodnie z czasem koloryzacji. Po umyciu w\u0142os\u00f3w nanie\u015b\u0107 <a href=\"https:\/\/paulrivera.it\/pl\/produkt\/plex-us-n-2-maska-ochronna-do-uslug-technicznych\/\">PLEX-US N\u00b0 2<\/a>, a nast\u0119pnie sp\u0142uka\u0107. Przej\u015b\u0107 do stylizacji.<\/span>[\/vc_column_text][\/vc_column_inner][vc_column_inner width=&#8221;1\/2&#8243; css=&#8221;.vc_custom_1638806245760{background-color: #d08eb8 !important;background-position: center !important;background-repeat: no-repeat !important;background-size: cover !important;}&#8221; offset=&#8221;vc_hidden-md vc_hidden-sm vc_hidden-xs&#8221;][vc_single_image image=&#8221;7674&#8243; img_size=&#8221;full&#8221;][\/vc_column_inner][\/vc_row_inner][vc_row_inner el_id=&#8221;tablet&#8221;][vc_column_inner offset=&#8221;vc_hidden-lg vc_hidden-xs&#8221;][vc_column_text]<\/p>\n<h1>Pokochasz ten produkt za to, \u017ce<\/h1>\n<ul>\n<li style=\"font-weight: 400;\" aria-level=\"1\"><span style=\"font-weight: 400;\">Poprawia zdrowie oraz tekstur\u0119 w\u0142os\u00f3w<\/span><\/li>\n<li style=\"font-weight: 400;\" aria-level=\"1\"><span style=\"font-weight: 400;\">Nie zmienia standardowego czasu pozostawienia produktu na w\u0142osach us\u0142ug technicznych<\/span><\/li>\n<li style=\"font-weight: 400;\" aria-level=\"1\"><span style=\"font-weight: 400;\">Poprawia przenikanie farby wg\u0142\u0105b w\u0142os\u00f3w<\/span><\/li>\n<li style=\"font-weight: 400;\" aria-level=\"1\"><span style=\"font-weight: 400;\">Obudowuje w\u0142\u00f3kno w\u0142os\u00f3w od \u015brodka<\/span><\/li>\n<\/ul>\n<p>[\/vc_column_text][vc_column_text]<\/p>\n<h1>Formu\u0142a<\/h1>\n<ul>\n<li><span style=\"font-weight: 400;\">BOND INFUSION: proteinowy kompleks funkcjonalny dzia\u0142aj\u0105cy na odporno\u015b\u0107 w\u0142os\u00f3w na z\u0142amania, elastyczno\u015b\u0107 i j\u0119drno\u015b\u0107 \u0142usek w\u0142osa. Tworzy na w\u0142osach pow\u0142ok\u0119, kt\u00f3ra wzmacnia, nawil\u017ca i chroni ich powierzchni\u0119. <\/span><\/li>\n<\/ul>\n<p>[\/vc_column_text][vc_column_text]<\/p>\n<h1>Jak stosowa\u0107?<\/h1>\n<p><span style=\"font-weight: 400;\">Doda\u0107 <a href=\"https:\/\/paulrivera.it\/pl\/produkt\/plex-us-n1-dodatek-ochronny-do-uslug-technicznych\/\">PLEX-US N\u00b01<\/a> do wybranej mieszanki us\u0142ugi technicznej i pozostawi\u0107 na w\u0142osach zgodnie z czasem koloryzacji. Po umyciu w\u0142os\u00f3w nanie\u015b\u0107 <a href=\"https:\/\/paulrivera.it\/pl\/produkt\/plex-us-n-2-maska-ochronna-do-uslug-technicznych\/\">PLEX-US N\u00b0 2<\/a>, a nast\u0119pnie sp\u0142uka\u0107. Przej\u015b\u0107 do stylizacji.<\/span>[\/vc_column_text][\/vc_column_inner][\/vc_row_inner][vc_row_inner el_id=&#8221;mobile&#8221;][vc_column_inner width=&#8221;1\/2&#8243; offset=&#8221;vc_hidden-lg vc_hidden-md vc_hidden-sm&#8221;][vc_column_text]<\/p>\n<h1>Pokochasz ten produkt za to, \u017ce<\/h1>\n<ul>\n<li style=\"font-weight: 400;\" aria-level=\"1\"><span style=\"font-weight: 400;\">Poprawia zdrowie oraz tekstur\u0119 w\u0142os\u00f3w<\/span><\/li>\n<li style=\"font-weight: 400;\" aria-level=\"1\"><span style=\"font-weight: 400;\">Nie zmienia standardowego czasu pozostawienia produktu na w\u0142osach us\u0142ug technicznych<\/span><\/li>\n<li style=\"font-weight: 400;\" aria-level=\"1\"><span style=\"font-weight: 400;\">Poprawia przenikanie farby wg\u0142\u0105b w\u0142os\u00f3w<\/span><\/li>\n<li style=\"font-weight: 400;\" aria-level=\"1\"><span style=\"font-weight: 400;\">Obudowuje w\u0142\u00f3kno w\u0142os\u00f3w od \u015brodka<\/span><\/li>\n<\/ul>\n<p>[\/vc_column_text][vc_column_text]<\/p>\n<h1>Formu\u0142a<\/h1>\n<ul>\n<li><span style=\"font-weight: 400;\">BOND INFUSION: proteinowy kompleks funkcjonalny dzia\u0142aj\u0105cy na odporno\u015b\u0107 w\u0142os\u00f3w na z\u0142amania, elastyczno\u015b\u0107 i j\u0119drno\u015b\u0107 \u0142usek w\u0142osa. Tworzy na w\u0142osach pow\u0142ok\u0119, kt\u00f3ra wzmacnia, nawil\u017ca i chroni ich powierzchni\u0119. <\/span><\/li>\n<\/ul>\n<p>[\/vc_column_text][vc_column_text]<\/p>\n<h1>Jak stosowa\u0107?<\/h1>\n<p><span style=\"font-weight: 400;\">Doda\u0107 <a href=\"https:\/\/paulrivera.it\/pl\/produkt\/plex-us-n1-dodatek-ochronny-do-uslug-technicznych\/\">PLEX-US N\u00b01<\/a> do wybranej mieszanki us\u0142ugi technicznej i pozostawi\u0107 na w\u0142osach zgodnie z czasem koloryzacji. Po umyciu w\u0142os\u00f3w nanie\u015b\u0107 <a href=\"https:\/\/paulrivera.it\/pl\/produkt\/plex-us-n-2-maska-ochronna-do-uslug-technicznych\/\">PLEX-US N\u00b0 2<\/a>, a nast\u0119pnie sp\u0142uka\u0107. Przej\u015b\u0107 do stylizacji.<\/span>[\/vc_column_text][\/vc_column_inner][vc_column_inner width=&#8221;1\/2&#8243; css=&#8221;.vc_custom_1638806285200{background-color: #d08eb8 !important;background-position: center !important;background-repeat: no-repeat !important;background-size: cover !important;}&#8221; offset=&#8221;vc_hidden-lg vc_hidden-md vc_hidden-sm&#8221;][vc_single_image image=&#8221;7674&#8243; img_size=&#8221;full&#8221;][\/vc_column_inner][\/vc_row_inner][\/vc_column][\/vc_row][vc_row][vc_column][vc_column_text]<\/p>\n<h1 style=\"text-align: center;\">Schematy stosowania<\/h1>\n<p>[\/vc_column_text][vc_column_text]<\/p>\n<h1 style=\"text-align: center;\">PLEX-US N\u00b01<\/h1>\n<p>[\/vc_column_text][vc_raw_html]JTVCd3B0YiUyMGlkJTNENDYxOCU1RA==[\/vc_raw_html][vc_column_text]<\/p>\n<h1 style=\"text-align: center;\">PLEX-US N\u00b02<\/h1>\n<p>[\/vc_column_text][vc_raw_html]JTVCd3B0YiUyMGlkJTNENDYyOCU1RA==[\/vc_raw_html][\/vc_column][\/vc_row][vc_row css=&#8221;.vc_custom_1582192829011{padding-top: 50px !important;}&#8221;][vc_column][vc_row_inner][vc_column_inner][vc_column_text]<\/p>\n<h1 style=\"text-align: center;\"><span style=\"font-weight: 400;\">Spodoba Ci si\u0119 r\u00f3wnie\u017c<\/span><\/h1>\n<p>[\/vc_column_text][\/vc_column_inner][\/vc_row_inner][vc_raw_html]JTVCd3BiLXByb2R1Y3Qtc2xpZGVyLXNob3J0Y29kZSUyMGlkJTNEJTIyNDY1MyUyMiU1RA==[\/vc_raw_html][\/vc_column][\/vc_row]<\/p>\n<\/div>","protected":false},"excerpt":{"rendered":"<p><span style=\"font-weight: 400;\">Innowacyjna technologia, kt\u00f3ra zachowuje zdrowie Twoich w\u0142os\u00f3w: <\/span><b>PLEX-US <\/b><span style=\"font-weight: 400;\">to wyj\u0105tkowy zabieg wielofunkcyjny marki Paul Rivera, kt\u00f3ry pomaga <\/span><b>chroni\u0107 w\u0142osy zestresowane us\u0142ugami technicznymi koloryzacji, dekoloryzacji lub trwa\u0142ej ondulacji.<\/b><\/p>\n<p>&nbsp;<\/p>\n<p><span style=\"font-weight: 400;\">Zestaw sk\u0142ada si\u0119 z:<\/span><\/p>\n<p><span style=\"font-weight: 400;\">1 szt. <\/span><b>PLEX-US N\u00b01<\/b><span style=\"font-weight: 400;\"> (500 ml) &#8211; <\/span><b>ochronny p\u0142yn<\/b><span style=\"font-weight: 400;\">, kt\u00f3ry mo\u017cna doda\u0107 do mieszanki do koloryzacji, do dekoloryzacji, do trwa\u0142ej ondulacji lub do maski koloryzuj\u0105cej.<\/span><\/p>\n<p><span style=\"font-weight: 400;\">2 szt. <\/span><b>PLEX-US N\u00b0 2 <\/b><span style=\"font-weight: 400;\">\u00a0(500ml) &#8211; <\/span><b>\u00a0ochronna maska <\/b><span style=\"font-weight: 400;\">, kt\u00f3ra uzupe\u0142nia dzia\u0142anie PLEX-US N\u00b0 1 i podkre\u015bla kosmetyczne rezultaty zabieg\u00f3w technicznych.<\/span><\/p>\n<p>&nbsp;<\/p>\n[maxbutton id=\"8\"]\n","protected":false},"featured_media":15505,"template":"","meta":[],"product_brand":[],"product_cat":[907],"product_tag":[],"class_list":{"0":"post-4612","1":"product","2":"type-product","3":"status-publish","4":"has-post-thumbnail","6":"product_cat-plex-us-ochronny-zabieg-wielofunkcyjny","7":"description-off","9":"first","10":"instock","11":"shipping-taxable","12":"product-type-simple"},"yoast_head":"<!-- This site is optimized with the Yoast SEO plugin v27.2 - https:\/\/yoast.com\/product\/yoast-seo-wordpress\/ -->\n<title>PLEX-US KIT | Paul Rivera<\/title>\n<meta name=\"description\" content=\"PLEX-US to wyj\u0105tkowy zabieg wielofunkcyjny marki Paul Rivera, kt\u00f3ry pomaga chroni\u0107 w\u0142osy zestresowane us\u0142ugami technicznymi koloryzacji.\" \/>\n<meta name=\"robots\" content=\"index, follow, max-snippet:-1, max-image-preview:large, max-video-preview:-1\" \/>\n<link rel=\"canonical\" href=\"https:\/\/paulrivera.it\/pl\/prodotti\/dzial-techniczny-pl\/plex-us-ochronny-zabieg-wielofunkcyjny\/plex-us-kit\/\" \/>\n<meta property=\"og:locale\" content=\"pl_PL\" \/>\n<meta property=\"og:type\" content=\"article\" \/>\n<meta property=\"og:title\" content=\"PLEX-US KIT | Paul Rivera\" \/>\n<meta property=\"og:description\" content=\"PLEX-US to wyj\u0105tkowy zabieg wielofunkcyjny marki Paul Rivera, kt\u00f3ry pomaga chroni\u0107 w\u0142osy zestresowane us\u0142ugami technicznymi koloryzacji.\" \/>\n<meta property=\"og:url\" content=\"https:\/\/paulrivera.it\/pl\/prodotti\/dzial-techniczny-pl\/plex-us-ochronny-zabieg-wielofunkcyjny\/plex-us-kit\/\" \/>\n<meta property=\"og:site_name\" content=\"Paul Rivera\" \/>\n<meta property=\"article:modified_time\" content=\"2024-05-13T07:38:59+00:00\" \/>\n<meta property=\"og:image\" content=\"https:\/\/paulrivera.it\/wp-content\/uploads\/2021\/12\/604347_paul_rivera_plex_use_sealing_kit-1.png\" \/>\n\t<meta property=\"og:image:width\" content=\"800\" \/>\n\t<meta property=\"og:image:height\" content=\"800\" \/>\n\t<meta property=\"og:image:type\" content=\"image\/png\" \/>\n<meta name=\"twitter:card\" content=\"summary_large_image\" \/>\n<meta name=\"twitter:label1\" content=\"Est. reading time\" \/>\n\t<meta name=\"twitter:data1\" content=\"3 minutes\" \/>\n<script type=\"application\/ld+json\" class=\"yoast-schema-graph\">{\"@context\":\"https:\/\/schema.org\",\"@graph\":[{\"@type\":\"WebPage\",\"@id\":\"https:\/\/paulrivera.it\/pl\/prodotti\/dzial-techniczny-pl\/plex-us-ochronny-zabieg-wielofunkcyjny\/plex-us-kit\/\",\"url\":\"https:\/\/paulrivera.it\/pl\/prodotti\/dzial-techniczny-pl\/plex-us-ochronny-zabieg-wielofunkcyjny\/plex-us-kit\/\",\"name\":\"PLEX-US KIT | Paul Rivera\",\"isPartOf\":{\"@id\":\"https:\/\/paulrivera.it\/pl\/#website\"},\"primaryImageOfPage\":{\"@id\":\"https:\/\/paulrivera.it\/pl\/prodotti\/dzial-techniczny-pl\/plex-us-ochronny-zabieg-wielofunkcyjny\/plex-us-kit\/#primaryimage\"},\"image\":{\"@id\":\"https:\/\/paulrivera.it\/pl\/prodotti\/dzial-techniczny-pl\/plex-us-ochronny-zabieg-wielofunkcyjny\/plex-us-kit\/#primaryimage\"},\"thumbnailUrl\":\"https:\/\/paulrivera.it\/wp-content\/uploads\/2021\/12\/604347_paul_rivera_plex_use_sealing_kit-1.png\",\"datePublished\":\"2021-11-24T14:21:36+00:00\",\"dateModified\":\"2024-05-13T07:38:59+00:00\",\"description\":\"PLEX-US to wyj\u0105tkowy zabieg wielofunkcyjny marki Paul Rivera, kt\u00f3ry pomaga chroni\u0107 w\u0142osy zestresowane us\u0142ugami technicznymi koloryzacji.\",\"breadcrumb\":{\"@id\":\"https:\/\/paulrivera.it\/pl\/prodotti\/dzial-techniczny-pl\/plex-us-ochronny-zabieg-wielofunkcyjny\/plex-us-kit\/#breadcrumb\"},\"inLanguage\":\"pl-PL\",\"potentialAction\":[{\"@type\":\"ReadAction\",\"target\":[\"https:\/\/paulrivera.it\/pl\/prodotti\/dzial-techniczny-pl\/plex-us-ochronny-zabieg-wielofunkcyjny\/plex-us-kit\/\"]}]},{\"@type\":\"ImageObject\",\"inLanguage\":\"pl-PL\",\"@id\":\"https:\/\/paulrivera.it\/pl\/prodotti\/dzial-techniczny-pl\/plex-us-ochronny-zabieg-wielofunkcyjny\/plex-us-kit\/#primaryimage\",\"url\":\"https:\/\/paulrivera.it\/wp-content\/uploads\/2021\/12\/604347_paul_rivera_plex_use_sealing_kit-1.png\",\"contentUrl\":\"https:\/\/paulrivera.it\/wp-content\/uploads\/2021\/12\/604347_paul_rivera_plex_use_sealing_kit-1.png\",\"width\":800,\"height\":800},{\"@type\":\"BreadcrumbList\",\"@id\":\"https:\/\/paulrivera.it\/pl\/prodotti\/dzial-techniczny-pl\/plex-us-ochronny-zabieg-wielofunkcyjny\/plex-us-kit\/#breadcrumb\",\"itemListElement\":[{\"@type\":\"ListItem\",\"position\":1,\"name\":\"Home\",\"item\":\"https:\/\/paulrivera.it\/pl\/\"},{\"@type\":\"ListItem\",\"position\":2,\"name\":\"Pagina shop\",\"item\":\"https:\/\/paulrivera.it\/prodotti\/\"},{\"@type\":\"ListItem\",\"position\":3,\"name\":\"PLEX-US KIT\"}]},{\"@type\":\"WebSite\",\"@id\":\"https:\/\/paulrivera.it\/pl\/#website\",\"url\":\"https:\/\/paulrivera.it\/pl\/\",\"name\":\"Paul Rivera\",\"description\":\"Hair Beauty Celebration\",\"publisher\":{\"@id\":\"https:\/\/paulrivera.it\/pl\/#organization\"},\"potentialAction\":[{\"@type\":\"SearchAction\",\"target\":{\"@type\":\"EntryPoint\",\"urlTemplate\":\"https:\/\/paulrivera.it\/pl\/?s={search_term_string}\"},\"query-input\":{\"@type\":\"PropertyValueSpecification\",\"valueRequired\":true,\"valueName\":\"search_term_string\"}}],\"inLanguage\":\"pl-PL\"},{\"@type\":\"Organization\",\"@id\":\"https:\/\/paulrivera.it\/pl\/#organization\",\"name\":\"Paul Rivera\",\"url\":\"https:\/\/paulrivera.it\/pl\/\",\"logo\":{\"@type\":\"ImageObject\",\"inLanguage\":\"pl-PL\",\"@id\":\"https:\/\/paulrivera.it\/pl\/#\/schema\/logo\/image\/\",\"url\":\"https:\/\/paulrivera.it\/wp-content\/uploads\/2020\/02\/paul_rivera_logo_header_x2.png\",\"contentUrl\":\"https:\/\/paulrivera.it\/wp-content\/uploads\/2020\/02\/paul_rivera_logo_header_x2.png\",\"width\":470,\"height\":60,\"caption\":\"Paul Rivera\"},\"image\":{\"@id\":\"https:\/\/paulrivera.it\/pl\/#\/schema\/logo\/image\/\"}}]}<\/script>\n<!-- \/ Yoast SEO plugin. -->","yoast_head_json":{"title":"PLEX-US KIT | Paul Rivera","description":"PLEX-US to wyj\u0105tkowy zabieg wielofunkcyjny marki Paul Rivera, kt\u00f3ry pomaga chroni\u0107 w\u0142osy zestresowane us\u0142ugami technicznymi koloryzacji.","robots":{"index":"index","follow":"follow","max-snippet":"max-snippet:-1","max-image-preview":"max-image-preview:large","max-video-preview":"max-video-preview:-1"},"canonical":"https:\/\/paulrivera.it\/pl\/prodotti\/dzial-techniczny-pl\/plex-us-ochronny-zabieg-wielofunkcyjny\/plex-us-kit\/","og_locale":"pl_PL","og_type":"article","og_title":"PLEX-US KIT | Paul Rivera","og_description":"PLEX-US to wyj\u0105tkowy zabieg wielofunkcyjny marki Paul Rivera, kt\u00f3ry pomaga chroni\u0107 w\u0142osy zestresowane us\u0142ugami technicznymi koloryzacji.","og_url":"https:\/\/paulrivera.it\/pl\/prodotti\/dzial-techniczny-pl\/plex-us-ochronny-zabieg-wielofunkcyjny\/plex-us-kit\/","og_site_name":"Paul Rivera","article_modified_time":"2024-05-13T07:38:59+00:00","og_image":[{"width":800,"height":800,"url":"https:\/\/paulrivera.it\/wp-content\/uploads\/2021\/12\/604347_paul_rivera_plex_use_sealing_kit-1.png","type":"image\/png"}],"twitter_card":"summary_large_image","twitter_misc":{"Est. reading time":"3 minutes"},"schema":{"@context":"https:\/\/schema.org","@graph":[{"@type":"WebPage","@id":"https:\/\/paulrivera.it\/pl\/prodotti\/dzial-techniczny-pl\/plex-us-ochronny-zabieg-wielofunkcyjny\/plex-us-kit\/","url":"https:\/\/paulrivera.it\/pl\/prodotti\/dzial-techniczny-pl\/plex-us-ochronny-zabieg-wielofunkcyjny\/plex-us-kit\/","name":"PLEX-US KIT | Paul Rivera","isPartOf":{"@id":"https:\/\/paulrivera.it\/pl\/#website"},"primaryImageOfPage":{"@id":"https:\/\/paulrivera.it\/pl\/prodotti\/dzial-techniczny-pl\/plex-us-ochronny-zabieg-wielofunkcyjny\/plex-us-kit\/#primaryimage"},"image":{"@id":"https:\/\/paulrivera.it\/pl\/prodotti\/dzial-techniczny-pl\/plex-us-ochronny-zabieg-wielofunkcyjny\/plex-us-kit\/#primaryimage"},"thumbnailUrl":"https:\/\/paulrivera.it\/wp-content\/uploads\/2021\/12\/604347_paul_rivera_plex_use_sealing_kit-1.png","datePublished":"2021-11-24T14:21:36+00:00","dateModified":"2024-05-13T07:38:59+00:00","description":"PLEX-US to wyj\u0105tkowy zabieg wielofunkcyjny marki Paul Rivera, kt\u00f3ry pomaga chroni\u0107 w\u0142osy zestresowane us\u0142ugami technicznymi koloryzacji.","breadcrumb":{"@id":"https:\/\/paulrivera.it\/pl\/prodotti\/dzial-techniczny-pl\/plex-us-ochronny-zabieg-wielofunkcyjny\/plex-us-kit\/#breadcrumb"},"inLanguage":"pl-PL","potentialAction":[{"@type":"ReadAction","target":["https:\/\/paulrivera.it\/pl\/prodotti\/dzial-techniczny-pl\/plex-us-ochronny-zabieg-wielofunkcyjny\/plex-us-kit\/"]}]},{"@type":"ImageObject","inLanguage":"pl-PL","@id":"https:\/\/paulrivera.it\/pl\/prodotti\/dzial-techniczny-pl\/plex-us-ochronny-zabieg-wielofunkcyjny\/plex-us-kit\/#primaryimage","url":"https:\/\/paulrivera.it\/wp-content\/uploads\/2021\/12\/604347_paul_rivera_plex_use_sealing_kit-1.png","contentUrl":"https:\/\/paulrivera.it\/wp-content\/uploads\/2021\/12\/604347_paul_rivera_plex_use_sealing_kit-1.png","width":800,"height":800},{"@type":"BreadcrumbList","@id":"https:\/\/paulrivera.it\/pl\/prodotti\/dzial-techniczny-pl\/plex-us-ochronny-zabieg-wielofunkcyjny\/plex-us-kit\/#breadcrumb","itemListElement":[{"@type":"ListItem","position":1,"name":"Home","item":"https:\/\/paulrivera.it\/pl\/"},{"@type":"ListItem","position":2,"name":"Pagina shop","item":"https:\/\/paulrivera.it\/prodotti\/"},{"@type":"ListItem","position":3,"name":"PLEX-US KIT"}]},{"@type":"WebSite","@id":"https:\/\/paulrivera.it\/pl\/#website","url":"https:\/\/paulrivera.it\/pl\/","name":"Paul Rivera","description":"Hair Beauty Celebration","publisher":{"@id":"https:\/\/paulrivera.it\/pl\/#organization"},"potentialAction":[{"@type":"SearchAction","target":{"@type":"EntryPoint","urlTemplate":"https:\/\/paulrivera.it\/pl\/?s={search_term_string}"},"query-input":{"@type":"PropertyValueSpecification","valueRequired":true,"valueName":"search_term_string"}}],"inLanguage":"pl-PL"},{"@type":"Organization","@id":"https:\/\/paulrivera.it\/pl\/#organization","name":"Paul Rivera","url":"https:\/\/paulrivera.it\/pl\/","logo":{"@type":"ImageObject","inLanguage":"pl-PL","@id":"https:\/\/paulrivera.it\/pl\/#\/schema\/logo\/image\/","url":"https:\/\/paulrivera.it\/wp-content\/uploads\/2020\/02\/paul_rivera_logo_header_x2.png","contentUrl":"https:\/\/paulrivera.it\/wp-content\/uploads\/2020\/02\/paul_rivera_logo_header_x2.png","width":470,"height":60,"caption":"Paul Rivera"},"image":{"@id":"https:\/\/paulrivera.it\/pl\/#\/schema\/logo\/image\/"}}]}},"_links":{"self":[{"href":"https:\/\/paulrivera.it\/pl\/wp-json\/wp\/v2\/product\/4612","targetHints":{"allow":["GET"]}}],"collection":[{"href":"https:\/\/paulrivera.it\/pl\/wp-json\/wp\/v2\/product"}],"about":[{"href":"https:\/\/paulrivera.it\/pl\/wp-json\/wp\/v2\/types\/product"}],"wp:featuredmedia":[{"embeddable":true,"href":"https:\/\/paulrivera.it\/pl\/wp-json\/wp\/v2\/media\/15505"}],"wp:attachment":[{"href":"https:\/\/paulrivera.it\/pl\/wp-json\/wp\/v2\/media?parent=4612"}],"wp:term":[{"taxonomy":"product_brand","embeddable":true,"href":"https:\/\/paulrivera.it\/pl\/wp-json\/wp\/v2\/product_brand?post=4612"},{"taxonomy":"product_cat","embeddable":true,"href":"https:\/\/paulrivera.it\/pl\/wp-json\/wp\/v2\/product_cat?post=4612"},{"taxonomy":"product_tag","embeddable":true,"href":"https:\/\/paulrivera.it\/pl\/wp-json\/wp\/v2\/product_tag?post=4612"}],"curies":[{"name":"wp","href":"https:\/\/api.w.org\/{rel}","templated":true}]}}