{"id":4907,"date":"2022-05-15T14:00:14","date_gmt":"2022-04-13T09:53:14","guid":{"rendered":"https:\/\/paulrivera.it\/?post_type=product&#038;p=4907"},"modified":"2024-05-13T09:36:48","modified_gmt":"2024-05-13T07:36:48","slug":"sunny-sfaction-szampon-zel-pod-prysznic-po-opalaniu","status":"publish","type":"product","link":"https:\/\/paulrivera.it\/pl\/prodotti\/kuracje\/sunny-sfaction-kuracja-dla-wlosow-wystawionych-na-dzialanie-slonca\/sunny-sfaction-szampon-zel-pod-prysznic-po-opalaniu\/","title":{"rendered":"Sunny Sfaction &#8211; Szampon-\u017bel pod prysznic po opalaniu"},"content":{"rendered":"<div class=\"wpb-content-wrapper\"><p>[vc_row full_width=&#8221;stretch_row&#8221;][vc_column][vc_row_inner el_id=&#8221;desktop&#8221;][vc_column_inner width=&#8221;1\/2&#8243; css=&#8221;.vc_custom_1582194227194{padding-top: 10% !important;padding-right: 10% !important;padding-bottom: 10% !important;padding-left: 30% !important;}&#8221; offset=&#8221;vc_hidden-md vc_hidden-sm vc_hidden-xs&#8221;][vc_column_text]<\/p>\n<h1>Pokochasz ten produkt za to, \u017ce<\/h1>\n<ul>\n<li style=\"font-weight: 400;\" aria-level=\"1\"><span style=\"font-weight: 400;\">Delikatnie oczyszcza cia\u0142o i w\u0142osy<\/span><\/li>\n<li style=\"font-weight: 400;\" aria-level=\"1\"><span style=\"font-weight: 400;\">Usuwa pozosta\u0142o\u015bci soli, piasku i chloru\u00a0<\/span><\/li>\n<li style=\"font-weight: 400;\" aria-level=\"1\"><span style=\"font-weight: 400;\">Sprawia, \u017ce w\u0142osy s\u0105 mi\u0119kkie i l\u015bni\u0105ce<\/span><\/li>\n<li style=\"font-weight: 400;\" aria-level=\"1\"><span style=\"font-weight: 400;\">Przywraca sk\u00f3rze i w\u0142osom r\u00f3wnowag\u0119 po ekspozycji na s\u0142o\u0144ce <\/span><\/li>\n<\/ul>\n<p>[\/vc_column_text][vc_column_text]<\/p>\n<h1>Sk\u0142adniki aktywne zawarte w formule<\/h1>\n<ul>\n<li style=\"font-weight: 400;\" aria-level=\"1\"><span style=\"font-weight: 400;\">Ekstrakt z Kokosa: bogaty w minera\u0142y oraz witaminy, wyzwala niezwyk\u0142\u0105 od\u017cywcz\u0105 i nawil\u017caj\u0105c\u0105 moc.<\/span><\/li>\n<li style=\"font-weight: 400;\" aria-level=\"1\"><span style=\"font-weight: 400;\">Olej Konopny: jego dzia\u0142anie zmi\u0119kczaj\u0105ce pomaga zapobiega\u0107 przesuszeniu i odwodnieniu, a jego dzia\u0142anie odbudowuj\u0105ce sprawia, \u017ce w\u0142osy s\u0105 zdrowe i l\u015bni\u0105ce.<\/span><\/li>\n<\/ul>\n<p>[\/vc_column_text][vc_column_text]<\/p>\n<h1>Jak stosowa\u0107?<\/h1>\n<p><span style=\"font-weight: 400;\">Nanie\u015b\u0107 na mokre cia\u0142o i w\u0142osy, wmasowa\u0107, a nast\u0119pnie sp\u0142uka\u0107. <\/span>[\/vc_column_text][\/vc_column_inner][vc_column_inner width=&#8221;1\/2&#8243; css=&#8221;.vc_custom_1649845440925{background-image: url(https:\/\/paulrivera.it\/wp-content\/uploads\/2022\/03\/background_paul_rivera_adv_prodotti_sunny_sfaction.png?id=4850) !important;background-position: center !important;background-repeat: no-repeat !important;background-size: cover !important;}&#8221; offset=&#8221;vc_hidden-md vc_hidden-sm vc_hidden-xs&#8221;][vc_single_image image=&#8221;4860&#8243; img_size=&#8221;full&#8221;][\/vc_column_inner][\/vc_row_inner][vc_row_inner el_id=&#8221;tablet&#8221;][vc_column_inner offset=&#8221;vc_hidden-lg vc_hidden-xs&#8221;][vc_column_text]<\/p>\n<h1>Pokochasz ten produkt za to, \u017ce<\/h1>\n<ul>\n<li style=\"font-weight: 400;\" aria-level=\"1\"><span style=\"font-weight: 400;\">Delikatnie oczyszcza cia\u0142o i w\u0142osy<\/span><\/li>\n<li style=\"font-weight: 400;\" aria-level=\"1\"><span style=\"font-weight: 400;\">Usuwa pozosta\u0142o\u015bci soli, piasku i chloru\u00a0<\/span><\/li>\n<li style=\"font-weight: 400;\" aria-level=\"1\"><span style=\"font-weight: 400;\">Sprawia, \u017ce w\u0142osy s\u0105 mi\u0119kkie i l\u015bni\u0105ce<\/span><\/li>\n<li style=\"font-weight: 400;\" aria-level=\"1\"><span style=\"font-weight: 400;\">Przywraca sk\u00f3rze i w\u0142osom r\u00f3wnowag\u0119 po ekspozycji na s\u0142o\u0144ce <\/span><\/li>\n<\/ul>\n<p>[\/vc_column_text][vc_column_text]<\/p>\n<h1>Sk\u0142adniki aktywne zawarte w formule<\/h1>\n<ul>\n<li style=\"font-weight: 400;\" aria-level=\"1\"><span style=\"font-weight: 400;\">Ekstrakt z Kokosa: bogaty w minera\u0142y oraz witaminy, wyzwala niezwyk\u0142\u0105 od\u017cywcz\u0105 i nawil\u017caj\u0105c\u0105 moc.<\/span><\/li>\n<li style=\"font-weight: 400;\" aria-level=\"1\"><span style=\"font-weight: 400;\">Olej Konopny: jego dzia\u0142anie zmi\u0119kczaj\u0105ce pomaga zapobiega\u0107 przesuszeniu i odwodnieniu, a jego dzia\u0142anie odbudowuj\u0105ce sprawia, \u017ce w\u0142osy s\u0105 zdrowe i l\u015bni\u0105ce.<\/span><\/li>\n<\/ul>\n<p>[\/vc_column_text][vc_column_text]<\/p>\n<h1>Jak stosowa\u0107?<\/h1>\n<p><span style=\"font-weight: 400;\">Nanie\u015b\u0107 na mokre cia\u0142o i w\u0142osy, wmasowa\u0107, a nast\u0119pnie sp\u0142uka\u0107. <\/span>[\/vc_column_text][\/vc_column_inner][\/vc_row_inner][vc_row_inner el_id=&#8221;mobile&#8221;][vc_column_inner width=&#8221;1\/2&#8243; offset=&#8221;vc_hidden-lg vc_hidden-md vc_hidden-sm&#8221;][vc_column_text]<\/p>\n<h1>Pokochasz ten produkt za to, \u017ce<\/h1>\n<ul>\n<li style=\"font-weight: 400;\" aria-level=\"1\"><span style=\"font-weight: 400;\">Delikatnie oczyszcza cia\u0142o i w\u0142osy<\/span><\/li>\n<li style=\"font-weight: 400;\" aria-level=\"1\"><span style=\"font-weight: 400;\">Usuwa pozosta\u0142o\u015bci soli, piasku i chloru\u00a0<\/span><\/li>\n<li style=\"font-weight: 400;\" aria-level=\"1\"><span style=\"font-weight: 400;\">Sprawia, \u017ce w\u0142osy s\u0105 mi\u0119kkie i l\u015bni\u0105ce<\/span><\/li>\n<li style=\"font-weight: 400;\" aria-level=\"1\"><span style=\"font-weight: 400;\">Przywraca sk\u00f3rze i w\u0142osom r\u00f3wnowag\u0119 po ekspozycji na s\u0142o\u0144ce <\/span><\/li>\n<\/ul>\n<p>[\/vc_column_text][vc_column_text]<\/p>\n<h1>Sk\u0142adniki aktywne zawarte w formule<\/h1>\n<ul>\n<li style=\"font-weight: 400;\" aria-level=\"1\"><span style=\"font-weight: 400;\">Ekstrakt z Kokosa: bogaty w minera\u0142y oraz witaminy, wyzwala niezwyk\u0142\u0105 od\u017cywcz\u0105 i nawil\u017caj\u0105c\u0105 moc.<\/span><\/li>\n<li style=\"font-weight: 400;\" aria-level=\"1\"><span style=\"font-weight: 400;\">Olej Konopny: jego dzia\u0142anie zmi\u0119kczaj\u0105ce pomaga zapobiega\u0107 przesuszeniu i odwodnieniu, a jego dzia\u0142anie odbudowuj\u0105ce sprawia, \u017ce w\u0142osy s\u0105 zdrowe i l\u015bni\u0105ce.<\/span><\/li>\n<\/ul>\n<p>[\/vc_column_text][vc_column_text]<\/p>\n<h1>Jak stosowa\u0107?<\/h1>\n<p><span style=\"font-weight: 400;\">Nanie\u015b\u0107 na mokre cia\u0142o i w\u0142osy, wmasowa\u0107, a nast\u0119pnie sp\u0142uka\u0107. <\/span>[\/vc_column_text][\/vc_column_inner][vc_column_inner width=&#8221;1\/2&#8243; css=&#8221;.vc_custom_1649845470977{background-image: url(https:\/\/paulrivera.it\/wp-content\/uploads\/2022\/03\/background_paul_rivera_adv_prodotti_sunny_sfaction.png?id=4850) !important;background-position: center !important;background-repeat: no-repeat !important;background-size: cover !important;}&#8221; offset=&#8221;vc_hidden-lg vc_hidden-md vc_hidden-sm&#8221;][vc_single_image image=&#8221;4860&#8243; img_size=&#8221;full&#8221;][\/vc_column_inner][\/vc_row_inner][\/vc_column][\/vc_row][vc_row css=&#8221;.vc_custom_1582192829011{padding-top: 50px !important;}&#8221;][vc_column][vc_row_inner][vc_column_inner][vc_column_text]<\/p>\n<h1 style=\"text-align: center;\"><span style=\"font-weight: 400;\">Mo\u017cesz wypr\u00f3bowa\u0107 ten produkt z<\/span><\/h1>\n<p>[\/vc_column_text][\/vc_column_inner][\/vc_row_inner][vc_raw_html]JTVCd3BiLXByb2R1Y3Qtc2xpZGVyLXNob3J0Y29kZSUyMGlkJTNEJTIyNDkyMSUyMiU1RA==[\/vc_raw_html][\/vc_column][\/vc_row]<\/p>\n<\/div>","protected":false},"excerpt":{"rendered":"<p><span style=\"font-weight: 400;\">Szampon-\u017cel pod prysznic Sunny Sfaction wzbogacony Ekstraktem z Kokosa oraz Olejem Konopnym to <strong>sprzymierzeniec mocniejszych i bardziej l\u015bni\u0105cych w\u0142os\u00f3w tak\u017ce latem<\/strong>.\u00a0 <\/span><\/p>\n<p><span style=\"font-weight: 400;\">Dzi\u0119ki podw\u00f3jnemu dzia\u0142aniu (\u017cel pod prysznic i szampon) oczyszcza i piel\u0119gnuje cia\u0142o oraz w\u0142osy po ekspozycji na s\u0142o\u0144ce,<strong> usuwaj\u0105c wszelkie pozosta\u0142o\u015bci soli, piasku i chloru.\u00a0<\/strong><\/span><\/p>\n<p><span style=\"font-weight: 400;\">350 ml<\/span><\/p>\n<p>&nbsp;<\/p>\n[maxbutton id=\"8\"]\n","protected":false},"featured_media":4819,"template":"","meta":[],"product_brand":[],"product_cat":[927],"product_tag":[],"class_list":{"0":"post-4907","1":"product","2":"type-product","3":"status-publish","4":"has-post-thumbnail","6":"product_cat-sunny-sfaction-kuracja-dla-wlosow-wystawionych-na-dzialanie-slonca","7":"description-off","9":"first","10":"instock","11":"shipping-taxable","12":"product-type-simple"},"yoast_head":"<!-- This site is optimized with the Yoast SEO plugin v27.2 - https:\/\/yoast.com\/product\/yoast-seo-wordpress\/ -->\n<title>Sunny Sfaction - Szampon-\u017bel pod prysznic po opalaniu | Paul Rivera<\/title>\n<meta name=\"description\" content=\"Szampon-\u017cel pod prysznic Sunny Sfaction to sprzymierzeniec mocniejszych i bardziej l\u015bni\u0105cych w\u0142os\u00f3w tak\u017ce latem.\u00a0\" \/>\n<meta name=\"robots\" content=\"index, follow, max-snippet:-1, max-image-preview:large, max-video-preview:-1\" \/>\n<link rel=\"canonical\" href=\"https:\/\/paulrivera.it\/pl\/prodotti\/kuracje\/sunny-sfaction-kuracja-dla-wlosow-wystawionych-na-dzialanie-slonca\/sunny-sfaction-szampon-zel-pod-prysznic-po-opalaniu\/\" \/>\n<meta property=\"og:locale\" content=\"pl_PL\" \/>\n<meta property=\"og:type\" content=\"article\" \/>\n<meta property=\"og:title\" content=\"Sunny Sfaction - Szampon-\u017bel pod prysznic po opalaniu | Paul Rivera\" \/>\n<meta property=\"og:description\" content=\"Szampon-\u017cel pod prysznic Sunny Sfaction to sprzymierzeniec mocniejszych i bardziej l\u015bni\u0105cych w\u0142os\u00f3w tak\u017ce latem.\u00a0\" \/>\n<meta property=\"og:url\" content=\"https:\/\/paulrivera.it\/pl\/prodotti\/kuracje\/sunny-sfaction-kuracja-dla-wlosow-wystawionych-na-dzialanie-slonca\/sunny-sfaction-szampon-zel-pod-prysznic-po-opalaniu\/\" \/>\n<meta property=\"og:site_name\" content=\"Paul Rivera\" \/>\n<meta property=\"article:modified_time\" content=\"2024-05-13T07:36:48+00:00\" \/>\n<meta property=\"og:image\" content=\"https:\/\/paulrivera.it\/wp-content\/uploads\/2022\/03\/604941_paul_rivera_sunny_sfaction_shampoo_350ml.png\" \/>\n\t<meta property=\"og:image:width\" content=\"800\" \/>\n\t<meta property=\"og:image:height\" content=\"800\" \/>\n\t<meta property=\"og:image:type\" content=\"image\/png\" \/>\n<meta name=\"twitter:card\" content=\"summary_large_image\" \/>\n<meta name=\"twitter:label1\" content=\"Est. reading time\" \/>\n\t<meta name=\"twitter:data1\" content=\"3 minutes\" \/>\n<script type=\"application\/ld+json\" class=\"yoast-schema-graph\">{\"@context\":\"https:\/\/schema.org\",\"@graph\":[{\"@type\":\"WebPage\",\"@id\":\"https:\/\/paulrivera.it\/pl\/prodotti\/kuracje\/sunny-sfaction-kuracja-dla-wlosow-wystawionych-na-dzialanie-slonca\/sunny-sfaction-szampon-zel-pod-prysznic-po-opalaniu\/\",\"url\":\"https:\/\/paulrivera.it\/pl\/prodotti\/kuracje\/sunny-sfaction-kuracja-dla-wlosow-wystawionych-na-dzialanie-slonca\/sunny-sfaction-szampon-zel-pod-prysznic-po-opalaniu\/\",\"name\":\"Sunny Sfaction - Szampon-\u017bel pod prysznic po opalaniu | Paul Rivera\",\"isPartOf\":{\"@id\":\"https:\/\/paulrivera.it\/pl\/#website\"},\"primaryImageOfPage\":{\"@id\":\"https:\/\/paulrivera.it\/pl\/prodotti\/kuracje\/sunny-sfaction-kuracja-dla-wlosow-wystawionych-na-dzialanie-slonca\/sunny-sfaction-szampon-zel-pod-prysznic-po-opalaniu\/#primaryimage\"},\"image\":{\"@id\":\"https:\/\/paulrivera.it\/pl\/prodotti\/kuracje\/sunny-sfaction-kuracja-dla-wlosow-wystawionych-na-dzialanie-slonca\/sunny-sfaction-szampon-zel-pod-prysznic-po-opalaniu\/#primaryimage\"},\"thumbnailUrl\":\"https:\/\/paulrivera.it\/wp-content\/uploads\/2022\/03\/604941_paul_rivera_sunny_sfaction_shampoo_350ml.png\",\"datePublished\":\"2022-04-13T09:53:14+00:00\",\"dateModified\":\"2024-05-13T07:36:48+00:00\",\"description\":\"Szampon-\u017cel pod prysznic Sunny Sfaction to sprzymierzeniec mocniejszych i bardziej l\u015bni\u0105cych w\u0142os\u00f3w tak\u017ce latem.\u00a0\",\"breadcrumb\":{\"@id\":\"https:\/\/paulrivera.it\/pl\/prodotti\/kuracje\/sunny-sfaction-kuracja-dla-wlosow-wystawionych-na-dzialanie-slonca\/sunny-sfaction-szampon-zel-pod-prysznic-po-opalaniu\/#breadcrumb\"},\"inLanguage\":\"pl-PL\",\"potentialAction\":[{\"@type\":\"ReadAction\",\"target\":[\"https:\/\/paulrivera.it\/pl\/prodotti\/kuracje\/sunny-sfaction-kuracja-dla-wlosow-wystawionych-na-dzialanie-slonca\/sunny-sfaction-szampon-zel-pod-prysznic-po-opalaniu\/\"]}]},{\"@type\":\"ImageObject\",\"inLanguage\":\"pl-PL\",\"@id\":\"https:\/\/paulrivera.it\/pl\/prodotti\/kuracje\/sunny-sfaction-kuracja-dla-wlosow-wystawionych-na-dzialanie-slonca\/sunny-sfaction-szampon-zel-pod-prysznic-po-opalaniu\/#primaryimage\",\"url\":\"https:\/\/paulrivera.it\/wp-content\/uploads\/2022\/03\/604941_paul_rivera_sunny_sfaction_shampoo_350ml.png\",\"contentUrl\":\"https:\/\/paulrivera.it\/wp-content\/uploads\/2022\/03\/604941_paul_rivera_sunny_sfaction_shampoo_350ml.png\",\"width\":800,\"height\":800},{\"@type\":\"BreadcrumbList\",\"@id\":\"https:\/\/paulrivera.it\/pl\/prodotti\/kuracje\/sunny-sfaction-kuracja-dla-wlosow-wystawionych-na-dzialanie-slonca\/sunny-sfaction-szampon-zel-pod-prysznic-po-opalaniu\/#breadcrumb\",\"itemListElement\":[{\"@type\":\"ListItem\",\"position\":1,\"name\":\"Home\",\"item\":\"https:\/\/paulrivera.it\/pl\/\"},{\"@type\":\"ListItem\",\"position\":2,\"name\":\"Pagina shop\",\"item\":\"https:\/\/paulrivera.it\/prodotti\/\"},{\"@type\":\"ListItem\",\"position\":3,\"name\":\"Sunny Sfaction &#8211; Szampon-\u017bel pod prysznic po opalaniu\"}]},{\"@type\":\"WebSite\",\"@id\":\"https:\/\/paulrivera.it\/pl\/#website\",\"url\":\"https:\/\/paulrivera.it\/pl\/\",\"name\":\"Paul Rivera\",\"description\":\"Hair Beauty Celebration\",\"publisher\":{\"@id\":\"https:\/\/paulrivera.it\/pl\/#organization\"},\"potentialAction\":[{\"@type\":\"SearchAction\",\"target\":{\"@type\":\"EntryPoint\",\"urlTemplate\":\"https:\/\/paulrivera.it\/pl\/?s={search_term_string}\"},\"query-input\":{\"@type\":\"PropertyValueSpecification\",\"valueRequired\":true,\"valueName\":\"search_term_string\"}}],\"inLanguage\":\"pl-PL\"},{\"@type\":\"Organization\",\"@id\":\"https:\/\/paulrivera.it\/pl\/#organization\",\"name\":\"Paul Rivera\",\"url\":\"https:\/\/paulrivera.it\/pl\/\",\"logo\":{\"@type\":\"ImageObject\",\"inLanguage\":\"pl-PL\",\"@id\":\"https:\/\/paulrivera.it\/pl\/#\/schema\/logo\/image\/\",\"url\":\"https:\/\/paulrivera.it\/wp-content\/uploads\/2020\/02\/paul_rivera_logo_header_x2.png\",\"contentUrl\":\"https:\/\/paulrivera.it\/wp-content\/uploads\/2020\/02\/paul_rivera_logo_header_x2.png\",\"width\":470,\"height\":60,\"caption\":\"Paul Rivera\"},\"image\":{\"@id\":\"https:\/\/paulrivera.it\/pl\/#\/schema\/logo\/image\/\"}}]}<\/script>\n<!-- \/ Yoast SEO plugin. -->","yoast_head_json":{"title":"Sunny Sfaction - Szampon-\u017bel pod prysznic po opalaniu | Paul Rivera","description":"Szampon-\u017cel pod prysznic Sunny Sfaction to sprzymierzeniec mocniejszych i bardziej l\u015bni\u0105cych w\u0142os\u00f3w tak\u017ce latem.\u00a0","robots":{"index":"index","follow":"follow","max-snippet":"max-snippet:-1","max-image-preview":"max-image-preview:large","max-video-preview":"max-video-preview:-1"},"canonical":"https:\/\/paulrivera.it\/pl\/prodotti\/kuracje\/sunny-sfaction-kuracja-dla-wlosow-wystawionych-na-dzialanie-slonca\/sunny-sfaction-szampon-zel-pod-prysznic-po-opalaniu\/","og_locale":"pl_PL","og_type":"article","og_title":"Sunny Sfaction - Szampon-\u017bel pod prysznic po opalaniu | Paul Rivera","og_description":"Szampon-\u017cel pod prysznic Sunny Sfaction to sprzymierzeniec mocniejszych i bardziej l\u015bni\u0105cych w\u0142os\u00f3w tak\u017ce latem.\u00a0","og_url":"https:\/\/paulrivera.it\/pl\/prodotti\/kuracje\/sunny-sfaction-kuracja-dla-wlosow-wystawionych-na-dzialanie-slonca\/sunny-sfaction-szampon-zel-pod-prysznic-po-opalaniu\/","og_site_name":"Paul Rivera","article_modified_time":"2024-05-13T07:36:48+00:00","og_image":[{"width":800,"height":800,"url":"https:\/\/paulrivera.it\/wp-content\/uploads\/2022\/03\/604941_paul_rivera_sunny_sfaction_shampoo_350ml.png","type":"image\/png"}],"twitter_card":"summary_large_image","twitter_misc":{"Est. reading time":"3 minutes"},"schema":{"@context":"https:\/\/schema.org","@graph":[{"@type":"WebPage","@id":"https:\/\/paulrivera.it\/pl\/prodotti\/kuracje\/sunny-sfaction-kuracja-dla-wlosow-wystawionych-na-dzialanie-slonca\/sunny-sfaction-szampon-zel-pod-prysznic-po-opalaniu\/","url":"https:\/\/paulrivera.it\/pl\/prodotti\/kuracje\/sunny-sfaction-kuracja-dla-wlosow-wystawionych-na-dzialanie-slonca\/sunny-sfaction-szampon-zel-pod-prysznic-po-opalaniu\/","name":"Sunny Sfaction - Szampon-\u017bel pod prysznic po opalaniu | Paul Rivera","isPartOf":{"@id":"https:\/\/paulrivera.it\/pl\/#website"},"primaryImageOfPage":{"@id":"https:\/\/paulrivera.it\/pl\/prodotti\/kuracje\/sunny-sfaction-kuracja-dla-wlosow-wystawionych-na-dzialanie-slonca\/sunny-sfaction-szampon-zel-pod-prysznic-po-opalaniu\/#primaryimage"},"image":{"@id":"https:\/\/paulrivera.it\/pl\/prodotti\/kuracje\/sunny-sfaction-kuracja-dla-wlosow-wystawionych-na-dzialanie-slonca\/sunny-sfaction-szampon-zel-pod-prysznic-po-opalaniu\/#primaryimage"},"thumbnailUrl":"https:\/\/paulrivera.it\/wp-content\/uploads\/2022\/03\/604941_paul_rivera_sunny_sfaction_shampoo_350ml.png","datePublished":"2022-04-13T09:53:14+00:00","dateModified":"2024-05-13T07:36:48+00:00","description":"Szampon-\u017cel pod prysznic Sunny Sfaction to sprzymierzeniec mocniejszych i bardziej l\u015bni\u0105cych w\u0142os\u00f3w tak\u017ce latem.\u00a0","breadcrumb":{"@id":"https:\/\/paulrivera.it\/pl\/prodotti\/kuracje\/sunny-sfaction-kuracja-dla-wlosow-wystawionych-na-dzialanie-slonca\/sunny-sfaction-szampon-zel-pod-prysznic-po-opalaniu\/#breadcrumb"},"inLanguage":"pl-PL","potentialAction":[{"@type":"ReadAction","target":["https:\/\/paulrivera.it\/pl\/prodotti\/kuracje\/sunny-sfaction-kuracja-dla-wlosow-wystawionych-na-dzialanie-slonca\/sunny-sfaction-szampon-zel-pod-prysznic-po-opalaniu\/"]}]},{"@type":"ImageObject","inLanguage":"pl-PL","@id":"https:\/\/paulrivera.it\/pl\/prodotti\/kuracje\/sunny-sfaction-kuracja-dla-wlosow-wystawionych-na-dzialanie-slonca\/sunny-sfaction-szampon-zel-pod-prysznic-po-opalaniu\/#primaryimage","url":"https:\/\/paulrivera.it\/wp-content\/uploads\/2022\/03\/604941_paul_rivera_sunny_sfaction_shampoo_350ml.png","contentUrl":"https:\/\/paulrivera.it\/wp-content\/uploads\/2022\/03\/604941_paul_rivera_sunny_sfaction_shampoo_350ml.png","width":800,"height":800},{"@type":"BreadcrumbList","@id":"https:\/\/paulrivera.it\/pl\/prodotti\/kuracje\/sunny-sfaction-kuracja-dla-wlosow-wystawionych-na-dzialanie-slonca\/sunny-sfaction-szampon-zel-pod-prysznic-po-opalaniu\/#breadcrumb","itemListElement":[{"@type":"ListItem","position":1,"name":"Home","item":"https:\/\/paulrivera.it\/pl\/"},{"@type":"ListItem","position":2,"name":"Pagina shop","item":"https:\/\/paulrivera.it\/prodotti\/"},{"@type":"ListItem","position":3,"name":"Sunny Sfaction &#8211; Szampon-\u017bel pod prysznic po opalaniu"}]},{"@type":"WebSite","@id":"https:\/\/paulrivera.it\/pl\/#website","url":"https:\/\/paulrivera.it\/pl\/","name":"Paul Rivera","description":"Hair Beauty Celebration","publisher":{"@id":"https:\/\/paulrivera.it\/pl\/#organization"},"potentialAction":[{"@type":"SearchAction","target":{"@type":"EntryPoint","urlTemplate":"https:\/\/paulrivera.it\/pl\/?s={search_term_string}"},"query-input":{"@type":"PropertyValueSpecification","valueRequired":true,"valueName":"search_term_string"}}],"inLanguage":"pl-PL"},{"@type":"Organization","@id":"https:\/\/paulrivera.it\/pl\/#organization","name":"Paul Rivera","url":"https:\/\/paulrivera.it\/pl\/","logo":{"@type":"ImageObject","inLanguage":"pl-PL","@id":"https:\/\/paulrivera.it\/pl\/#\/schema\/logo\/image\/","url":"https:\/\/paulrivera.it\/wp-content\/uploads\/2020\/02\/paul_rivera_logo_header_x2.png","contentUrl":"https:\/\/paulrivera.it\/wp-content\/uploads\/2020\/02\/paul_rivera_logo_header_x2.png","width":470,"height":60,"caption":"Paul Rivera"},"image":{"@id":"https:\/\/paulrivera.it\/pl\/#\/schema\/logo\/image\/"}}]}},"_links":{"self":[{"href":"https:\/\/paulrivera.it\/pl\/wp-json\/wp\/v2\/product\/4907","targetHints":{"allow":["GET"]}}],"collection":[{"href":"https:\/\/paulrivera.it\/pl\/wp-json\/wp\/v2\/product"}],"about":[{"href":"https:\/\/paulrivera.it\/pl\/wp-json\/wp\/v2\/types\/product"}],"wp:featuredmedia":[{"embeddable":true,"href":"https:\/\/paulrivera.it\/pl\/wp-json\/wp\/v2\/media\/4819"}],"wp:attachment":[{"href":"https:\/\/paulrivera.it\/pl\/wp-json\/wp\/v2\/media?parent=4907"}],"wp:term":[{"taxonomy":"product_brand","embeddable":true,"href":"https:\/\/paulrivera.it\/pl\/wp-json\/wp\/v2\/product_brand?post=4907"},{"taxonomy":"product_cat","embeddable":true,"href":"https:\/\/paulrivera.it\/pl\/wp-json\/wp\/v2\/product_cat?post=4907"},{"taxonomy":"product_tag","embeddable":true,"href":"https:\/\/paulrivera.it\/pl\/wp-json\/wp\/v2\/product_tag?post=4907"}],"curies":[{"name":"wp","href":"https:\/\/api.w.org\/{rel}","templated":true}]}}