{"id":5067,"date":"2022-07-07T15:13:35","date_gmt":"2022-07-07T13:13:36","guid":{"rendered":"https:\/\/paulrivera.it\/?post_type=product&#038;p=5067"},"modified":"2024-05-13T09:34:54","modified_gmt":"2024-05-13T07:34:54","slug":"true-silver-szampon-przeciw-zolknieciu-wlosow-350-ml","status":"publish","type":"product","link":"https:\/\/paulrivera.it\/pl\/prodotti\/kuracje\/true-silver-kuracja-przeciw-zolknieciu-wlosow\/true-silver-szampon-przeciw-zolknieciu-wlosow-350-ml\/","title":{"rendered":"True Silver &#8211; Szampon przeciw \u017c\u00f3\u0142kni\u0119ciu w\u0142os\u00f3w"},"content":{"rendered":"<div class=\"wpb-content-wrapper\"><p>[vc_row full_width=&#8221;stretch_row&#8221;][vc_column][vc_row_inner el_id=&#8221;desktop&#8221;][vc_column_inner width=&#8221;1\/2&#8243; css=&#8221;.vc_custom_1582194227194{padding-top: 10% !important;padding-right: 10% !important;padding-bottom: 10% !important;padding-left: 30% !important;}&#8221; offset=&#8221;vc_hidden-md vc_hidden-sm vc_hidden-xs&#8221;][vc_column_text]<\/p>\n<h1>Pokochasz ten produkt za to, \u017ce<\/h1>\n<ul>\n<li><span style=\"font-weight: 400;\">Przeciwdzia\u0142a niepo\u017c\u0105danym \u017c\u00f3\u0142tym odcieniom<\/span><\/li>\n<li>Podkre\u015bla zimne refleksy<\/li>\n<li>Delikatnie oczyszcza<\/li>\n<\/ul>\n<p>[\/vc_column_text][vc_column_text]<\/p>\n<h1>Sk\u0142adniki aktywne zawarte w formule<\/h1>\n<ul>\n<li><span style=\"font-weight: 400;\">Olej z orzech\u00f3w makadamia: n<\/span><span style=\"font-weight: 400;\">iesamowita mieszanka kwasu oleopalmitynowego, kwasu oleinowego, kwasu linolowego, Omega 3 i Omega 6 sprawia, \u017ce olej makadamia jest silnym przeciwutleniaczem o w\u0142a\u015bciwo\u015bciach od\u017cywczych i regeneruj\u0105cych.<\/span><\/li>\n<li><span style=\"font-weight: 400;\">Wyci\u0105g z bor\u00f3wki: <\/span><span style=\"font-weight: 400;\">bogata w witaminy i polifenole bor\u00f3wka ameryka\u0144ska jest cennym przeciwutleniaczem<\/span><span style=\"font-weight: 400;\">, kt\u00f3ry zwalcza wolne rodniki odpowiedzialne za starzenie si\u0119 kom\u00f3rek.<\/span><\/li>\n<\/ul>\n<p>[\/vc_column_text][vc_column_text]<\/p>\n<h1>Jak stosowa\u0107?<\/h1>\n<p><span style=\"font-weight: 400;\">Za\u0142o\u017cy\u0107 r\u0119kawice ochronne i na\u0142o\u017cy\u0107 na zwil\u017cone w\u0142osy. Pozostawi\u0107 na 3 do 5 minut i sp\u0142uka\u0107 du\u017c\u0105 ilo\u015bci\u0105 wody. W razie potrzeby powt\u00f3rzy\u0107 aplikacj\u0119.<\/span>[\/vc_column_text][\/vc_column_inner][vc_column_inner width=&#8221;1\/2&#8243; css=&#8221;.vc_custom_1582814926979{background-image: url(https:\/\/paulrivera.it\/wp-content\/uploads\/2020\/02\/background_adv_product_true_silver.png?id=874) !important;background-position: center !important;background-repeat: no-repeat !important;background-size: cover !important;}&#8221; offset=&#8221;vc_hidden-md vc_hidden-sm vc_hidden-xs&#8221;][vc_single_image image=&#8221;5049&#8243; img_size=&#8221;large&#8221; alignment=&#8221;center&#8221;][\/vc_column_inner][\/vc_row_inner][vc_row_inner el_id=&#8221;tablet&#8221;][vc_column_inner offset=&#8221;vc_hidden-lg vc_hidden-xs&#8221;][vc_column_text]<\/p>\n<h1>Pokochasz ten produkt za to, \u017ce<\/h1>\n<ul>\n<li><span style=\"font-weight: 400;\">Przeciwdzia\u0142a niepo\u017c\u0105danym \u017c\u00f3\u0142tym odcieniom<\/span><\/li>\n<li>Podkre\u015bla zimne refleksy<\/li>\n<li>Delikatnie oczyszcza<\/li>\n<\/ul>\n<p>[\/vc_column_text][vc_column_text]<\/p>\n<h1>Sk\u0142adniki aktywne zawarte w formule<\/h1>\n<ul>\n<li><span style=\"font-weight: 400;\">Olej z orzech\u00f3w makadamia: n<\/span><span style=\"font-weight: 400;\">iesamowita mieszanka kwasu oleopalmitynowego, kwasu oleinowego, kwasu linolowego, Omega 3 i Omega 6 sprawia, \u017ce olej makadamia jest silnym przeciwutleniaczem o w\u0142a\u015bciwo\u015bciach od\u017cywczych i regeneruj\u0105cych.<\/span><\/li>\n<li><span style=\"font-weight: 400;\">Wyci\u0105g z bor\u00f3wki: <\/span><span style=\"font-weight: 400;\">bogata w witaminy i polifenole bor\u00f3wka ameryka\u0144ska jest cennym przeciwutleniaczem<\/span><span style=\"font-weight: 400;\">, kt\u00f3ry zwalcza wolne rodniki odpowiedzialne za starzenie si\u0119 kom\u00f3rek.<\/span><\/li>\n<\/ul>\n<p>[\/vc_column_text][vc_column_text]<\/p>\n<h1>Jak stosowa\u0107?<\/h1>\n<p><span style=\"font-weight: 400;\">Za\u0142o\u017cy\u0107 r\u0119kawice ochronne i na\u0142o\u017cy\u0107 na zwil\u017cone w\u0142osy. Pozostawi\u0107 na 3 do 5 minut i sp\u0142uka\u0107 du\u017c\u0105 ilo\u015bci\u0105 wody. W razie potrzeby powt\u00f3rzy\u0107 aplikacj\u0119.<\/span>[\/vc_column_text][\/vc_column_inner][\/vc_row_inner][vc_row_inner el_id=&#8221;mobile&#8221;][vc_column_inner width=&#8221;1\/2&#8243; offset=&#8221;vc_hidden-lg vc_hidden-md vc_hidden-sm&#8221;][vc_column_text]<\/p>\n<h1>Pokochasz ten produkt za to, \u017ce<\/h1>\n<ul>\n<li><span style=\"font-weight: 400;\">Przeciwdzia\u0142a niepo\u017c\u0105danym \u017c\u00f3\u0142tym odcieniom<\/span><\/li>\n<li>Podkre\u015bla zimne refleksy<\/li>\n<li>Delikatnie oczyszcza<\/li>\n<\/ul>\n<p>[\/vc_column_text][vc_column_text]<\/p>\n<h1>Sk\u0142adniki aktywne zawarte w formule<\/h1>\n<ul>\n<li><span style=\"font-weight: 400;\">Olej z orzech\u00f3w makadamia: n<\/span><span style=\"font-weight: 400;\">iesamowita mieszanka kwasu oleopalmitynowego, kwasu oleinowego, kwasu linolowego, Omega 3 i Omega 6 sprawia, \u017ce olej makadamia jest silnym przeciwutleniaczem o w\u0142a\u015bciwo\u015bciach od\u017cywczych i regeneruj\u0105cych.<\/span><\/li>\n<li><span style=\"font-weight: 400;\">Wyci\u0105g z bor\u00f3wki: <\/span><span style=\"font-weight: 400;\">bogata w witaminy i polifenole bor\u00f3wka ameryka\u0144ska jest cennym przeciwutleniaczem<\/span><span style=\"font-weight: 400;\">, kt\u00f3ry zwalcza wolne rodniki odpowiedzialne za starzenie si\u0119 kom\u00f3rek.<\/span><\/li>\n<\/ul>\n<p>[\/vc_column_text][vc_column_text]<\/p>\n<h1>Jak stosowa\u0107?<\/h1>\n<p><span style=\"font-weight: 400;\">Za\u0142o\u017cy\u0107 r\u0119kawice ochronne i na\u0142o\u017cy\u0107 na zwil\u017cone w\u0142osy. Pozostawi\u0107 na 3 do 5 minut i sp\u0142uka\u0107 du\u017c\u0105 ilo\u015bci\u0105 wody. W razie potrzeby powt\u00f3rzy\u0107 aplikacj\u0119.<\/span>[\/vc_column_text][\/vc_column_inner][vc_column_inner width=&#8221;1\/2&#8243; css=&#8221;.vc_custom_1582814941243{background-image: url(https:\/\/paulrivera.it\/wp-content\/uploads\/2020\/02\/background_adv_product_true_silver.png?id=874) !important;background-position: center !important;background-repeat: no-repeat !important;background-size: cover !important;}&#8221; offset=&#8221;vc_hidden-lg vc_hidden-md vc_hidden-sm&#8221;][vc_single_image image=&#8221;5049&#8243; img_size=&#8221;large&#8221; alignment=&#8221;center&#8221;][\/vc_column_inner][\/vc_row_inner][\/vc_column][\/vc_row][vc_row css=&#8221;.vc_custom_1582192829011{padding-top: 50px !important;}&#8221;][vc_column][vc_row_inner][vc_column_inner][vc_column_text]<\/p>\n<h1 style=\"text-align: center;\"><span style=\"font-weight: 400;\">Mo\u017cesz wypr\u00f3bowa\u0107 ten produkt z <\/span><\/h1>\n<p>[\/vc_column_text][\/vc_column_inner][\/vc_row_inner][vc_raw_html]JTVCd3BiLXByb2R1Y3Qtc2xpZGVyLXNob3J0Y29kZSUyMGlkJTNEJTIyMjcyJTIyJTVE[\/vc_raw_html][\/vc_column][\/vc_row]<\/p>\n<\/div>","protected":false},"excerpt":{"rendered":"<p><span style=\"font-weight: 400;\">True Silver<\/span><span style=\"font-weight: 400;\"> to<strong> szampon zapobiegaj\u0105cy \u017c\u00f3\u0142kni\u0119ciu w\u0142os\u00f3w<\/strong>, kt\u00f3ry daje nowe \u017cycie w\u0142osom bia\u0142ym, siwym, naturalnie jasnym lub rozja\u015bnianym poprzez przeciwdzia\u0142anie stresowi\u00a0 oksydacyjnemu, kt\u00f3ry powoduje proces \u017c\u00f3\u0142kni\u0119cia.<\/span><\/p>\n<p><span style=\"font-weight: 400;\">W\u0142osy piel\u0119gnuje drogocenna formu\u0142a wzbogacona o <strong>olej makadamia i ekstrakt z bor\u00f3wki<\/strong>, aktywne sk\u0142adniki o w\u0142a\u015bciwo\u015bciach przeciwutleniaj\u0105cych, od\u017cywczych i odbudowuj\u0105cych. Szampon przeciw \u017c\u00f3\u0142kni\u0119ciu w\u0142os\u00f3w <strong>True Silver delikatnie oczyszcza w\u0142osy<\/strong>, podkre\u015blaj\u0105c zimne refleksy i pozostawia w\u0142osy niezwykle mi\u0119kkie i l\u015bni\u0105ce.<\/span><\/p>\n<p><span style=\"font-weight: 400;\">350 ml<\/span><\/p>\n<p>&nbsp;<\/p>\n[maxbutton id=\"8\"]\n","protected":false},"featured_media":5034,"template":"","meta":[],"product_brand":[],"product_cat":[704],"product_tag":[],"class_list":{"0":"post-5067","1":"product","2":"type-product","3":"status-publish","4":"has-post-thumbnail","6":"product_cat-true-silver-kuracja-przeciw-zolknieciu-wlosow","7":"description-off","9":"first","10":"instock","11":"shipping-taxable","12":"product-type-simple"},"yoast_head":"<!-- This site is optimized with the Yoast SEO plugin v27.2 - https:\/\/yoast.com\/product\/yoast-seo-wordpress\/ -->\n<title>True Silver - Szampon przeciw \u017c\u00f3\u0142kni\u0119ciu w\u0142os\u00f3w | Paul Rivera<\/title>\n<meta name=\"description\" content=\"True Silver to szampon zapobiegaj\u0105cy \u017c\u00f3\u0142kni\u0119ciu w\u0142os\u00f3w, kt\u00f3ry daje nowe \u017cycie w\u0142osom bia\u0142ym, siwym, naturalnie jasnym lub rozja\u015bnianym poprzez przeciwdzia\u0142anie stresowi\u00a0 oksydacyjnemu, kt\u00f3ry powoduje proces \u017c\u00f3\u0142kni\u0119cia.\" \/>\n<meta name=\"robots\" content=\"index, follow, max-snippet:-1, max-image-preview:large, max-video-preview:-1\" \/>\n<link rel=\"canonical\" href=\"https:\/\/paulrivera.it\/pl\/prodotti\/kuracje\/true-silver-kuracja-przeciw-zolknieciu-wlosow\/true-silver-szampon-przeciw-zolknieciu-wlosow-350-ml\/\" \/>\n<meta property=\"og:locale\" content=\"pl_PL\" \/>\n<meta property=\"og:type\" content=\"article\" \/>\n<meta property=\"og:title\" content=\"True Silver - Szampon przeciw \u017c\u00f3\u0142kni\u0119ciu w\u0142os\u00f3w | Paul Rivera\" \/>\n<meta property=\"og:description\" content=\"True Silver to szampon zapobiegaj\u0105cy \u017c\u00f3\u0142kni\u0119ciu w\u0142os\u00f3w, kt\u00f3ry daje nowe \u017cycie w\u0142osom bia\u0142ym, siwym, naturalnie jasnym lub rozja\u015bnianym poprzez przeciwdzia\u0142anie stresowi\u00a0 oksydacyjnemu, kt\u00f3ry powoduje proces \u017c\u00f3\u0142kni\u0119cia.\" \/>\n<meta property=\"og:url\" content=\"https:\/\/paulrivera.it\/pl\/prodotti\/kuracje\/true-silver-kuracja-przeciw-zolknieciu-wlosow\/true-silver-szampon-przeciw-zolknieciu-wlosow-350-ml\/\" \/>\n<meta property=\"og:site_name\" content=\"Paul Rivera\" \/>\n<meta property=\"article:modified_time\" content=\"2024-05-13T07:34:54+00:00\" \/>\n<meta property=\"og:image\" content=\"https:\/\/paulrivera.it\/wp-content\/uploads\/2022\/06\/604750_paul_rivera_true_anti_yellow_shampoo_350ml.png\" \/>\n\t<meta property=\"og:image:width\" content=\"800\" \/>\n\t<meta property=\"og:image:height\" content=\"800\" \/>\n\t<meta property=\"og:image:type\" content=\"image\/png\" \/>\n<meta name=\"twitter:card\" content=\"summary_large_image\" \/>\n<meta name=\"twitter:label1\" content=\"Est. reading time\" \/>\n\t<meta name=\"twitter:data1\" content=\"3 minutes\" \/>\n<script type=\"application\/ld+json\" class=\"yoast-schema-graph\">{\"@context\":\"https:\/\/schema.org\",\"@graph\":[{\"@type\":\"WebPage\",\"@id\":\"https:\/\/paulrivera.it\/pl\/prodotti\/kuracje\/true-silver-kuracja-przeciw-zolknieciu-wlosow\/true-silver-szampon-przeciw-zolknieciu-wlosow-350-ml\/\",\"url\":\"https:\/\/paulrivera.it\/pl\/prodotti\/kuracje\/true-silver-kuracja-przeciw-zolknieciu-wlosow\/true-silver-szampon-przeciw-zolknieciu-wlosow-350-ml\/\",\"name\":\"True Silver - Szampon przeciw \u017c\u00f3\u0142kni\u0119ciu w\u0142os\u00f3w | Paul Rivera\",\"isPartOf\":{\"@id\":\"https:\/\/paulrivera.it\/pl\/#website\"},\"primaryImageOfPage\":{\"@id\":\"https:\/\/paulrivera.it\/pl\/prodotti\/kuracje\/true-silver-kuracja-przeciw-zolknieciu-wlosow\/true-silver-szampon-przeciw-zolknieciu-wlosow-350-ml\/#primaryimage\"},\"image\":{\"@id\":\"https:\/\/paulrivera.it\/pl\/prodotti\/kuracje\/true-silver-kuracja-przeciw-zolknieciu-wlosow\/true-silver-szampon-przeciw-zolknieciu-wlosow-350-ml\/#primaryimage\"},\"thumbnailUrl\":\"https:\/\/paulrivera.it\/wp-content\/uploads\/2022\/06\/604750_paul_rivera_true_anti_yellow_shampoo_350ml.png\",\"datePublished\":\"2022-07-07T13:13:36+00:00\",\"dateModified\":\"2024-05-13T07:34:54+00:00\",\"description\":\"True Silver to szampon zapobiegaj\u0105cy \u017c\u00f3\u0142kni\u0119ciu w\u0142os\u00f3w, kt\u00f3ry daje nowe \u017cycie w\u0142osom bia\u0142ym, siwym, naturalnie jasnym lub rozja\u015bnianym poprzez przeciwdzia\u0142anie stresowi\u00a0 oksydacyjnemu, kt\u00f3ry powoduje proces \u017c\u00f3\u0142kni\u0119cia.\",\"breadcrumb\":{\"@id\":\"https:\/\/paulrivera.it\/pl\/prodotti\/kuracje\/true-silver-kuracja-przeciw-zolknieciu-wlosow\/true-silver-szampon-przeciw-zolknieciu-wlosow-350-ml\/#breadcrumb\"},\"inLanguage\":\"pl-PL\",\"potentialAction\":[{\"@type\":\"ReadAction\",\"target\":[\"https:\/\/paulrivera.it\/pl\/prodotti\/kuracje\/true-silver-kuracja-przeciw-zolknieciu-wlosow\/true-silver-szampon-przeciw-zolknieciu-wlosow-350-ml\/\"]}]},{\"@type\":\"ImageObject\",\"inLanguage\":\"pl-PL\",\"@id\":\"https:\/\/paulrivera.it\/pl\/prodotti\/kuracje\/true-silver-kuracja-przeciw-zolknieciu-wlosow\/true-silver-szampon-przeciw-zolknieciu-wlosow-350-ml\/#primaryimage\",\"url\":\"https:\/\/paulrivera.it\/wp-content\/uploads\/2022\/06\/604750_paul_rivera_true_anti_yellow_shampoo_350ml.png\",\"contentUrl\":\"https:\/\/paulrivera.it\/wp-content\/uploads\/2022\/06\/604750_paul_rivera_true_anti_yellow_shampoo_350ml.png\",\"width\":800,\"height\":800,\"caption\":\"True silver shampoo\"},{\"@type\":\"BreadcrumbList\",\"@id\":\"https:\/\/paulrivera.it\/pl\/prodotti\/kuracje\/true-silver-kuracja-przeciw-zolknieciu-wlosow\/true-silver-szampon-przeciw-zolknieciu-wlosow-350-ml\/#breadcrumb\",\"itemListElement\":[{\"@type\":\"ListItem\",\"position\":1,\"name\":\"Home\",\"item\":\"https:\/\/paulrivera.it\/pl\/\"},{\"@type\":\"ListItem\",\"position\":2,\"name\":\"Pagina shop\",\"item\":\"https:\/\/paulrivera.it\/prodotti\/\"},{\"@type\":\"ListItem\",\"position\":3,\"name\":\"True Silver &#8211; Szampon przeciw \u017c\u00f3\u0142kni\u0119ciu w\u0142os\u00f3w\"}]},{\"@type\":\"WebSite\",\"@id\":\"https:\/\/paulrivera.it\/pl\/#website\",\"url\":\"https:\/\/paulrivera.it\/pl\/\",\"name\":\"Paul Rivera\",\"description\":\"Hair Beauty Celebration\",\"publisher\":{\"@id\":\"https:\/\/paulrivera.it\/pl\/#organization\"},\"potentialAction\":[{\"@type\":\"SearchAction\",\"target\":{\"@type\":\"EntryPoint\",\"urlTemplate\":\"https:\/\/paulrivera.it\/pl\/?s={search_term_string}\"},\"query-input\":{\"@type\":\"PropertyValueSpecification\",\"valueRequired\":true,\"valueName\":\"search_term_string\"}}],\"inLanguage\":\"pl-PL\"},{\"@type\":\"Organization\",\"@id\":\"https:\/\/paulrivera.it\/pl\/#organization\",\"name\":\"Paul Rivera\",\"url\":\"https:\/\/paulrivera.it\/pl\/\",\"logo\":{\"@type\":\"ImageObject\",\"inLanguage\":\"pl-PL\",\"@id\":\"https:\/\/paulrivera.it\/pl\/#\/schema\/logo\/image\/\",\"url\":\"https:\/\/paulrivera.it\/wp-content\/uploads\/2020\/02\/paul_rivera_logo_header_x2.png\",\"contentUrl\":\"https:\/\/paulrivera.it\/wp-content\/uploads\/2020\/02\/paul_rivera_logo_header_x2.png\",\"width\":470,\"height\":60,\"caption\":\"Paul Rivera\"},\"image\":{\"@id\":\"https:\/\/paulrivera.it\/pl\/#\/schema\/logo\/image\/\"}}]}<\/script>\n<!-- \/ Yoast SEO plugin. -->","yoast_head_json":{"title":"True Silver - Szampon przeciw \u017c\u00f3\u0142kni\u0119ciu w\u0142os\u00f3w | Paul Rivera","description":"True Silver to szampon zapobiegaj\u0105cy \u017c\u00f3\u0142kni\u0119ciu w\u0142os\u00f3w, kt\u00f3ry daje nowe \u017cycie w\u0142osom bia\u0142ym, siwym, naturalnie jasnym lub rozja\u015bnianym poprzez przeciwdzia\u0142anie stresowi\u00a0 oksydacyjnemu, kt\u00f3ry powoduje proces \u017c\u00f3\u0142kni\u0119cia.","robots":{"index":"index","follow":"follow","max-snippet":"max-snippet:-1","max-image-preview":"max-image-preview:large","max-video-preview":"max-video-preview:-1"},"canonical":"https:\/\/paulrivera.it\/pl\/prodotti\/kuracje\/true-silver-kuracja-przeciw-zolknieciu-wlosow\/true-silver-szampon-przeciw-zolknieciu-wlosow-350-ml\/","og_locale":"pl_PL","og_type":"article","og_title":"True Silver - Szampon przeciw \u017c\u00f3\u0142kni\u0119ciu w\u0142os\u00f3w | Paul Rivera","og_description":"True Silver to szampon zapobiegaj\u0105cy \u017c\u00f3\u0142kni\u0119ciu w\u0142os\u00f3w, kt\u00f3ry daje nowe \u017cycie w\u0142osom bia\u0142ym, siwym, naturalnie jasnym lub rozja\u015bnianym poprzez przeciwdzia\u0142anie stresowi\u00a0 oksydacyjnemu, kt\u00f3ry powoduje proces \u017c\u00f3\u0142kni\u0119cia.","og_url":"https:\/\/paulrivera.it\/pl\/prodotti\/kuracje\/true-silver-kuracja-przeciw-zolknieciu-wlosow\/true-silver-szampon-przeciw-zolknieciu-wlosow-350-ml\/","og_site_name":"Paul Rivera","article_modified_time":"2024-05-13T07:34:54+00:00","og_image":[{"width":800,"height":800,"url":"https:\/\/paulrivera.it\/wp-content\/uploads\/2022\/06\/604750_paul_rivera_true_anti_yellow_shampoo_350ml.png","type":"image\/png"}],"twitter_card":"summary_large_image","twitter_misc":{"Est. reading time":"3 minutes"},"schema":{"@context":"https:\/\/schema.org","@graph":[{"@type":"WebPage","@id":"https:\/\/paulrivera.it\/pl\/prodotti\/kuracje\/true-silver-kuracja-przeciw-zolknieciu-wlosow\/true-silver-szampon-przeciw-zolknieciu-wlosow-350-ml\/","url":"https:\/\/paulrivera.it\/pl\/prodotti\/kuracje\/true-silver-kuracja-przeciw-zolknieciu-wlosow\/true-silver-szampon-przeciw-zolknieciu-wlosow-350-ml\/","name":"True Silver - Szampon przeciw \u017c\u00f3\u0142kni\u0119ciu w\u0142os\u00f3w | Paul Rivera","isPartOf":{"@id":"https:\/\/paulrivera.it\/pl\/#website"},"primaryImageOfPage":{"@id":"https:\/\/paulrivera.it\/pl\/prodotti\/kuracje\/true-silver-kuracja-przeciw-zolknieciu-wlosow\/true-silver-szampon-przeciw-zolknieciu-wlosow-350-ml\/#primaryimage"},"image":{"@id":"https:\/\/paulrivera.it\/pl\/prodotti\/kuracje\/true-silver-kuracja-przeciw-zolknieciu-wlosow\/true-silver-szampon-przeciw-zolknieciu-wlosow-350-ml\/#primaryimage"},"thumbnailUrl":"https:\/\/paulrivera.it\/wp-content\/uploads\/2022\/06\/604750_paul_rivera_true_anti_yellow_shampoo_350ml.png","datePublished":"2022-07-07T13:13:36+00:00","dateModified":"2024-05-13T07:34:54+00:00","description":"True Silver to szampon zapobiegaj\u0105cy \u017c\u00f3\u0142kni\u0119ciu w\u0142os\u00f3w, kt\u00f3ry daje nowe \u017cycie w\u0142osom bia\u0142ym, siwym, naturalnie jasnym lub rozja\u015bnianym poprzez przeciwdzia\u0142anie stresowi\u00a0 oksydacyjnemu, kt\u00f3ry powoduje proces \u017c\u00f3\u0142kni\u0119cia.","breadcrumb":{"@id":"https:\/\/paulrivera.it\/pl\/prodotti\/kuracje\/true-silver-kuracja-przeciw-zolknieciu-wlosow\/true-silver-szampon-przeciw-zolknieciu-wlosow-350-ml\/#breadcrumb"},"inLanguage":"pl-PL","potentialAction":[{"@type":"ReadAction","target":["https:\/\/paulrivera.it\/pl\/prodotti\/kuracje\/true-silver-kuracja-przeciw-zolknieciu-wlosow\/true-silver-szampon-przeciw-zolknieciu-wlosow-350-ml\/"]}]},{"@type":"ImageObject","inLanguage":"pl-PL","@id":"https:\/\/paulrivera.it\/pl\/prodotti\/kuracje\/true-silver-kuracja-przeciw-zolknieciu-wlosow\/true-silver-szampon-przeciw-zolknieciu-wlosow-350-ml\/#primaryimage","url":"https:\/\/paulrivera.it\/wp-content\/uploads\/2022\/06\/604750_paul_rivera_true_anti_yellow_shampoo_350ml.png","contentUrl":"https:\/\/paulrivera.it\/wp-content\/uploads\/2022\/06\/604750_paul_rivera_true_anti_yellow_shampoo_350ml.png","width":800,"height":800,"caption":"True silver shampoo"},{"@type":"BreadcrumbList","@id":"https:\/\/paulrivera.it\/pl\/prodotti\/kuracje\/true-silver-kuracja-przeciw-zolknieciu-wlosow\/true-silver-szampon-przeciw-zolknieciu-wlosow-350-ml\/#breadcrumb","itemListElement":[{"@type":"ListItem","position":1,"name":"Home","item":"https:\/\/paulrivera.it\/pl\/"},{"@type":"ListItem","position":2,"name":"Pagina shop","item":"https:\/\/paulrivera.it\/prodotti\/"},{"@type":"ListItem","position":3,"name":"True Silver &#8211; Szampon przeciw \u017c\u00f3\u0142kni\u0119ciu w\u0142os\u00f3w"}]},{"@type":"WebSite","@id":"https:\/\/paulrivera.it\/pl\/#website","url":"https:\/\/paulrivera.it\/pl\/","name":"Paul Rivera","description":"Hair Beauty Celebration","publisher":{"@id":"https:\/\/paulrivera.it\/pl\/#organization"},"potentialAction":[{"@type":"SearchAction","target":{"@type":"EntryPoint","urlTemplate":"https:\/\/paulrivera.it\/pl\/?s={search_term_string}"},"query-input":{"@type":"PropertyValueSpecification","valueRequired":true,"valueName":"search_term_string"}}],"inLanguage":"pl-PL"},{"@type":"Organization","@id":"https:\/\/paulrivera.it\/pl\/#organization","name":"Paul Rivera","url":"https:\/\/paulrivera.it\/pl\/","logo":{"@type":"ImageObject","inLanguage":"pl-PL","@id":"https:\/\/paulrivera.it\/pl\/#\/schema\/logo\/image\/","url":"https:\/\/paulrivera.it\/wp-content\/uploads\/2020\/02\/paul_rivera_logo_header_x2.png","contentUrl":"https:\/\/paulrivera.it\/wp-content\/uploads\/2020\/02\/paul_rivera_logo_header_x2.png","width":470,"height":60,"caption":"Paul Rivera"},"image":{"@id":"https:\/\/paulrivera.it\/pl\/#\/schema\/logo\/image\/"}}]}},"_links":{"self":[{"href":"https:\/\/paulrivera.it\/pl\/wp-json\/wp\/v2\/product\/5067","targetHints":{"allow":["GET"]}}],"collection":[{"href":"https:\/\/paulrivera.it\/pl\/wp-json\/wp\/v2\/product"}],"about":[{"href":"https:\/\/paulrivera.it\/pl\/wp-json\/wp\/v2\/types\/product"}],"wp:featuredmedia":[{"embeddable":true,"href":"https:\/\/paulrivera.it\/pl\/wp-json\/wp\/v2\/media\/5034"}],"wp:attachment":[{"href":"https:\/\/paulrivera.it\/pl\/wp-json\/wp\/v2\/media?parent=5067"}],"wp:term":[{"taxonomy":"product_brand","embeddable":true,"href":"https:\/\/paulrivera.it\/pl\/wp-json\/wp\/v2\/product_brand?post=5067"},{"taxonomy":"product_cat","embeddable":true,"href":"https:\/\/paulrivera.it\/pl\/wp-json\/wp\/v2\/product_cat?post=5067"},{"taxonomy":"product_tag","embeddable":true,"href":"https:\/\/paulrivera.it\/pl\/wp-json\/wp\/v2\/product_tag?post=5067"}],"curies":[{"name":"wp","href":"https:\/\/api.w.org\/{rel}","templated":true}]}}