{"id":5377,"date":"2023-02-08T10:12:05","date_gmt":"2023-02-08T09:12:06","guid":{"rendered":"https:\/\/paulrivera.it\/?post_type=product&#038;p=5377"},"modified":"2024-05-13T09:31:08","modified_gmt":"2024-05-13T07:31:08","slug":"loud-volume-szampon-zwiekszajacy-objetosc","status":"publish","type":"product","link":"https:\/\/paulrivera.it\/pl\/prodotti\/kuracje\/loud-volume-wlosy-cienkie\/loud-volume-szampon-zwiekszajacy-objetosc\/","title":{"rendered":"Loud Volume &#8211; Szampon zwi\u0119kszaj\u0105cy obj\u0119to\u015b\u0107"},"content":{"rendered":"<div class=\"wpb-content-wrapper\"><p>[vc_row full_width=&#8221;stretch_row&#8221;][vc_column][vc_row_inner el_id=&#8221;desktop&#8221;][vc_column_inner width=&#8221;1\/2&#8243; css=&#8221;.vc_custom_1582194227194{padding-top: 10% !important;padding-right: 10% !important;padding-bottom: 10% !important;padding-left: 30% !important;}&#8221; offset=&#8221;vc_hidden-md vc_hidden-sm vc_hidden-xs&#8221;][vc_column_text]<\/p>\n<h1>Pokochasz ten produkt za to, \u017ce<\/h1>\n<ul>\n<li style=\"font-weight: 400;\" aria-level=\"1\"><span style=\"font-weight: 400;\">Jest odpowiedni do w\u0142os\u00f3w cienkich i pozbawionych obj\u0119to\u015bci<\/span><\/li>\n<li style=\"font-weight: 400;\" aria-level=\"1\"><span style=\"font-weight: 400;\">Nadaje w\u0142osom <\/span><b>obj\u0119to\u015b\u0107<\/b><\/li>\n<li style=\"font-weight: 400;\" aria-level=\"1\"><b>G\u0142\u0119boko nawil\u017ca<\/b><span style=\"font-weight: 400;\"> bez obci\u0105\u017cania w\u0142os\u00f3w<\/span><\/li>\n<li style=\"font-weight: 400;\" aria-level=\"1\">W\u0142osy s\u0105 <b>zdrowsze i pe\u0142ne blasku<\/b><\/li>\n<\/ul>\n<p>[\/vc_column_text][vc_column_text]<\/p>\n<h1>Sk\u0142adniki aktywne zawarte w formule<\/h1>\n<ul>\n<li style=\"font-weight: 400;\" aria-level=\"1\"><b>Wyci\u0105g z b\u0142awatka<\/b><span style=\"font-weight: 400;\">: ma dzia\u0142anie antyoksydacyjne i rewitalizuj\u0105ce na w\u0142osy, pozostawiaj\u0105c je mi\u0119kkie i lekkie.<\/span><\/li>\n<li style=\"font-weight: 400;\" aria-level=\"1\"><b>Aloes<\/b>: wzmacnia cienkie struktury w\u0142os\u00f3w i zapewnia delikatnym w\u0142osom maksymalne nawil\u017cenie i blask<\/li>\n<\/ul>\n<p>[\/vc_column_text][vc_column_text]<\/p>\n<h1>Jak stosowa\u0107?<\/h1>\n<p><span style=\"font-weight: 400;\">Na\u0142o\u017cy\u0107 szampon zwi\u0119kszaj\u0105cy obj\u0119to\u015b\u0107 na mokre w\u0142osy i wmasowa\u0107. Sp\u0142uka\u0107 i w razie potrzeby powt\u00f3rzy\u0107 czynno\u015b\u0107.\u00a0<\/span>[\/vc_column_text][\/vc_column_inner][vc_column_inner width=&#8221;1\/2&#8243; css=&#8221;.vc_custom_1675849255613{background-image: url(https:\/\/paulrivera.it\/wp-content\/uploads\/2022\/11\/background_adv_product_loud_volume.png?id=5190) !important;background-position: center !important;background-repeat: no-repeat !important;background-size: cover !important;}&#8221; offset=&#8221;vc_hidden-md vc_hidden-sm vc_hidden-xs&#8221;][vc_single_image image=&#8221;5215&#8243; img_size=&#8221;large&#8221; alignment=&#8221;center&#8221;][\/vc_column_inner][\/vc_row_inner][vc_row_inner el_id=&#8221;tablet&#8221;][vc_column_inner offset=&#8221;vc_hidden-lg vc_hidden-xs&#8221;][vc_column_text]<\/p>\n<h1>Pokochasz ten produkt za to, \u017ce<\/h1>\n<ul>\n<li style=\"font-weight: 400;\" aria-level=\"1\"><span style=\"font-weight: 400;\">Jest odpowiedni do w\u0142os\u00f3w cienkich i pozbawionych obj\u0119to\u015bci<\/span><\/li>\n<li style=\"font-weight: 400;\" aria-level=\"1\"><span style=\"font-weight: 400;\">Nadaje w\u0142osom <\/span><b>obj\u0119to\u015b\u0107<\/b><\/li>\n<li style=\"font-weight: 400;\" aria-level=\"1\"><b>G\u0142\u0119boko nawil\u017ca<\/b><span style=\"font-weight: 400;\"> bez obci\u0105\u017cania w\u0142os\u00f3w<\/span><\/li>\n<li style=\"font-weight: 400;\" aria-level=\"1\">W\u0142osy s\u0105 <b>zdrowsze i pe\u0142ne blasku<\/b><\/li>\n<\/ul>\n<p>[\/vc_column_text][vc_column_text]<\/p>\n<h1>Sk\u0142adniki aktywne zawarte w formule<\/h1>\n<ul>\n<li style=\"font-weight: 400;\" aria-level=\"1\"><b>Wyci\u0105g z b\u0142awatka<\/b><span style=\"font-weight: 400;\">: ma dzia\u0142anie antyoksydacyjne i rewitalizuj\u0105ce na w\u0142osy, pozostawiaj\u0105c je mi\u0119kkie i lekkie.<\/span><\/li>\n<li style=\"font-weight: 400;\" aria-level=\"1\"><b>Aloes<\/b>: wzmacnia cienkie struktury w\u0142os\u00f3w i zapewnia delikatnym w\u0142osom maksymalne nawil\u017cenie i blask<\/li>\n<\/ul>\n<p>[\/vc_column_text][vc_column_text]<\/p>\n<h1>Jak stosowa\u0107?<\/h1>\n<p><span style=\"font-weight: 400;\">Na\u0142o\u017cy\u0107 szampon zwi\u0119kszaj\u0105cy obj\u0119to\u015b\u0107 na mokre w\u0142osy i wmasowa\u0107. Sp\u0142uka\u0107 i w razie potrzeby powt\u00f3rzy\u0107 czynno\u015b\u0107.\u00a0<\/span>[\/vc_column_text][\/vc_column_inner][\/vc_row_inner][vc_row_inner el_id=&#8221;mobile&#8221;][vc_column_inner width=&#8221;1\/2&#8243; offset=&#8221;vc_hidden-lg vc_hidden-md vc_hidden-sm&#8221;][vc_column_text]<\/p>\n<h1>Pokochasz ten produkt za to, \u017ce<\/h1>\n<ul>\n<li style=\"font-weight: 400;\" aria-level=\"1\"><span style=\"font-weight: 400;\">Jest odpowiedni do w\u0142os\u00f3w cienkich i pozbawionych obj\u0119to\u015bci<\/span><\/li>\n<li style=\"font-weight: 400;\" aria-level=\"1\"><span style=\"font-weight: 400;\">Nadaje w\u0142osom <\/span><b>obj\u0119to\u015b\u0107<\/b><\/li>\n<li style=\"font-weight: 400;\" aria-level=\"1\"><b>G\u0142\u0119boko nawil\u017ca<\/b><span style=\"font-weight: 400;\"> bez obci\u0105\u017cania w\u0142os\u00f3w<\/span><\/li>\n<li style=\"font-weight: 400;\" aria-level=\"1\">W\u0142osy s\u0105 <b>zdrowsze i pe\u0142ne blasku<\/b><\/li>\n<\/ul>\n<p>[\/vc_column_text][vc_column_text]<\/p>\n<h1>Sk\u0142adniki aktywne zawarte w formule<\/h1>\n<ul>\n<li style=\"font-weight: 400;\" aria-level=\"1\"><b>Wyci\u0105g z b\u0142awatka<\/b><span style=\"font-weight: 400;\">: ma dzia\u0142anie antyoksydacyjne i rewitalizuj\u0105ce na w\u0142osy, pozostawiaj\u0105c je mi\u0119kkie i lekkie.<\/span><\/li>\n<li style=\"font-weight: 400;\" aria-level=\"1\"><b>Aloes<\/b>: wzmacnia cienkie struktury w\u0142os\u00f3w i zapewnia delikatnym w\u0142osom maksymalne nawil\u017cenie i blask<\/li>\n<\/ul>\n<p>[\/vc_column_text][vc_column_text]<\/p>\n<h1>Jak stosowa\u0107?<\/h1>\n<p><span style=\"font-weight: 400;\">Na\u0142o\u017cy\u0107 szampon zwi\u0119kszaj\u0105cy obj\u0119to\u015b\u0107 na mokre w\u0142osy i wmasowa\u0107. Sp\u0142uka\u0107 i w razie potrzeby powt\u00f3rzy\u0107 czynno\u015b\u0107.\u00a0<\/span>[\/vc_column_text][\/vc_column_inner][vc_column_inner width=&#8221;1\/2&#8243; css=&#8221;.vc_custom_1675849280808{background-image: url(https:\/\/paulrivera.it\/wp-content\/uploads\/2022\/11\/background_adv_product_loud_volume.png?id=5190) !important;background-position: center !important;background-repeat: no-repeat !important;background-size: cover !important;}&#8221; offset=&#8221;vc_hidden-lg vc_hidden-md vc_hidden-sm&#8221;][vc_single_image image=&#8221;5215&#8243; img_size=&#8221;large&#8221; alignment=&#8221;center&#8221;][\/vc_column_inner][\/vc_row_inner][\/vc_column][\/vc_row][vc_row css=&#8221;.vc_custom_1582192829011{padding-top: 50px !important;}&#8221;][vc_column][vc_row_inner][vc_column_inner][vc_column_text]<\/p>\n<h1 style=\"text-align: center;\"><span style=\"font-weight: 400;\">Spodoba Ci si\u0119 r\u00f3wnie\u017c<\/span><\/h1>\n<p>[\/vc_column_text][\/vc_column_inner][\/vc_row_inner][vc_raw_html]JTVCd3BiLXByb2R1Y3Qtc2xpZGVyLXNob3J0Y29kZSUyMGlkJTNEJTIyNTQwNyUyMiU1RA==[\/vc_raw_html][\/vc_column][\/vc_row]<\/p>\n<\/div>","protected":false},"excerpt":{"rendered":"<p><span style=\"font-weight: 400;\">Szampon zwi\u0119kszaj\u0105cy obj\u0119to\u015b\u0107 Loud Volume <\/span><b>delikatnie oczyszcza<\/b><span style=\"font-weight: 400;\"> w\u0142\u00f3kno w\u0142osa, przywracaj\u0105c <\/span><b>w\u0142osom witalno\u015b\u0107 i blask<\/b><span style=\"font-weight: 400;\">.<\/span><\/p>\n<p><span style=\"font-weight: 400;\">Jego wyj\u0105tkowa formu\u0142a zawieraj\u0105ca wyci\u0105g z b\u0142awatka i aloesu <\/span><b>odbija w\u0142osy<\/b><span style=\"font-weight: 400;\"> tu\u017c u nasady i sprawia, \u017ce cienkie w\u0142osy wygl\u0105daj\u0105 na g\u0119stsze i mocniejsze.<\/span><\/p>\n<p>&nbsp;<\/p>\n<p><span style=\"font-weight: 400;\">1000 ml<\/span><\/p>\n<p>&nbsp;<\/p>\n[maxbutton id=\"8\"]\n","protected":false},"featured_media":5220,"template":"","meta":[],"product_brand":[],"product_cat":[969],"product_tag":[],"class_list":{"0":"post-5377","1":"product","2":"type-product","3":"status-publish","4":"has-post-thumbnail","6":"product_cat-loud-volume-wlosy-cienkie","7":"description-off","9":"first","10":"instock","11":"shipping-taxable","12":"product-type-simple"},"yoast_head":"<!-- This site is optimized with the Yoast SEO plugin v27.2 - https:\/\/yoast.com\/product\/yoast-seo-wordpress\/ -->\n<title>Loud Volume - Szampon zwi\u0119kszaj\u0105cy obj\u0119to\u015b\u0107 | Paul Rivera<\/title>\n<meta name=\"description\" content=\"Szampon zwi\u0119kszaj\u0105cy obj\u0119to\u015b\u0107 Loud Volume delikatnie oczyszcza w\u0142\u00f3kno w\u0142osa, przywracaj\u0105c w\u0142osom witalno\u015b\u0107 i blask.\" \/>\n<meta name=\"robots\" content=\"index, follow, max-snippet:-1, max-image-preview:large, max-video-preview:-1\" \/>\n<link rel=\"canonical\" href=\"https:\/\/paulrivera.it\/pl\/prodotti\/kuracje\/loud-volume-wlosy-cienkie\/loud-volume-szampon-zwiekszajacy-objetosc\/\" \/>\n<meta property=\"og:locale\" content=\"pl_PL\" \/>\n<meta property=\"og:type\" content=\"article\" \/>\n<meta property=\"og:title\" content=\"Loud Volume - Szampon zwi\u0119kszaj\u0105cy obj\u0119to\u015b\u0107 | Paul Rivera\" \/>\n<meta property=\"og:description\" content=\"Szampon zwi\u0119kszaj\u0105cy obj\u0119to\u015b\u0107 Loud Volume delikatnie oczyszcza w\u0142\u00f3kno w\u0142osa, przywracaj\u0105c w\u0142osom witalno\u015b\u0107 i blask.\" \/>\n<meta property=\"og:url\" content=\"https:\/\/paulrivera.it\/pl\/prodotti\/kuracje\/loud-volume-wlosy-cienkie\/loud-volume-szampon-zwiekszajacy-objetosc\/\" \/>\n<meta property=\"og:site_name\" content=\"Paul Rivera\" \/>\n<meta property=\"article:modified_time\" content=\"2024-05-13T07:31:08+00:00\" \/>\n<meta property=\"og:image\" content=\"https:\/\/paulrivera.it\/wp-content\/uploads\/2022\/11\/604972_paul_rivera_loud_volume_shampoo_1000ml.png\" \/>\n\t<meta property=\"og:image:width\" content=\"800\" \/>\n\t<meta property=\"og:image:height\" content=\"800\" \/>\n\t<meta property=\"og:image:type\" content=\"image\/png\" \/>\n<meta name=\"twitter:card\" content=\"summary_large_image\" \/>\n<meta name=\"twitter:label1\" content=\"Est. reading time\" \/>\n\t<meta name=\"twitter:data1\" content=\"3 minutes\" \/>\n<script type=\"application\/ld+json\" class=\"yoast-schema-graph\">{\"@context\":\"https:\/\/schema.org\",\"@graph\":[{\"@type\":\"WebPage\",\"@id\":\"https:\/\/paulrivera.it\/pl\/prodotti\/kuracje\/loud-volume-wlosy-cienkie\/loud-volume-szampon-zwiekszajacy-objetosc\/\",\"url\":\"https:\/\/paulrivera.it\/pl\/prodotti\/kuracje\/loud-volume-wlosy-cienkie\/loud-volume-szampon-zwiekszajacy-objetosc\/\",\"name\":\"Loud Volume - Szampon zwi\u0119kszaj\u0105cy obj\u0119to\u015b\u0107 | Paul Rivera\",\"isPartOf\":{\"@id\":\"https:\/\/paulrivera.it\/pl\/#website\"},\"primaryImageOfPage\":{\"@id\":\"https:\/\/paulrivera.it\/pl\/prodotti\/kuracje\/loud-volume-wlosy-cienkie\/loud-volume-szampon-zwiekszajacy-objetosc\/#primaryimage\"},\"image\":{\"@id\":\"https:\/\/paulrivera.it\/pl\/prodotti\/kuracje\/loud-volume-wlosy-cienkie\/loud-volume-szampon-zwiekszajacy-objetosc\/#primaryimage\"},\"thumbnailUrl\":\"https:\/\/paulrivera.it\/wp-content\/uploads\/2022\/11\/604972_paul_rivera_loud_volume_shampoo_1000ml.png\",\"datePublished\":\"2023-02-08T09:12:06+00:00\",\"dateModified\":\"2024-05-13T07:31:08+00:00\",\"description\":\"Szampon zwi\u0119kszaj\u0105cy obj\u0119to\u015b\u0107 Loud Volume delikatnie oczyszcza w\u0142\u00f3kno w\u0142osa, przywracaj\u0105c w\u0142osom witalno\u015b\u0107 i blask.\",\"breadcrumb\":{\"@id\":\"https:\/\/paulrivera.it\/pl\/prodotti\/kuracje\/loud-volume-wlosy-cienkie\/loud-volume-szampon-zwiekszajacy-objetosc\/#breadcrumb\"},\"inLanguage\":\"pl-PL\",\"potentialAction\":[{\"@type\":\"ReadAction\",\"target\":[\"https:\/\/paulrivera.it\/pl\/prodotti\/kuracje\/loud-volume-wlosy-cienkie\/loud-volume-szampon-zwiekszajacy-objetosc\/\"]}]},{\"@type\":\"ImageObject\",\"inLanguage\":\"pl-PL\",\"@id\":\"https:\/\/paulrivera.it\/pl\/prodotti\/kuracje\/loud-volume-wlosy-cienkie\/loud-volume-szampon-zwiekszajacy-objetosc\/#primaryimage\",\"url\":\"https:\/\/paulrivera.it\/wp-content\/uploads\/2022\/11\/604972_paul_rivera_loud_volume_shampoo_1000ml.png\",\"contentUrl\":\"https:\/\/paulrivera.it\/wp-content\/uploads\/2022\/11\/604972_paul_rivera_loud_volume_shampoo_1000ml.png\",\"width\":800,\"height\":800},{\"@type\":\"BreadcrumbList\",\"@id\":\"https:\/\/paulrivera.it\/pl\/prodotti\/kuracje\/loud-volume-wlosy-cienkie\/loud-volume-szampon-zwiekszajacy-objetosc\/#breadcrumb\",\"itemListElement\":[{\"@type\":\"ListItem\",\"position\":1,\"name\":\"Home\",\"item\":\"https:\/\/paulrivera.it\/pl\/\"},{\"@type\":\"ListItem\",\"position\":2,\"name\":\"Pagina shop\",\"item\":\"https:\/\/paulrivera.it\/prodotti\/\"},{\"@type\":\"ListItem\",\"position\":3,\"name\":\"Loud Volume &#8211; Szampon zwi\u0119kszaj\u0105cy obj\u0119to\u015b\u0107\"}]},{\"@type\":\"WebSite\",\"@id\":\"https:\/\/paulrivera.it\/pl\/#website\",\"url\":\"https:\/\/paulrivera.it\/pl\/\",\"name\":\"Paul Rivera\",\"description\":\"Hair Beauty Celebration\",\"publisher\":{\"@id\":\"https:\/\/paulrivera.it\/pl\/#organization\"},\"potentialAction\":[{\"@type\":\"SearchAction\",\"target\":{\"@type\":\"EntryPoint\",\"urlTemplate\":\"https:\/\/paulrivera.it\/pl\/?s={search_term_string}\"},\"query-input\":{\"@type\":\"PropertyValueSpecification\",\"valueRequired\":true,\"valueName\":\"search_term_string\"}}],\"inLanguage\":\"pl-PL\"},{\"@type\":\"Organization\",\"@id\":\"https:\/\/paulrivera.it\/pl\/#organization\",\"name\":\"Paul Rivera\",\"url\":\"https:\/\/paulrivera.it\/pl\/\",\"logo\":{\"@type\":\"ImageObject\",\"inLanguage\":\"pl-PL\",\"@id\":\"https:\/\/paulrivera.it\/pl\/#\/schema\/logo\/image\/\",\"url\":\"https:\/\/paulrivera.it\/wp-content\/uploads\/2020\/02\/paul_rivera_logo_header_x2.png\",\"contentUrl\":\"https:\/\/paulrivera.it\/wp-content\/uploads\/2020\/02\/paul_rivera_logo_header_x2.png\",\"width\":470,\"height\":60,\"caption\":\"Paul Rivera\"},\"image\":{\"@id\":\"https:\/\/paulrivera.it\/pl\/#\/schema\/logo\/image\/\"}}]}<\/script>\n<!-- \/ Yoast SEO plugin. -->","yoast_head_json":{"title":"Loud Volume - Szampon zwi\u0119kszaj\u0105cy obj\u0119to\u015b\u0107 | Paul Rivera","description":"Szampon zwi\u0119kszaj\u0105cy obj\u0119to\u015b\u0107 Loud Volume delikatnie oczyszcza w\u0142\u00f3kno w\u0142osa, przywracaj\u0105c w\u0142osom witalno\u015b\u0107 i blask.","robots":{"index":"index","follow":"follow","max-snippet":"max-snippet:-1","max-image-preview":"max-image-preview:large","max-video-preview":"max-video-preview:-1"},"canonical":"https:\/\/paulrivera.it\/pl\/prodotti\/kuracje\/loud-volume-wlosy-cienkie\/loud-volume-szampon-zwiekszajacy-objetosc\/","og_locale":"pl_PL","og_type":"article","og_title":"Loud Volume - Szampon zwi\u0119kszaj\u0105cy obj\u0119to\u015b\u0107 | Paul Rivera","og_description":"Szampon zwi\u0119kszaj\u0105cy obj\u0119to\u015b\u0107 Loud Volume delikatnie oczyszcza w\u0142\u00f3kno w\u0142osa, przywracaj\u0105c w\u0142osom witalno\u015b\u0107 i blask.","og_url":"https:\/\/paulrivera.it\/pl\/prodotti\/kuracje\/loud-volume-wlosy-cienkie\/loud-volume-szampon-zwiekszajacy-objetosc\/","og_site_name":"Paul Rivera","article_modified_time":"2024-05-13T07:31:08+00:00","og_image":[{"width":800,"height":800,"url":"https:\/\/paulrivera.it\/wp-content\/uploads\/2022\/11\/604972_paul_rivera_loud_volume_shampoo_1000ml.png","type":"image\/png"}],"twitter_card":"summary_large_image","twitter_misc":{"Est. reading time":"3 minutes"},"schema":{"@context":"https:\/\/schema.org","@graph":[{"@type":"WebPage","@id":"https:\/\/paulrivera.it\/pl\/prodotti\/kuracje\/loud-volume-wlosy-cienkie\/loud-volume-szampon-zwiekszajacy-objetosc\/","url":"https:\/\/paulrivera.it\/pl\/prodotti\/kuracje\/loud-volume-wlosy-cienkie\/loud-volume-szampon-zwiekszajacy-objetosc\/","name":"Loud Volume - Szampon zwi\u0119kszaj\u0105cy obj\u0119to\u015b\u0107 | Paul Rivera","isPartOf":{"@id":"https:\/\/paulrivera.it\/pl\/#website"},"primaryImageOfPage":{"@id":"https:\/\/paulrivera.it\/pl\/prodotti\/kuracje\/loud-volume-wlosy-cienkie\/loud-volume-szampon-zwiekszajacy-objetosc\/#primaryimage"},"image":{"@id":"https:\/\/paulrivera.it\/pl\/prodotti\/kuracje\/loud-volume-wlosy-cienkie\/loud-volume-szampon-zwiekszajacy-objetosc\/#primaryimage"},"thumbnailUrl":"https:\/\/paulrivera.it\/wp-content\/uploads\/2022\/11\/604972_paul_rivera_loud_volume_shampoo_1000ml.png","datePublished":"2023-02-08T09:12:06+00:00","dateModified":"2024-05-13T07:31:08+00:00","description":"Szampon zwi\u0119kszaj\u0105cy obj\u0119to\u015b\u0107 Loud Volume delikatnie oczyszcza w\u0142\u00f3kno w\u0142osa, przywracaj\u0105c w\u0142osom witalno\u015b\u0107 i blask.","breadcrumb":{"@id":"https:\/\/paulrivera.it\/pl\/prodotti\/kuracje\/loud-volume-wlosy-cienkie\/loud-volume-szampon-zwiekszajacy-objetosc\/#breadcrumb"},"inLanguage":"pl-PL","potentialAction":[{"@type":"ReadAction","target":["https:\/\/paulrivera.it\/pl\/prodotti\/kuracje\/loud-volume-wlosy-cienkie\/loud-volume-szampon-zwiekszajacy-objetosc\/"]}]},{"@type":"ImageObject","inLanguage":"pl-PL","@id":"https:\/\/paulrivera.it\/pl\/prodotti\/kuracje\/loud-volume-wlosy-cienkie\/loud-volume-szampon-zwiekszajacy-objetosc\/#primaryimage","url":"https:\/\/paulrivera.it\/wp-content\/uploads\/2022\/11\/604972_paul_rivera_loud_volume_shampoo_1000ml.png","contentUrl":"https:\/\/paulrivera.it\/wp-content\/uploads\/2022\/11\/604972_paul_rivera_loud_volume_shampoo_1000ml.png","width":800,"height":800},{"@type":"BreadcrumbList","@id":"https:\/\/paulrivera.it\/pl\/prodotti\/kuracje\/loud-volume-wlosy-cienkie\/loud-volume-szampon-zwiekszajacy-objetosc\/#breadcrumb","itemListElement":[{"@type":"ListItem","position":1,"name":"Home","item":"https:\/\/paulrivera.it\/pl\/"},{"@type":"ListItem","position":2,"name":"Pagina shop","item":"https:\/\/paulrivera.it\/prodotti\/"},{"@type":"ListItem","position":3,"name":"Loud Volume &#8211; Szampon zwi\u0119kszaj\u0105cy obj\u0119to\u015b\u0107"}]},{"@type":"WebSite","@id":"https:\/\/paulrivera.it\/pl\/#website","url":"https:\/\/paulrivera.it\/pl\/","name":"Paul Rivera","description":"Hair Beauty Celebration","publisher":{"@id":"https:\/\/paulrivera.it\/pl\/#organization"},"potentialAction":[{"@type":"SearchAction","target":{"@type":"EntryPoint","urlTemplate":"https:\/\/paulrivera.it\/pl\/?s={search_term_string}"},"query-input":{"@type":"PropertyValueSpecification","valueRequired":true,"valueName":"search_term_string"}}],"inLanguage":"pl-PL"},{"@type":"Organization","@id":"https:\/\/paulrivera.it\/pl\/#organization","name":"Paul Rivera","url":"https:\/\/paulrivera.it\/pl\/","logo":{"@type":"ImageObject","inLanguage":"pl-PL","@id":"https:\/\/paulrivera.it\/pl\/#\/schema\/logo\/image\/","url":"https:\/\/paulrivera.it\/wp-content\/uploads\/2020\/02\/paul_rivera_logo_header_x2.png","contentUrl":"https:\/\/paulrivera.it\/wp-content\/uploads\/2020\/02\/paul_rivera_logo_header_x2.png","width":470,"height":60,"caption":"Paul Rivera"},"image":{"@id":"https:\/\/paulrivera.it\/pl\/#\/schema\/logo\/image\/"}}]}},"_links":{"self":[{"href":"https:\/\/paulrivera.it\/pl\/wp-json\/wp\/v2\/product\/5377","targetHints":{"allow":["GET"]}}],"collection":[{"href":"https:\/\/paulrivera.it\/pl\/wp-json\/wp\/v2\/product"}],"about":[{"href":"https:\/\/paulrivera.it\/pl\/wp-json\/wp\/v2\/types\/product"}],"wp:featuredmedia":[{"embeddable":true,"href":"https:\/\/paulrivera.it\/pl\/wp-json\/wp\/v2\/media\/5220"}],"wp:attachment":[{"href":"https:\/\/paulrivera.it\/pl\/wp-json\/wp\/v2\/media?parent=5377"}],"wp:term":[{"taxonomy":"product_brand","embeddable":true,"href":"https:\/\/paulrivera.it\/pl\/wp-json\/wp\/v2\/product_brand?post=5377"},{"taxonomy":"product_cat","embeddable":true,"href":"https:\/\/paulrivera.it\/pl\/wp-json\/wp\/v2\/product_cat?post=5377"},{"taxonomy":"product_tag","embeddable":true,"href":"https:\/\/paulrivera.it\/pl\/wp-json\/wp\/v2\/product_tag?post=5377"}],"curies":[{"name":"wp","href":"https:\/\/api.w.org\/{rel}","templated":true}]}}