{"id":7471,"date":"2023-04-03T15:29:37","date_gmt":"2023-04-03T13:29:38","guid":{"rendered":"https:\/\/paulrivera.it\/?post_type=product&#038;p=7471"},"modified":"2024-10-02T15:22:34","modified_gmt":"2024-10-02T13:22:34","slug":"lightonine-kompaktowy-rozjasniacz-do-wlosow","status":"publish","type":"product","link":"https:\/\/paulrivera.it\/pl\/prodotti\/dzial-techniczny-pl\/dekoloryzacja\/lightonine-kompaktowy-rozjasniacz-do-wlosow\/","title":{"rendered":"LighToNine &#8211; Kompaktowy rozja\u015bniacz do w\u0142os\u00f3w"},"content":{"rendered":"<div class=\"wpb-content-wrapper\"><p>[vc_row full_width=&#8221;stretch_row&#8221;][vc_column][vc_row_inner el_id=&#8221;desktop&#8221;][vc_column_inner width=&#8221;1\/2&#8243; css=&#8221;.vc_custom_1582194227194{padding-top: 10% !important;padding-right: 10% !important;padding-bottom: 10% !important;padding-left: 30% !important;}&#8221; offset=&#8221;vc_hidden-md vc_hidden-sm vc_hidden-xs&#8221;][vc_column_text]<\/p>\n<h1>Pokochasz ten produkt za to, \u017ce<\/h1>\n<ul>\n<li style=\"font-weight: 400;\" aria-level=\"1\"><span style=\"font-weight: 400;\">Niewiarygodn\u0105 wydajno\u015b\u0107<\/span><\/li>\n<li style=\"font-weight: 400;\" aria-level=\"1\"><span style=\"font-weight: 400;\">\u0141atw\u0105 aplikacj\u0119<\/span><\/li>\n<li style=\"font-weight: 400;\" aria-level=\"1\"><span style=\"font-weight: 400;\">Dzia\u0142anie progresywne<\/span><\/li>\n<li style=\"font-weight: 400;\" aria-level=\"1\"><span style=\"font-weight: 400;\">Doskona\u0142\u0105 neutralizacj\u0119<\/span><\/li>\n<li style=\"font-weight: 400;\" aria-level=\"1\"><span style=\"font-weight: 400;\">Ekstremalne odcienie blondu<\/span><\/li>\n<li style=\"font-weight: 400;\" aria-level=\"1\"><span style=\"font-weight: 400;\">Natychmiastowe rozja\u015bnienie<\/span><\/li>\n<li style=\"font-weight: 400;\" aria-level=\"1\"><span style=\"font-weight: 400;\">Ochron\u0119 struktury w\u0142osa<\/span><\/li>\n<li style=\"font-weight: 400;\" aria-level=\"1\"><span style=\"font-weight: 400;\">Wyj\u0105tkowo wzmocnion\u0105 formu\u0142\u0119<\/span><\/li>\n<li style=\"font-weight: 400;\" aria-level=\"1\"><span style=\"font-weight: 400;\">Przyjemny zapach <\/span><\/li>\n<\/ul>\n<p>[\/vc_column_text][vc_column_text]<\/p>\n<h1>Jak stosowa\u0107?<\/h1>\n<p><span style=\"font-weight: 400;\">Na\u0142o\u017cy\u0107 p\u0119dzelkiem rozja\u015bniacz LighToNine na suche, niemyte uprzednio w\u0142osy. Pozostawi\u0107 na <\/span><span style=\"font-weight: 400;\">10 do 40\/50 minut<\/span><span style=\"font-weight: 400;\"> a\u017c do uzyskania po\u017c\u0105danego rozja\u015bnienia. Sp\u0142uka\u0107 du\u017c\u0105 ilo\u015bci\u0105 letniej wody i umy\u0107 w\u0142osy szamponem.\u00a0<\/span><br \/>\n<span style=\"font-weight: 400;\">Uwaga: produkt przeznaczony jest wy\u0142\u0105cznie do u\u017cytku profesjonalnego.<\/span>[\/vc_column_text][\/vc_column_inner][vc_column_inner width=&#8221;1\/2&#8243; css=&#8221;.vc_custom_1582194232021{background-image: url(https:\/\/paulrivera.it\/wp-content\/uploads\/2020\/02\/background_adv_product.png?id=296) !important;background-position: center !important;background-repeat: no-repeat !important;background-size: cover !important;}&#8221; offset=&#8221;vc_hidden-md vc_hidden-sm vc_hidden-xs&#8221;][vc_single_image image=&#8221;11134&#8243; img_size=&#8221;large&#8221; alignment=&#8221;center&#8221; css=&#8221;&#8221;][\/vc_column_inner][\/vc_row_inner][vc_row_inner el_id=&#8221;tablet&#8221;][vc_column_inner offset=&#8221;vc_hidden-lg vc_hidden-xs&#8221;][vc_column_text]<\/p>\n<h1>Pokochasz ten produkt za to, \u017ce<\/h1>\n<ul>\n<li style=\"font-weight: 400;\" aria-level=\"1\"><span style=\"font-weight: 400;\">Niewiarygodn\u0105 wydajno\u015b\u0107<\/span><\/li>\n<li style=\"font-weight: 400;\" aria-level=\"1\"><span style=\"font-weight: 400;\">\u0141atw\u0105 aplikacj\u0119<\/span><\/li>\n<li style=\"font-weight: 400;\" aria-level=\"1\"><span style=\"font-weight: 400;\">Dzia\u0142anie progresywne<\/span><\/li>\n<li style=\"font-weight: 400;\" aria-level=\"1\"><span style=\"font-weight: 400;\">Doskona\u0142\u0105 neutralizacj\u0119<\/span><\/li>\n<li style=\"font-weight: 400;\" aria-level=\"1\"><span style=\"font-weight: 400;\">Ekstremalne odcienie blondu<\/span><\/li>\n<li style=\"font-weight: 400;\" aria-level=\"1\"><span style=\"font-weight: 400;\">Natychmiastowe rozja\u015bnienie<\/span><\/li>\n<li style=\"font-weight: 400;\" aria-level=\"1\"><span style=\"font-weight: 400;\">Ochron\u0119 struktury w\u0142osa<\/span><\/li>\n<li style=\"font-weight: 400;\" aria-level=\"1\"><span style=\"font-weight: 400;\">Wyj\u0105tkowo wzmocnion\u0105 formu\u0142\u0119<\/span><\/li>\n<li style=\"font-weight: 400;\" aria-level=\"1\"><span style=\"font-weight: 400;\">Przyjemny zapach <\/span><\/li>\n<\/ul>\n<p>[\/vc_column_text][vc_column_text]<\/p>\n<h1>Jak stosowa\u0107?<\/h1>\n<p><span style=\"font-weight: 400;\">Na\u0142o\u017cy\u0107 p\u0119dzelkiem rozja\u015bniacz LighToNine na suche, niemyte uprzednio w\u0142osy. Pozostawi\u0107 na <\/span><span style=\"font-weight: 400;\">10 do 40\/50 minut<\/span><span style=\"font-weight: 400;\"> a\u017c do uzyskania po\u017c\u0105danego rozja\u015bnienia. Sp\u0142uka\u0107 du\u017c\u0105 ilo\u015bci\u0105 letniej wody i umy\u0107 w\u0142osy szamponem.\u00a0<\/span><br \/>\n<span style=\"font-weight: 400;\">Uwaga: produkt przeznaczony jest wy\u0142\u0105cznie do u\u017cytku profesjonalnego.<\/span>[\/vc_column_text][\/vc_column_inner][\/vc_row_inner][vc_row_inner el_id=&#8221;mobile&#8221;][vc_column_inner width=&#8221;1\/2&#8243; offset=&#8221;vc_hidden-lg vc_hidden-md vc_hidden-sm&#8221;][vc_column_text]<\/p>\n<h1>Pokochasz ten produkt za to, \u017ce<\/h1>\n<ul>\n<li style=\"font-weight: 400;\" aria-level=\"1\"><span style=\"font-weight: 400;\">Niewiarygodn\u0105 wydajno\u015b\u0107<\/span><\/li>\n<li style=\"font-weight: 400;\" aria-level=\"1\"><span style=\"font-weight: 400;\">\u0141atw\u0105 aplikacj\u0119<\/span><\/li>\n<li style=\"font-weight: 400;\" aria-level=\"1\"><span style=\"font-weight: 400;\">Dzia\u0142anie progresywne<\/span><\/li>\n<li style=\"font-weight: 400;\" aria-level=\"1\"><span style=\"font-weight: 400;\">Doskona\u0142\u0105 neutralizacj\u0119<\/span><\/li>\n<li style=\"font-weight: 400;\" aria-level=\"1\"><span style=\"font-weight: 400;\">Ekstremalne odcienie blondu<\/span><\/li>\n<li style=\"font-weight: 400;\" aria-level=\"1\"><span style=\"font-weight: 400;\">Natychmiastowe rozja\u015bnienie<\/span><\/li>\n<li style=\"font-weight: 400;\" aria-level=\"1\"><span style=\"font-weight: 400;\">Ochron\u0119 struktury w\u0142osa<\/span><\/li>\n<li style=\"font-weight: 400;\" aria-level=\"1\"><span style=\"font-weight: 400;\">Wyj\u0105tkowo wzmocnion\u0105 formu\u0142\u0119<\/span><\/li>\n<li style=\"font-weight: 400;\" aria-level=\"1\"><span style=\"font-weight: 400;\">Przyjemny zapach <\/span><\/li>\n<\/ul>\n<p>[\/vc_column_text][vc_column_text]<\/p>\n<h1>Jak stosowa\u0107?<\/h1>\n<p><span style=\"font-weight: 400;\">Na\u0142o\u017cy\u0107 p\u0119dzelkiem rozja\u015bniacz LighToNine na suche, niemyte uprzednio w\u0142osy. Pozostawi\u0107 na <\/span><span style=\"font-weight: 400;\">10 do 40\/50 minut<\/span><span style=\"font-weight: 400;\"> a\u017c do uzyskania po\u017c\u0105danego rozja\u015bnienia. Sp\u0142uka\u0107 du\u017c\u0105 ilo\u015bci\u0105 letniej wody i umy\u0107 w\u0142osy szamponem.\u00a0<\/span><br \/>\n<span style=\"font-weight: 400;\">Uwaga: produkt przeznaczony jest wy\u0142\u0105cznie do u\u017cytku profesjonalnego.<\/span>[\/vc_column_text][\/vc_column_inner][vc_column_inner width=&#8221;1\/2&#8243; css=&#8221;.vc_custom_1582194178853{background-image: url(https:\/\/paulrivera.it\/wp-content\/uploads\/2020\/02\/background_adv_product.png?id=296) !important;background-position: center !important;background-repeat: no-repeat !important;background-size: cover !important;}&#8221; offset=&#8221;vc_hidden-lg vc_hidden-md vc_hidden-sm&#8221;][vc_single_image image=&#8221;11134&#8243; img_size=&#8221;large&#8221; alignment=&#8221;center&#8221; css=&#8221;&#8221;][\/vc_column_inner][\/vc_row_inner][\/vc_column][\/vc_row][vc_row css=&#8221;.vc_custom_1582192829011{padding-top: 50px !important;}&#8221;][vc_column][vc_row_inner][vc_column_inner][vc_column_text]<\/p>\n<h1 style=\"text-align: center;\"><span style=\"font-weight: 400;\">Spodoba Ci si\u0119 r\u00f3wnie\u017c<\/span><\/h1>\n<p>[\/vc_column_text][\/vc_column_inner][\/vc_row_inner][vc_raw_html]JTVCd3BiLXByb2R1Y3Qtc2xpZGVyLXNob3J0Y29kZSUyMGlkJTNEJTIyMjA2JTIyJTVE[\/vc_raw_html][\/vc_column][\/vc_row]<\/p>\n<\/div>","protected":false},"excerpt":{"rendered":"<p><span style=\"font-weight: 400;\">LighToNine to <\/span><b>kompaktowy rozja\u015bniacz o przyjemnym zapachu<\/b><span style=\"font-weight: 400;\">, kt\u00f3ry zapewnia szybkie i intensywne rozja\u015bnienie a\u017c do 9 odcieni. Dzi\u0119ki skutecznemu <\/span><b>progresywnemu dzia\u0142aniu i wysokowydajnej formule<\/b><span style=\"font-weight: 400;\"> pozwala uzyska\u0107<\/span><b> wszystkie odcienie blondu<\/b><span style=\"font-weight: 400;\">, od najbardziej naturalnego po ekstremalny blond, pozostawiaj\u0105c w\u0142osy l\u015bni\u0105ce, perfekcyjne i dostosowane do osobowo\u015bci klienta. <\/span><\/p>\n<p><span style=\"font-weight: 400;\">500 g<\/span><\/p>\n<p>&nbsp;<\/p>\n[maxbutton id=\"8\"]\n","protected":false},"featured_media":11127,"template":"","meta":[],"product_brand":[],"product_cat":[918],"product_tag":[],"class_list":{"0":"post-7471","1":"product","2":"type-product","3":"status-publish","4":"has-post-thumbnail","6":"product_cat-dekoloryzacja","7":"description-off","9":"first","10":"instock","11":"shipping-taxable","12":"product-type-simple"},"yoast_head":"<!-- This site is optimized with the Yoast SEO plugin v27.2 - https:\/\/yoast.com\/product\/yoast-seo-wordpress\/ -->\n<title>LighToNine - Kompaktowy rozja\u015bniacz do w\u0142os\u00f3w | Paul Rivera<\/title>\n<meta name=\"description\" content=\"LighToNine to kompaktowy rozja\u015bniacz o przyjemnym zapachu, kt\u00f3ry zapewnia szybkie i intensywne rozja\u015bnienie a\u017c do 9 odcieni.\" \/>\n<meta name=\"robots\" content=\"index, follow, max-snippet:-1, max-image-preview:large, max-video-preview:-1\" \/>\n<link rel=\"canonical\" href=\"https:\/\/paulrivera.it\/pl\/prodotti\/dzial-techniczny-pl\/dekoloryzacja\/lightonine-kompaktowy-rozjasniacz-do-wlosow\/\" \/>\n<meta property=\"og:locale\" content=\"pl_PL\" \/>\n<meta property=\"og:type\" content=\"article\" \/>\n<meta property=\"og:title\" content=\"LighToNine - Kompaktowy rozja\u015bniacz do w\u0142os\u00f3w | Paul Rivera\" \/>\n<meta property=\"og:description\" content=\"LighToNine to kompaktowy rozja\u015bniacz o przyjemnym zapachu, kt\u00f3ry zapewnia szybkie i intensywne rozja\u015bnienie a\u017c do 9 odcieni.\" \/>\n<meta property=\"og:url\" content=\"https:\/\/paulrivera.it\/pl\/prodotti\/dzial-techniczny-pl\/dekoloryzacja\/lightonine-kompaktowy-rozjasniacz-do-wlosow\/\" \/>\n<meta property=\"og:site_name\" content=\"Paul Rivera\" \/>\n<meta property=\"article:modified_time\" content=\"2024-10-02T13:22:34+00:00\" \/>\n<meta property=\"og:image\" content=\"https:\/\/paulrivera.it\/wp-content\/uploads\/2023\/04\/604354_paul_rivera_lightonine_bleaching_powder_500g.png\" \/>\n\t<meta property=\"og:image:width\" content=\"800\" \/>\n\t<meta property=\"og:image:height\" content=\"800\" \/>\n\t<meta property=\"og:image:type\" content=\"image\/png\" \/>\n<meta name=\"twitter:card\" content=\"summary_large_image\" \/>\n<meta name=\"twitter:label1\" content=\"Est. reading time\" \/>\n\t<meta name=\"twitter:data1\" content=\"3 minutes\" \/>\n<script type=\"application\/ld+json\" class=\"yoast-schema-graph\">{\"@context\":\"https:\/\/schema.org\",\"@graph\":[{\"@type\":\"WebPage\",\"@id\":\"https:\/\/paulrivera.it\/pl\/prodotti\/dzial-techniczny-pl\/dekoloryzacja\/lightonine-kompaktowy-rozjasniacz-do-wlosow\/\",\"url\":\"https:\/\/paulrivera.it\/pl\/prodotti\/dzial-techniczny-pl\/dekoloryzacja\/lightonine-kompaktowy-rozjasniacz-do-wlosow\/\",\"name\":\"LighToNine - Kompaktowy rozja\u015bniacz do w\u0142os\u00f3w | Paul Rivera\",\"isPartOf\":{\"@id\":\"https:\/\/paulrivera.it\/pl\/#website\"},\"primaryImageOfPage\":{\"@id\":\"https:\/\/paulrivera.it\/pl\/prodotti\/dzial-techniczny-pl\/dekoloryzacja\/lightonine-kompaktowy-rozjasniacz-do-wlosow\/#primaryimage\"},\"image\":{\"@id\":\"https:\/\/paulrivera.it\/pl\/prodotti\/dzial-techniczny-pl\/dekoloryzacja\/lightonine-kompaktowy-rozjasniacz-do-wlosow\/#primaryimage\"},\"thumbnailUrl\":\"https:\/\/paulrivera.it\/wp-content\/uploads\/2023\/04\/604354_paul_rivera_lightonine_bleaching_powder_500g.png\",\"datePublished\":\"2023-04-03T13:29:38+00:00\",\"dateModified\":\"2024-10-02T13:22:34+00:00\",\"description\":\"LighToNine to kompaktowy rozja\u015bniacz o przyjemnym zapachu, kt\u00f3ry zapewnia szybkie i intensywne rozja\u015bnienie a\u017c do 9 odcieni.\",\"breadcrumb\":{\"@id\":\"https:\/\/paulrivera.it\/pl\/prodotti\/dzial-techniczny-pl\/dekoloryzacja\/lightonine-kompaktowy-rozjasniacz-do-wlosow\/#breadcrumb\"},\"inLanguage\":\"pl-PL\",\"potentialAction\":[{\"@type\":\"ReadAction\",\"target\":[\"https:\/\/paulrivera.it\/pl\/prodotti\/dzial-techniczny-pl\/dekoloryzacja\/lightonine-kompaktowy-rozjasniacz-do-wlosow\/\"]}]},{\"@type\":\"ImageObject\",\"inLanguage\":\"pl-PL\",\"@id\":\"https:\/\/paulrivera.it\/pl\/prodotti\/dzial-techniczny-pl\/dekoloryzacja\/lightonine-kompaktowy-rozjasniacz-do-wlosow\/#primaryimage\",\"url\":\"https:\/\/paulrivera.it\/wp-content\/uploads\/2023\/04\/604354_paul_rivera_lightonine_bleaching_powder_500g.png\",\"contentUrl\":\"https:\/\/paulrivera.it\/wp-content\/uploads\/2023\/04\/604354_paul_rivera_lightonine_bleaching_powder_500g.png\",\"width\":800,\"height\":800},{\"@type\":\"BreadcrumbList\",\"@id\":\"https:\/\/paulrivera.it\/pl\/prodotti\/dzial-techniczny-pl\/dekoloryzacja\/lightonine-kompaktowy-rozjasniacz-do-wlosow\/#breadcrumb\",\"itemListElement\":[{\"@type\":\"ListItem\",\"position\":1,\"name\":\"Home\",\"item\":\"https:\/\/paulrivera.it\/pl\/\"},{\"@type\":\"ListItem\",\"position\":2,\"name\":\"Pagina shop\",\"item\":\"https:\/\/paulrivera.it\/prodotti\/\"},{\"@type\":\"ListItem\",\"position\":3,\"name\":\"LighToNine &#8211; Kompaktowy rozja\u015bniacz do w\u0142os\u00f3w\"}]},{\"@type\":\"WebSite\",\"@id\":\"https:\/\/paulrivera.it\/pl\/#website\",\"url\":\"https:\/\/paulrivera.it\/pl\/\",\"name\":\"Paul Rivera\",\"description\":\"Hair Beauty Celebration\",\"publisher\":{\"@id\":\"https:\/\/paulrivera.it\/pl\/#organization\"},\"potentialAction\":[{\"@type\":\"SearchAction\",\"target\":{\"@type\":\"EntryPoint\",\"urlTemplate\":\"https:\/\/paulrivera.it\/pl\/?s={search_term_string}\"},\"query-input\":{\"@type\":\"PropertyValueSpecification\",\"valueRequired\":true,\"valueName\":\"search_term_string\"}}],\"inLanguage\":\"pl-PL\"},{\"@type\":\"Organization\",\"@id\":\"https:\/\/paulrivera.it\/pl\/#organization\",\"name\":\"Paul Rivera\",\"url\":\"https:\/\/paulrivera.it\/pl\/\",\"logo\":{\"@type\":\"ImageObject\",\"inLanguage\":\"pl-PL\",\"@id\":\"https:\/\/paulrivera.it\/pl\/#\/schema\/logo\/image\/\",\"url\":\"https:\/\/paulrivera.it\/wp-content\/uploads\/2020\/02\/paul_rivera_logo_header_x2.png\",\"contentUrl\":\"https:\/\/paulrivera.it\/wp-content\/uploads\/2020\/02\/paul_rivera_logo_header_x2.png\",\"width\":470,\"height\":60,\"caption\":\"Paul Rivera\"},\"image\":{\"@id\":\"https:\/\/paulrivera.it\/pl\/#\/schema\/logo\/image\/\"}}]}<\/script>\n<!-- \/ Yoast SEO plugin. -->","yoast_head_json":{"title":"LighToNine - Kompaktowy rozja\u015bniacz do w\u0142os\u00f3w | Paul Rivera","description":"LighToNine to kompaktowy rozja\u015bniacz o przyjemnym zapachu, kt\u00f3ry zapewnia szybkie i intensywne rozja\u015bnienie a\u017c do 9 odcieni.","robots":{"index":"index","follow":"follow","max-snippet":"max-snippet:-1","max-image-preview":"max-image-preview:large","max-video-preview":"max-video-preview:-1"},"canonical":"https:\/\/paulrivera.it\/pl\/prodotti\/dzial-techniczny-pl\/dekoloryzacja\/lightonine-kompaktowy-rozjasniacz-do-wlosow\/","og_locale":"pl_PL","og_type":"article","og_title":"LighToNine - Kompaktowy rozja\u015bniacz do w\u0142os\u00f3w | Paul Rivera","og_description":"LighToNine to kompaktowy rozja\u015bniacz o przyjemnym zapachu, kt\u00f3ry zapewnia szybkie i intensywne rozja\u015bnienie a\u017c do 9 odcieni.","og_url":"https:\/\/paulrivera.it\/pl\/prodotti\/dzial-techniczny-pl\/dekoloryzacja\/lightonine-kompaktowy-rozjasniacz-do-wlosow\/","og_site_name":"Paul Rivera","article_modified_time":"2024-10-02T13:22:34+00:00","og_image":[{"width":800,"height":800,"url":"https:\/\/paulrivera.it\/wp-content\/uploads\/2023\/04\/604354_paul_rivera_lightonine_bleaching_powder_500g.png","type":"image\/png"}],"twitter_card":"summary_large_image","twitter_misc":{"Est. reading time":"3 minutes"},"schema":{"@context":"https:\/\/schema.org","@graph":[{"@type":"WebPage","@id":"https:\/\/paulrivera.it\/pl\/prodotti\/dzial-techniczny-pl\/dekoloryzacja\/lightonine-kompaktowy-rozjasniacz-do-wlosow\/","url":"https:\/\/paulrivera.it\/pl\/prodotti\/dzial-techniczny-pl\/dekoloryzacja\/lightonine-kompaktowy-rozjasniacz-do-wlosow\/","name":"LighToNine - Kompaktowy rozja\u015bniacz do w\u0142os\u00f3w | Paul Rivera","isPartOf":{"@id":"https:\/\/paulrivera.it\/pl\/#website"},"primaryImageOfPage":{"@id":"https:\/\/paulrivera.it\/pl\/prodotti\/dzial-techniczny-pl\/dekoloryzacja\/lightonine-kompaktowy-rozjasniacz-do-wlosow\/#primaryimage"},"image":{"@id":"https:\/\/paulrivera.it\/pl\/prodotti\/dzial-techniczny-pl\/dekoloryzacja\/lightonine-kompaktowy-rozjasniacz-do-wlosow\/#primaryimage"},"thumbnailUrl":"https:\/\/paulrivera.it\/wp-content\/uploads\/2023\/04\/604354_paul_rivera_lightonine_bleaching_powder_500g.png","datePublished":"2023-04-03T13:29:38+00:00","dateModified":"2024-10-02T13:22:34+00:00","description":"LighToNine to kompaktowy rozja\u015bniacz o przyjemnym zapachu, kt\u00f3ry zapewnia szybkie i intensywne rozja\u015bnienie a\u017c do 9 odcieni.","breadcrumb":{"@id":"https:\/\/paulrivera.it\/pl\/prodotti\/dzial-techniczny-pl\/dekoloryzacja\/lightonine-kompaktowy-rozjasniacz-do-wlosow\/#breadcrumb"},"inLanguage":"pl-PL","potentialAction":[{"@type":"ReadAction","target":["https:\/\/paulrivera.it\/pl\/prodotti\/dzial-techniczny-pl\/dekoloryzacja\/lightonine-kompaktowy-rozjasniacz-do-wlosow\/"]}]},{"@type":"ImageObject","inLanguage":"pl-PL","@id":"https:\/\/paulrivera.it\/pl\/prodotti\/dzial-techniczny-pl\/dekoloryzacja\/lightonine-kompaktowy-rozjasniacz-do-wlosow\/#primaryimage","url":"https:\/\/paulrivera.it\/wp-content\/uploads\/2023\/04\/604354_paul_rivera_lightonine_bleaching_powder_500g.png","contentUrl":"https:\/\/paulrivera.it\/wp-content\/uploads\/2023\/04\/604354_paul_rivera_lightonine_bleaching_powder_500g.png","width":800,"height":800},{"@type":"BreadcrumbList","@id":"https:\/\/paulrivera.it\/pl\/prodotti\/dzial-techniczny-pl\/dekoloryzacja\/lightonine-kompaktowy-rozjasniacz-do-wlosow\/#breadcrumb","itemListElement":[{"@type":"ListItem","position":1,"name":"Home","item":"https:\/\/paulrivera.it\/pl\/"},{"@type":"ListItem","position":2,"name":"Pagina shop","item":"https:\/\/paulrivera.it\/prodotti\/"},{"@type":"ListItem","position":3,"name":"LighToNine &#8211; Kompaktowy rozja\u015bniacz do w\u0142os\u00f3w"}]},{"@type":"WebSite","@id":"https:\/\/paulrivera.it\/pl\/#website","url":"https:\/\/paulrivera.it\/pl\/","name":"Paul Rivera","description":"Hair Beauty Celebration","publisher":{"@id":"https:\/\/paulrivera.it\/pl\/#organization"},"potentialAction":[{"@type":"SearchAction","target":{"@type":"EntryPoint","urlTemplate":"https:\/\/paulrivera.it\/pl\/?s={search_term_string}"},"query-input":{"@type":"PropertyValueSpecification","valueRequired":true,"valueName":"search_term_string"}}],"inLanguage":"pl-PL"},{"@type":"Organization","@id":"https:\/\/paulrivera.it\/pl\/#organization","name":"Paul Rivera","url":"https:\/\/paulrivera.it\/pl\/","logo":{"@type":"ImageObject","inLanguage":"pl-PL","@id":"https:\/\/paulrivera.it\/pl\/#\/schema\/logo\/image\/","url":"https:\/\/paulrivera.it\/wp-content\/uploads\/2020\/02\/paul_rivera_logo_header_x2.png","contentUrl":"https:\/\/paulrivera.it\/wp-content\/uploads\/2020\/02\/paul_rivera_logo_header_x2.png","width":470,"height":60,"caption":"Paul Rivera"},"image":{"@id":"https:\/\/paulrivera.it\/pl\/#\/schema\/logo\/image\/"}}]}},"_links":{"self":[{"href":"https:\/\/paulrivera.it\/pl\/wp-json\/wp\/v2\/product\/7471","targetHints":{"allow":["GET"]}}],"collection":[{"href":"https:\/\/paulrivera.it\/pl\/wp-json\/wp\/v2\/product"}],"about":[{"href":"https:\/\/paulrivera.it\/pl\/wp-json\/wp\/v2\/types\/product"}],"wp:featuredmedia":[{"embeddable":true,"href":"https:\/\/paulrivera.it\/pl\/wp-json\/wp\/v2\/media\/11127"}],"wp:attachment":[{"href":"https:\/\/paulrivera.it\/pl\/wp-json\/wp\/v2\/media?parent=7471"}],"wp:term":[{"taxonomy":"product_brand","embeddable":true,"href":"https:\/\/paulrivera.it\/pl\/wp-json\/wp\/v2\/product_brand?post=7471"},{"taxonomy":"product_cat","embeddable":true,"href":"https:\/\/paulrivera.it\/pl\/wp-json\/wp\/v2\/product_cat?post=7471"},{"taxonomy":"product_tag","embeddable":true,"href":"https:\/\/paulrivera.it\/pl\/wp-json\/wp\/v2\/product_tag?post=7471"}],"curies":[{"name":"wp","href":"https:\/\/api.w.org\/{rel}","templated":true}]}}