{"id":9468,"date":"2023-09-19T15:24:02","date_gmt":"2023-09-19T13:24:02","guid":{"rendered":"https:\/\/paulrivera.it\/?post_type=product&#038;p=9468"},"modified":"2024-05-13T09:20:29","modified_gmt":"2024-05-13T07:20:29","slug":"engage-zel-utrwalajacy","status":"publish","type":"product","link":"https:\/\/paulrivera.it\/pl\/prodotti\/finish-styling-pl\/engage-zel-utrwalajacy\/","title":{"rendered":"Engage &#8211; \u017bel Utrwalaj\u0105cy"},"content":{"rendered":"<div class=\"wpb-content-wrapper\"><p>[vc_row full_width=&#8221;stretch_row&#8221;][vc_column][vc_row_inner el_id=&#8221;desktop&#8221;][vc_column_inner width=&#8221;1\/2&#8243; css=&#8221;.vc_custom_1582194227194{padding-top: 10% !important;padding-right: 10% !important;padding-bottom: 10% !important;padding-left: 30% !important;}&#8221; offset=&#8221;vc_hidden-md vc_hidden-sm vc_hidden-xs&#8221;][vc_column_text]<\/p>\n<h1>Pokochasz ten produkt za to, \u017ce<\/h1>\n<ul>\n<li style=\"font-weight: 400;\" aria-level=\"1\"><span style=\"font-weight: 400;\">Modeluje i utrwala stylizacj\u0119 w kilka sekund<\/span><\/li>\n<li style=\"font-weight: 400;\" aria-level=\"1\"><span style=\"font-weight: 400;\">Szybko schnie<\/span><\/li>\n<li style=\"font-weight: 400;\" aria-level=\"1\"><span style=\"font-weight: 400;\">Nie skleja i nie obci\u0105\u017ca w\u0142os\u00f3w<\/span><\/li>\n<li style=\"font-weight: 400;\" aria-level=\"1\"><span style=\"font-weight: 400;\">\u0141atwo si\u0119 nak\u0142ada<\/span><\/li>\n<\/ul>\n<p>[\/vc_column_text][vc_column_text]<\/p>\n<h1>Sk\u0142adniki aktywne zawarte w formule<\/h1>\n<p><span style=\"font-weight: 400;\">Ekstrakt z Porzeczki i Imbiru: wykazuje silne dzia\u0142anie od\u017cywcze na w\u0142osy<\/span>[\/vc_column_text][vc_column_text]<\/p>\n<h1>Jak stosowa\u0107?<\/h1>\n<p><span style=\"font-weight: 400;\">Nanie\u015b\u0107 na wilgotne lub suche w\u0142osy, a nast\u0119pnie wymodelowa\u0107 w\u0142osy w zale\u017cno\u015bci od po\u017c\u0105danej stylizacji.\u00a0<\/span>[\/vc_column_text][\/vc_column_inner][vc_column_inner width=&#8221;1\/2&#8243; css=&#8221;.vc_custom_1695131741790{background-image: url(https:\/\/paulrivera.it\/wp-content\/uploads\/2023\/08\/background_adv_produc_engage.webp?id=9460) !important;background-position: center !important;background-repeat: no-repeat !important;background-size: cover !important;}&#8221; offset=&#8221;vc_hidden-md vc_hidden-sm vc_hidden-xs&#8221;][vc_single_image image=&#8221;9454&#8243; img_size=&#8221;large&#8221; alignment=&#8221;center&#8221;][\/vc_column_inner][\/vc_row_inner][vc_row_inner el_id=&#8221;tablet&#8221;][vc_column_inner offset=&#8221;vc_hidden-lg vc_hidden-xs&#8221;][vc_column_text]<\/p>\n<h1>Pokochasz ten produkt za to, \u017ce<\/h1>\n<ul>\n<li style=\"font-weight: 400;\" aria-level=\"1\"><span style=\"font-weight: 400;\">Modeluje i utrwala stylizacj\u0119 w kilka sekund<\/span><\/li>\n<li style=\"font-weight: 400;\" aria-level=\"1\"><span style=\"font-weight: 400;\">Szybko schnie<\/span><\/li>\n<li style=\"font-weight: 400;\" aria-level=\"1\"><span style=\"font-weight: 400;\">Nie skleja i nie obci\u0105\u017ca w\u0142os\u00f3w<\/span><\/li>\n<li style=\"font-weight: 400;\" aria-level=\"1\"><span style=\"font-weight: 400;\">\u0141atwo si\u0119 nak\u0142ada<\/span><\/li>\n<\/ul>\n<p>[\/vc_column_text][vc_column_text]<\/p>\n<h1>Sk\u0142adniki aktywne zawarte w formule<\/h1>\n<p><span style=\"font-weight: 400;\">Ekstrakt z Porzeczki i Imbiru: wykazuje silne dzia\u0142anie od\u017cywcze na w\u0142osy<\/span>[\/vc_column_text][vc_column_text]<\/p>\n<h1>Jak stosowa\u0107?<\/h1>\n<p><span style=\"font-weight: 400;\">Nanie\u015b\u0107 na wilgotne lub suche w\u0142osy, a nast\u0119pnie wymodelowa\u0107 w\u0142osy w zale\u017cno\u015bci od po\u017c\u0105danej stylizacji.\u00a0<\/span>[\/vc_column_text][\/vc_column_inner][\/vc_row_inner][vc_row_inner el_id=&#8221;mobile&#8221;][vc_column_inner width=&#8221;1\/2&#8243; offset=&#8221;vc_hidden-lg vc_hidden-md vc_hidden-sm&#8221;][vc_column_text]<\/p>\n<h1>Pokochasz ten produkt za to, \u017ce<\/h1>\n<ul>\n<li style=\"font-weight: 400;\" aria-level=\"1\"><span style=\"font-weight: 400;\">Modeluje i utrwala stylizacj\u0119 w kilka sekund<\/span><\/li>\n<li style=\"font-weight: 400;\" aria-level=\"1\"><span style=\"font-weight: 400;\">Szybko schnie<\/span><\/li>\n<li style=\"font-weight: 400;\" aria-level=\"1\"><span style=\"font-weight: 400;\">Nie skleja i nie obci\u0105\u017ca w\u0142os\u00f3w<\/span><\/li>\n<li style=\"font-weight: 400;\" aria-level=\"1\"><span style=\"font-weight: 400;\">\u0141atwo si\u0119 nak\u0142ada<\/span><\/li>\n<\/ul>\n<p>[\/vc_column_text][vc_column_text]<\/p>\n<h1>Sk\u0142adniki aktywne zawarte w formule<\/h1>\n<p><span style=\"font-weight: 400;\">Ekstrakt z Porzeczki i Imbiru: wykazuje silne dzia\u0142anie od\u017cywcze na w\u0142osy<\/span>[\/vc_column_text][vc_column_text]<\/p>\n<h1>Jak stosowa\u0107?<\/h1>\n<p><span style=\"font-weight: 400;\">Nanie\u015b\u0107 na wilgotne lub suche w\u0142osy, a nast\u0119pnie wymodelowa\u0107 w\u0142osy w zale\u017cno\u015bci od po\u017c\u0105danej stylizacji.\u00a0<\/span>[\/vc_column_text][\/vc_column_inner][vc_column_inner width=&#8221;1\/2&#8243; css=&#8221;.vc_custom_1695131759092{background-image: url(https:\/\/paulrivera.it\/wp-content\/uploads\/2023\/08\/background_adv_produc_engage.webp?id=9460) !important;background-position: center !important;background-repeat: no-repeat !important;background-size: cover !important;}&#8221; offset=&#8221;vc_hidden-lg vc_hidden-md vc_hidden-sm&#8221;][vc_single_image image=&#8221;9454&#8243; img_size=&#8221;large&#8221; alignment=&#8221;center&#8221;][\/vc_column_inner][\/vc_row_inner][\/vc_column][\/vc_row][vc_row css=&#8221;.vc_custom_1582192829011{padding-top: 50px !important;}&#8221;][vc_column][vc_row_inner][vc_column_inner][vc_column_text]<\/p>\n<h1 class=\"p1\" style=\"text-align: center;\">Spodoba Ci si\u0119 r\u00f3wnie\u017c<\/h1>\n<p>[\/vc_column_text][\/vc_column_inner][\/vc_row_inner][vc_raw_html]JTVCd3BiLXByb2R1Y3Qtc2xpZGVyLXNob3J0Y29kZSUyMGlkJTNEJTIyMTgxJTIyJTVE[\/vc_raw_html][\/vc_column][\/vc_row]<\/p>\n<\/div>","protected":false},"excerpt":{"rendered":"<p><span style=\"font-weight: 400;\">\u017bel utrwalaj\u0105cy Engage <strong>umo\u017cliwia modelowanie i utrwalanie<\/strong> po\u017c\u0105danej stylizacji.\u00a0 \u017bel, naniesiony na wilgotne lub suche w\u0142osy, <strong>sprawdzi si\u0119 idealnie do tworzenia stylizacji o wyrazistej strukturze<\/strong> i kszta\u0142cie dzi\u0119ki mi\u0119kkiej konsystencji, kt\u00f3ra szybko wysycha i nie skleja w\u0142os\u00f3w.<\/span><\/p>\n<p><span style=\"font-weight: 400;\">Wzbogacony <strong>Ekstraktami z Porzeczki<\/strong> i Imbiru nadaje w\u0142osom delikatny zapach bez ich obci\u0105\u017cania.<\/span><\/p>\n<p>&nbsp;<\/p>\n<p>200 ml<\/p>\n<p>&nbsp;<\/p>\n[maxbutton id=\"8\"]\n","protected":false},"featured_media":9448,"template":"","meta":[],"product_brand":[],"product_cat":[694],"product_tag":[],"class_list":{"0":"post-9468","1":"product","2":"type-product","3":"status-publish","4":"has-post-thumbnail","6":"product_cat-finish-styling-pl","7":"description-off","9":"first","10":"instock","11":"shipping-taxable","12":"product-type-simple"},"yoast_head":"<!-- This site is optimized with the Yoast SEO plugin v27.2 - https:\/\/yoast.com\/product\/yoast-seo-wordpress\/ -->\n<title>Engage - \u017bel Utrwalaj\u0105cy | Paul Rivera<\/title>\n<meta name=\"description\" content=\"\u017bel utrwalaj\u0105cy Engage umo\u017cliwia modelowanie i utrwalanie po\u017c\u0105danej stylizacji.\u00a0\" \/>\n<meta name=\"robots\" content=\"index, follow, max-snippet:-1, max-image-preview:large, max-video-preview:-1\" \/>\n<link rel=\"canonical\" href=\"https:\/\/paulrivera.it\/pl\/prodotti\/finish-styling-pl\/engage-zel-utrwalajacy\/\" \/>\n<meta property=\"og:locale\" content=\"pl_PL\" \/>\n<meta property=\"og:type\" content=\"article\" \/>\n<meta property=\"og:title\" content=\"Engage - \u017bel Utrwalaj\u0105cy | Paul Rivera\" \/>\n<meta property=\"og:description\" content=\"\u017bel utrwalaj\u0105cy Engage umo\u017cliwia modelowanie i utrwalanie po\u017c\u0105danej stylizacji.\u00a0\" \/>\n<meta property=\"og:url\" content=\"https:\/\/paulrivera.it\/pl\/prodotti\/finish-styling-pl\/engage-zel-utrwalajacy\/\" \/>\n<meta property=\"og:site_name\" content=\"Paul Rivera\" \/>\n<meta property=\"article:modified_time\" content=\"2024-05-13T07:20:29+00:00\" \/>\n<meta property=\"og:image\" content=\"https:\/\/paulrivera.it\/wp-content\/uploads\/2023\/08\/606112_paul_rivera_wish_silk_effect_cream_effect_200ml.webp\" \/>\n\t<meta property=\"og:image:width\" content=\"800\" \/>\n\t<meta property=\"og:image:height\" content=\"800\" \/>\n\t<meta property=\"og:image:type\" content=\"image\/webp\" \/>\n<meta name=\"twitter:card\" content=\"summary_large_image\" \/>\n<meta name=\"twitter:label1\" content=\"Est. reading time\" \/>\n\t<meta name=\"twitter:data1\" content=\"2 minutes\" \/>\n<script type=\"application\/ld+json\" class=\"yoast-schema-graph\">{\"@context\":\"https:\/\/schema.org\",\"@graph\":[{\"@type\":\"WebPage\",\"@id\":\"https:\/\/paulrivera.it\/pl\/prodotti\/finish-styling-pl\/engage-zel-utrwalajacy\/\",\"url\":\"https:\/\/paulrivera.it\/pl\/prodotti\/finish-styling-pl\/engage-zel-utrwalajacy\/\",\"name\":\"Engage - \u017bel Utrwalaj\u0105cy | Paul Rivera\",\"isPartOf\":{\"@id\":\"https:\/\/paulrivera.it\/pl\/#website\"},\"primaryImageOfPage\":{\"@id\":\"https:\/\/paulrivera.it\/pl\/prodotti\/finish-styling-pl\/engage-zel-utrwalajacy\/#primaryimage\"},\"image\":{\"@id\":\"https:\/\/paulrivera.it\/pl\/prodotti\/finish-styling-pl\/engage-zel-utrwalajacy\/#primaryimage\"},\"thumbnailUrl\":\"https:\/\/paulrivera.it\/wp-content\/uploads\/2023\/08\/606112_paul_rivera_wish_silk_effect_cream_effect_200ml.webp\",\"datePublished\":\"2023-09-19T13:24:02+00:00\",\"dateModified\":\"2024-05-13T07:20:29+00:00\",\"description\":\"\u017bel utrwalaj\u0105cy Engage umo\u017cliwia modelowanie i utrwalanie po\u017c\u0105danej stylizacji.\u00a0\",\"breadcrumb\":{\"@id\":\"https:\/\/paulrivera.it\/pl\/prodotti\/finish-styling-pl\/engage-zel-utrwalajacy\/#breadcrumb\"},\"inLanguage\":\"pl-PL\",\"potentialAction\":[{\"@type\":\"ReadAction\",\"target\":[\"https:\/\/paulrivera.it\/pl\/prodotti\/finish-styling-pl\/engage-zel-utrwalajacy\/\"]}]},{\"@type\":\"ImageObject\",\"inLanguage\":\"pl-PL\",\"@id\":\"https:\/\/paulrivera.it\/pl\/prodotti\/finish-styling-pl\/engage-zel-utrwalajacy\/#primaryimage\",\"url\":\"https:\/\/paulrivera.it\/wp-content\/uploads\/2023\/08\/606112_paul_rivera_wish_silk_effect_cream_effect_200ml.webp\",\"contentUrl\":\"https:\/\/paulrivera.it\/wp-content\/uploads\/2023\/08\/606112_paul_rivera_wish_silk_effect_cream_effect_200ml.webp\",\"width\":800,\"height\":800},{\"@type\":\"BreadcrumbList\",\"@id\":\"https:\/\/paulrivera.it\/pl\/prodotti\/finish-styling-pl\/engage-zel-utrwalajacy\/#breadcrumb\",\"itemListElement\":[{\"@type\":\"ListItem\",\"position\":1,\"name\":\"Home\",\"item\":\"https:\/\/paulrivera.it\/pl\/\"},{\"@type\":\"ListItem\",\"position\":2,\"name\":\"Pagina shop\",\"item\":\"https:\/\/paulrivera.it\/prodotti\/\"},{\"@type\":\"ListItem\",\"position\":3,\"name\":\"Engage &#8211; \u017bel Utrwalaj\u0105cy\"}]},{\"@type\":\"WebSite\",\"@id\":\"https:\/\/paulrivera.it\/pl\/#website\",\"url\":\"https:\/\/paulrivera.it\/pl\/\",\"name\":\"Paul Rivera\",\"description\":\"Hair Beauty Celebration\",\"publisher\":{\"@id\":\"https:\/\/paulrivera.it\/pl\/#organization\"},\"potentialAction\":[{\"@type\":\"SearchAction\",\"target\":{\"@type\":\"EntryPoint\",\"urlTemplate\":\"https:\/\/paulrivera.it\/pl\/?s={search_term_string}\"},\"query-input\":{\"@type\":\"PropertyValueSpecification\",\"valueRequired\":true,\"valueName\":\"search_term_string\"}}],\"inLanguage\":\"pl-PL\"},{\"@type\":\"Organization\",\"@id\":\"https:\/\/paulrivera.it\/pl\/#organization\",\"name\":\"Paul Rivera\",\"url\":\"https:\/\/paulrivera.it\/pl\/\",\"logo\":{\"@type\":\"ImageObject\",\"inLanguage\":\"pl-PL\",\"@id\":\"https:\/\/paulrivera.it\/pl\/#\/schema\/logo\/image\/\",\"url\":\"https:\/\/paulrivera.it\/wp-content\/uploads\/2020\/02\/paul_rivera_logo_header_x2.png\",\"contentUrl\":\"https:\/\/paulrivera.it\/wp-content\/uploads\/2020\/02\/paul_rivera_logo_header_x2.png\",\"width\":470,\"height\":60,\"caption\":\"Paul Rivera\"},\"image\":{\"@id\":\"https:\/\/paulrivera.it\/pl\/#\/schema\/logo\/image\/\"}}]}<\/script>\n<!-- \/ Yoast SEO plugin. -->","yoast_head_json":{"title":"Engage - \u017bel Utrwalaj\u0105cy | Paul Rivera","description":"\u017bel utrwalaj\u0105cy Engage umo\u017cliwia modelowanie i utrwalanie po\u017c\u0105danej stylizacji.\u00a0","robots":{"index":"index","follow":"follow","max-snippet":"max-snippet:-1","max-image-preview":"max-image-preview:large","max-video-preview":"max-video-preview:-1"},"canonical":"https:\/\/paulrivera.it\/pl\/prodotti\/finish-styling-pl\/engage-zel-utrwalajacy\/","og_locale":"pl_PL","og_type":"article","og_title":"Engage - \u017bel Utrwalaj\u0105cy | Paul Rivera","og_description":"\u017bel utrwalaj\u0105cy Engage umo\u017cliwia modelowanie i utrwalanie po\u017c\u0105danej stylizacji.\u00a0","og_url":"https:\/\/paulrivera.it\/pl\/prodotti\/finish-styling-pl\/engage-zel-utrwalajacy\/","og_site_name":"Paul Rivera","article_modified_time":"2024-05-13T07:20:29+00:00","og_image":[{"width":800,"height":800,"url":"https:\/\/paulrivera.it\/wp-content\/uploads\/2023\/08\/606112_paul_rivera_wish_silk_effect_cream_effect_200ml.webp","type":"image\/webp"}],"twitter_card":"summary_large_image","twitter_misc":{"Est. reading time":"2 minutes"},"schema":{"@context":"https:\/\/schema.org","@graph":[{"@type":"WebPage","@id":"https:\/\/paulrivera.it\/pl\/prodotti\/finish-styling-pl\/engage-zel-utrwalajacy\/","url":"https:\/\/paulrivera.it\/pl\/prodotti\/finish-styling-pl\/engage-zel-utrwalajacy\/","name":"Engage - \u017bel Utrwalaj\u0105cy | Paul Rivera","isPartOf":{"@id":"https:\/\/paulrivera.it\/pl\/#website"},"primaryImageOfPage":{"@id":"https:\/\/paulrivera.it\/pl\/prodotti\/finish-styling-pl\/engage-zel-utrwalajacy\/#primaryimage"},"image":{"@id":"https:\/\/paulrivera.it\/pl\/prodotti\/finish-styling-pl\/engage-zel-utrwalajacy\/#primaryimage"},"thumbnailUrl":"https:\/\/paulrivera.it\/wp-content\/uploads\/2023\/08\/606112_paul_rivera_wish_silk_effect_cream_effect_200ml.webp","datePublished":"2023-09-19T13:24:02+00:00","dateModified":"2024-05-13T07:20:29+00:00","description":"\u017bel utrwalaj\u0105cy Engage umo\u017cliwia modelowanie i utrwalanie po\u017c\u0105danej stylizacji.\u00a0","breadcrumb":{"@id":"https:\/\/paulrivera.it\/pl\/prodotti\/finish-styling-pl\/engage-zel-utrwalajacy\/#breadcrumb"},"inLanguage":"pl-PL","potentialAction":[{"@type":"ReadAction","target":["https:\/\/paulrivera.it\/pl\/prodotti\/finish-styling-pl\/engage-zel-utrwalajacy\/"]}]},{"@type":"ImageObject","inLanguage":"pl-PL","@id":"https:\/\/paulrivera.it\/pl\/prodotti\/finish-styling-pl\/engage-zel-utrwalajacy\/#primaryimage","url":"https:\/\/paulrivera.it\/wp-content\/uploads\/2023\/08\/606112_paul_rivera_wish_silk_effect_cream_effect_200ml.webp","contentUrl":"https:\/\/paulrivera.it\/wp-content\/uploads\/2023\/08\/606112_paul_rivera_wish_silk_effect_cream_effect_200ml.webp","width":800,"height":800},{"@type":"BreadcrumbList","@id":"https:\/\/paulrivera.it\/pl\/prodotti\/finish-styling-pl\/engage-zel-utrwalajacy\/#breadcrumb","itemListElement":[{"@type":"ListItem","position":1,"name":"Home","item":"https:\/\/paulrivera.it\/pl\/"},{"@type":"ListItem","position":2,"name":"Pagina shop","item":"https:\/\/paulrivera.it\/prodotti\/"},{"@type":"ListItem","position":3,"name":"Engage &#8211; \u017bel Utrwalaj\u0105cy"}]},{"@type":"WebSite","@id":"https:\/\/paulrivera.it\/pl\/#website","url":"https:\/\/paulrivera.it\/pl\/","name":"Paul Rivera","description":"Hair Beauty Celebration","publisher":{"@id":"https:\/\/paulrivera.it\/pl\/#organization"},"potentialAction":[{"@type":"SearchAction","target":{"@type":"EntryPoint","urlTemplate":"https:\/\/paulrivera.it\/pl\/?s={search_term_string}"},"query-input":{"@type":"PropertyValueSpecification","valueRequired":true,"valueName":"search_term_string"}}],"inLanguage":"pl-PL"},{"@type":"Organization","@id":"https:\/\/paulrivera.it\/pl\/#organization","name":"Paul Rivera","url":"https:\/\/paulrivera.it\/pl\/","logo":{"@type":"ImageObject","inLanguage":"pl-PL","@id":"https:\/\/paulrivera.it\/pl\/#\/schema\/logo\/image\/","url":"https:\/\/paulrivera.it\/wp-content\/uploads\/2020\/02\/paul_rivera_logo_header_x2.png","contentUrl":"https:\/\/paulrivera.it\/wp-content\/uploads\/2020\/02\/paul_rivera_logo_header_x2.png","width":470,"height":60,"caption":"Paul Rivera"},"image":{"@id":"https:\/\/paulrivera.it\/pl\/#\/schema\/logo\/image\/"}}]}},"_links":{"self":[{"href":"https:\/\/paulrivera.it\/pl\/wp-json\/wp\/v2\/product\/9468","targetHints":{"allow":["GET"]}}],"collection":[{"href":"https:\/\/paulrivera.it\/pl\/wp-json\/wp\/v2\/product"}],"about":[{"href":"https:\/\/paulrivera.it\/pl\/wp-json\/wp\/v2\/types\/product"}],"wp:featuredmedia":[{"embeddable":true,"href":"https:\/\/paulrivera.it\/pl\/wp-json\/wp\/v2\/media\/9448"}],"wp:attachment":[{"href":"https:\/\/paulrivera.it\/pl\/wp-json\/wp\/v2\/media?parent=9468"}],"wp:term":[{"taxonomy":"product_brand","embeddable":true,"href":"https:\/\/paulrivera.it\/pl\/wp-json\/wp\/v2\/product_brand?post=9468"},{"taxonomy":"product_cat","embeddable":true,"href":"https:\/\/paulrivera.it\/pl\/wp-json\/wp\/v2\/product_cat?post=9468"},{"taxonomy":"product_tag","embeddable":true,"href":"https:\/\/paulrivera.it\/pl\/wp-json\/wp\/v2\/product_tag?post=9468"}],"curies":[{"name":"wp","href":"https:\/\/api.w.org\/{rel}","templated":true}]}}