{"id":9484,"date":"2023-10-10T16:31:21","date_gmt":"2023-10-10T14:31:22","guid":{"rendered":"https:\/\/paulrivera.it\/?post_type=product&#038;p=9484"},"modified":"2024-05-13T09:19:59","modified_gmt":"2024-05-13T07:19:59","slug":"fabulous-spray-o-natychmiastowym-dzialaniu-10-in-1-2","status":"publish","type":"product","link":"https:\/\/paulrivera.it\/pl\/prodotti\/finish-styling-pl\/fabulous-spray-o-natychmiastowym-dzialaniu-10-in-1-2\/","title":{"rendered":"Fabulous &#8211; Spray o natychmiastowym dzia\u0142aniu 10 in 1"},"content":{"rendered":"<div class=\"wpb-content-wrapper\"><p>[vc_row full_width=&#8221;stretch_row&#8221;][vc_column][vc_row_inner el_id=&#8221;desktop&#8221;][vc_column_inner width=&#8221;1\/2&#8243; css=&#8221;.vc_custom_1582194227194{padding-top: 10% !important;padding-right: 10% !important;padding-bottom: 10% !important;padding-left: 30% !important;}&#8221; offset=&#8221;vc_hidden-md vc_hidden-sm vc_hidden-xs&#8221;][vc_column_text]<\/p>\n<h1>Pokochasz ten produkt za to, \u017ce<\/h1>\n<ol>\n<li><span style=\"font-weight: 400;\"> U\u0142atwia rozczesywanie<\/span><\/li>\n<li><span style=\"font-weight: 400;\"> Nadaje obj\u0119to\u015b\u0107<\/span><\/li>\n<li><span style=\"font-weight: 400;\"> Roz\u015bwietla<\/span><\/li>\n<li><span style=\"font-weight: 400;\"> Regeneruje<\/span><\/li>\n<li><span style=\"font-weight: 400;\"> Nawil\u017ca<\/span><\/li>\n<li><span style=\"font-weight: 400;\"> Zapobiega powstawaniu rozdwojonych ko\u0144c\u00f3wek<\/span><\/li>\n<li><span style=\"font-weight: 400;\"> Zapobiega puszeniu si\u0119 w\u0142os\u00f3w<\/span><\/li>\n<li><span style=\"font-weight: 400;\"> Chroni kolor<\/span><\/li>\n<li><span style=\"font-weight: 400;\"> U\u0142atwia suszenie<\/span><\/li>\n<li><span style=\"font-weight: 400;\"> Chroni przed wysokimi temperaturami<\/span><\/li>\n<\/ol>\n<p>[\/vc_column_text][vc_column_text]<\/p>\n<h1>Sk\u0142adniki aktywne zawarte w formule<\/h1>\n<ul>\n<li><span style=\"font-weight: 400;\">Wyci\u0105g z bzu: <\/span>jako doskona\u0142e \u017ar\u00f3d\u0142o flawonoid\u00f3w, witaminy E i C, owoc bzu czarnego jest naturalnym przeciwutleniaczem i ma niezwyk\u0142e w\u0142a\u015bciwo\u015bci regeneracyjne i od\u017cywcze.<\/li>\n<li>Orchidea: jej niesamowite w\u0142a\u015bciwo\u015bci zmi\u0119kczaj\u0105ce sprawiaj\u0105, \u017ce w\u0142osy s\u0105 mocne, zdrowe i jedwabi\u015bcie mi\u0119kkie.<\/li>\n<\/ul>\n<p>[\/vc_column_text][vc_column_text]<\/p>\n<h1>Jak stosowa\u0107?<\/h1>\n<p><span style=\"font-weight: 400;\">Rozpyli\u0107 spray 10 in 1 na zwil\u017conych w\u0142osach i wystylizowa\u0107 fryzur\u0119. Nie sp\u0142ukiwa\u0107.<\/span>[\/vc_column_text][\/vc_column_inner][vc_column_inner width=&#8221;1\/2&#8243; css=&#8221;.vc_custom_1582893559078{background-image: url(https:\/\/paulrivera.it\/wp-content\/uploads\/2020\/02\/background_adv_produc_fabolous.png?id=917) !important;background-position: center !important;background-repeat: no-repeat !important;background-size: cover !important;}&#8221; offset=&#8221;vc_hidden-md vc_hidden-sm vc_hidden-xs&#8221;][vc_single_image image=&#8221;9490&#8243; img_size=&#8221;large&#8221; alignment=&#8221;center&#8221;][\/vc_column_inner][\/vc_row_inner][vc_row_inner el_id=&#8221;tablet&#8221;][vc_column_inner offset=&#8221;vc_hidden-lg vc_hidden-xs&#8221;][vc_column_text]<\/p>\n<h1>Pokochasz ten produkt za to, \u017ce<\/h1>\n<ol>\n<li><span style=\"font-weight: 400;\"> U\u0142atwia rozczesywanie<\/span><\/li>\n<li><span style=\"font-weight: 400;\"> Nadaje obj\u0119to\u015b\u0107<\/span><\/li>\n<li><span style=\"font-weight: 400;\"> Roz\u015bwietla<\/span><\/li>\n<li><span style=\"font-weight: 400;\"> Regeneruje<\/span><\/li>\n<li><span style=\"font-weight: 400;\"> Nawil\u017ca<\/span><\/li>\n<li><span style=\"font-weight: 400;\"> Zapobiega powstawaniu rozdwojonych ko\u0144c\u00f3wek<\/span><\/li>\n<li><span style=\"font-weight: 400;\"> Zapobiega puszeniu si\u0119 w\u0142os\u00f3w<\/span><\/li>\n<li><span style=\"font-weight: 400;\"> Chroni kolor<\/span><\/li>\n<li><span style=\"font-weight: 400;\"> U\u0142atwia suszenie<\/span><\/li>\n<li><span style=\"font-weight: 400;\"> Chroni przed wysokimi temperaturami<\/span><\/li>\n<\/ol>\n<p>[\/vc_column_text][vc_column_text]<\/p>\n<h1>Sk\u0142adniki aktywne zawarte w formule<\/h1>\n<ul>\n<li><span style=\"font-weight: 400;\">Wyci\u0105g z bzu: <\/span>jako doskona\u0142e \u017ar\u00f3d\u0142o flawonoid\u00f3w, witaminy E i C, owoc bzu czarnego jest naturalnym przeciwutleniaczem i ma niezwyk\u0142e w\u0142a\u015bciwo\u015bci regeneracyjne i od\u017cywcze.<\/li>\n<li>Orchidea: jej niesamowite w\u0142a\u015bciwo\u015bci zmi\u0119kczaj\u0105ce sprawiaj\u0105, \u017ce w\u0142osy s\u0105 mocne, zdrowe i jedwabi\u015bcie mi\u0119kkie.<\/li>\n<\/ul>\n<p>[\/vc_column_text][vc_column_text]<\/p>\n<h1>Jak stosowa\u0107?<\/h1>\n<p><span style=\"font-weight: 400;\">Rozpyli\u0107 spray 10 in 1 na zwil\u017conych w\u0142osach i wystylizowa\u0107 fryzur\u0119. Nie sp\u0142ukiwa\u0107.<\/span>[\/vc_column_text][\/vc_column_inner][\/vc_row_inner][vc_row_inner el_id=&#8221;mobile&#8221;][vc_column_inner width=&#8221;1\/2&#8243; offset=&#8221;vc_hidden-lg vc_hidden-md vc_hidden-sm&#8221;][vc_column_text]<\/p>\n<h1>Pokochasz ten produkt za to, \u017ce<\/h1>\n<ol>\n<li><span style=\"font-weight: 400;\"> U\u0142atwia rozczesywanie<\/span><\/li>\n<li><span style=\"font-weight: 400;\"> Nadaje obj\u0119to\u015b\u0107<\/span><\/li>\n<li><span style=\"font-weight: 400;\"> Roz\u015bwietla<\/span><\/li>\n<li><span style=\"font-weight: 400;\"> Regeneruje<\/span><\/li>\n<li><span style=\"font-weight: 400;\"> Nawil\u017ca<\/span><\/li>\n<li><span style=\"font-weight: 400;\"> Zapobiega powstawaniu rozdwojonych ko\u0144c\u00f3wek<\/span><\/li>\n<li><span style=\"font-weight: 400;\"> Zapobiega puszeniu si\u0119 w\u0142os\u00f3w<\/span><\/li>\n<li><span style=\"font-weight: 400;\"> Chroni kolor<\/span><\/li>\n<li><span style=\"font-weight: 400;\"> U\u0142atwia suszenie<\/span><\/li>\n<li><span style=\"font-weight: 400;\"> Chroni przed wysokimi temperaturami<\/span><\/li>\n<\/ol>\n<p>[\/vc_column_text][vc_column_text]<\/p>\n<h1>Sk\u0142adniki aktywne zawarte w formule<\/h1>\n<ul>\n<li><span style=\"font-weight: 400;\">Wyci\u0105g z bzu: <\/span>jako doskona\u0142e \u017ar\u00f3d\u0142o flawonoid\u00f3w, witaminy E i C, owoc bzu czarnego jest naturalnym przeciwutleniaczem i ma niezwyk\u0142e w\u0142a\u015bciwo\u015bci regeneracyjne i od\u017cywcze.<\/li>\n<li>Orchidea: jej niesamowite w\u0142a\u015bciwo\u015bci zmi\u0119kczaj\u0105ce sprawiaj\u0105, \u017ce w\u0142osy s\u0105 mocne, zdrowe i jedwabi\u015bcie mi\u0119kkie.<\/li>\n<\/ul>\n<p>[\/vc_column_text][vc_column_text]<\/p>\n<h1>Jak stosowa\u0107?<\/h1>\n<p><span style=\"font-weight: 400;\">Rozpyli\u0107 spray 10 in 1 na zwil\u017conych w\u0142osach i wystylizowa\u0107 fryzur\u0119. Nie sp\u0142ukiwa\u0107.<\/span>[\/vc_column_text][\/vc_column_inner][vc_column_inner width=&#8221;1\/2&#8243; css=&#8221;.vc_custom_1697011867577{background-image: url(https:\/\/paulrivera.it\/wp-content\/uploads\/2020\/02\/background_adv_produc_fabolous.png?id=3667) !important;background-position: center !important;background-repeat: no-repeat !important;background-size: cover !important;}&#8221; offset=&#8221;vc_hidden-lg vc_hidden-md vc_hidden-sm&#8221;][vc_single_image image=&#8221;9490&#8243; img_size=&#8221;large&#8221; alignment=&#8221;center&#8221;][\/vc_column_inner][\/vc_row_inner][\/vc_column][\/vc_row][vc_row css=&#8221;.vc_custom_1582192829011{padding-top: 50px !important;}&#8221;][vc_column][vc_row_inner][vc_column_inner][vc_column_text]<\/p>\n<h1 class=\"p1\" style=\"text-align: center;\">Spodoba Ci si\u0119 r\u00f3wnie\u017c<\/h1>\n<p>[\/vc_column_text][\/vc_column_inner][\/vc_row_inner][vc_raw_html]JTVCd3BiLXByb2R1Y3Qtc2xpZGVyLXNob3J0Y29kZSUyMGlkJTNEJTIyMTk0JTIyJTVE[\/vc_raw_html][\/vc_column][\/vc_row]<\/p>\n<\/div>","protected":false},"excerpt":{"rendered":"<p><b>Fabulous<\/b><span style=\"font-weight: 400;\"> to <\/span><b>spray o natychmiastowym dzia\u0142aniu pozwalaj\u0105cy uzyska\u0107 a\u017c 10 r\u00f3\u017cnych efekt\u00f3w<\/b><span style=\"font-weight: 400;\">. Zosta\u0142 opracowany, aby zapewni\u0107 bajeczne w\u0142osy dzie\u0144 po dniu dzi\u0119ki formule opartej na <\/span><b>ekstraktach z czarnego bzu i orchidei<\/b><span style=\"font-weight: 400;\">.<\/span><\/p>\n<p><span style=\"font-weight: 400;\">Dzi\u0119ki intensywnej technologii<\/span><b> bez sp\u0142ukiwania<\/b><span style=\"font-weight: 400;\"> to doskona\u0142y produkt, je\u015bli masz ma\u0142o czasu, ale nie chcesz rezygnowa\u0107 z <\/span><b>pi\u0119kna i dobrej kondycji swoich w\u0142os\u00f3w<\/b><span style=\"font-weight: 400;\">.<\/span><\/p>\n<p><span style=\"font-weight: 400;\">Regeneruje, nawil\u017ca, dyscyplinuje, roz\u015bwietla i chroni bez obci\u0105\u017cania. To <\/span><b>kompleksowa kuracja<\/b><span style=\"font-weight: 400;\"> dla wszystkich rodzaj\u00f3w w\u0142os\u00f3w w bezprecedensowym produkcie o r\u00f3\u017cnorodnym dzia\u0142aniu.<\/span><\/p>\n<p><span style=\"font-weight: 400;\">30 ml<\/span><\/p>\n<p>&nbsp;<\/p>\n[maxbutton id=\"8\"]\n","protected":false},"featured_media":9496,"template":"","meta":[],"product_brand":[],"product_cat":[694],"product_tag":[],"class_list":{"0":"post-9484","1":"product","2":"type-product","3":"status-publish","4":"has-post-thumbnail","6":"product_cat-finish-styling-pl","7":"description-off","9":"first","10":"instock","11":"shipping-taxable","12":"product-type-simple"},"yoast_head":"<!-- This site is optimized with the Yoast SEO plugin v27.2 - https:\/\/yoast.com\/product\/yoast-seo-wordpress\/ -->\n<title>Fabulous - Spray o natychmiastowym dzia\u0142aniu 10 in 1 | Paul Rivera<\/title>\n<meta name=\"description\" content=\"Fabulous to spray o natychmiastowym dzia\u0142aniu pozwalaj\u0105cy uzyska\u0107 a\u017c 10 r\u00f3\u017cnych efekt\u00f3w.\" \/>\n<meta name=\"robots\" content=\"index, follow, max-snippet:-1, max-image-preview:large, max-video-preview:-1\" \/>\n<link rel=\"canonical\" href=\"https:\/\/paulrivera.it\/pl\/prodotti\/finish-styling-pl\/fabulous-spray-o-natychmiastowym-dzialaniu-10-in-1-2\/\" \/>\n<meta property=\"og:locale\" content=\"pl_PL\" \/>\n<meta property=\"og:type\" content=\"article\" \/>\n<meta property=\"og:title\" content=\"Fabulous - Spray o natychmiastowym dzia\u0142aniu 10 in 1 | Paul Rivera\" \/>\n<meta property=\"og:description\" content=\"Fabulous to spray o natychmiastowym dzia\u0142aniu pozwalaj\u0105cy uzyska\u0107 a\u017c 10 r\u00f3\u017cnych efekt\u00f3w.\" \/>\n<meta property=\"og:url\" content=\"https:\/\/paulrivera.it\/pl\/prodotti\/finish-styling-pl\/fabulous-spray-o-natychmiastowym-dzialaniu-10-in-1-2\/\" \/>\n<meta property=\"og:site_name\" content=\"Paul Rivera\" \/>\n<meta property=\"article:modified_time\" content=\"2024-05-13T07:19:59+00:00\" \/>\n<meta property=\"og:image\" content=\"https:\/\/paulrivera.it\/wp-content\/uploads\/2023\/10\/609519_paul_rivera_fabulous_instant_spray_10_in_1_30ml-1.png\" \/>\n\t<meta property=\"og:image:width\" content=\"800\" \/>\n\t<meta property=\"og:image:height\" content=\"800\" \/>\n\t<meta property=\"og:image:type\" content=\"image\/png\" \/>\n<meta name=\"twitter:card\" content=\"summary_large_image\" \/>\n<meta name=\"twitter:label1\" content=\"Est. reading time\" \/>\n\t<meta name=\"twitter:data1\" content=\"3 minutes\" \/>\n<script type=\"application\/ld+json\" class=\"yoast-schema-graph\">{\"@context\":\"https:\/\/schema.org\",\"@graph\":[{\"@type\":\"WebPage\",\"@id\":\"https:\/\/paulrivera.it\/pl\/prodotti\/finish-styling-pl\/fabulous-spray-o-natychmiastowym-dzialaniu-10-in-1-2\/\",\"url\":\"https:\/\/paulrivera.it\/pl\/prodotti\/finish-styling-pl\/fabulous-spray-o-natychmiastowym-dzialaniu-10-in-1-2\/\",\"name\":\"Fabulous - Spray o natychmiastowym dzia\u0142aniu 10 in 1 | Paul Rivera\",\"isPartOf\":{\"@id\":\"https:\/\/paulrivera.it\/pl\/#website\"},\"primaryImageOfPage\":{\"@id\":\"https:\/\/paulrivera.it\/pl\/prodotti\/finish-styling-pl\/fabulous-spray-o-natychmiastowym-dzialaniu-10-in-1-2\/#primaryimage\"},\"image\":{\"@id\":\"https:\/\/paulrivera.it\/pl\/prodotti\/finish-styling-pl\/fabulous-spray-o-natychmiastowym-dzialaniu-10-in-1-2\/#primaryimage\"},\"thumbnailUrl\":\"https:\/\/paulrivera.it\/wp-content\/uploads\/2023\/10\/609519_paul_rivera_fabulous_instant_spray_10_in_1_30ml-1.png\",\"datePublished\":\"2023-10-10T14:31:22+00:00\",\"dateModified\":\"2024-05-13T07:19:59+00:00\",\"description\":\"Fabulous to spray o natychmiastowym dzia\u0142aniu pozwalaj\u0105cy uzyska\u0107 a\u017c 10 r\u00f3\u017cnych efekt\u00f3w.\",\"breadcrumb\":{\"@id\":\"https:\/\/paulrivera.it\/pl\/prodotti\/finish-styling-pl\/fabulous-spray-o-natychmiastowym-dzialaniu-10-in-1-2\/#breadcrumb\"},\"inLanguage\":\"pl-PL\",\"potentialAction\":[{\"@type\":\"ReadAction\",\"target\":[\"https:\/\/paulrivera.it\/pl\/prodotti\/finish-styling-pl\/fabulous-spray-o-natychmiastowym-dzialaniu-10-in-1-2\/\"]}]},{\"@type\":\"ImageObject\",\"inLanguage\":\"pl-PL\",\"@id\":\"https:\/\/paulrivera.it\/pl\/prodotti\/finish-styling-pl\/fabulous-spray-o-natychmiastowym-dzialaniu-10-in-1-2\/#primaryimage\",\"url\":\"https:\/\/paulrivera.it\/wp-content\/uploads\/2023\/10\/609519_paul_rivera_fabulous_instant_spray_10_in_1_30ml-1.png\",\"contentUrl\":\"https:\/\/paulrivera.it\/wp-content\/uploads\/2023\/10\/609519_paul_rivera_fabulous_instant_spray_10_in_1_30ml-1.png\",\"width\":800,\"height\":800},{\"@type\":\"BreadcrumbList\",\"@id\":\"https:\/\/paulrivera.it\/pl\/prodotti\/finish-styling-pl\/fabulous-spray-o-natychmiastowym-dzialaniu-10-in-1-2\/#breadcrumb\",\"itemListElement\":[{\"@type\":\"ListItem\",\"position\":1,\"name\":\"Home\",\"item\":\"https:\/\/paulrivera.it\/pl\/\"},{\"@type\":\"ListItem\",\"position\":2,\"name\":\"Pagina shop\",\"item\":\"https:\/\/paulrivera.it\/prodotti\/\"},{\"@type\":\"ListItem\",\"position\":3,\"name\":\"Fabulous &#8211; Spray o natychmiastowym dzia\u0142aniu 10 in 1\"}]},{\"@type\":\"WebSite\",\"@id\":\"https:\/\/paulrivera.it\/pl\/#website\",\"url\":\"https:\/\/paulrivera.it\/pl\/\",\"name\":\"Paul Rivera\",\"description\":\"Hair Beauty Celebration\",\"publisher\":{\"@id\":\"https:\/\/paulrivera.it\/pl\/#organization\"},\"potentialAction\":[{\"@type\":\"SearchAction\",\"target\":{\"@type\":\"EntryPoint\",\"urlTemplate\":\"https:\/\/paulrivera.it\/pl\/?s={search_term_string}\"},\"query-input\":{\"@type\":\"PropertyValueSpecification\",\"valueRequired\":true,\"valueName\":\"search_term_string\"}}],\"inLanguage\":\"pl-PL\"},{\"@type\":\"Organization\",\"@id\":\"https:\/\/paulrivera.it\/pl\/#organization\",\"name\":\"Paul Rivera\",\"url\":\"https:\/\/paulrivera.it\/pl\/\",\"logo\":{\"@type\":\"ImageObject\",\"inLanguage\":\"pl-PL\",\"@id\":\"https:\/\/paulrivera.it\/pl\/#\/schema\/logo\/image\/\",\"url\":\"https:\/\/paulrivera.it\/wp-content\/uploads\/2020\/02\/paul_rivera_logo_header_x2.png\",\"contentUrl\":\"https:\/\/paulrivera.it\/wp-content\/uploads\/2020\/02\/paul_rivera_logo_header_x2.png\",\"width\":470,\"height\":60,\"caption\":\"Paul Rivera\"},\"image\":{\"@id\":\"https:\/\/paulrivera.it\/pl\/#\/schema\/logo\/image\/\"}}]}<\/script>\n<!-- \/ Yoast SEO plugin. -->","yoast_head_json":{"title":"Fabulous - Spray o natychmiastowym dzia\u0142aniu 10 in 1 | Paul Rivera","description":"Fabulous to spray o natychmiastowym dzia\u0142aniu pozwalaj\u0105cy uzyska\u0107 a\u017c 10 r\u00f3\u017cnych efekt\u00f3w.","robots":{"index":"index","follow":"follow","max-snippet":"max-snippet:-1","max-image-preview":"max-image-preview:large","max-video-preview":"max-video-preview:-1"},"canonical":"https:\/\/paulrivera.it\/pl\/prodotti\/finish-styling-pl\/fabulous-spray-o-natychmiastowym-dzialaniu-10-in-1-2\/","og_locale":"pl_PL","og_type":"article","og_title":"Fabulous - Spray o natychmiastowym dzia\u0142aniu 10 in 1 | Paul Rivera","og_description":"Fabulous to spray o natychmiastowym dzia\u0142aniu pozwalaj\u0105cy uzyska\u0107 a\u017c 10 r\u00f3\u017cnych efekt\u00f3w.","og_url":"https:\/\/paulrivera.it\/pl\/prodotti\/finish-styling-pl\/fabulous-spray-o-natychmiastowym-dzialaniu-10-in-1-2\/","og_site_name":"Paul Rivera","article_modified_time":"2024-05-13T07:19:59+00:00","og_image":[{"width":800,"height":800,"url":"https:\/\/paulrivera.it\/wp-content\/uploads\/2023\/10\/609519_paul_rivera_fabulous_instant_spray_10_in_1_30ml-1.png","type":"image\/png"}],"twitter_card":"summary_large_image","twitter_misc":{"Est. reading time":"3 minutes"},"schema":{"@context":"https:\/\/schema.org","@graph":[{"@type":"WebPage","@id":"https:\/\/paulrivera.it\/pl\/prodotti\/finish-styling-pl\/fabulous-spray-o-natychmiastowym-dzialaniu-10-in-1-2\/","url":"https:\/\/paulrivera.it\/pl\/prodotti\/finish-styling-pl\/fabulous-spray-o-natychmiastowym-dzialaniu-10-in-1-2\/","name":"Fabulous - Spray o natychmiastowym dzia\u0142aniu 10 in 1 | Paul Rivera","isPartOf":{"@id":"https:\/\/paulrivera.it\/pl\/#website"},"primaryImageOfPage":{"@id":"https:\/\/paulrivera.it\/pl\/prodotti\/finish-styling-pl\/fabulous-spray-o-natychmiastowym-dzialaniu-10-in-1-2\/#primaryimage"},"image":{"@id":"https:\/\/paulrivera.it\/pl\/prodotti\/finish-styling-pl\/fabulous-spray-o-natychmiastowym-dzialaniu-10-in-1-2\/#primaryimage"},"thumbnailUrl":"https:\/\/paulrivera.it\/wp-content\/uploads\/2023\/10\/609519_paul_rivera_fabulous_instant_spray_10_in_1_30ml-1.png","datePublished":"2023-10-10T14:31:22+00:00","dateModified":"2024-05-13T07:19:59+00:00","description":"Fabulous to spray o natychmiastowym dzia\u0142aniu pozwalaj\u0105cy uzyska\u0107 a\u017c 10 r\u00f3\u017cnych efekt\u00f3w.","breadcrumb":{"@id":"https:\/\/paulrivera.it\/pl\/prodotti\/finish-styling-pl\/fabulous-spray-o-natychmiastowym-dzialaniu-10-in-1-2\/#breadcrumb"},"inLanguage":"pl-PL","potentialAction":[{"@type":"ReadAction","target":["https:\/\/paulrivera.it\/pl\/prodotti\/finish-styling-pl\/fabulous-spray-o-natychmiastowym-dzialaniu-10-in-1-2\/"]}]},{"@type":"ImageObject","inLanguage":"pl-PL","@id":"https:\/\/paulrivera.it\/pl\/prodotti\/finish-styling-pl\/fabulous-spray-o-natychmiastowym-dzialaniu-10-in-1-2\/#primaryimage","url":"https:\/\/paulrivera.it\/wp-content\/uploads\/2023\/10\/609519_paul_rivera_fabulous_instant_spray_10_in_1_30ml-1.png","contentUrl":"https:\/\/paulrivera.it\/wp-content\/uploads\/2023\/10\/609519_paul_rivera_fabulous_instant_spray_10_in_1_30ml-1.png","width":800,"height":800},{"@type":"BreadcrumbList","@id":"https:\/\/paulrivera.it\/pl\/prodotti\/finish-styling-pl\/fabulous-spray-o-natychmiastowym-dzialaniu-10-in-1-2\/#breadcrumb","itemListElement":[{"@type":"ListItem","position":1,"name":"Home","item":"https:\/\/paulrivera.it\/pl\/"},{"@type":"ListItem","position":2,"name":"Pagina shop","item":"https:\/\/paulrivera.it\/prodotti\/"},{"@type":"ListItem","position":3,"name":"Fabulous &#8211; Spray o natychmiastowym dzia\u0142aniu 10 in 1"}]},{"@type":"WebSite","@id":"https:\/\/paulrivera.it\/pl\/#website","url":"https:\/\/paulrivera.it\/pl\/","name":"Paul Rivera","description":"Hair Beauty Celebration","publisher":{"@id":"https:\/\/paulrivera.it\/pl\/#organization"},"potentialAction":[{"@type":"SearchAction","target":{"@type":"EntryPoint","urlTemplate":"https:\/\/paulrivera.it\/pl\/?s={search_term_string}"},"query-input":{"@type":"PropertyValueSpecification","valueRequired":true,"valueName":"search_term_string"}}],"inLanguage":"pl-PL"},{"@type":"Organization","@id":"https:\/\/paulrivera.it\/pl\/#organization","name":"Paul Rivera","url":"https:\/\/paulrivera.it\/pl\/","logo":{"@type":"ImageObject","inLanguage":"pl-PL","@id":"https:\/\/paulrivera.it\/pl\/#\/schema\/logo\/image\/","url":"https:\/\/paulrivera.it\/wp-content\/uploads\/2020\/02\/paul_rivera_logo_header_x2.png","contentUrl":"https:\/\/paulrivera.it\/wp-content\/uploads\/2020\/02\/paul_rivera_logo_header_x2.png","width":470,"height":60,"caption":"Paul Rivera"},"image":{"@id":"https:\/\/paulrivera.it\/pl\/#\/schema\/logo\/image\/"}}]}},"_links":{"self":[{"href":"https:\/\/paulrivera.it\/pl\/wp-json\/wp\/v2\/product\/9484","targetHints":{"allow":["GET"]}}],"collection":[{"href":"https:\/\/paulrivera.it\/pl\/wp-json\/wp\/v2\/product"}],"about":[{"href":"https:\/\/paulrivera.it\/pl\/wp-json\/wp\/v2\/types\/product"}],"wp:featuredmedia":[{"embeddable":true,"href":"https:\/\/paulrivera.it\/pl\/wp-json\/wp\/v2\/media\/9496"}],"wp:attachment":[{"href":"https:\/\/paulrivera.it\/pl\/wp-json\/wp\/v2\/media?parent=9484"}],"wp:term":[{"taxonomy":"product_brand","embeddable":true,"href":"https:\/\/paulrivera.it\/pl\/wp-json\/wp\/v2\/product_brand?post=9484"},{"taxonomy":"product_cat","embeddable":true,"href":"https:\/\/paulrivera.it\/pl\/wp-json\/wp\/v2\/product_cat?post=9484"},{"taxonomy":"product_tag","embeddable":true,"href":"https:\/\/paulrivera.it\/pl\/wp-json\/wp\/v2\/product_tag?post=9484"}],"curies":[{"name":"wp","href":"https:\/\/api.w.org\/{rel}","templated":true}]}}