{"id":2269,"date":"2021-04-08T09:24:56","date_gmt":"2021-04-08T07:24:56","guid":{"rendered":"https:\/\/paulrivera.it\/shop\/"},"modified":"2021-04-08T09:24:57","modified_gmt":"2021-04-08T07:24:57","slug":"shop","status":"publish","type":"page","link":"https:\/\/paulrivera.it\/pt-pt\/shop\/","title":{"rendered":"Shop"},"content":{"rendered":"<div class=\"wpb-content-wrapper\"><p>[vc_row][vc_column][vc_column_text]<\/p>\n<h2 style=\"text-align: left;\">Descubra o mundo Paul Rivera<\/h2>\n<p>[\/vc_column_text][vc_column_text]<\/p>\n<p style=\"text-align: left;\">Colora\u00e7\u00f5es profissionais, tratamenos de luxo e acabamentos extraordin\u00e1rios que enaltecem, protegem e libertam novos impulsos criativos. Procure o produto <strong>Paul Rivera<\/strong> que melhor responde \u00e0s suas exig\u00eancias.<\/p>\n<p>[\/vc_column_text][vc_raw_html]W2F3c19zZWFyY2hfZm9ybV0=[\/vc_raw_html][\/vc_column][\/vc_row]<\/p>\n<\/div>","protected":false},"excerpt":{"rendered":"<p>[vc_row][vc_column][vc_column_text] Descubra o mundo Paul Rivera [\/vc_column_text][vc_column_text] Colora\u00e7\u00f5es profissionais, tratamenos de luxo e acabamentos extraordin\u00e1rios que enaltecem, protegem e libertam novos impulsos criativos. Procure o produto Paul Rivera que melhor responde \u00e0s suas exig\u00eancias. [\/vc_column_text][vc_raw_html]W2F3c19zZWFyY2hfZm9ybV0=[\/vc_raw_html][\/vc_column][\/vc_row]<\/p>\n","protected":false},"author":2,"featured_media":0,"parent":0,"menu_order":0,"comment_status":"closed","ping_status":"closed","template":"","meta":{"footnotes":""},"class_list":["post-2269","page","type-page","status-publish","hentry","description-off"],"yoast_head":"<!-- This site is optimized with the Yoast SEO plugin v27.2 - https:\/\/yoast.com\/product\/yoast-seo-wordpress\/ -->\n<title>Colora\u00e7\u00f5es profissionais, Tratamentos de luxo e Acabamentos extraordin\u00e1rios - Paul Rivera<\/title>\n<meta name=\"description\" content=\"Colora\u00e7\u00f5es profissionais, tratamentos de luxo e acabamentos extraordin\u00e1rios que enaltecem, protegem e libertam novos impulsos criativos.\" \/>\n<meta name=\"robots\" content=\"index, follow, max-snippet:-1, max-image-preview:large, max-video-preview:-1\" \/>\n<link rel=\"canonical\" href=\"https:\/\/paulrivera.it\/pt-pt\/shop\/\" \/>\n<meta property=\"og:locale\" content=\"pt_PT\" \/>\n<meta property=\"og:type\" content=\"article\" \/>\n<meta property=\"og:title\" content=\"Colora\u00e7\u00f5es profissionais, Tratamentos de luxo e Acabamentos extraordin\u00e1rios - Paul Rivera\" \/>\n<meta property=\"og:description\" content=\"Colora\u00e7\u00f5es profissionais, tratamentos de luxo e acabamentos extraordin\u00e1rios que enaltecem, protegem e libertam novos impulsos criativos.\" \/>\n<meta property=\"og:url\" content=\"https:\/\/paulrivera.it\/pt-pt\/shop\/\" \/>\n<meta property=\"og:site_name\" content=\"Paul Rivera\" \/>\n<meta property=\"article:modified_time\" content=\"2021-04-08T07:24:57+00:00\" \/>\n<meta name=\"twitter:card\" content=\"summary_large_image\" \/>\n<script type=\"application\/ld+json\" class=\"yoast-schema-graph\">{\"@context\":\"https:\/\/schema.org\",\"@graph\":[{\"@type\":\"WebPage\",\"@id\":\"https:\/\/paulrivera.it\/pt-pt\/shop\/\",\"url\":\"https:\/\/paulrivera.it\/pt-pt\/shop\/\",\"name\":\"Colora\u00e7\u00f5es profissionais, Tratamentos de luxo e Acabamentos extraordin\u00e1rios - Paul Rivera\",\"isPartOf\":{\"@id\":\"https:\/\/paulrivera.it\/pt-pt\/#website\"},\"datePublished\":\"2021-04-08T07:24:56+00:00\",\"dateModified\":\"2021-04-08T07:24:57+00:00\",\"description\":\"Colora\u00e7\u00f5es profissionais, tratamentos de luxo e acabamentos extraordin\u00e1rios que enaltecem, protegem e libertam novos impulsos criativos.\",\"breadcrumb\":{\"@id\":\"https:\/\/paulrivera.it\/pt-pt\/shop\/#breadcrumb\"},\"inLanguage\":\"pt-PT\",\"potentialAction\":[{\"@type\":\"ReadAction\",\"target\":[\"https:\/\/paulrivera.it\/pt-pt\/shop\/\"]}]},{\"@type\":\"BreadcrumbList\",\"@id\":\"https:\/\/paulrivera.it\/pt-pt\/shop\/#breadcrumb\",\"itemListElement\":[{\"@type\":\"ListItem\",\"position\":1,\"name\":\"Home\",\"item\":\"https:\/\/paulrivera.it\/pt-pt\/\"},{\"@type\":\"ListItem\",\"position\":2,\"name\":\"Shop\"}]},{\"@type\":\"WebSite\",\"@id\":\"https:\/\/paulrivera.it\/pt-pt\/#website\",\"url\":\"https:\/\/paulrivera.it\/pt-pt\/\",\"name\":\"Paul Rivera\",\"description\":\"Hair Beauty Celebration\",\"publisher\":{\"@id\":\"https:\/\/paulrivera.it\/pt-pt\/#organization\"},\"potentialAction\":[{\"@type\":\"SearchAction\",\"target\":{\"@type\":\"EntryPoint\",\"urlTemplate\":\"https:\/\/paulrivera.it\/pt-pt\/?s={search_term_string}\"},\"query-input\":{\"@type\":\"PropertyValueSpecification\",\"valueRequired\":true,\"valueName\":\"search_term_string\"}}],\"inLanguage\":\"pt-PT\"},{\"@type\":\"Organization\",\"@id\":\"https:\/\/paulrivera.it\/pt-pt\/#organization\",\"name\":\"Paul Rivera\",\"url\":\"https:\/\/paulrivera.it\/pt-pt\/\",\"logo\":{\"@type\":\"ImageObject\",\"inLanguage\":\"pt-PT\",\"@id\":\"https:\/\/paulrivera.it\/pt-pt\/#\/schema\/logo\/image\/\",\"url\":\"https:\/\/paulrivera.it\/wp-content\/uploads\/2020\/02\/paul_rivera_logo_header_x2.png\",\"contentUrl\":\"https:\/\/paulrivera.it\/wp-content\/uploads\/2020\/02\/paul_rivera_logo_header_x2.png\",\"width\":470,\"height\":60,\"caption\":\"Paul Rivera\"},\"image\":{\"@id\":\"https:\/\/paulrivera.it\/pt-pt\/#\/schema\/logo\/image\/\"}}]}<\/script>\n<!-- \/ Yoast SEO plugin. -->","yoast_head_json":{"title":"Colora\u00e7\u00f5es profissionais, Tratamentos de luxo e Acabamentos extraordin\u00e1rios - Paul Rivera","description":"Colora\u00e7\u00f5es profissionais, tratamentos de luxo e acabamentos extraordin\u00e1rios que enaltecem, protegem e libertam novos impulsos criativos.","robots":{"index":"index","follow":"follow","max-snippet":"max-snippet:-1","max-image-preview":"max-image-preview:large","max-video-preview":"max-video-preview:-1"},"canonical":"https:\/\/paulrivera.it\/pt-pt\/shop\/","og_locale":"pt_PT","og_type":"article","og_title":"Colora\u00e7\u00f5es profissionais, Tratamentos de luxo e Acabamentos extraordin\u00e1rios - Paul Rivera","og_description":"Colora\u00e7\u00f5es profissionais, tratamentos de luxo e acabamentos extraordin\u00e1rios que enaltecem, protegem e libertam novos impulsos criativos.","og_url":"https:\/\/paulrivera.it\/pt-pt\/shop\/","og_site_name":"Paul Rivera","article_modified_time":"2021-04-08T07:24:57+00:00","twitter_card":"summary_large_image","schema":{"@context":"https:\/\/schema.org","@graph":[{"@type":"WebPage","@id":"https:\/\/paulrivera.it\/pt-pt\/shop\/","url":"https:\/\/paulrivera.it\/pt-pt\/shop\/","name":"Colora\u00e7\u00f5es profissionais, Tratamentos de luxo e Acabamentos extraordin\u00e1rios - Paul Rivera","isPartOf":{"@id":"https:\/\/paulrivera.it\/pt-pt\/#website"},"datePublished":"2021-04-08T07:24:56+00:00","dateModified":"2021-04-08T07:24:57+00:00","description":"Colora\u00e7\u00f5es profissionais, tratamentos de luxo e acabamentos extraordin\u00e1rios que enaltecem, protegem e libertam novos impulsos criativos.","breadcrumb":{"@id":"https:\/\/paulrivera.it\/pt-pt\/shop\/#breadcrumb"},"inLanguage":"pt-PT","potentialAction":[{"@type":"ReadAction","target":["https:\/\/paulrivera.it\/pt-pt\/shop\/"]}]},{"@type":"BreadcrumbList","@id":"https:\/\/paulrivera.it\/pt-pt\/shop\/#breadcrumb","itemListElement":[{"@type":"ListItem","position":1,"name":"Home","item":"https:\/\/paulrivera.it\/pt-pt\/"},{"@type":"ListItem","position":2,"name":"Shop"}]},{"@type":"WebSite","@id":"https:\/\/paulrivera.it\/pt-pt\/#website","url":"https:\/\/paulrivera.it\/pt-pt\/","name":"Paul Rivera","description":"Hair Beauty Celebration","publisher":{"@id":"https:\/\/paulrivera.it\/pt-pt\/#organization"},"potentialAction":[{"@type":"SearchAction","target":{"@type":"EntryPoint","urlTemplate":"https:\/\/paulrivera.it\/pt-pt\/?s={search_term_string}"},"query-input":{"@type":"PropertyValueSpecification","valueRequired":true,"valueName":"search_term_string"}}],"inLanguage":"pt-PT"},{"@type":"Organization","@id":"https:\/\/paulrivera.it\/pt-pt\/#organization","name":"Paul Rivera","url":"https:\/\/paulrivera.it\/pt-pt\/","logo":{"@type":"ImageObject","inLanguage":"pt-PT","@id":"https:\/\/paulrivera.it\/pt-pt\/#\/schema\/logo\/image\/","url":"https:\/\/paulrivera.it\/wp-content\/uploads\/2020\/02\/paul_rivera_logo_header_x2.png","contentUrl":"https:\/\/paulrivera.it\/wp-content\/uploads\/2020\/02\/paul_rivera_logo_header_x2.png","width":470,"height":60,"caption":"Paul Rivera"},"image":{"@id":"https:\/\/paulrivera.it\/pt-pt\/#\/schema\/logo\/image\/"}}]}},"_links":{"self":[{"href":"https:\/\/paulrivera.it\/pt-pt\/wp-json\/wp\/v2\/pages\/2269","targetHints":{"allow":["GET"]}}],"collection":[{"href":"https:\/\/paulrivera.it\/pt-pt\/wp-json\/wp\/v2\/pages"}],"about":[{"href":"https:\/\/paulrivera.it\/pt-pt\/wp-json\/wp\/v2\/types\/page"}],"author":[{"embeddable":true,"href":"https:\/\/paulrivera.it\/pt-pt\/wp-json\/wp\/v2\/users\/2"}],"replies":[{"embeddable":true,"href":"https:\/\/paulrivera.it\/pt-pt\/wp-json\/wp\/v2\/comments?post=2269"}],"version-history":[{"count":2,"href":"https:\/\/paulrivera.it\/pt-pt\/wp-json\/wp\/v2\/pages\/2269\/revisions"}],"predecessor-version":[{"id":2271,"href":"https:\/\/paulrivera.it\/pt-pt\/wp-json\/wp\/v2\/pages\/2269\/revisions\/2271"}],"wp:attachment":[{"href":"https:\/\/paulrivera.it\/pt-pt\/wp-json\/wp\/v2\/media?parent=2269"}],"curies":[{"name":"wp","href":"https:\/\/api.w.org\/{rel}","templated":true}]}}