{"id":11086,"date":"2024-07-01T11:54:42","date_gmt":"2024-07-01T09:54:43","guid":{"rendered":"https:\/\/paulrivera.it\/?post_type=product&#038;p=11086"},"modified":"2024-07-01T13:00:17","modified_gmt":"2024-07-01T11:00:17","slug":"bizarre-sea-salt-spray-marinho-texturizante","status":"publish","type":"product","link":"https:\/\/paulrivera.it\/pt-pt\/prodotti\/finish-styling-pt\/bizarre-sea-salt-spray-marinho-texturizante\/","title":{"rendered":"Bizarre Sea Salt &#8211; Spray marinho texturizante"},"content":{"rendered":"<div class=\"wpb-content-wrapper\"><p>[vc_row full_width=&#8221;stretch_row&#8221;][vc_column][vc_row_inner el_id=&#8221;desktop&#8221;][vc_column_inner width=&#8221;1\/2&#8243; css=&#8221;.vc_custom_1582194227194{padding-top: 10% !important;padding-right: 10% !important;padding-bottom: 10% !important;padding-left: 30% !important;}&#8221; offset=&#8221;vc_hidden-md vc_hidden-sm vc_hidden-xs&#8221;][vc_column_text css=&#8221;&#8221;]<\/p>\n<h1>Ir\u00e1 am\u00e1-lo porque<\/h1>\n<ul>\n<li>Cria <strong>ondas suaves e naturais<\/strong>.<\/li>\n<li>Look com <strong>resultado final fosco<\/strong><\/li>\n<li>Confere <strong>volume<\/strong> e <strong>estrutura<\/strong><\/li>\n<\/ul>\n<p>[\/vc_column_text][vc_column_text css=&#8221;&#8221;]<\/p>\n<h1>Ativos na f\u00f3rmula<\/h1>\n<ul>\n<li style=\"font-weight: 400;\" aria-level=\"1\">A formula\u00e7\u00e3o \u00e0 base de <strong>cenoura<\/strong>, <strong>maracuj\u00e1<\/strong> e <strong>sal marinho<\/strong> confere volume, textura e maciez aos cabelos.<\/li>\n<\/ul>\n<p>[\/vc_column_text][vc_column_text css=&#8221;&#8221;]<\/p>\n<h1>Como usar<\/h1>\n<p class=\"Standard\"><span lang=\"it\">Borrife o spray marinho texturizante nos cabelos \u00famidos ou secos e prossiga com o penteado desejado.<\/span><\/p>\n<p>[\/vc_column_text][\/vc_column_inner][vc_column_inner width=&#8221;1\/2&#8243; css=&#8221;.vc_custom_1719827796540{background-image: url(https:\/\/paulrivera.it\/wp-content\/uploads\/2024\/06\/background_adv_produc_bizarre.png?id=11032) !important;background-position: center !important;background-repeat: no-repeat !important;background-size: cover !important;}&#8221; offset=&#8221;vc_hidden-md vc_hidden-sm vc_hidden-xs&#8221;][vc_single_image image=&#8221;11044&#8243; img_size=&#8221;large&#8221; alignment=&#8221;center&#8221; css=&#8221;&#8221;][\/vc_column_inner][\/vc_row_inner][vc_row_inner el_id=&#8221;tablet&#8221;][vc_column_inner offset=&#8221;vc_hidden-lg vc_hidden-xs&#8221;][vc_column_text css=&#8221;&#8221;]<\/p>\n<h1>Ir\u00e1 am\u00e1-lo porque<\/h1>\n<ul>\n<li>Cria <strong>ondas suaves e naturais<\/strong>.<\/li>\n<li>Look com <strong>resultado final fosco<\/strong><\/li>\n<li>Confere <strong>volume<\/strong> e <strong>estrutura<\/strong><\/li>\n<\/ul>\n<p>[\/vc_column_text][vc_column_text css=&#8221;&#8221;]<\/p>\n<h1>Ativos na f\u00f3rmula<\/h1>\n<ul>\n<li style=\"font-weight: 400;\" aria-level=\"1\">A formula\u00e7\u00e3o \u00e0 base de <strong>cenoura<\/strong>, <strong>maracuj\u00e1<\/strong> e <strong>sal marinho<\/strong> confere volume, textura e maciez aos cabelos.<\/li>\n<\/ul>\n<p>[\/vc_column_text][vc_column_text css=&#8221;&#8221;]<\/p>\n<h1>Como usar<\/h1>\n<p class=\"Standard\"><span lang=\"it\">Borrife o spray marinho texturizante nos cabelos \u00famidos ou secos e prossiga com o penteado desejado.<\/span><\/p>\n<p>[\/vc_column_text][\/vc_column_inner][\/vc_row_inner][vc_row_inner el_id=&#8221;mobile&#8221;][vc_column_inner width=&#8221;1\/2&#8243; offset=&#8221;vc_hidden-lg vc_hidden-md vc_hidden-sm&#8221;][vc_column_text css=&#8221;&#8221;]<\/p>\n<h1>Ir\u00e1 am\u00e1-lo porque<\/h1>\n<ul>\n<li>Cria <strong>ondas suaves e naturais<\/strong>.<\/li>\n<li>Look com <strong>resultado final fosco<\/strong><\/li>\n<li>Confere <strong>volume<\/strong> e <strong>estrutura<\/strong><\/li>\n<\/ul>\n<p>[\/vc_column_text][vc_column_text css=&#8221;&#8221;]<\/p>\n<h1>Ativos na f\u00f3rmula<\/h1>\n<ul>\n<li>A formula\u00e7\u00e3o \u00e0 base de <strong>cenoura<\/strong>, <strong>maracuj\u00e1<\/strong> e <strong>sal marinho<\/strong> confere volume, textura e maciez aos cabelos.<\/li>\n<\/ul>\n<p>[\/vc_column_text][vc_column_text css=&#8221;&#8221;]<\/p>\n<h1>Como usar<\/h1>\n<p class=\"Standard\"><span lang=\"it\">Borrife o spray marinho texturizante nos cabelos \u00famidos ou secos e prossiga com o penteado desejado.<\/span><\/p>\n<p>[\/vc_column_text][\/vc_column_inner][vc_column_inner width=&#8221;1\/2&#8243; css=&#8221;.vc_custom_1719828050098{background-image: url(https:\/\/paulrivera.it\/wp-content\/uploads\/2024\/06\/background_adv_produc_bizarre.png?id=11032) !important;background-position: center !important;background-repeat: no-repeat !important;background-size: cover !important;}&#8221; offset=&#8221;vc_hidden-lg vc_hidden-md vc_hidden-sm&#8221;][vc_single_image image=&#8221;11044&#8243; img_size=&#8221;large&#8221; alignment=&#8221;center&#8221; css=&#8221;&#8221;][\/vc_column_inner][\/vc_row_inner][\/vc_column][\/vc_row][vc_row css=&#8221;.vc_custom_1582192829011{padding-top: 50px !important;}&#8221;][vc_column][vc_row_inner][vc_column_inner][vc_column_text]<\/p>\n<h1 style=\"text-align: center;\">Produtos relacionados<br \/>\n<\/h1>\n<p>[\/vc_column_text][\/vc_column_inner][\/vc_row_inner][vc_raw_html css=&#8221;&#8221;]W3dwYi1wcm9kdWN0LXNsaWRlci1zaG9ydGNvZGUgaWQ9IjExMDk2Il0=[\/vc_raw_html][\/vc_column][\/vc_row]<\/p>\n<\/div>","protected":false},"excerpt":{"rendered":"<p><strong>Bizarre Sea Salt<\/strong> \u00e9 o <strong>spray marinho texturizante <\/strong>\u00e0 base de <strong>cenoura <\/strong>e <strong>maracuj\u00e1<\/strong>.<\/p>\n<p>Gra\u00e7as \u00e0 sua f\u00f3rmula enriquecida com <strong>sal marinho<\/strong>, ele cria <strong>ondas de praia suaves e naturais<\/strong> e confere <strong>estrutura<\/strong> e <strong>volume<\/strong> aos cabelos.<\/p>\n<p>O resultado? Um <strong>look praiano<\/strong> com um <strong>resultado final fosco<\/strong>.<\/p>\n<p>&nbsp;<\/p>\n<p>200 ml<\/p>\n<p>&nbsp;<\/p>\n[maxbutton id=\"6\"]\n","protected":false},"featured_media":11093,"template":"","meta":[],"product_brand":[],"product_cat":[374],"product_tag":[],"class_list":{"0":"post-11086","1":"product","2":"type-product","3":"status-publish","4":"has-post-thumbnail","6":"product_cat-finish-styling-pt","7":"description-off","9":"first","10":"instock","11":"shipping-taxable","12":"product-type-simple"},"yoast_head":"<!-- This site is optimized with the Yoast SEO plugin v27.2 - https:\/\/yoast.com\/product\/yoast-seo-wordpress\/ -->\n<title>Bizarre Sea Salt - Spray marinho texturizante<\/title>\n<meta name=\"description\" content=\"Bizarre Sea Salt \u00e9 o spray marinho texturizante \u00e0 base de cenoura e maracuj\u00e1. Gra\u00e7as \u00e0 sua f\u00f3rmula enriquecida com sal marinho...\" \/>\n<meta name=\"robots\" content=\"index, follow, max-snippet:-1, max-image-preview:large, max-video-preview:-1\" \/>\n<link rel=\"canonical\" href=\"https:\/\/paulrivera.it\/pt-pt\/prodotti\/finish-styling-pt\/bizarre-sea-salt-spray-marinho-texturizante\/\" \/>\n<meta property=\"og:locale\" content=\"pt_PT\" \/>\n<meta property=\"og:type\" content=\"article\" \/>\n<meta property=\"og:title\" content=\"Bizarre Sea Salt - Spray marinho texturizante\" \/>\n<meta property=\"og:description\" content=\"Bizarre Sea Salt \u00e9 o spray marinho texturizante \u00e0 base de cenoura e maracuj\u00e1. Gra\u00e7as \u00e0 sua f\u00f3rmula enriquecida com sal marinho...\" \/>\n<meta property=\"og:url\" content=\"https:\/\/paulrivera.it\/pt-pt\/prodotti\/finish-styling-pt\/bizarre-sea-salt-spray-marinho-texturizante\/\" \/>\n<meta property=\"og:site_name\" content=\"Paul Rivera\" \/>\n<meta property=\"article:modified_time\" content=\"2024-07-01T11:00:17+00:00\" \/>\n<meta property=\"og:image\" content=\"https:\/\/paulrivera.it\/wp-content\/uploads\/2024\/07\/606204_paul_rivera_bizarre_200ml-1.png\" \/>\n\t<meta property=\"og:image:width\" content=\"800\" \/>\n\t<meta property=\"og:image:height\" content=\"800\" \/>\n\t<meta property=\"og:image:type\" content=\"image\/png\" \/>\n<meta name=\"twitter:card\" content=\"summary_large_image\" \/>\n<meta name=\"twitter:label1\" content=\"Est. reading time\" \/>\n\t<meta name=\"twitter:data1\" content=\"2 minutes\" \/>\n<script type=\"application\/ld+json\" class=\"yoast-schema-graph\">{\"@context\":\"https:\/\/schema.org\",\"@graph\":[{\"@type\":\"WebPage\",\"@id\":\"https:\/\/paulrivera.it\/pt-pt\/prodotti\/finish-styling-pt\/bizarre-sea-salt-spray-marinho-texturizante\/\",\"url\":\"https:\/\/paulrivera.it\/pt-pt\/prodotti\/finish-styling-pt\/bizarre-sea-salt-spray-marinho-texturizante\/\",\"name\":\"Bizarre Sea Salt - Spray marinho texturizante\",\"isPartOf\":{\"@id\":\"https:\/\/paulrivera.it\/pt-pt\/#website\"},\"primaryImageOfPage\":{\"@id\":\"https:\/\/paulrivera.it\/pt-pt\/prodotti\/finish-styling-pt\/bizarre-sea-salt-spray-marinho-texturizante\/#primaryimage\"},\"image\":{\"@id\":\"https:\/\/paulrivera.it\/pt-pt\/prodotti\/finish-styling-pt\/bizarre-sea-salt-spray-marinho-texturizante\/#primaryimage\"},\"thumbnailUrl\":\"https:\/\/paulrivera.it\/wp-content\/uploads\/2024\/07\/606204_paul_rivera_bizarre_200ml-1.png\",\"datePublished\":\"2024-07-01T09:54:43+00:00\",\"dateModified\":\"2024-07-01T11:00:17+00:00\",\"description\":\"Bizarre Sea Salt \u00e9 o spray marinho texturizante \u00e0 base de cenoura e maracuj\u00e1. Gra\u00e7as \u00e0 sua f\u00f3rmula enriquecida com sal marinho...\",\"breadcrumb\":{\"@id\":\"https:\/\/paulrivera.it\/pt-pt\/prodotti\/finish-styling-pt\/bizarre-sea-salt-spray-marinho-texturizante\/#breadcrumb\"},\"inLanguage\":\"pt-PT\",\"potentialAction\":[{\"@type\":\"ReadAction\",\"target\":[\"https:\/\/paulrivera.it\/pt-pt\/prodotti\/finish-styling-pt\/bizarre-sea-salt-spray-marinho-texturizante\/\"]}]},{\"@type\":\"ImageObject\",\"inLanguage\":\"pt-PT\",\"@id\":\"https:\/\/paulrivera.it\/pt-pt\/prodotti\/finish-styling-pt\/bizarre-sea-salt-spray-marinho-texturizante\/#primaryimage\",\"url\":\"https:\/\/paulrivera.it\/wp-content\/uploads\/2024\/07\/606204_paul_rivera_bizarre_200ml-1.png\",\"contentUrl\":\"https:\/\/paulrivera.it\/wp-content\/uploads\/2024\/07\/606204_paul_rivera_bizarre_200ml-1.png\",\"width\":800,\"height\":800},{\"@type\":\"BreadcrumbList\",\"@id\":\"https:\/\/paulrivera.it\/pt-pt\/prodotti\/finish-styling-pt\/bizarre-sea-salt-spray-marinho-texturizante\/#breadcrumb\",\"itemListElement\":[{\"@type\":\"ListItem\",\"position\":1,\"name\":\"Home\",\"item\":\"https:\/\/paulrivera.it\/pt-pt\/\"},{\"@type\":\"ListItem\",\"position\":2,\"name\":\"Pagina shop\",\"item\":\"https:\/\/paulrivera.it\/prodotti\/\"},{\"@type\":\"ListItem\",\"position\":3,\"name\":\"Bizarre Sea Salt &#8211; Spray marinho texturizante\"}]},{\"@type\":\"WebSite\",\"@id\":\"https:\/\/paulrivera.it\/pt-pt\/#website\",\"url\":\"https:\/\/paulrivera.it\/pt-pt\/\",\"name\":\"Paul Rivera\",\"description\":\"Hair Beauty Celebration\",\"publisher\":{\"@id\":\"https:\/\/paulrivera.it\/pt-pt\/#organization\"},\"potentialAction\":[{\"@type\":\"SearchAction\",\"target\":{\"@type\":\"EntryPoint\",\"urlTemplate\":\"https:\/\/paulrivera.it\/pt-pt\/?s={search_term_string}\"},\"query-input\":{\"@type\":\"PropertyValueSpecification\",\"valueRequired\":true,\"valueName\":\"search_term_string\"}}],\"inLanguage\":\"pt-PT\"},{\"@type\":\"Organization\",\"@id\":\"https:\/\/paulrivera.it\/pt-pt\/#organization\",\"name\":\"Paul Rivera\",\"url\":\"https:\/\/paulrivera.it\/pt-pt\/\",\"logo\":{\"@type\":\"ImageObject\",\"inLanguage\":\"pt-PT\",\"@id\":\"https:\/\/paulrivera.it\/pt-pt\/#\/schema\/logo\/image\/\",\"url\":\"https:\/\/paulrivera.it\/wp-content\/uploads\/2020\/02\/paul_rivera_logo_header_x2.png\",\"contentUrl\":\"https:\/\/paulrivera.it\/wp-content\/uploads\/2020\/02\/paul_rivera_logo_header_x2.png\",\"width\":470,\"height\":60,\"caption\":\"Paul Rivera\"},\"image\":{\"@id\":\"https:\/\/paulrivera.it\/pt-pt\/#\/schema\/logo\/image\/\"}}]}<\/script>\n<!-- \/ Yoast SEO plugin. -->","yoast_head_json":{"title":"Bizarre Sea Salt - Spray marinho texturizante","description":"Bizarre Sea Salt \u00e9 o spray marinho texturizante \u00e0 base de cenoura e maracuj\u00e1. Gra\u00e7as \u00e0 sua f\u00f3rmula enriquecida com sal marinho...","robots":{"index":"index","follow":"follow","max-snippet":"max-snippet:-1","max-image-preview":"max-image-preview:large","max-video-preview":"max-video-preview:-1"},"canonical":"https:\/\/paulrivera.it\/pt-pt\/prodotti\/finish-styling-pt\/bizarre-sea-salt-spray-marinho-texturizante\/","og_locale":"pt_PT","og_type":"article","og_title":"Bizarre Sea Salt - Spray marinho texturizante","og_description":"Bizarre Sea Salt \u00e9 o spray marinho texturizante \u00e0 base de cenoura e maracuj\u00e1. Gra\u00e7as \u00e0 sua f\u00f3rmula enriquecida com sal marinho...","og_url":"https:\/\/paulrivera.it\/pt-pt\/prodotti\/finish-styling-pt\/bizarre-sea-salt-spray-marinho-texturizante\/","og_site_name":"Paul Rivera","article_modified_time":"2024-07-01T11:00:17+00:00","og_image":[{"width":800,"height":800,"url":"https:\/\/paulrivera.it\/wp-content\/uploads\/2024\/07\/606204_paul_rivera_bizarre_200ml-1.png","type":"image\/png"}],"twitter_card":"summary_large_image","twitter_misc":{"Est. reading time":"2 minutes"},"schema":{"@context":"https:\/\/schema.org","@graph":[{"@type":"WebPage","@id":"https:\/\/paulrivera.it\/pt-pt\/prodotti\/finish-styling-pt\/bizarre-sea-salt-spray-marinho-texturizante\/","url":"https:\/\/paulrivera.it\/pt-pt\/prodotti\/finish-styling-pt\/bizarre-sea-salt-spray-marinho-texturizante\/","name":"Bizarre Sea Salt - Spray marinho texturizante","isPartOf":{"@id":"https:\/\/paulrivera.it\/pt-pt\/#website"},"primaryImageOfPage":{"@id":"https:\/\/paulrivera.it\/pt-pt\/prodotti\/finish-styling-pt\/bizarre-sea-salt-spray-marinho-texturizante\/#primaryimage"},"image":{"@id":"https:\/\/paulrivera.it\/pt-pt\/prodotti\/finish-styling-pt\/bizarre-sea-salt-spray-marinho-texturizante\/#primaryimage"},"thumbnailUrl":"https:\/\/paulrivera.it\/wp-content\/uploads\/2024\/07\/606204_paul_rivera_bizarre_200ml-1.png","datePublished":"2024-07-01T09:54:43+00:00","dateModified":"2024-07-01T11:00:17+00:00","description":"Bizarre Sea Salt \u00e9 o spray marinho texturizante \u00e0 base de cenoura e maracuj\u00e1. Gra\u00e7as \u00e0 sua f\u00f3rmula enriquecida com sal marinho...","breadcrumb":{"@id":"https:\/\/paulrivera.it\/pt-pt\/prodotti\/finish-styling-pt\/bizarre-sea-salt-spray-marinho-texturizante\/#breadcrumb"},"inLanguage":"pt-PT","potentialAction":[{"@type":"ReadAction","target":["https:\/\/paulrivera.it\/pt-pt\/prodotti\/finish-styling-pt\/bizarre-sea-salt-spray-marinho-texturizante\/"]}]},{"@type":"ImageObject","inLanguage":"pt-PT","@id":"https:\/\/paulrivera.it\/pt-pt\/prodotti\/finish-styling-pt\/bizarre-sea-salt-spray-marinho-texturizante\/#primaryimage","url":"https:\/\/paulrivera.it\/wp-content\/uploads\/2024\/07\/606204_paul_rivera_bizarre_200ml-1.png","contentUrl":"https:\/\/paulrivera.it\/wp-content\/uploads\/2024\/07\/606204_paul_rivera_bizarre_200ml-1.png","width":800,"height":800},{"@type":"BreadcrumbList","@id":"https:\/\/paulrivera.it\/pt-pt\/prodotti\/finish-styling-pt\/bizarre-sea-salt-spray-marinho-texturizante\/#breadcrumb","itemListElement":[{"@type":"ListItem","position":1,"name":"Home","item":"https:\/\/paulrivera.it\/pt-pt\/"},{"@type":"ListItem","position":2,"name":"Pagina shop","item":"https:\/\/paulrivera.it\/prodotti\/"},{"@type":"ListItem","position":3,"name":"Bizarre Sea Salt &#8211; Spray marinho texturizante"}]},{"@type":"WebSite","@id":"https:\/\/paulrivera.it\/pt-pt\/#website","url":"https:\/\/paulrivera.it\/pt-pt\/","name":"Paul Rivera","description":"Hair Beauty Celebration","publisher":{"@id":"https:\/\/paulrivera.it\/pt-pt\/#organization"},"potentialAction":[{"@type":"SearchAction","target":{"@type":"EntryPoint","urlTemplate":"https:\/\/paulrivera.it\/pt-pt\/?s={search_term_string}"},"query-input":{"@type":"PropertyValueSpecification","valueRequired":true,"valueName":"search_term_string"}}],"inLanguage":"pt-PT"},{"@type":"Organization","@id":"https:\/\/paulrivera.it\/pt-pt\/#organization","name":"Paul Rivera","url":"https:\/\/paulrivera.it\/pt-pt\/","logo":{"@type":"ImageObject","inLanguage":"pt-PT","@id":"https:\/\/paulrivera.it\/pt-pt\/#\/schema\/logo\/image\/","url":"https:\/\/paulrivera.it\/wp-content\/uploads\/2020\/02\/paul_rivera_logo_header_x2.png","contentUrl":"https:\/\/paulrivera.it\/wp-content\/uploads\/2020\/02\/paul_rivera_logo_header_x2.png","width":470,"height":60,"caption":"Paul Rivera"},"image":{"@id":"https:\/\/paulrivera.it\/pt-pt\/#\/schema\/logo\/image\/"}}]}},"_links":{"self":[{"href":"https:\/\/paulrivera.it\/pt-pt\/wp-json\/wp\/v2\/product\/11086","targetHints":{"allow":["GET"]}}],"collection":[{"href":"https:\/\/paulrivera.it\/pt-pt\/wp-json\/wp\/v2\/product"}],"about":[{"href":"https:\/\/paulrivera.it\/pt-pt\/wp-json\/wp\/v2\/types\/product"}],"wp:featuredmedia":[{"embeddable":true,"href":"https:\/\/paulrivera.it\/pt-pt\/wp-json\/wp\/v2\/media\/11093"}],"wp:attachment":[{"href":"https:\/\/paulrivera.it\/pt-pt\/wp-json\/wp\/v2\/media?parent=11086"}],"wp:term":[{"taxonomy":"product_brand","embeddable":true,"href":"https:\/\/paulrivera.it\/pt-pt\/wp-json\/wp\/v2\/product_brand?post=11086"},{"taxonomy":"product_cat","embeddable":true,"href":"https:\/\/paulrivera.it\/pt-pt\/wp-json\/wp\/v2\/product_cat?post=11086"},{"taxonomy":"product_tag","embeddable":true,"href":"https:\/\/paulrivera.it\/pt-pt\/wp-json\/wp\/v2\/product_tag?post=11086"}],"curies":[{"name":"wp","href":"https:\/\/api.w.org\/{rel}","templated":true}]}}