{"id":15977,"date":"2025-10-06T16:15:14","date_gmt":"2025-10-06T14:15:14","guid":{"rendered":"https:\/\/paulrivera.it\/?post_type=product&#038;p=15977"},"modified":"2025-10-07T14:34:34","modified_gmt":"2025-10-07T12:34:34","slug":"argan-devotion-shampoo-sublimador-2","status":"publish","type":"product","link":"https:\/\/paulrivera.it\/pt-pt\/prodotti\/tratamentos\/argan-devotion-cabelos-secos-e-sem-brilho\/argan-devotion-shampoo-sublimador-2\/","title":{"rendered":"Argan Devotion &#8211; Shampoo Sublimador"},"content":{"rendered":"<div class=\"wpb-content-wrapper\"><p>[vc_row full_width=&#8221;stretch_row&#8221;][vc_column][vc_row_inner el_id=&#8221;desktop&#8221;][vc_column_inner width=&#8221;1\/2&#8243; css=&#8221;.vc_custom_1582194227194{padding-top: 10% !important;padding-right: 10% !important;padding-bottom: 10% !important;padding-left: 30% !important;}&#8221; offset=&#8221;vc_hidden-md vc_hidden-sm vc_hidden-xs&#8221;][vc_column_text css=&#8221;&#8221;]<\/p>\n<h1>Ir\u00e1 am\u00e1-lo porque<\/h1>\n<ul>\n<li><span style=\"font-weight: 400;\">Devolve o brilho aos cabelos opacos<\/span><\/li>\n<li><span style=\"font-weight: 400;\">Restaura maciez e sedosidade<\/span><\/li>\n<li><span style=\"font-weight: 400;\">N\u00e3o pesa nos fios<\/span><\/li>\n<li><span style=\"font-weight: 400;\">Elimina o frizz<\/span><span style=\"font-weight: 400;\"><br \/>\n<\/span><\/li>\n<\/ul>\n<p>[\/vc_column_text][vc_column_text css=&#8221;&#8221;]<\/p>\n<h1>Ativos na f\u00f3rmula<\/h1>\n<ul>\n<li><span style=\"font-weight: 400;\"><strong>\u00d3leo de Argan<\/strong>: rico em vitamina E, \u00f4mega 3 e \u00f4mega 6. Conhecido por suas propriedades extraordin\u00e1rias de <\/span><span style=\"font-weight: 400;\">ilumina\u00e7\u00e3o, hidrata\u00e7\u00e3o e antioxidantes.<\/span><\/li>\n<\/ul>\n<p>[\/vc_column_text][vc_column_text css=&#8221;&#8221;]<\/p>\n<h1>Como usar<\/h1>\n<p><span style=\"font-weight: 400;\">Aplicar nos cabelos molhados, massagear delicadamente at\u00e9 formar uma espuma macia e enxaguar bem. <\/span><span style=\"font-weight: 400;\">Repetir se necess\u00e1rio.<\/span>[\/vc_column_text][\/vc_column_inner][vc_column_inner width=&#8221;1\/2&#8243; css=&#8221;.vc_custom_1759759165628{background: #FFFFFF url(https:\/\/paulrivera.it\/wp-content\/uploads\/2025\/09\/background_adv_product_argan_devotion.png?id=15821) !important;background-position: center !important;background-repeat: no-repeat !important;background-size: cover !important;}&#8221; offset=&#8221;vc_hidden-md vc_hidden-sm vc_hidden-xs&#8221;][vc_single_image image=&#8221;15779&#8243; img_size=&#8221;large&#8221; alignment=&#8221;center&#8221; css=&#8221;&#8221;][\/vc_column_inner][\/vc_row_inner][vc_row_inner el_id=&#8221;tablet&#8221;][vc_column_inner offset=&#8221;vc_hidden-lg vc_hidden-xs&#8221;][vc_column_text css=&#8221;&#8221;]<\/p>\n<h1>Ir\u00e1 am\u00e1-lo porque<\/h1>\n<ul>\n<li><span style=\"font-weight: 400;\">Devolve o brilho aos cabelos opacos<\/span><\/li>\n<li><span style=\"font-weight: 400;\">Restaura maciez e sedosidade<\/span><\/li>\n<li><span style=\"font-weight: 400;\">N\u00e3o pesa nos fios<\/span><\/li>\n<li><span style=\"font-weight: 400;\">Elimina o frizz<\/span><span style=\"font-weight: 400;\"><br \/>\n<\/span><\/li>\n<\/ul>\n<p>[\/vc_column_text][vc_column_text css=&#8221;&#8221;]<\/p>\n<h1>Ativos na f\u00f3rmula<\/h1>\n<ul>\n<li><span style=\"font-weight: 400;\"><strong>\u00d3leo de Argan<\/strong>: rico em vitamina E, \u00f4mega 3 e \u00f4mega 6. Conhecido por suas propriedades extraordin\u00e1rias de <\/span><span style=\"font-weight: 400;\">ilumina\u00e7\u00e3o, hidrata\u00e7\u00e3o e antioxidantes.<\/span><\/li>\n<\/ul>\n<p>[\/vc_column_text][vc_column_text css=&#8221;&#8221;]<\/p>\n<h1>Como usar<\/h1>\n<p><span style=\"font-weight: 400;\">Aplicar nos cabelos molhados, massagear delicadamente at\u00e9 formar uma espuma macia e enxaguar bem. <\/span><span style=\"font-weight: 400;\">Repetir se necess\u00e1rio.<\/span>[\/vc_column_text][\/vc_column_inner][\/vc_row_inner][vc_row_inner el_id=&#8221;mobile&#8221;][vc_column_inner width=&#8221;1\/2&#8243; offset=&#8221;vc_hidden-lg vc_hidden-md vc_hidden-sm&#8221;][vc_column_text css=&#8221;&#8221;]<\/p>\n<h1>Ir\u00e1 am\u00e1-lo porque<\/h1>\n<ul>\n<li><span style=\"font-weight: 400;\">Devolve o brilho aos cabelos opacos<\/span><\/li>\n<li><span style=\"font-weight: 400;\">Restaura maciez e sedosidade<\/span><\/li>\n<li><span style=\"font-weight: 400;\">N\u00e3o pesa nos fios<\/span><\/li>\n<li><span style=\"font-weight: 400;\">Elimina o frizz<\/span><span style=\"font-weight: 400;\"><br \/>\n<\/span><\/li>\n<\/ul>\n<p>[\/vc_column_text][vc_column_text css=&#8221;&#8221;]<\/p>\n<h1>Ativos na f\u00f3rmula<\/h1>\n<ul>\n<li><span style=\"font-weight: 400;\"><strong>\u00d3leo de Argan<\/strong>: rico em vitamina E, \u00f4mega 3 e \u00f4mega 6. Conhecido por suas propriedades extraordin\u00e1rias de <\/span><span style=\"font-weight: 400;\">ilumina\u00e7\u00e3o, hidrata\u00e7\u00e3o e antioxidantes.<\/span><\/li>\n<\/ul>\n<p>[\/vc_column_text][vc_column_text css=&#8221;&#8221;]<\/p>\n<h1>Como usar<\/h1>\n<p><span style=\"font-weight: 400;\">Aplicar nos cabelos molhados, massagear delicadamente at\u00e9 formar uma espuma macia e enxaguar bem. <\/span><span style=\"font-weight: 400;\">Repetir se necess\u00e1rio.<\/span>[\/vc_column_text][\/vc_column_inner][vc_column_inner width=&#8221;1\/2&#8243; css=&#8221;.vc_custom_1759759241723{background: #FFFFFF url(https:\/\/paulrivera.it\/wp-content\/uploads\/2025\/09\/background_adv_product_argan_devotion.png?id=15821) !important;background-position: center !important;background-repeat: no-repeat !important;background-size: cover !important;}&#8221; offset=&#8221;vc_hidden-lg vc_hidden-md vc_hidden-sm&#8221;][vc_single_image image=&#8221;15779&#8243; img_size=&#8221;large&#8221; alignment=&#8221;center&#8221; css=&#8221;&#8221;][\/vc_column_inner][\/vc_row_inner][\/vc_column][\/vc_row][vc_row css=&#8221;.vc_custom_1582192829011{padding-top: 50px !important;}&#8221;][vc_column][vc_row_inner][vc_column_inner][vc_column_text]<\/p>\n<h1 style=\"text-align: center;\">Produtos relacionados<\/h1>\n<p>[\/vc_column_text][\/vc_column_inner][\/vc_row_inner][vc_raw_html css=&#8221;&#8221;]JTVCd3BiLXByb2R1Y3Qtc2xpZGVyLXNob3J0Y29kZSUyMGlkJTNEJTIyMTYwMTklMjIlNUQ=[\/vc_raw_html][\/vc_column][\/vc_row]<\/p>\n<\/div>","protected":false},"excerpt":{"rendered":"<p><span style=\"font-weight: 400;\">Um shampoo que transforma a limpeza em um verdadeiro ritual de beleza. Argan Devotion limpa suavemente, <\/span><span style=\"font-weight: 400;\"><strong>respeitando a estrutura do cabelo e removendo impurezas<\/strong> sem comprometer a hidrata\u00e7\u00e3o natural. <\/span><span style=\"font-weight: 400;\">Os cabelos ficam <strong>mais macios e brilhantes<\/strong> desde a primeira lavagem.<\/span><span style=\"font-weight: 400;\"><br \/>\n<\/span><span style=\"font-weight: 400;\"><br \/>\n<\/span><span style=\"font-weight: 400;\">300 ml<\/span><\/p>\n<p>&nbsp;<\/p>\n<p class=\"p1\">[maxbutton id=\"6\"]<\/p>\n","protected":false},"featured_media":15863,"template":"","meta":[],"product_brand":[],"product_cat":[2109,376],"product_tag":[],"class_list":{"0":"post-15977","1":"product","2":"type-product","3":"status-publish","4":"has-post-thumbnail","6":"product_cat-argan-devotion-cabelos-secos-e-sem-brilho","7":"product_cat-tratamentos","8":"description-off","10":"first","11":"instock","12":"shipping-taxable","13":"product-type-simple"},"yoast_head":"<!-- This site is optimized with the Yoast SEO plugin v27.2 - https:\/\/yoast.com\/product\/yoast-seo-wordpress\/ -->\n<title>Argan Devotion - Shampoo Sublimador - Paul Rivera<\/title>\n<meta name=\"description\" content=\"Argan Devotion limpa suavemente, respeitando a estrutura do cabelo e removendo impurezas sem comprometer a hidrata\u00e7\u00e3o natural.\" \/>\n<meta name=\"robots\" content=\"index, follow, max-snippet:-1, max-image-preview:large, max-video-preview:-1\" \/>\n<link rel=\"canonical\" href=\"https:\/\/paulrivera.it\/pt-pt\/prodotti\/tratamentos\/argan-devotion-cabelos-secos-e-sem-brilho\/argan-devotion-shampoo-sublimador-2\/\" \/>\n<meta property=\"og:locale\" content=\"pt_PT\" \/>\n<meta property=\"og:type\" content=\"article\" \/>\n<meta property=\"og:title\" content=\"Argan Devotion - Shampoo Sublimador - Paul Rivera\" \/>\n<meta property=\"og:description\" content=\"Argan Devotion limpa suavemente, respeitando a estrutura do cabelo e removendo impurezas sem comprometer a hidrata\u00e7\u00e3o natural.\" \/>\n<meta property=\"og:url\" content=\"https:\/\/paulrivera.it\/pt-pt\/prodotti\/tratamentos\/argan-devotion-cabelos-secos-e-sem-brilho\/argan-devotion-shampoo-sublimador-2\/\" \/>\n<meta property=\"og:site_name\" content=\"Paul Rivera\" \/>\n<meta property=\"article:modified_time\" content=\"2025-10-07T12:34:34+00:00\" \/>\n<meta property=\"og:image\" content=\"https:\/\/paulrivera.it\/wp-content\/uploads\/2025\/09\/605276-paul-rivera-argan-devotion-shampoo-300ml.png\" \/>\n\t<meta property=\"og:image:width\" content=\"800\" \/>\n\t<meta property=\"og:image:height\" content=\"800\" \/>\n\t<meta property=\"og:image:type\" content=\"image\/png\" \/>\n<meta name=\"twitter:card\" content=\"summary_large_image\" \/>\n<meta name=\"twitter:label1\" content=\"Est. reading time\" \/>\n\t<meta name=\"twitter:data1\" content=\"3 minutes\" \/>\n<script type=\"application\/ld+json\" class=\"yoast-schema-graph\">{\"@context\":\"https:\/\/schema.org\",\"@graph\":[{\"@type\":\"WebPage\",\"@id\":\"https:\/\/paulrivera.it\/pt-pt\/prodotti\/tratamentos\/argan-devotion-cabelos-secos-e-sem-brilho\/argan-devotion-shampoo-sublimador-2\/\",\"url\":\"https:\/\/paulrivera.it\/pt-pt\/prodotti\/tratamentos\/argan-devotion-cabelos-secos-e-sem-brilho\/argan-devotion-shampoo-sublimador-2\/\",\"name\":\"Argan Devotion - Shampoo Sublimador - Paul Rivera\",\"isPartOf\":{\"@id\":\"https:\/\/paulrivera.it\/pt-pt\/#website\"},\"primaryImageOfPage\":{\"@id\":\"https:\/\/paulrivera.it\/pt-pt\/prodotti\/tratamentos\/argan-devotion-cabelos-secos-e-sem-brilho\/argan-devotion-shampoo-sublimador-2\/#primaryimage\"},\"image\":{\"@id\":\"https:\/\/paulrivera.it\/pt-pt\/prodotti\/tratamentos\/argan-devotion-cabelos-secos-e-sem-brilho\/argan-devotion-shampoo-sublimador-2\/#primaryimage\"},\"thumbnailUrl\":\"https:\/\/paulrivera.it\/wp-content\/uploads\/2025\/09\/605276-paul-rivera-argan-devotion-shampoo-300ml.png\",\"datePublished\":\"2025-10-06T14:15:14+00:00\",\"dateModified\":\"2025-10-07T12:34:34+00:00\",\"description\":\"Argan Devotion limpa suavemente, respeitando a estrutura do cabelo e removendo impurezas sem comprometer a hidrata\u00e7\u00e3o natural.\",\"breadcrumb\":{\"@id\":\"https:\/\/paulrivera.it\/pt-pt\/prodotti\/tratamentos\/argan-devotion-cabelos-secos-e-sem-brilho\/argan-devotion-shampoo-sublimador-2\/#breadcrumb\"},\"inLanguage\":\"pt-PT\",\"potentialAction\":[{\"@type\":\"ReadAction\",\"target\":[\"https:\/\/paulrivera.it\/pt-pt\/prodotti\/tratamentos\/argan-devotion-cabelos-secos-e-sem-brilho\/argan-devotion-shampoo-sublimador-2\/\"]}]},{\"@type\":\"ImageObject\",\"inLanguage\":\"pt-PT\",\"@id\":\"https:\/\/paulrivera.it\/pt-pt\/prodotti\/tratamentos\/argan-devotion-cabelos-secos-e-sem-brilho\/argan-devotion-shampoo-sublimador-2\/#primaryimage\",\"url\":\"https:\/\/paulrivera.it\/wp-content\/uploads\/2025\/09\/605276-paul-rivera-argan-devotion-shampoo-300ml.png\",\"contentUrl\":\"https:\/\/paulrivera.it\/wp-content\/uploads\/2025\/09\/605276-paul-rivera-argan-devotion-shampoo-300ml.png\",\"width\":800,\"height\":800},{\"@type\":\"BreadcrumbList\",\"@id\":\"https:\/\/paulrivera.it\/pt-pt\/prodotti\/tratamentos\/argan-devotion-cabelos-secos-e-sem-brilho\/argan-devotion-shampoo-sublimador-2\/#breadcrumb\",\"itemListElement\":[{\"@type\":\"ListItem\",\"position\":1,\"name\":\"Home\",\"item\":\"https:\/\/paulrivera.it\/pt-pt\/\"},{\"@type\":\"ListItem\",\"position\":2,\"name\":\"Pagina shop\",\"item\":\"https:\/\/paulrivera.it\/prodotti\/\"},{\"@type\":\"ListItem\",\"position\":3,\"name\":\"Argan Devotion &#8211; Shampoo Sublimador\"}]},{\"@type\":\"WebSite\",\"@id\":\"https:\/\/paulrivera.it\/pt-pt\/#website\",\"url\":\"https:\/\/paulrivera.it\/pt-pt\/\",\"name\":\"Paul Rivera\",\"description\":\"Hair Beauty Celebration\",\"publisher\":{\"@id\":\"https:\/\/paulrivera.it\/pt-pt\/#organization\"},\"potentialAction\":[{\"@type\":\"SearchAction\",\"target\":{\"@type\":\"EntryPoint\",\"urlTemplate\":\"https:\/\/paulrivera.it\/pt-pt\/?s={search_term_string}\"},\"query-input\":{\"@type\":\"PropertyValueSpecification\",\"valueRequired\":true,\"valueName\":\"search_term_string\"}}],\"inLanguage\":\"pt-PT\"},{\"@type\":\"Organization\",\"@id\":\"https:\/\/paulrivera.it\/pt-pt\/#organization\",\"name\":\"Paul Rivera\",\"url\":\"https:\/\/paulrivera.it\/pt-pt\/\",\"logo\":{\"@type\":\"ImageObject\",\"inLanguage\":\"pt-PT\",\"@id\":\"https:\/\/paulrivera.it\/pt-pt\/#\/schema\/logo\/image\/\",\"url\":\"https:\/\/paulrivera.it\/wp-content\/uploads\/2020\/02\/paul_rivera_logo_header_x2.png\",\"contentUrl\":\"https:\/\/paulrivera.it\/wp-content\/uploads\/2020\/02\/paul_rivera_logo_header_x2.png\",\"width\":470,\"height\":60,\"caption\":\"Paul Rivera\"},\"image\":{\"@id\":\"https:\/\/paulrivera.it\/pt-pt\/#\/schema\/logo\/image\/\"}}]}<\/script>\n<!-- \/ Yoast SEO plugin. -->","yoast_head_json":{"title":"Argan Devotion - Shampoo Sublimador - Paul Rivera","description":"Argan Devotion limpa suavemente, respeitando a estrutura do cabelo e removendo impurezas sem comprometer a hidrata\u00e7\u00e3o natural.","robots":{"index":"index","follow":"follow","max-snippet":"max-snippet:-1","max-image-preview":"max-image-preview:large","max-video-preview":"max-video-preview:-1"},"canonical":"https:\/\/paulrivera.it\/pt-pt\/prodotti\/tratamentos\/argan-devotion-cabelos-secos-e-sem-brilho\/argan-devotion-shampoo-sublimador-2\/","og_locale":"pt_PT","og_type":"article","og_title":"Argan Devotion - Shampoo Sublimador - Paul Rivera","og_description":"Argan Devotion limpa suavemente, respeitando a estrutura do cabelo e removendo impurezas sem comprometer a hidrata\u00e7\u00e3o natural.","og_url":"https:\/\/paulrivera.it\/pt-pt\/prodotti\/tratamentos\/argan-devotion-cabelos-secos-e-sem-brilho\/argan-devotion-shampoo-sublimador-2\/","og_site_name":"Paul Rivera","article_modified_time":"2025-10-07T12:34:34+00:00","og_image":[{"width":800,"height":800,"url":"https:\/\/paulrivera.it\/wp-content\/uploads\/2025\/09\/605276-paul-rivera-argan-devotion-shampoo-300ml.png","type":"image\/png"}],"twitter_card":"summary_large_image","twitter_misc":{"Est. reading time":"3 minutes"},"schema":{"@context":"https:\/\/schema.org","@graph":[{"@type":"WebPage","@id":"https:\/\/paulrivera.it\/pt-pt\/prodotti\/tratamentos\/argan-devotion-cabelos-secos-e-sem-brilho\/argan-devotion-shampoo-sublimador-2\/","url":"https:\/\/paulrivera.it\/pt-pt\/prodotti\/tratamentos\/argan-devotion-cabelos-secos-e-sem-brilho\/argan-devotion-shampoo-sublimador-2\/","name":"Argan Devotion - Shampoo Sublimador - Paul Rivera","isPartOf":{"@id":"https:\/\/paulrivera.it\/pt-pt\/#website"},"primaryImageOfPage":{"@id":"https:\/\/paulrivera.it\/pt-pt\/prodotti\/tratamentos\/argan-devotion-cabelos-secos-e-sem-brilho\/argan-devotion-shampoo-sublimador-2\/#primaryimage"},"image":{"@id":"https:\/\/paulrivera.it\/pt-pt\/prodotti\/tratamentos\/argan-devotion-cabelos-secos-e-sem-brilho\/argan-devotion-shampoo-sublimador-2\/#primaryimage"},"thumbnailUrl":"https:\/\/paulrivera.it\/wp-content\/uploads\/2025\/09\/605276-paul-rivera-argan-devotion-shampoo-300ml.png","datePublished":"2025-10-06T14:15:14+00:00","dateModified":"2025-10-07T12:34:34+00:00","description":"Argan Devotion limpa suavemente, respeitando a estrutura do cabelo e removendo impurezas sem comprometer a hidrata\u00e7\u00e3o natural.","breadcrumb":{"@id":"https:\/\/paulrivera.it\/pt-pt\/prodotti\/tratamentos\/argan-devotion-cabelos-secos-e-sem-brilho\/argan-devotion-shampoo-sublimador-2\/#breadcrumb"},"inLanguage":"pt-PT","potentialAction":[{"@type":"ReadAction","target":["https:\/\/paulrivera.it\/pt-pt\/prodotti\/tratamentos\/argan-devotion-cabelos-secos-e-sem-brilho\/argan-devotion-shampoo-sublimador-2\/"]}]},{"@type":"ImageObject","inLanguage":"pt-PT","@id":"https:\/\/paulrivera.it\/pt-pt\/prodotti\/tratamentos\/argan-devotion-cabelos-secos-e-sem-brilho\/argan-devotion-shampoo-sublimador-2\/#primaryimage","url":"https:\/\/paulrivera.it\/wp-content\/uploads\/2025\/09\/605276-paul-rivera-argan-devotion-shampoo-300ml.png","contentUrl":"https:\/\/paulrivera.it\/wp-content\/uploads\/2025\/09\/605276-paul-rivera-argan-devotion-shampoo-300ml.png","width":800,"height":800},{"@type":"BreadcrumbList","@id":"https:\/\/paulrivera.it\/pt-pt\/prodotti\/tratamentos\/argan-devotion-cabelos-secos-e-sem-brilho\/argan-devotion-shampoo-sublimador-2\/#breadcrumb","itemListElement":[{"@type":"ListItem","position":1,"name":"Home","item":"https:\/\/paulrivera.it\/pt-pt\/"},{"@type":"ListItem","position":2,"name":"Pagina shop","item":"https:\/\/paulrivera.it\/prodotti\/"},{"@type":"ListItem","position":3,"name":"Argan Devotion &#8211; Shampoo Sublimador"}]},{"@type":"WebSite","@id":"https:\/\/paulrivera.it\/pt-pt\/#website","url":"https:\/\/paulrivera.it\/pt-pt\/","name":"Paul Rivera","description":"Hair Beauty Celebration","publisher":{"@id":"https:\/\/paulrivera.it\/pt-pt\/#organization"},"potentialAction":[{"@type":"SearchAction","target":{"@type":"EntryPoint","urlTemplate":"https:\/\/paulrivera.it\/pt-pt\/?s={search_term_string}"},"query-input":{"@type":"PropertyValueSpecification","valueRequired":true,"valueName":"search_term_string"}}],"inLanguage":"pt-PT"},{"@type":"Organization","@id":"https:\/\/paulrivera.it\/pt-pt\/#organization","name":"Paul Rivera","url":"https:\/\/paulrivera.it\/pt-pt\/","logo":{"@type":"ImageObject","inLanguage":"pt-PT","@id":"https:\/\/paulrivera.it\/pt-pt\/#\/schema\/logo\/image\/","url":"https:\/\/paulrivera.it\/wp-content\/uploads\/2020\/02\/paul_rivera_logo_header_x2.png","contentUrl":"https:\/\/paulrivera.it\/wp-content\/uploads\/2020\/02\/paul_rivera_logo_header_x2.png","width":470,"height":60,"caption":"Paul Rivera"},"image":{"@id":"https:\/\/paulrivera.it\/pt-pt\/#\/schema\/logo\/image\/"}}]}},"_links":{"self":[{"href":"https:\/\/paulrivera.it\/pt-pt\/wp-json\/wp\/v2\/product\/15977","targetHints":{"allow":["GET"]}}],"collection":[{"href":"https:\/\/paulrivera.it\/pt-pt\/wp-json\/wp\/v2\/product"}],"about":[{"href":"https:\/\/paulrivera.it\/pt-pt\/wp-json\/wp\/v2\/types\/product"}],"wp:featuredmedia":[{"embeddable":true,"href":"https:\/\/paulrivera.it\/pt-pt\/wp-json\/wp\/v2\/media\/15863"}],"wp:attachment":[{"href":"https:\/\/paulrivera.it\/pt-pt\/wp-json\/wp\/v2\/media?parent=15977"}],"wp:term":[{"taxonomy":"product_brand","embeddable":true,"href":"https:\/\/paulrivera.it\/pt-pt\/wp-json\/wp\/v2\/product_brand?post=15977"},{"taxonomy":"product_cat","embeddable":true,"href":"https:\/\/paulrivera.it\/pt-pt\/wp-json\/wp\/v2\/product_cat?post=15977"},{"taxonomy":"product_tag","embeddable":true,"href":"https:\/\/paulrivera.it\/pt-pt\/wp-json\/wp\/v2\/product_tag?post=15977"}],"curies":[{"name":"wp","href":"https:\/\/api.w.org\/{rel}","templated":true}]}}