{"id":16417,"date":"2025-12-12T10:14:19","date_gmt":"2025-12-12T09:14:19","guid":{"rendered":"https:\/\/paulrivera.it\/?post_type=product&#038;p=16417"},"modified":"2025-12-12T11:04:42","modified_gmt":"2025-12-12T10:04:42","slug":"miracle-booster-mascara-corporizante-2","status":"publish","type":"product","link":"https:\/\/paulrivera.it\/pt-pt\/prodotti\/tratamentos\/miracle-boost-tratamento-corporizante\/miracle-booster-mascara-corporizante-2\/","title":{"rendered":"Miracle Booster &#8211; M\u00e1scara Corporizante"},"content":{"rendered":"<div class=\"wpb-content-wrapper\"><p>[vc_row full_width=&#8221;stretch_row&#8221;][vc_column][vc_row_inner el_id=&#8221;desktop&#8221;][vc_column_inner width=&#8221;1\/2&#8243; css=&#8221;.vc_custom_1582194227194{padding-top: 10% !important;padding-right: 10% !important;padding-bottom: 10% !important;padding-left: 30% !important;}&#8221; offset=&#8221;vc_hidden-md vc_hidden-sm vc_hidden-xs&#8221;][vc_column_text css=&#8221;&#8221;]<\/p>\n<h1>Ir\u00e1 am\u00e1-lo porque<\/h1>\n<ul>\n<li><span style=\"font-weight: 400;\">Proporciona suavidade e sedosidade imediatas<\/span><\/li>\n<li><span style=\"font-weight: 400;\">Preenche cabelos finos e danificados<\/span><\/li>\n<li><span style=\"font-weight: 400;\">Aumenta a elasticidade e o corpo da fibra capilar<\/span><\/li>\n<li><span style=\"font-weight: 400;\">Melhora o aspeto dos comprimentos desde a primeira aplica\u00e7\u00e3o<\/span><\/li>\n<\/ul>\n<p>[\/vc_column_text][vc_column_text css=&#8221;&#8221;]<\/p>\n<h1>Ativos na f\u00f3rmula<\/h1>\n<ul>\n<li><b>Prote\u00ednas do Algod\u00e3o:<\/b><span style=\"font-weight: 400;\"> envolvem delicadamente a fibra capilar, deixando o cabelo super sedoso e macio ao toque, sem pesar.<\/span><\/li>\n<li><b>\u00c1cido Hialur\u00f3nico:<\/b><span style=\"font-weight: 400;\"> atua como um verdadeiro preenchedor capilar, preenchendo a fibra desde o interior e proporcionando hidrata\u00e7\u00e3o e elasticidade.<\/span><\/li>\n<\/ul>\n<p>[\/vc_column_text][vc_column_text css=&#8221;&#8221;]<\/p>\n<h1>Como usar<\/h1>\n<p><span style=\"font-weight: 400;\">Aplicar a M\u00e1scara Corporizante nos comprimentos e pontas. Deixar atuar por 5 minutos e enxaguar.<\/span>[\/vc_column_text][\/vc_column_inner][vc_column_inner width=&#8221;1\/2&#8243; css=&#8221;.vc_custom_1765460801743{background-color: #E4BBC5 !important;background-position: center !important;background-repeat: no-repeat !important;background-size: cover !important;}&#8221; offset=&#8221;vc_hidden-md vc_hidden-sm vc_hidden-xs&#8221;][vc_single_image image=&#8221;16244&#8243; img_size=&#8221;large&#8221; alignment=&#8221;center&#8221; css=&#8221;&#8221;][\/vc_column_inner][\/vc_row_inner][vc_row_inner el_id=&#8221;tablet&#8221;][vc_column_inner offset=&#8221;vc_hidden-lg vc_hidden-xs&#8221;][vc_column_text css=&#8221;&#8221;]<\/p>\n<h1>Ir\u00e1 am\u00e1-lo porque<\/h1>\n<ul>\n<li><span style=\"font-weight: 400;\">Proporciona suavidade e sedosidade imediatas<\/span><\/li>\n<li><span style=\"font-weight: 400;\">Preenche cabelos finos e danificados<\/span><\/li>\n<li><span style=\"font-weight: 400;\">Aumenta a elasticidade e o corpo da fibra capilar<\/span><\/li>\n<li><span style=\"font-weight: 400;\">Melhora o aspeto dos comprimentos desde a primeira aplica\u00e7\u00e3o<\/span><\/li>\n<\/ul>\n<p>[\/vc_column_text][vc_column_text css=&#8221;&#8221;]<\/p>\n<h1>Ativos na f\u00f3rmula<\/h1>\n<ul>\n<li><b>Prote\u00ednas do Algod\u00e3o:<\/b><span style=\"font-weight: 400;\"> envolvem delicadamente a fibra capilar, deixando o cabelo super sedoso e macio ao toque, sem pesar.<\/span><\/li>\n<li><b>\u00c1cido Hialur\u00f3nico:<\/b><span style=\"font-weight: 400;\"> atua como um verdadeiro preenchedor capilar, preenchendo a fibra desde o interior e proporcionando hidrata\u00e7\u00e3o e elasticidade.<\/span><\/li>\n<\/ul>\n<p>[\/vc_column_text][vc_column_text css=&#8221;&#8221;]<\/p>\n<h1>Como usar<\/h1>\n<p><span style=\"font-weight: 400;\">Aplicar a M\u00e1scara Corporizante nos comprimentos e pontas. Deixar atuar por 5 minutos e enxaguar.<\/span>[\/vc_column_text][\/vc_column_inner][\/vc_row_inner][vc_row_inner el_id=&#8221;mobile&#8221;][vc_column_inner width=&#8221;1\/2&#8243; offset=&#8221;vc_hidden-lg vc_hidden-md vc_hidden-sm&#8221;][vc_column_text css=&#8221;&#8221;]<\/p>\n<h1>Ir\u00e1 am\u00e1-lo porque<\/h1>\n<ul>\n<li><span style=\"font-weight: 400;\">Proporciona suavidade e sedosidade imediatas<\/span><\/li>\n<li><span style=\"font-weight: 400;\">Preenche cabelos finos e danificados<\/span><\/li>\n<li><span style=\"font-weight: 400;\">Aumenta a elasticidade e o corpo da fibra capilar<\/span><\/li>\n<li><span style=\"font-weight: 400;\">Melhora o aspeto dos comprimentos desde a primeira aplica\u00e7\u00e3o<\/span><\/li>\n<\/ul>\n<p>[\/vc_column_text][vc_column_text css=&#8221;&#8221;]<\/p>\n<h1>Ativos na f\u00f3rmula<\/h1>\n<ul>\n<li><b>Prote\u00ednas do Algod\u00e3o:<\/b><span style=\"font-weight: 400;\"> envolvem delicadamente a fibra capilar, deixando o cabelo super sedoso e macio ao toque, sem pesar.<\/span><\/li>\n<li><b>\u00c1cido Hialur\u00f3nico:<\/b><span style=\"font-weight: 400;\"> atua como um verdadeiro preenchedor capilar, preenchendo a fibra desde o interior e proporcionando hidrata\u00e7\u00e3o e elasticidade.<\/span><\/li>\n<\/ul>\n<p>[\/vc_column_text][vc_column_text css=&#8221;&#8221;]<\/p>\n<h1>Como usar<\/h1>\n<p><span style=\"font-weight: 400;\">Aplicar a M\u00e1scara Corporizante nos comprimentos e pontas. Deixar atuar por 5 minutos e enxaguar.<\/span>[\/vc_column_text][\/vc_column_inner][vc_column_inner width=&#8221;1\/2&#8243; css=&#8221;.vc_custom_1765460991805{background-color: #E4BBC5 !important;background-position: center !important;background-repeat: no-repeat !important;background-size: cover !important;}&#8221; offset=&#8221;vc_hidden-lg vc_hidden-md vc_hidden-sm&#8221;][vc_single_image image=&#8221;16244&#8243; img_size=&#8221;large&#8221; alignment=&#8221;center&#8221; css=&#8221;&#8221;][\/vc_column_inner][\/vc_row_inner][\/vc_column][\/vc_row][vc_row css=&#8221;.vc_custom_1582192829011{padding-top: 50px !important;}&#8221;][vc_column][vc_row_inner][vc_column_inner][vc_column_text]<\/p>\n<h1 style=\"text-align: center;\">Produtos relacionados<\/h1>\n<p>[\/vc_column_text][\/vc_column_inner][\/vc_row_inner][vc_raw_html css=&#8221;&#8221;]JTVCd3BiLXByb2R1Y3Qtc2xpZGVyLXNob3J0Y29kZSUyMGlkJTNEJTIyMTY0MjIlMjIlNUQ=[\/vc_raw_html][\/vc_column][\/vc_row]<\/p>\n<\/div>","protected":false},"excerpt":{"rendered":"<p><span style=\"font-weight: 400;\">A M\u00e1scara Corporizante devolve vitalidade aos fios, deixando-os sedosos, hidratados e visivelmente mais encorpados. A f\u00f3rmula com \u00c1cido Hialur\u00f3nico e Prote\u00ednas do Algod\u00e3o melhora o aspeto dos comprimentos desde a primeira aplica\u00e7\u00e3o.<\/span><\/p>\n<p><span style=\"font-weight: 400;\">200 ml<\/span><\/p>\n<p>&nbsp;<\/p>\n<p class=\"p1\">[maxbutton id=\"6\"]<\/p>\n","protected":false},"featured_media":16202,"template":"","meta":[],"product_brand":[],"product_cat":[2117,376],"product_tag":[],"class_list":{"0":"post-16417","1":"product","2":"type-product","3":"status-publish","4":"has-post-thumbnail","6":"product_cat-miracle-boost-tratamento-corporizante","7":"product_cat-tratamentos","8":"description-off","10":"first","11":"instock","12":"shipping-taxable","13":"product-type-simple"},"yoast_head":"<!-- This site is optimized with the Yoast SEO plugin v27.2 - https:\/\/yoast.com\/product\/yoast-seo-wordpress\/ -->\n<title>Miracle Booster - M\u00e1scara Corporizante - Paul Rivera<\/title>\n<meta name=\"description\" content=\"A M\u00e1scara Corporizante devolve vitalidade aos fios, deixando-os sedosos, hidratados e visivelmente mais encorpados.\" \/>\n<meta name=\"robots\" content=\"index, follow, max-snippet:-1, max-image-preview:large, max-video-preview:-1\" \/>\n<link rel=\"canonical\" href=\"https:\/\/paulrivera.it\/pt-pt\/prodotti\/tratamentos\/miracle-boost-tratamento-corporizante\/miracle-booster-mascara-corporizante-2\/\" \/>\n<meta property=\"og:locale\" content=\"pt_PT\" \/>\n<meta property=\"og:type\" content=\"article\" \/>\n<meta property=\"og:title\" content=\"Miracle Booster - M\u00e1scara Corporizante - Paul Rivera\" \/>\n<meta property=\"og:description\" content=\"A M\u00e1scara Corporizante devolve vitalidade aos fios, deixando-os sedosos, hidratados e visivelmente mais encorpados.\" \/>\n<meta property=\"og:url\" content=\"https:\/\/paulrivera.it\/pt-pt\/prodotti\/tratamentos\/miracle-boost-tratamento-corporizante\/miracle-booster-mascara-corporizante-2\/\" \/>\n<meta property=\"og:site_name\" content=\"Paul Rivera\" \/>\n<meta property=\"article:modified_time\" content=\"2025-12-12T10:04:42+00:00\" \/>\n<meta property=\"og:image\" content=\"https:\/\/paulrivera.it\/wp-content\/uploads\/2025\/11\/605238-paul-rivera-miracle-boost-mask-200ml.png\" \/>\n\t<meta property=\"og:image:width\" content=\"800\" \/>\n\t<meta property=\"og:image:height\" content=\"800\" \/>\n\t<meta property=\"og:image:type\" content=\"image\/png\" \/>\n<meta name=\"twitter:card\" content=\"summary_large_image\" \/>\n<meta name=\"twitter:label1\" content=\"Est. reading time\" \/>\n\t<meta name=\"twitter:data1\" content=\"3 minutes\" \/>\n<script type=\"application\/ld+json\" class=\"yoast-schema-graph\">{\"@context\":\"https:\/\/schema.org\",\"@graph\":[{\"@type\":\"WebPage\",\"@id\":\"https:\/\/paulrivera.it\/pt-pt\/prodotti\/tratamentos\/miracle-boost-tratamento-corporizante\/miracle-booster-mascara-corporizante-2\/\",\"url\":\"https:\/\/paulrivera.it\/pt-pt\/prodotti\/tratamentos\/miracle-boost-tratamento-corporizante\/miracle-booster-mascara-corporizante-2\/\",\"name\":\"Miracle Booster - M\u00e1scara Corporizante - Paul Rivera\",\"isPartOf\":{\"@id\":\"https:\/\/paulrivera.it\/pt-pt\/#website\"},\"primaryImageOfPage\":{\"@id\":\"https:\/\/paulrivera.it\/pt-pt\/prodotti\/tratamentos\/miracle-boost-tratamento-corporizante\/miracle-booster-mascara-corporizante-2\/#primaryimage\"},\"image\":{\"@id\":\"https:\/\/paulrivera.it\/pt-pt\/prodotti\/tratamentos\/miracle-boost-tratamento-corporizante\/miracle-booster-mascara-corporizante-2\/#primaryimage\"},\"thumbnailUrl\":\"https:\/\/paulrivera.it\/wp-content\/uploads\/2025\/11\/605238-paul-rivera-miracle-boost-mask-200ml.png\",\"datePublished\":\"2025-12-12T09:14:19+00:00\",\"dateModified\":\"2025-12-12T10:04:42+00:00\",\"description\":\"A M\u00e1scara Corporizante devolve vitalidade aos fios, deixando-os sedosos, hidratados e visivelmente mais encorpados.\",\"breadcrumb\":{\"@id\":\"https:\/\/paulrivera.it\/pt-pt\/prodotti\/tratamentos\/miracle-boost-tratamento-corporizante\/miracle-booster-mascara-corporizante-2\/#breadcrumb\"},\"inLanguage\":\"pt-PT\",\"potentialAction\":[{\"@type\":\"ReadAction\",\"target\":[\"https:\/\/paulrivera.it\/pt-pt\/prodotti\/tratamentos\/miracle-boost-tratamento-corporizante\/miracle-booster-mascara-corporizante-2\/\"]}]},{\"@type\":\"ImageObject\",\"inLanguage\":\"pt-PT\",\"@id\":\"https:\/\/paulrivera.it\/pt-pt\/prodotti\/tratamentos\/miracle-boost-tratamento-corporizante\/miracle-booster-mascara-corporizante-2\/#primaryimage\",\"url\":\"https:\/\/paulrivera.it\/wp-content\/uploads\/2025\/11\/605238-paul-rivera-miracle-boost-mask-200ml.png\",\"contentUrl\":\"https:\/\/paulrivera.it\/wp-content\/uploads\/2025\/11\/605238-paul-rivera-miracle-boost-mask-200ml.png\",\"width\":800,\"height\":800},{\"@type\":\"BreadcrumbList\",\"@id\":\"https:\/\/paulrivera.it\/pt-pt\/prodotti\/tratamentos\/miracle-boost-tratamento-corporizante\/miracle-booster-mascara-corporizante-2\/#breadcrumb\",\"itemListElement\":[{\"@type\":\"ListItem\",\"position\":1,\"name\":\"Home\",\"item\":\"https:\/\/paulrivera.it\/pt-pt\/\"},{\"@type\":\"ListItem\",\"position\":2,\"name\":\"Pagina shop\",\"item\":\"https:\/\/paulrivera.it\/prodotti\/\"},{\"@type\":\"ListItem\",\"position\":3,\"name\":\"Miracle Booster &#8211; M\u00e1scara Corporizante\"}]},{\"@type\":\"WebSite\",\"@id\":\"https:\/\/paulrivera.it\/pt-pt\/#website\",\"url\":\"https:\/\/paulrivera.it\/pt-pt\/\",\"name\":\"Paul Rivera\",\"description\":\"Hair Beauty Celebration\",\"publisher\":{\"@id\":\"https:\/\/paulrivera.it\/pt-pt\/#organization\"},\"potentialAction\":[{\"@type\":\"SearchAction\",\"target\":{\"@type\":\"EntryPoint\",\"urlTemplate\":\"https:\/\/paulrivera.it\/pt-pt\/?s={search_term_string}\"},\"query-input\":{\"@type\":\"PropertyValueSpecification\",\"valueRequired\":true,\"valueName\":\"search_term_string\"}}],\"inLanguage\":\"pt-PT\"},{\"@type\":\"Organization\",\"@id\":\"https:\/\/paulrivera.it\/pt-pt\/#organization\",\"name\":\"Paul Rivera\",\"url\":\"https:\/\/paulrivera.it\/pt-pt\/\",\"logo\":{\"@type\":\"ImageObject\",\"inLanguage\":\"pt-PT\",\"@id\":\"https:\/\/paulrivera.it\/pt-pt\/#\/schema\/logo\/image\/\",\"url\":\"https:\/\/paulrivera.it\/wp-content\/uploads\/2020\/02\/paul_rivera_logo_header_x2.png\",\"contentUrl\":\"https:\/\/paulrivera.it\/wp-content\/uploads\/2020\/02\/paul_rivera_logo_header_x2.png\",\"width\":470,\"height\":60,\"caption\":\"Paul Rivera\"},\"image\":{\"@id\":\"https:\/\/paulrivera.it\/pt-pt\/#\/schema\/logo\/image\/\"}}]}<\/script>\n<!-- \/ Yoast SEO plugin. -->","yoast_head_json":{"title":"Miracle Booster - M\u00e1scara Corporizante - Paul Rivera","description":"A M\u00e1scara Corporizante devolve vitalidade aos fios, deixando-os sedosos, hidratados e visivelmente mais encorpados.","robots":{"index":"index","follow":"follow","max-snippet":"max-snippet:-1","max-image-preview":"max-image-preview:large","max-video-preview":"max-video-preview:-1"},"canonical":"https:\/\/paulrivera.it\/pt-pt\/prodotti\/tratamentos\/miracle-boost-tratamento-corporizante\/miracle-booster-mascara-corporizante-2\/","og_locale":"pt_PT","og_type":"article","og_title":"Miracle Booster - M\u00e1scara Corporizante - Paul Rivera","og_description":"A M\u00e1scara Corporizante devolve vitalidade aos fios, deixando-os sedosos, hidratados e visivelmente mais encorpados.","og_url":"https:\/\/paulrivera.it\/pt-pt\/prodotti\/tratamentos\/miracle-boost-tratamento-corporizante\/miracle-booster-mascara-corporizante-2\/","og_site_name":"Paul Rivera","article_modified_time":"2025-12-12T10:04:42+00:00","og_image":[{"width":800,"height":800,"url":"https:\/\/paulrivera.it\/wp-content\/uploads\/2025\/11\/605238-paul-rivera-miracle-boost-mask-200ml.png","type":"image\/png"}],"twitter_card":"summary_large_image","twitter_misc":{"Est. reading time":"3 minutes"},"schema":{"@context":"https:\/\/schema.org","@graph":[{"@type":"WebPage","@id":"https:\/\/paulrivera.it\/pt-pt\/prodotti\/tratamentos\/miracle-boost-tratamento-corporizante\/miracle-booster-mascara-corporizante-2\/","url":"https:\/\/paulrivera.it\/pt-pt\/prodotti\/tratamentos\/miracle-boost-tratamento-corporizante\/miracle-booster-mascara-corporizante-2\/","name":"Miracle Booster - M\u00e1scara Corporizante - Paul Rivera","isPartOf":{"@id":"https:\/\/paulrivera.it\/pt-pt\/#website"},"primaryImageOfPage":{"@id":"https:\/\/paulrivera.it\/pt-pt\/prodotti\/tratamentos\/miracle-boost-tratamento-corporizante\/miracle-booster-mascara-corporizante-2\/#primaryimage"},"image":{"@id":"https:\/\/paulrivera.it\/pt-pt\/prodotti\/tratamentos\/miracle-boost-tratamento-corporizante\/miracle-booster-mascara-corporizante-2\/#primaryimage"},"thumbnailUrl":"https:\/\/paulrivera.it\/wp-content\/uploads\/2025\/11\/605238-paul-rivera-miracle-boost-mask-200ml.png","datePublished":"2025-12-12T09:14:19+00:00","dateModified":"2025-12-12T10:04:42+00:00","description":"A M\u00e1scara Corporizante devolve vitalidade aos fios, deixando-os sedosos, hidratados e visivelmente mais encorpados.","breadcrumb":{"@id":"https:\/\/paulrivera.it\/pt-pt\/prodotti\/tratamentos\/miracle-boost-tratamento-corporizante\/miracle-booster-mascara-corporizante-2\/#breadcrumb"},"inLanguage":"pt-PT","potentialAction":[{"@type":"ReadAction","target":["https:\/\/paulrivera.it\/pt-pt\/prodotti\/tratamentos\/miracle-boost-tratamento-corporizante\/miracle-booster-mascara-corporizante-2\/"]}]},{"@type":"ImageObject","inLanguage":"pt-PT","@id":"https:\/\/paulrivera.it\/pt-pt\/prodotti\/tratamentos\/miracle-boost-tratamento-corporizante\/miracle-booster-mascara-corporizante-2\/#primaryimage","url":"https:\/\/paulrivera.it\/wp-content\/uploads\/2025\/11\/605238-paul-rivera-miracle-boost-mask-200ml.png","contentUrl":"https:\/\/paulrivera.it\/wp-content\/uploads\/2025\/11\/605238-paul-rivera-miracle-boost-mask-200ml.png","width":800,"height":800},{"@type":"BreadcrumbList","@id":"https:\/\/paulrivera.it\/pt-pt\/prodotti\/tratamentos\/miracle-boost-tratamento-corporizante\/miracle-booster-mascara-corporizante-2\/#breadcrumb","itemListElement":[{"@type":"ListItem","position":1,"name":"Home","item":"https:\/\/paulrivera.it\/pt-pt\/"},{"@type":"ListItem","position":2,"name":"Pagina shop","item":"https:\/\/paulrivera.it\/prodotti\/"},{"@type":"ListItem","position":3,"name":"Miracle Booster &#8211; M\u00e1scara Corporizante"}]},{"@type":"WebSite","@id":"https:\/\/paulrivera.it\/pt-pt\/#website","url":"https:\/\/paulrivera.it\/pt-pt\/","name":"Paul Rivera","description":"Hair Beauty Celebration","publisher":{"@id":"https:\/\/paulrivera.it\/pt-pt\/#organization"},"potentialAction":[{"@type":"SearchAction","target":{"@type":"EntryPoint","urlTemplate":"https:\/\/paulrivera.it\/pt-pt\/?s={search_term_string}"},"query-input":{"@type":"PropertyValueSpecification","valueRequired":true,"valueName":"search_term_string"}}],"inLanguage":"pt-PT"},{"@type":"Organization","@id":"https:\/\/paulrivera.it\/pt-pt\/#organization","name":"Paul Rivera","url":"https:\/\/paulrivera.it\/pt-pt\/","logo":{"@type":"ImageObject","inLanguage":"pt-PT","@id":"https:\/\/paulrivera.it\/pt-pt\/#\/schema\/logo\/image\/","url":"https:\/\/paulrivera.it\/wp-content\/uploads\/2020\/02\/paul_rivera_logo_header_x2.png","contentUrl":"https:\/\/paulrivera.it\/wp-content\/uploads\/2020\/02\/paul_rivera_logo_header_x2.png","width":470,"height":60,"caption":"Paul Rivera"},"image":{"@id":"https:\/\/paulrivera.it\/pt-pt\/#\/schema\/logo\/image\/"}}]}},"_links":{"self":[{"href":"https:\/\/paulrivera.it\/pt-pt\/wp-json\/wp\/v2\/product\/16417","targetHints":{"allow":["GET"]}}],"collection":[{"href":"https:\/\/paulrivera.it\/pt-pt\/wp-json\/wp\/v2\/product"}],"about":[{"href":"https:\/\/paulrivera.it\/pt-pt\/wp-json\/wp\/v2\/types\/product"}],"wp:featuredmedia":[{"embeddable":true,"href":"https:\/\/paulrivera.it\/pt-pt\/wp-json\/wp\/v2\/media\/16202"}],"wp:attachment":[{"href":"https:\/\/paulrivera.it\/pt-pt\/wp-json\/wp\/v2\/media?parent=16417"}],"wp:term":[{"taxonomy":"product_brand","embeddable":true,"href":"https:\/\/paulrivera.it\/pt-pt\/wp-json\/wp\/v2\/product_brand?post=16417"},{"taxonomy":"product_cat","embeddable":true,"href":"https:\/\/paulrivera.it\/pt-pt\/wp-json\/wp\/v2\/product_cat?post=16417"},{"taxonomy":"product_tag","embeddable":true,"href":"https:\/\/paulrivera.it\/pt-pt\/wp-json\/wp\/v2\/product_tag?post=16417"}],"curies":[{"name":"wp","href":"https:\/\/api.w.org\/{rel}","templated":true}]}}