{"id":2612,"date":"2020-02-18T09:26:09","date_gmt":"2020-02-18T08:26:09","guid":{"rendered":"https:\/\/paulrivera.it\/product\/wavebuild-neutralizador-para-locoes-ondulantes\/"},"modified":"2024-05-13T12:56:55","modified_gmt":"2024-05-13T10:56:55","slug":"wavebuild-neutralizador-para-locoes-ondulantes","status":"publish","type":"product","link":"https:\/\/paulrivera.it\/pt-pt\/prodotti\/tecnicos\/wavebuild-locao-ondulante\/wavebuild-neutralizador-para-locoes-ondulantes\/","title":{"rendered":"Wavebuild &#8211; Neutralizador para Lo\u00e7\u00f5es Ondulantes"},"content":{"rendered":"<div class=\"wpb-content-wrapper\"><p>[vc_row full_width=&#8221;stretch_row&#8221;][vc_column][vc_row_inner el_id=&#8221;desktop&#8221;][vc_column_inner width=&#8221;1\/2&#8243; css=&#8221;.vc_custom_1582194227194{padding-top: 10% !important;padding-right: 10% !important;padding-bottom: 10% !important;padding-left: 30% !important;}&#8221; offset=&#8221;vc_hidden-md vc_hidden-sm vc_hidden-xs&#8221;][vc_column_text]<\/p>\n<h1>Ir\u00e1 am\u00e1-lo porque<\/h1>\n<ul>\n<li>\u00c9 indispens\u00e1vel para neutralizar os res\u00edduos e estabilizar a ondula\u00e7\u00e3o<\/li>\n<li>N\u00e3o agride a fibra durante o servi\u00e7o t\u00e9cnico<\/li>\n<li>A sua f\u00f3rmula \u00e9 suavizante<\/li>\n<\/ul>\n<p>[\/vc_column_text][vc_column_text]<\/p>\n<h1>Ativos na f\u00f3rmula<\/h1>\n<ul>\n<li>Prote\u00edna de trigo: ativos com propriedades cosm\u00e9ticas excecionais, que hidratam e reestruturam os cabelos, proporcionando-lhes um toque sedoso e suave.<\/li>\n<\/ul>\n<p>[\/vc_column_text][vc_column_text]<\/p>\n<h1>Como usar<\/h1>\n<p>Uma vez findo um tempo de atua\u00e7\u00e3o da lo\u00e7\u00e3o ondulante escolhida, enxaguar durante cerca de 3 minutos com \u00e1gua morna e colocar os rolos. Ter o cuidado de saturar todos os rolos com o neutralizante e deixar atuar 5 minutos. Depois de retirar os rolos, aplique novamente o neutralizante, deixando atuar alguns minutos. Enxague cuidadosamente, fa\u00e7a um champ\u00f4 leve e, finalmente, proceda ao styling.<\/p>\n<p>[\/vc_column_text][\/vc_column_inner][vc_column_inner width=&#8221;1\/2&#8243; css=&#8221;.vc_custom_1582194232021{background-image: url(https:\/\/paulrivera.it\/wp-content\/uploads\/2020\/02\/background_adv_product.png?id=296) !important;background-position: center !important;background-repeat: no-repeat !important;background-size: cover !important;}&#8221; offset=&#8221;vc_hidden-md vc_hidden-sm vc_hidden-xs&#8221;][vc_single_image image=&#8221;2606&#8243; img_size=&#8221;large&#8221; alignment=&#8221;center&#8221;][\/vc_column_inner][\/vc_row_inner][vc_row_inner el_id=&#8221;tablet&#8221;][vc_column_inner offset=&#8221;vc_hidden-lg vc_hidden-xs&#8221;][vc_column_text]<\/p>\n<h1>Ir\u00e1 am\u00e1-lo porque<\/h1>\n<ul>\n<li>\u00c9 indispens\u00e1vel para neutralizar os res\u00edduos e estabilizar a ondula\u00e7\u00e3o<\/li>\n<li>N\u00e3o agride a fibra durante o servi\u00e7o t\u00e9cnico<\/li>\n<li>A sua f\u00f3rmula \u00e9 suavizante<\/li>\n<\/ul>\n<p>[\/vc_column_text][vc_column_text]<\/p>\n<h1>Ativos na f\u00f3rmula<\/h1>\n<ul>\n<li>Prote\u00edna de trigo: ativos com propriedades cosm\u00e9ticas excecionais, que hidratam e reestruturam os cabelos, proporcionando-lhes um toque sedoso e suave.<\/li>\n<\/ul>\n<p>[\/vc_column_text][vc_column_text]<\/p>\n<h1>Como usar<\/h1>\n<p>Uma vez findo um tempo de atua\u00e7\u00e3o da lo\u00e7\u00e3o ondulante escolhida, enxaguar durante cerca de 3 minutos com \u00e1gua morna e colocar os rolos. Ter o cuidado de saturar todos os rolos com o neutralizante e deixar atuar 5 minutos. Depois de retirar os rolos, aplique novamente o neutralizante, deixando atuar alguns minutos. Enxague cuidadosamente, fa\u00e7a um champ\u00f4 leve e, finalmente, proceda ao styling.<\/p>\n<p>[\/vc_column_text][\/vc_column_inner][\/vc_row_inner][vc_row_inner el_id=&#8221;mobile&#8221;][vc_column_inner width=&#8221;1\/2&#8243; offset=&#8221;vc_hidden-lg vc_hidden-md vc_hidden-sm&#8221;][vc_column_text]<\/p>\n<h1>Ir\u00e1 am\u00e1-lo porque<\/h1>\n<ul>\n<li>\u00c9 indispens\u00e1vel para neutralizar os res\u00edduos e estabilizar a ondula\u00e7\u00e3o<\/li>\n<li>N\u00e3o agride a fibra durante o servi\u00e7o t\u00e9cnico<\/li>\n<li>A sua f\u00f3rmula \u00e9 suavizante<\/li>\n<\/ul>\n<p>[\/vc_column_text][vc_column_text]<\/p>\n<h1>Ativos na f\u00f3rmula<\/h1>\n<ul>\n<li>Prote\u00edna de trigo: ativos com propriedades cosm\u00e9ticas excecionais, que hidratam e reestruturam os cabelos, proporcionando-lhes um toque sedoso e suave.<\/li>\n<\/ul>\n<p>[\/vc_column_text][vc_column_text]<\/p>\n<h1>Como usar<\/h1>\n<p>Uma vez findo um tempo de atua\u00e7\u00e3o da lo\u00e7\u00e3o ondulante escolhida, enxaguar durante cerca de 3 minutos com \u00e1gua morna e colocar os rolos. Ter o cuidado de saturar todos os rolos com o neutralizante e deixar atuar 5 minutos. Depois de retirar os rolos, aplique novamente o neutralizante, deixando atuar alguns minutos. Enxague cuidadosamente, fa\u00e7a um champ\u00f4 leve e, finalmente, proceda ao styling.<\/p>\n<p>[\/vc_column_text][\/vc_column_inner][vc_column_inner width=&#8221;1\/2&#8243; css=&#8221;.vc_custom_1582194178853{background-image: url(https:\/\/paulrivera.it\/wp-content\/uploads\/2020\/02\/background_adv_product.png?id=296) !important;background-position: center !important;background-repeat: no-repeat !important;background-size: cover !important;}&#8221; offset=&#8221;vc_hidden-lg vc_hidden-md vc_hidden-sm&#8221;][vc_single_image image=&#8221;2606&#8243; img_size=&#8221;large&#8221; alignment=&#8221;center&#8221;][\/vc_column_inner][\/vc_row_inner][\/vc_column][\/vc_row][vc_row css=&#8221;.vc_custom_1582192829011{padding-top: 50px !important;}&#8221;][vc_column][vc_row_inner][vc_column_inner][vc_column_text]<\/p>\n<h1 style=\"text-align: center;\">Produtos relacionados<\/h1>\n<p>[\/vc_column_text][\/vc_column_inner][\/vc_row_inner][vc_raw_html]W3dwYi1wcm9kdWN0LXNsaWRlci1zaG9ydGNvZGUgaWQ9IjIwMiJd[\/vc_raw_html][\/vc_column][\/vc_row]<\/p>\n<\/div>","protected":false},"excerpt":{"rendered":"<p>Com <strong>Wavebuild<\/strong>, estabilize a ondula\u00e7\u00e3o e <strong>neutralize os res\u00edduos alcalinos<\/strong> relacionados com o servi\u00e7o t\u00e9cnico realizado no Sal\u00e3o. Fixa o efeito da permanente e define e d\u00e1 volume ao cabelo.<\/p>\n<p><strong>Cont\u00e9m prote\u00edna de trigo<\/strong>, que confere prote\u00e7\u00e3o e hidrata\u00e7\u00e3o, para um efeito suavizante e protetor eficiente durante o servi\u00e7o t\u00e9cnico. O neutralizante deve ser utilizado com a <a href=\"https:\/\/paulrivera.it\/pt-pt\/produto\/wavebuild-locao-ondulante-para-cabelos-naturais\/\">lo\u00e7\u00e3o ondulante para cabelos naturais<\/a> e com a <a href=\"https:\/\/paulrivera.it\/pt-pt\/produto\/wavebuild-locao-ondulante-para-cabelos-pintados\/\">lo\u00e7\u00e3o ondulante para cabelos pintados<\/a> Wavebuild.<\/p>\n<p>1000 ml<\/p>\n<p>&nbsp;<\/p>\n[maxbutton id=\"6\"]\n","protected":false},"featured_media":2613,"template":"","meta":[],"product_brand":[],"product_cat":[923],"product_tag":[],"class_list":{"0":"post-2612","1":"product","2":"type-product","3":"status-publish","4":"has-post-thumbnail","6":"product_cat-wavebuild-locao-ondulante","7":"description-off","9":"first","10":"instock","11":"shipping-taxable","12":"product-type-simple"},"yoast_head":"<!-- This site is optimized with the Yoast SEO plugin v27.2 - https:\/\/yoast.com\/product\/yoast-seo-wordpress\/ -->\n<title>Wavebuild - Neutralizador para Lo\u00e7\u00f5es Ondulantes | Paul Rivera<\/title>\n<meta name=\"description\" content=\"Com Wavebuild, estabilize a ondula\u00e7\u00e3o e neutralize os res\u00edduos alcalinos relacionados com o servi\u00e7o t\u00e9cnico realizado no Sal\u00e3o.\" \/>\n<meta name=\"robots\" content=\"index, follow, max-snippet:-1, max-image-preview:large, max-video-preview:-1\" \/>\n<link rel=\"canonical\" href=\"https:\/\/paulrivera.it\/pt-pt\/prodotti\/tecnicos\/wavebuild-locao-ondulante\/wavebuild-neutralizador-para-locoes-ondulantes\/\" \/>\n<meta property=\"og:locale\" content=\"pt_PT\" \/>\n<meta property=\"og:type\" content=\"article\" \/>\n<meta property=\"og:title\" content=\"Wavebuild - Neutralizador para Lo\u00e7\u00f5es Ondulantes | Paul Rivera\" \/>\n<meta property=\"og:description\" content=\"Com Wavebuild, estabilize a ondula\u00e7\u00e3o e neutralize os res\u00edduos alcalinos relacionados com o servi\u00e7o t\u00e9cnico realizado no Sal\u00e3o.\" \/>\n<meta property=\"og:url\" content=\"https:\/\/paulrivera.it\/pt-pt\/prodotti\/tecnicos\/wavebuild-locao-ondulante\/wavebuild-neutralizador-para-locoes-ondulantes\/\" \/>\n<meta property=\"og:site_name\" content=\"Paul Rivera\" \/>\n<meta property=\"article:modified_time\" content=\"2024-05-13T10:56:55+00:00\" \/>\n<meta property=\"og:image\" content=\"https:\/\/paulrivera.it\/wp-content\/uploads\/2020\/02\/604262_paul_rivera_wavebuild_neutralizer_waving_hair_lotion_1000ml.png\" \/>\n\t<meta property=\"og:image:width\" content=\"800\" \/>\n\t<meta property=\"og:image:height\" content=\"800\" \/>\n\t<meta property=\"og:image:type\" content=\"image\/png\" \/>\n<meta name=\"twitter:card\" content=\"summary_large_image\" \/>\n<meta name=\"twitter:label1\" content=\"Est. reading time\" \/>\n\t<meta name=\"twitter:data1\" content=\"3 minutes\" \/>\n<script type=\"application\/ld+json\" class=\"yoast-schema-graph\">{\"@context\":\"https:\/\/schema.org\",\"@graph\":[{\"@type\":\"WebPage\",\"@id\":\"https:\/\/paulrivera.it\/pt-pt\/prodotti\/tecnicos\/wavebuild-locao-ondulante\/wavebuild-neutralizador-para-locoes-ondulantes\/\",\"url\":\"https:\/\/paulrivera.it\/pt-pt\/prodotti\/tecnicos\/wavebuild-locao-ondulante\/wavebuild-neutralizador-para-locoes-ondulantes\/\",\"name\":\"Wavebuild - Neutralizador para Lo\u00e7\u00f5es Ondulantes | Paul Rivera\",\"isPartOf\":{\"@id\":\"https:\/\/paulrivera.it\/pt-pt\/#website\"},\"primaryImageOfPage\":{\"@id\":\"https:\/\/paulrivera.it\/pt-pt\/prodotti\/tecnicos\/wavebuild-locao-ondulante\/wavebuild-neutralizador-para-locoes-ondulantes\/#primaryimage\"},\"image\":{\"@id\":\"https:\/\/paulrivera.it\/pt-pt\/prodotti\/tecnicos\/wavebuild-locao-ondulante\/wavebuild-neutralizador-para-locoes-ondulantes\/#primaryimage\"},\"thumbnailUrl\":\"https:\/\/paulrivera.it\/wp-content\/uploads\/2020\/02\/604262_paul_rivera_wavebuild_neutralizer_waving_hair_lotion_1000ml.png\",\"datePublished\":\"2020-02-18T08:26:09+00:00\",\"dateModified\":\"2024-05-13T10:56:55+00:00\",\"description\":\"Com Wavebuild, estabilize a ondula\u00e7\u00e3o e neutralize os res\u00edduos alcalinos relacionados com o servi\u00e7o t\u00e9cnico realizado no Sal\u00e3o.\",\"breadcrumb\":{\"@id\":\"https:\/\/paulrivera.it\/pt-pt\/prodotti\/tecnicos\/wavebuild-locao-ondulante\/wavebuild-neutralizador-para-locoes-ondulantes\/#breadcrumb\"},\"inLanguage\":\"pt-PT\",\"potentialAction\":[{\"@type\":\"ReadAction\",\"target\":[\"https:\/\/paulrivera.it\/pt-pt\/prodotti\/tecnicos\/wavebuild-locao-ondulante\/wavebuild-neutralizador-para-locoes-ondulantes\/\"]}]},{\"@type\":\"ImageObject\",\"inLanguage\":\"pt-PT\",\"@id\":\"https:\/\/paulrivera.it\/pt-pt\/prodotti\/tecnicos\/wavebuild-locao-ondulante\/wavebuild-neutralizador-para-locoes-ondulantes\/#primaryimage\",\"url\":\"https:\/\/paulrivera.it\/wp-content\/uploads\/2020\/02\/604262_paul_rivera_wavebuild_neutralizer_waving_hair_lotion_1000ml.png\",\"contentUrl\":\"https:\/\/paulrivera.it\/wp-content\/uploads\/2020\/02\/604262_paul_rivera_wavebuild_neutralizer_waving_hair_lotion_1000ml.png\",\"width\":800,\"height\":800,\"caption\":\"Wavebuild - Neutralizador para Lo\u00e7\u00f5es Ondulantes\"},{\"@type\":\"BreadcrumbList\",\"@id\":\"https:\/\/paulrivera.it\/pt-pt\/prodotti\/tecnicos\/wavebuild-locao-ondulante\/wavebuild-neutralizador-para-locoes-ondulantes\/#breadcrumb\",\"itemListElement\":[{\"@type\":\"ListItem\",\"position\":1,\"name\":\"Home\",\"item\":\"https:\/\/paulrivera.it\/pt-pt\/\"},{\"@type\":\"ListItem\",\"position\":2,\"name\":\"Pagina shop\",\"item\":\"https:\/\/paulrivera.it\/prodotti\/\"},{\"@type\":\"ListItem\",\"position\":3,\"name\":\"Wavebuild &#8211; Neutralizador para Lo\u00e7\u00f5es Ondulantes\"}]},{\"@type\":\"WebSite\",\"@id\":\"https:\/\/paulrivera.it\/pt-pt\/#website\",\"url\":\"https:\/\/paulrivera.it\/pt-pt\/\",\"name\":\"Paul Rivera\",\"description\":\"Hair Beauty Celebration\",\"publisher\":{\"@id\":\"https:\/\/paulrivera.it\/pt-pt\/#organization\"},\"potentialAction\":[{\"@type\":\"SearchAction\",\"target\":{\"@type\":\"EntryPoint\",\"urlTemplate\":\"https:\/\/paulrivera.it\/pt-pt\/?s={search_term_string}\"},\"query-input\":{\"@type\":\"PropertyValueSpecification\",\"valueRequired\":true,\"valueName\":\"search_term_string\"}}],\"inLanguage\":\"pt-PT\"},{\"@type\":\"Organization\",\"@id\":\"https:\/\/paulrivera.it\/pt-pt\/#organization\",\"name\":\"Paul Rivera\",\"url\":\"https:\/\/paulrivera.it\/pt-pt\/\",\"logo\":{\"@type\":\"ImageObject\",\"inLanguage\":\"pt-PT\",\"@id\":\"https:\/\/paulrivera.it\/pt-pt\/#\/schema\/logo\/image\/\",\"url\":\"https:\/\/paulrivera.it\/wp-content\/uploads\/2020\/02\/paul_rivera_logo_header_x2.png\",\"contentUrl\":\"https:\/\/paulrivera.it\/wp-content\/uploads\/2020\/02\/paul_rivera_logo_header_x2.png\",\"width\":470,\"height\":60,\"caption\":\"Paul Rivera\"},\"image\":{\"@id\":\"https:\/\/paulrivera.it\/pt-pt\/#\/schema\/logo\/image\/\"}}]}<\/script>\n<!-- \/ Yoast SEO plugin. -->","yoast_head_json":{"title":"Wavebuild - Neutralizador para Lo\u00e7\u00f5es Ondulantes | Paul Rivera","description":"Com Wavebuild, estabilize a ondula\u00e7\u00e3o e neutralize os res\u00edduos alcalinos relacionados com o servi\u00e7o t\u00e9cnico realizado no Sal\u00e3o.","robots":{"index":"index","follow":"follow","max-snippet":"max-snippet:-1","max-image-preview":"max-image-preview:large","max-video-preview":"max-video-preview:-1"},"canonical":"https:\/\/paulrivera.it\/pt-pt\/prodotti\/tecnicos\/wavebuild-locao-ondulante\/wavebuild-neutralizador-para-locoes-ondulantes\/","og_locale":"pt_PT","og_type":"article","og_title":"Wavebuild - Neutralizador para Lo\u00e7\u00f5es Ondulantes | Paul Rivera","og_description":"Com Wavebuild, estabilize a ondula\u00e7\u00e3o e neutralize os res\u00edduos alcalinos relacionados com o servi\u00e7o t\u00e9cnico realizado no Sal\u00e3o.","og_url":"https:\/\/paulrivera.it\/pt-pt\/prodotti\/tecnicos\/wavebuild-locao-ondulante\/wavebuild-neutralizador-para-locoes-ondulantes\/","og_site_name":"Paul Rivera","article_modified_time":"2024-05-13T10:56:55+00:00","og_image":[{"width":800,"height":800,"url":"https:\/\/paulrivera.it\/wp-content\/uploads\/2020\/02\/604262_paul_rivera_wavebuild_neutralizer_waving_hair_lotion_1000ml.png","type":"image\/png"}],"twitter_card":"summary_large_image","twitter_misc":{"Est. reading time":"3 minutes"},"schema":{"@context":"https:\/\/schema.org","@graph":[{"@type":"WebPage","@id":"https:\/\/paulrivera.it\/pt-pt\/prodotti\/tecnicos\/wavebuild-locao-ondulante\/wavebuild-neutralizador-para-locoes-ondulantes\/","url":"https:\/\/paulrivera.it\/pt-pt\/prodotti\/tecnicos\/wavebuild-locao-ondulante\/wavebuild-neutralizador-para-locoes-ondulantes\/","name":"Wavebuild - Neutralizador para Lo\u00e7\u00f5es Ondulantes | Paul Rivera","isPartOf":{"@id":"https:\/\/paulrivera.it\/pt-pt\/#website"},"primaryImageOfPage":{"@id":"https:\/\/paulrivera.it\/pt-pt\/prodotti\/tecnicos\/wavebuild-locao-ondulante\/wavebuild-neutralizador-para-locoes-ondulantes\/#primaryimage"},"image":{"@id":"https:\/\/paulrivera.it\/pt-pt\/prodotti\/tecnicos\/wavebuild-locao-ondulante\/wavebuild-neutralizador-para-locoes-ondulantes\/#primaryimage"},"thumbnailUrl":"https:\/\/paulrivera.it\/wp-content\/uploads\/2020\/02\/604262_paul_rivera_wavebuild_neutralizer_waving_hair_lotion_1000ml.png","datePublished":"2020-02-18T08:26:09+00:00","dateModified":"2024-05-13T10:56:55+00:00","description":"Com Wavebuild, estabilize a ondula\u00e7\u00e3o e neutralize os res\u00edduos alcalinos relacionados com o servi\u00e7o t\u00e9cnico realizado no Sal\u00e3o.","breadcrumb":{"@id":"https:\/\/paulrivera.it\/pt-pt\/prodotti\/tecnicos\/wavebuild-locao-ondulante\/wavebuild-neutralizador-para-locoes-ondulantes\/#breadcrumb"},"inLanguage":"pt-PT","potentialAction":[{"@type":"ReadAction","target":["https:\/\/paulrivera.it\/pt-pt\/prodotti\/tecnicos\/wavebuild-locao-ondulante\/wavebuild-neutralizador-para-locoes-ondulantes\/"]}]},{"@type":"ImageObject","inLanguage":"pt-PT","@id":"https:\/\/paulrivera.it\/pt-pt\/prodotti\/tecnicos\/wavebuild-locao-ondulante\/wavebuild-neutralizador-para-locoes-ondulantes\/#primaryimage","url":"https:\/\/paulrivera.it\/wp-content\/uploads\/2020\/02\/604262_paul_rivera_wavebuild_neutralizer_waving_hair_lotion_1000ml.png","contentUrl":"https:\/\/paulrivera.it\/wp-content\/uploads\/2020\/02\/604262_paul_rivera_wavebuild_neutralizer_waving_hair_lotion_1000ml.png","width":800,"height":800,"caption":"Wavebuild - Neutralizador para Lo\u00e7\u00f5es Ondulantes"},{"@type":"BreadcrumbList","@id":"https:\/\/paulrivera.it\/pt-pt\/prodotti\/tecnicos\/wavebuild-locao-ondulante\/wavebuild-neutralizador-para-locoes-ondulantes\/#breadcrumb","itemListElement":[{"@type":"ListItem","position":1,"name":"Home","item":"https:\/\/paulrivera.it\/pt-pt\/"},{"@type":"ListItem","position":2,"name":"Pagina shop","item":"https:\/\/paulrivera.it\/prodotti\/"},{"@type":"ListItem","position":3,"name":"Wavebuild &#8211; Neutralizador para Lo\u00e7\u00f5es Ondulantes"}]},{"@type":"WebSite","@id":"https:\/\/paulrivera.it\/pt-pt\/#website","url":"https:\/\/paulrivera.it\/pt-pt\/","name":"Paul Rivera","description":"Hair Beauty Celebration","publisher":{"@id":"https:\/\/paulrivera.it\/pt-pt\/#organization"},"potentialAction":[{"@type":"SearchAction","target":{"@type":"EntryPoint","urlTemplate":"https:\/\/paulrivera.it\/pt-pt\/?s={search_term_string}"},"query-input":{"@type":"PropertyValueSpecification","valueRequired":true,"valueName":"search_term_string"}}],"inLanguage":"pt-PT"},{"@type":"Organization","@id":"https:\/\/paulrivera.it\/pt-pt\/#organization","name":"Paul Rivera","url":"https:\/\/paulrivera.it\/pt-pt\/","logo":{"@type":"ImageObject","inLanguage":"pt-PT","@id":"https:\/\/paulrivera.it\/pt-pt\/#\/schema\/logo\/image\/","url":"https:\/\/paulrivera.it\/wp-content\/uploads\/2020\/02\/paul_rivera_logo_header_x2.png","contentUrl":"https:\/\/paulrivera.it\/wp-content\/uploads\/2020\/02\/paul_rivera_logo_header_x2.png","width":470,"height":60,"caption":"Paul Rivera"},"image":{"@id":"https:\/\/paulrivera.it\/pt-pt\/#\/schema\/logo\/image\/"}}]}},"_links":{"self":[{"href":"https:\/\/paulrivera.it\/pt-pt\/wp-json\/wp\/v2\/product\/2612","targetHints":{"allow":["GET"]}}],"collection":[{"href":"https:\/\/paulrivera.it\/pt-pt\/wp-json\/wp\/v2\/product"}],"about":[{"href":"https:\/\/paulrivera.it\/pt-pt\/wp-json\/wp\/v2\/types\/product"}],"wp:featuredmedia":[{"embeddable":true,"href":"https:\/\/paulrivera.it\/pt-pt\/wp-json\/wp\/v2\/media\/2613"}],"wp:attachment":[{"href":"https:\/\/paulrivera.it\/pt-pt\/wp-json\/wp\/v2\/media?parent=2612"}],"wp:term":[{"taxonomy":"product_brand","embeddable":true,"href":"https:\/\/paulrivera.it\/pt-pt\/wp-json\/wp\/v2\/product_brand?post=2612"},{"taxonomy":"product_cat","embeddable":true,"href":"https:\/\/paulrivera.it\/pt-pt\/wp-json\/wp\/v2\/product_cat?post=2612"},{"taxonomy":"product_tag","embeddable":true,"href":"https:\/\/paulrivera.it\/pt-pt\/wp-json\/wp\/v2\/product_tag?post=2612"}],"curies":[{"name":"wp","href":"https:\/\/api.w.org\/{rel}","templated":true}]}}