{"id":2627,"date":"2020-02-18T09:21:58","date_gmt":"2020-02-18T08:21:58","guid":{"rendered":"https:\/\/paulrivera.it\/product\/ultra-vox-emulsao-oxidante-30-volumes\/"},"modified":"2024-05-13T12:59:19","modified_gmt":"2024-05-13T10:59:19","slug":"ultra-vox-emulsao-oxidante-30-volumes","status":"publish","type":"product","link":"https:\/\/paulrivera.it\/pt-pt\/prodotti\/tecnicos\/ultra-vox-emulsao-oxidante\/ultra-vox-emulsao-oxidante-30-volumes\/","title":{"rendered":"Ultra Vox &#8211; Emuls\u00e3o oxidante 30 volumes"},"content":{"rendered":"<div class=\"wpb-content-wrapper\"><p>[vc_row full_width=&#8221;stretch_row&#8221;][vc_column][vc_row_inner el_id=&#8221;desktop&#8221;][vc_column_inner width=&#8221;1\/2&#8243; css=&#8221;.vc_custom_1582194227194{padding-top: 10% !important;padding-right: 10% !important;padding-bottom: 10% !important;padding-left: 30% !important;}&#8221; offset=&#8221;vc_hidden-md vc_hidden-sm vc_hidden-xs&#8221;][vc_column_text]<\/p>\n<h1>Ir\u00e1 am\u00e1-lo porque<\/h1>\n<ul>\n<li>N\u00e3o pode fazer exceto se pretender realizar um servi\u00e7o perfeito<\/li>\n<li>F\u00f3rmula ultra performante e altamente estabilizada<\/li>\n<\/ul>\n<p>[\/vc_column_text][vc_column_text]<\/p>\n<h1>Como usar<\/h1>\n<p>Siga os r\u00e1cios de mistura e as instru\u00e7\u00f5es indicadas na confe\u00e7\u00e3o da colora\u00e7\u00e3o Paul Rivera escolhida. NB. O produto \u00e9 estudado exclusivamente para uso profissional.[\/vc_column_text][\/vc_column_inner][vc_column_inner width=&#8221;1\/2&#8243; css=&#8221;.vc_custom_1582194232021{background-image: url(https:\/\/paulrivera.it\/wp-content\/uploads\/2020\/02\/background_adv_product.png?id=296) !important;background-position: center !important;background-repeat: no-repeat !important;background-size: cover !important;}&#8221; offset=&#8221;vc_hidden-md vc_hidden-sm vc_hidden-xs&#8221;][vc_single_image image=&#8221;2621&#8243; img_size=&#8221;large&#8221; alignment=&#8221;center&#8221;][\/vc_column_inner][\/vc_row_inner][vc_row_inner el_id=&#8221;tablet&#8221;][vc_column_inner offset=&#8221;vc_hidden-lg vc_hidden-xs&#8221;][vc_column_text]<\/p>\n<h1>Ir\u00e1 am\u00e1-lo porque<\/h1>\n<ul>\n<li>N\u00e3o pode fazer exceto se pretender realizar um servi\u00e7o perfeito<\/li>\n<li>F\u00f3rmula ultra performante e altamente estabilizada<\/li>\n<\/ul>\n<p>[\/vc_column_text][vc_column_text]<\/p>\n<h1>Como usar<\/h1>\n<p>Siga os r\u00e1cios de mistura e as instru\u00e7\u00f5es indicadas na confe\u00e7\u00e3o da colora\u00e7\u00e3o Paul Rivera escolhida. NB. O produto \u00e9 estudado exclusivamente para uso profissional.[\/vc_column_text][\/vc_column_inner][\/vc_row_inner][vc_row_inner el_id=&#8221;mobile&#8221;][vc_column_inner width=&#8221;1\/2&#8243; offset=&#8221;vc_hidden-lg vc_hidden-md vc_hidden-sm&#8221;][vc_column_text]<\/p>\n<h1>Ir\u00e1 am\u00e1-lo porque<\/h1>\n<ul>\n<li>N\u00e3o pode fazer exceto se pretender realizar um servi\u00e7o perfeito<\/li>\n<li>F\u00f3rmula ultra performante e altamente estabilizada<\/li>\n<\/ul>\n<p>[\/vc_column_text][vc_column_text]<\/p>\n<h1>Como usar<\/h1>\n<p>Siga os r\u00e1cios de mistura e as instru\u00e7\u00f5es indicadas na confe\u00e7\u00e3o da colora\u00e7\u00e3o Paul Rivera escolhida. NB. O produto \u00e9 estudado exclusivamente para uso profissional.[\/vc_column_text][\/vc_column_inner][vc_column_inner width=&#8221;1\/2&#8243; css=&#8221;.vc_custom_1582194178853{background-image: url(https:\/\/paulrivera.it\/wp-content\/uploads\/2020\/02\/background_adv_product.png?id=296) !important;background-position: center !important;background-repeat: no-repeat !important;background-size: cover !important;}&#8221; offset=&#8221;vc_hidden-lg vc_hidden-md vc_hidden-sm&#8221;][vc_single_image image=&#8221;2621&#8243; img_size=&#8221;large&#8221; alignment=&#8221;center&#8221;][\/vc_column_inner][\/vc_row_inner][\/vc_column][\/vc_row][vc_row css=&#8221;.vc_custom_1582192829011{padding-top: 50px !important;}&#8221;][vc_column][vc_row_inner][vc_column_inner][vc_column_text]<\/p>\n<h1 style=\"text-align: center;\">Produtos relacionados<\/h1>\n<p>[\/vc_column_text][\/vc_column_inner][\/vc_row_inner][vc_raw_html]W3dwYi1wcm9kdWN0LXNsaWRlci1zaG9ydGNvZGUgaWQ9IjIxMiJd[\/vc_raw_html][\/vc_column][\/vc_row]<\/p>\n<\/div>","protected":false},"excerpt":{"rendered":"<p>Ultra Vox \u00e9 uma <strong>emuls\u00e3o oxidante estabilizada<\/strong>, um produto t\u00e9cnico imprescind\u00edvel para a colora\u00e7\u00e3o profissional em Sal\u00f5es.<\/p>\n<p>A elevada qualidade de uma <strong>f\u00f3rmula altamente performante<\/strong>, favorece a penetra\u00e7\u00e3o do pigmento colorante e enaltece as caracter\u00edsticas da colora\u00e7\u00e3o cosm\u00e9tica utilizada.A textura do <strong>oxig\u00e9nio em creme<\/strong> Ultra Vox cria uma mistura compacta e f\u00e1cil de aplicar durante o servi\u00e7o t\u00e9cnico. Para utilizar com as colora\u00e7\u00f5es por oxida\u00e7\u00e3o Paul Rivera.<\/p>\n<p>30 volumes (9%)<\/p>\n<p>1000 ml<\/p>\n<p>&nbsp;<\/p>\n[maxbutton id=\"6\"]\n","protected":false},"featured_media":2628,"template":"","meta":[],"product_brand":[],"product_cat":[915],"product_tag":[],"class_list":{"0":"post-2627","1":"product","2":"type-product","3":"status-publish","4":"has-post-thumbnail","6":"product_cat-ultra-vox-emulsao-oxidante","7":"description-off","9":"first","10":"instock","11":"shipping-taxable","12":"product-type-simple"},"yoast_head":"<!-- This site is optimized with the Yoast SEO plugin v27.2 - https:\/\/yoast.com\/product\/yoast-seo-wordpress\/ -->\n<title>Ultra Vox - Emuls\u00e3o oxidante 30 volumes | Paul Rivera<\/title>\n<meta name=\"description\" content=\"Ultra Vox \u00e9 uma emuls\u00e3o oxidante estabilizada, um produto t\u00e9cnico imprescind\u00edvel para a colora\u00e7\u00e3o profissional em Sal\u00f5es.\" \/>\n<meta name=\"robots\" content=\"index, follow, max-snippet:-1, max-image-preview:large, max-video-preview:-1\" \/>\n<link rel=\"canonical\" href=\"https:\/\/paulrivera.it\/pt-pt\/prodotti\/tecnicos\/ultra-vox-emulsao-oxidante\/ultra-vox-emulsao-oxidante-30-volumes\/\" \/>\n<meta property=\"og:locale\" content=\"pt_PT\" \/>\n<meta property=\"og:type\" content=\"article\" \/>\n<meta property=\"og:title\" content=\"Ultra Vox - Emuls\u00e3o oxidante 30 volumes | Paul Rivera\" \/>\n<meta property=\"og:description\" content=\"Ultra Vox \u00e9 uma emuls\u00e3o oxidante estabilizada, um produto t\u00e9cnico imprescind\u00edvel para a colora\u00e7\u00e3o profissional em Sal\u00f5es.\" \/>\n<meta property=\"og:url\" content=\"https:\/\/paulrivera.it\/pt-pt\/prodotti\/tecnicos\/ultra-vox-emulsao-oxidante\/ultra-vox-emulsao-oxidante-30-volumes\/\" \/>\n<meta property=\"og:site_name\" content=\"Paul Rivera\" \/>\n<meta property=\"article:modified_time\" content=\"2024-05-13T10:59:19+00:00\" \/>\n<meta property=\"og:image\" content=\"https:\/\/paulrivera.it\/wp-content\/uploads\/2020\/02\/604149_paul_rivera_ultra_vox_oxidation_emulsion_30vol_1000ml.png\" \/>\n\t<meta property=\"og:image:width\" content=\"800\" \/>\n\t<meta property=\"og:image:height\" content=\"800\" \/>\n\t<meta property=\"og:image:type\" content=\"image\/png\" \/>\n<meta name=\"twitter:card\" content=\"summary_large_image\" \/>\n<meta name=\"twitter:label1\" content=\"Est. reading time\" \/>\n\t<meta name=\"twitter:data1\" content=\"2 minutes\" \/>\n<script type=\"application\/ld+json\" class=\"yoast-schema-graph\">{\"@context\":\"https:\/\/schema.org\",\"@graph\":[{\"@type\":\"WebPage\",\"@id\":\"https:\/\/paulrivera.it\/pt-pt\/prodotti\/tecnicos\/ultra-vox-emulsao-oxidante\/ultra-vox-emulsao-oxidante-30-volumes\/\",\"url\":\"https:\/\/paulrivera.it\/pt-pt\/prodotti\/tecnicos\/ultra-vox-emulsao-oxidante\/ultra-vox-emulsao-oxidante-30-volumes\/\",\"name\":\"Ultra Vox - Emuls\u00e3o oxidante 30 volumes | Paul Rivera\",\"isPartOf\":{\"@id\":\"https:\/\/paulrivera.it\/pt-pt\/#website\"},\"primaryImageOfPage\":{\"@id\":\"https:\/\/paulrivera.it\/pt-pt\/prodotti\/tecnicos\/ultra-vox-emulsao-oxidante\/ultra-vox-emulsao-oxidante-30-volumes\/#primaryimage\"},\"image\":{\"@id\":\"https:\/\/paulrivera.it\/pt-pt\/prodotti\/tecnicos\/ultra-vox-emulsao-oxidante\/ultra-vox-emulsao-oxidante-30-volumes\/#primaryimage\"},\"thumbnailUrl\":\"https:\/\/paulrivera.it\/wp-content\/uploads\/2020\/02\/604149_paul_rivera_ultra_vox_oxidation_emulsion_30vol_1000ml.png\",\"datePublished\":\"2020-02-18T08:21:58+00:00\",\"dateModified\":\"2024-05-13T10:59:19+00:00\",\"description\":\"Ultra Vox \u00e9 uma emuls\u00e3o oxidante estabilizada, um produto t\u00e9cnico imprescind\u00edvel para a colora\u00e7\u00e3o profissional em Sal\u00f5es.\",\"breadcrumb\":{\"@id\":\"https:\/\/paulrivera.it\/pt-pt\/prodotti\/tecnicos\/ultra-vox-emulsao-oxidante\/ultra-vox-emulsao-oxidante-30-volumes\/#breadcrumb\"},\"inLanguage\":\"pt-PT\",\"potentialAction\":[{\"@type\":\"ReadAction\",\"target\":[\"https:\/\/paulrivera.it\/pt-pt\/prodotti\/tecnicos\/ultra-vox-emulsao-oxidante\/ultra-vox-emulsao-oxidante-30-volumes\/\"]}]},{\"@type\":\"ImageObject\",\"inLanguage\":\"pt-PT\",\"@id\":\"https:\/\/paulrivera.it\/pt-pt\/prodotti\/tecnicos\/ultra-vox-emulsao-oxidante\/ultra-vox-emulsao-oxidante-30-volumes\/#primaryimage\",\"url\":\"https:\/\/paulrivera.it\/wp-content\/uploads\/2020\/02\/604149_paul_rivera_ultra_vox_oxidation_emulsion_30vol_1000ml.png\",\"contentUrl\":\"https:\/\/paulrivera.it\/wp-content\/uploads\/2020\/02\/604149_paul_rivera_ultra_vox_oxidation_emulsion_30vol_1000ml.png\",\"width\":800,\"height\":800,\"caption\":\"Ultra Vox - Emuls\u00e3o oxidante 30 volumes\"},{\"@type\":\"BreadcrumbList\",\"@id\":\"https:\/\/paulrivera.it\/pt-pt\/prodotti\/tecnicos\/ultra-vox-emulsao-oxidante\/ultra-vox-emulsao-oxidante-30-volumes\/#breadcrumb\",\"itemListElement\":[{\"@type\":\"ListItem\",\"position\":1,\"name\":\"Home\",\"item\":\"https:\/\/paulrivera.it\/pt-pt\/\"},{\"@type\":\"ListItem\",\"position\":2,\"name\":\"Pagina shop\",\"item\":\"https:\/\/paulrivera.it\/prodotti\/\"},{\"@type\":\"ListItem\",\"position\":3,\"name\":\"Ultra Vox &#8211; Emuls\u00e3o oxidante 30 volumes\"}]},{\"@type\":\"WebSite\",\"@id\":\"https:\/\/paulrivera.it\/pt-pt\/#website\",\"url\":\"https:\/\/paulrivera.it\/pt-pt\/\",\"name\":\"Paul Rivera\",\"description\":\"Hair Beauty Celebration\",\"publisher\":{\"@id\":\"https:\/\/paulrivera.it\/pt-pt\/#organization\"},\"potentialAction\":[{\"@type\":\"SearchAction\",\"target\":{\"@type\":\"EntryPoint\",\"urlTemplate\":\"https:\/\/paulrivera.it\/pt-pt\/?s={search_term_string}\"},\"query-input\":{\"@type\":\"PropertyValueSpecification\",\"valueRequired\":true,\"valueName\":\"search_term_string\"}}],\"inLanguage\":\"pt-PT\"},{\"@type\":\"Organization\",\"@id\":\"https:\/\/paulrivera.it\/pt-pt\/#organization\",\"name\":\"Paul Rivera\",\"url\":\"https:\/\/paulrivera.it\/pt-pt\/\",\"logo\":{\"@type\":\"ImageObject\",\"inLanguage\":\"pt-PT\",\"@id\":\"https:\/\/paulrivera.it\/pt-pt\/#\/schema\/logo\/image\/\",\"url\":\"https:\/\/paulrivera.it\/wp-content\/uploads\/2020\/02\/paul_rivera_logo_header_x2.png\",\"contentUrl\":\"https:\/\/paulrivera.it\/wp-content\/uploads\/2020\/02\/paul_rivera_logo_header_x2.png\",\"width\":470,\"height\":60,\"caption\":\"Paul Rivera\"},\"image\":{\"@id\":\"https:\/\/paulrivera.it\/pt-pt\/#\/schema\/logo\/image\/\"}}]}<\/script>\n<!-- \/ Yoast SEO plugin. -->","yoast_head_json":{"title":"Ultra Vox - Emuls\u00e3o oxidante 30 volumes | Paul Rivera","description":"Ultra Vox \u00e9 uma emuls\u00e3o oxidante estabilizada, um produto t\u00e9cnico imprescind\u00edvel para a colora\u00e7\u00e3o profissional em Sal\u00f5es.","robots":{"index":"index","follow":"follow","max-snippet":"max-snippet:-1","max-image-preview":"max-image-preview:large","max-video-preview":"max-video-preview:-1"},"canonical":"https:\/\/paulrivera.it\/pt-pt\/prodotti\/tecnicos\/ultra-vox-emulsao-oxidante\/ultra-vox-emulsao-oxidante-30-volumes\/","og_locale":"pt_PT","og_type":"article","og_title":"Ultra Vox - Emuls\u00e3o oxidante 30 volumes | Paul Rivera","og_description":"Ultra Vox \u00e9 uma emuls\u00e3o oxidante estabilizada, um produto t\u00e9cnico imprescind\u00edvel para a colora\u00e7\u00e3o profissional em Sal\u00f5es.","og_url":"https:\/\/paulrivera.it\/pt-pt\/prodotti\/tecnicos\/ultra-vox-emulsao-oxidante\/ultra-vox-emulsao-oxidante-30-volumes\/","og_site_name":"Paul Rivera","article_modified_time":"2024-05-13T10:59:19+00:00","og_image":[{"width":800,"height":800,"url":"https:\/\/paulrivera.it\/wp-content\/uploads\/2020\/02\/604149_paul_rivera_ultra_vox_oxidation_emulsion_30vol_1000ml.png","type":"image\/png"}],"twitter_card":"summary_large_image","twitter_misc":{"Est. reading time":"2 minutes"},"schema":{"@context":"https:\/\/schema.org","@graph":[{"@type":"WebPage","@id":"https:\/\/paulrivera.it\/pt-pt\/prodotti\/tecnicos\/ultra-vox-emulsao-oxidante\/ultra-vox-emulsao-oxidante-30-volumes\/","url":"https:\/\/paulrivera.it\/pt-pt\/prodotti\/tecnicos\/ultra-vox-emulsao-oxidante\/ultra-vox-emulsao-oxidante-30-volumes\/","name":"Ultra Vox - Emuls\u00e3o oxidante 30 volumes | Paul Rivera","isPartOf":{"@id":"https:\/\/paulrivera.it\/pt-pt\/#website"},"primaryImageOfPage":{"@id":"https:\/\/paulrivera.it\/pt-pt\/prodotti\/tecnicos\/ultra-vox-emulsao-oxidante\/ultra-vox-emulsao-oxidante-30-volumes\/#primaryimage"},"image":{"@id":"https:\/\/paulrivera.it\/pt-pt\/prodotti\/tecnicos\/ultra-vox-emulsao-oxidante\/ultra-vox-emulsao-oxidante-30-volumes\/#primaryimage"},"thumbnailUrl":"https:\/\/paulrivera.it\/wp-content\/uploads\/2020\/02\/604149_paul_rivera_ultra_vox_oxidation_emulsion_30vol_1000ml.png","datePublished":"2020-02-18T08:21:58+00:00","dateModified":"2024-05-13T10:59:19+00:00","description":"Ultra Vox \u00e9 uma emuls\u00e3o oxidante estabilizada, um produto t\u00e9cnico imprescind\u00edvel para a colora\u00e7\u00e3o profissional em Sal\u00f5es.","breadcrumb":{"@id":"https:\/\/paulrivera.it\/pt-pt\/prodotti\/tecnicos\/ultra-vox-emulsao-oxidante\/ultra-vox-emulsao-oxidante-30-volumes\/#breadcrumb"},"inLanguage":"pt-PT","potentialAction":[{"@type":"ReadAction","target":["https:\/\/paulrivera.it\/pt-pt\/prodotti\/tecnicos\/ultra-vox-emulsao-oxidante\/ultra-vox-emulsao-oxidante-30-volumes\/"]}]},{"@type":"ImageObject","inLanguage":"pt-PT","@id":"https:\/\/paulrivera.it\/pt-pt\/prodotti\/tecnicos\/ultra-vox-emulsao-oxidante\/ultra-vox-emulsao-oxidante-30-volumes\/#primaryimage","url":"https:\/\/paulrivera.it\/wp-content\/uploads\/2020\/02\/604149_paul_rivera_ultra_vox_oxidation_emulsion_30vol_1000ml.png","contentUrl":"https:\/\/paulrivera.it\/wp-content\/uploads\/2020\/02\/604149_paul_rivera_ultra_vox_oxidation_emulsion_30vol_1000ml.png","width":800,"height":800,"caption":"Ultra Vox - Emuls\u00e3o oxidante 30 volumes"},{"@type":"BreadcrumbList","@id":"https:\/\/paulrivera.it\/pt-pt\/prodotti\/tecnicos\/ultra-vox-emulsao-oxidante\/ultra-vox-emulsao-oxidante-30-volumes\/#breadcrumb","itemListElement":[{"@type":"ListItem","position":1,"name":"Home","item":"https:\/\/paulrivera.it\/pt-pt\/"},{"@type":"ListItem","position":2,"name":"Pagina shop","item":"https:\/\/paulrivera.it\/prodotti\/"},{"@type":"ListItem","position":3,"name":"Ultra Vox &#8211; Emuls\u00e3o oxidante 30 volumes"}]},{"@type":"WebSite","@id":"https:\/\/paulrivera.it\/pt-pt\/#website","url":"https:\/\/paulrivera.it\/pt-pt\/","name":"Paul Rivera","description":"Hair Beauty Celebration","publisher":{"@id":"https:\/\/paulrivera.it\/pt-pt\/#organization"},"potentialAction":[{"@type":"SearchAction","target":{"@type":"EntryPoint","urlTemplate":"https:\/\/paulrivera.it\/pt-pt\/?s={search_term_string}"},"query-input":{"@type":"PropertyValueSpecification","valueRequired":true,"valueName":"search_term_string"}}],"inLanguage":"pt-PT"},{"@type":"Organization","@id":"https:\/\/paulrivera.it\/pt-pt\/#organization","name":"Paul Rivera","url":"https:\/\/paulrivera.it\/pt-pt\/","logo":{"@type":"ImageObject","inLanguage":"pt-PT","@id":"https:\/\/paulrivera.it\/pt-pt\/#\/schema\/logo\/image\/","url":"https:\/\/paulrivera.it\/wp-content\/uploads\/2020\/02\/paul_rivera_logo_header_x2.png","contentUrl":"https:\/\/paulrivera.it\/wp-content\/uploads\/2020\/02\/paul_rivera_logo_header_x2.png","width":470,"height":60,"caption":"Paul Rivera"},"image":{"@id":"https:\/\/paulrivera.it\/pt-pt\/#\/schema\/logo\/image\/"}}]}},"_links":{"self":[{"href":"https:\/\/paulrivera.it\/pt-pt\/wp-json\/wp\/v2\/product\/2627","targetHints":{"allow":["GET"]}}],"collection":[{"href":"https:\/\/paulrivera.it\/pt-pt\/wp-json\/wp\/v2\/product"}],"about":[{"href":"https:\/\/paulrivera.it\/pt-pt\/wp-json\/wp\/v2\/types\/product"}],"wp:featuredmedia":[{"embeddable":true,"href":"https:\/\/paulrivera.it\/pt-pt\/wp-json\/wp\/v2\/media\/2628"}],"wp:attachment":[{"href":"https:\/\/paulrivera.it\/pt-pt\/wp-json\/wp\/v2\/media?parent=2627"}],"wp:term":[{"taxonomy":"product_brand","embeddable":true,"href":"https:\/\/paulrivera.it\/pt-pt\/wp-json\/wp\/v2\/product_brand?post=2627"},{"taxonomy":"product_cat","embeddable":true,"href":"https:\/\/paulrivera.it\/pt-pt\/wp-json\/wp\/v2\/product_cat?post=2627"},{"taxonomy":"product_tag","embeddable":true,"href":"https:\/\/paulrivera.it\/pt-pt\/wp-json\/wp\/v2\/product_tag?post=2627"}],"curies":[{"name":"wp","href":"https:\/\/api.w.org\/{rel}","templated":true}]}}