{"id":2656,"date":"2020-02-18T14:06:46","date_gmt":"2020-02-18T13:06:46","guid":{"rendered":"https:\/\/paulrivera.it\/product\/true-color-champo-iluminador-350-ml\/"},"modified":"2024-05-13T12:36:29","modified_gmt":"2024-05-13T10:36:29","slug":"true-color-champo-iluminador-350-ml","status":"publish","type":"product","link":"https:\/\/paulrivera.it\/pt-pt\/prodotti\/tratamentos\/true-color-cabelos-pintados\/true-color-champo-iluminador-350-ml\/","title":{"rendered":"True Color &#8211; Champ\u00f4 iluminador"},"content":{"rendered":"<div class=\"wpb-content-wrapper\"><p>[vc_row full_width=&#8221;stretch_row&#8221;][vc_column][vc_row_inner el_id=&#8221;desktop&#8221;][vc_column_inner width=&#8221;1\/2&#8243; css=&#8221;.vc_custom_1582194227194{padding-top: 10% !important;padding-right: 10% !important;padding-bottom: 10% !important;padding-left: 30% !important;}&#8221; offset=&#8221;vc_hidden-md vc_hidden-sm vc_hidden-xs&#8221;][vc_column_text]<\/p>\n<h1>Ir\u00e1 am\u00e1-lo porque<\/h1>\n<ul>\n<li>Protege a cor por mais tempo<\/li>\n<li>N\u00e3o torna o cabelo pesado<\/li>\n<li>Cuida dos seus cabelos pintados<\/li>\n<\/ul>\n<p>[\/vc_column_text][vc_column_text]<\/p>\n<h1>Ativos na f\u00f3rmula<\/h1>\n<ul>\n<li>Videira vermelha: gra\u00e7as \u00e0 concentra\u00e7\u00e3o elevada de vitaminas e minerais, hidrata e tem um grande poder antioxidante que luta contra o envelhecimento<\/li>\n<li>Extratos de magn\u00f3lia: entre as suas principais propriedades, a a\u00e7\u00e3o protetora contra as agress\u00f5es externas e a capacidade de impermeabilizar a superf\u00edcie do cabelo, garantindo o brilho<\/li>\n<\/ul>\n<p>[\/vc_column_text][vc_column_text]<\/p>\n<h1>Como usar<\/h1>\n<p>Aplique o champ\u00f4 sobre o cabelo molhado e fa\u00e7a uma massagem. Enxague e repita se necess\u00e1rio antes de aplicar a m\u00e1scara para cabelos pintados True Color.[\/vc_column_text][\/vc_column_inner][vc_column_inner width=&#8221;1\/2&#8243; css=&#8221;.vc_custom_1582813085600{background-image: url(https:\/\/paulrivera.it\/wp-content\/uploads\/2020\/02\/background_adv_product_true_color.png?id=867) !important;background-position: center !important;background-repeat: no-repeat !important;background-size: cover !important;}&#8221; offset=&#8221;vc_hidden-md vc_hidden-sm vc_hidden-xs&#8221;][vc_single_image image=&#8221;2652&#8243; img_size=&#8221;large&#8221; alignment=&#8221;center&#8221;][\/vc_column_inner][\/vc_row_inner][vc_row_inner el_id=&#8221;tablet&#8221;][vc_column_inner offset=&#8221;vc_hidden-lg vc_hidden-xs&#8221;][vc_column_text]<\/p>\n<h1>Ir\u00e1 am\u00e1-lo porque<\/h1>\n<ul>\n<li>Protege a cor por mais tempo<\/li>\n<li>N\u00e3o torna o cabelo pesado<\/li>\n<li>Cuida dos seus cabelos pintados<\/li>\n<\/ul>\n<p>[\/vc_column_text][vc_column_text]<\/p>\n<h1>Ativos na f\u00f3rmula<\/h1>\n<ul>\n<li>Videira vermelha: gra\u00e7as \u00e0 concentra\u00e7\u00e3o elevada de vitaminas e minerais, hidrata e tem um grande poder antioxidante que luta contra o envelhecimento<\/li>\n<li>Extratos de magn\u00f3lia: entre as suas principais propriedades, a a\u00e7\u00e3o protetora contra as agress\u00f5es externas e a capacidade de impermeabilizar a superf\u00edcie do cabelo, garantindo o brilho<\/li>\n<\/ul>\n<p>[\/vc_column_text][vc_column_text]<\/p>\n<h1>Como usar<\/h1>\n<p>Aplique o champ\u00f4 sobre o cabelo molhado e fa\u00e7a uma massagem. Enxague e repita se necess\u00e1rio antes de aplicar a m\u00e1scara para cabelos pintados True Color.[\/vc_column_text][\/vc_column_inner][\/vc_row_inner][vc_row_inner el_id=&#8221;mobile&#8221;][vc_column_inner width=&#8221;1\/2&#8243; offset=&#8221;vc_hidden-lg vc_hidden-md vc_hidden-sm&#8221;][vc_column_text]<\/p>\n<h1>Ir\u00e1 am\u00e1-lo porque<\/h1>\n<ul>\n<li>Protege a cor por mais tempo<\/li>\n<li>N\u00e3o torna o cabelo pesado<\/li>\n<li>Cuida dos seus cabelos pintados<\/li>\n<\/ul>\n<p>[\/vc_column_text][vc_column_text]<\/p>\n<h1>Ativos na f\u00f3rmula<\/h1>\n<ul>\n<li>Videira vermelha: gra\u00e7as \u00e0 concentra\u00e7\u00e3o elevada de vitaminas e minerais, hidrata e tem um grande poder antioxidante que luta contra o envelhecimento<\/li>\n<li>Extratos de magn\u00f3lia: entre as suas principais propriedades, a a\u00e7\u00e3o protetora contra as agress\u00f5es externas e a capacidade de impermeabilizar a superf\u00edcie do cabelo, garantindo o brilho<\/li>\n<\/ul>\n<p>[\/vc_column_text][vc_column_text]<\/p>\n<h1>Como usar<\/h1>\n<p>Aplique o champ\u00f4 sobre o cabelo molhado e fa\u00e7a uma massagem. Enxague e repita se necess\u00e1rio antes de aplicar a m\u00e1scara para cabelos pintados True Color.[\/vc_column_text][\/vc_column_inner][vc_column_inner width=&#8221;1\/2&#8243; css=&#8221;.vc_custom_1582813120092{background-image: url(https:\/\/paulrivera.it\/wp-content\/uploads\/2020\/02\/background_adv_product_true_color.png?id=867) !important;background-position: center !important;background-repeat: no-repeat !important;background-size: cover !important;}&#8221; offset=&#8221;vc_hidden-lg vc_hidden-md vc_hidden-sm&#8221;][vc_single_image image=&#8221;2652&#8243; img_size=&#8221;large&#8221; alignment=&#8221;center&#8221;][\/vc_column_inner][\/vc_row_inner][\/vc_column][\/vc_row][vc_row css=&#8221;.vc_custom_1582192829011{padding-top: 50px !important;}&#8221;][vc_column][vc_row_inner][vc_column_inner][vc_column_text]<\/p>\n<h1 style=\"text-align: center;\">Produtos relacionados<\/h1>\n<p>[\/vc_column_text][\/vc_column_inner][\/vc_row_inner][vc_raw_html]W3dwYi1wcm9kdWN0LXNsaWRlci1zaG9ydGNvZGUgaWQ9IjI2MiJd[\/vc_raw_html][\/vc_column][\/vc_row]<\/p>\n<\/div>","protected":false},"excerpt":{"rendered":"<p>O champ\u00f4 True Color foi pensado para os <strong>cabelos pintados<\/strong>: as propriedades antioxidantes da <strong>videira vermelha<\/strong> combinam com as propriedades nutritivas dos <strong>extratos de magn\u00f3lia<\/strong> numa formula\u00e7\u00e3o com a\u00e7\u00e3o iluminadora e protetora que <strong>enaltece <\/strong>a <strong>cor cosm\u00e9tica ou natural<\/strong> e previne a opacifica\u00e7\u00e3o.<\/p>\n<p>Champ\u00f4 ap\u00f3s champ\u00f4, a cor fica brilhante e viva.Combinado com a m\u00e1scara iluminadora, confere uma <strong>nova vitalidade e brilho<\/strong> aos cabelos pintados e tratados.<\/p>\n<p>350 ml<\/p>\n<p>&nbsp;<\/p>\n[maxbutton id=\"6\"]\n","protected":false},"featured_media":2657,"template":"","meta":[],"product_brand":[],"product_cat":[382],"product_tag":[],"class_list":{"0":"post-2656","1":"product","2":"type-product","3":"status-publish","4":"has-post-thumbnail","6":"product_cat-true-color-cabelos-pintados","7":"description-off","9":"first","10":"instock","11":"shipping-taxable","12":"product-type-simple"},"yoast_head":"<!-- This site is optimized with the Yoast SEO plugin v27.2 - https:\/\/yoast.com\/product\/yoast-seo-wordpress\/ -->\n<title>True Color - Champ\u00f4 iluminador para cabelos pintados | Paul Rivera<\/title>\n<meta name=\"description\" content=\"O champ\u00f4 True Color foi pensado para os cabelos pintados\" \/>\n<meta name=\"robots\" content=\"index, follow, max-snippet:-1, max-image-preview:large, max-video-preview:-1\" \/>\n<link rel=\"canonical\" href=\"https:\/\/paulrivera.it\/pt-pt\/prodotti\/tratamentos\/true-color-cabelos-pintados\/true-color-champo-iluminador-350-ml\/\" \/>\n<meta property=\"og:locale\" content=\"pt_PT\" \/>\n<meta property=\"og:type\" content=\"article\" \/>\n<meta property=\"og:title\" content=\"True Color - Champ\u00f4 iluminador para cabelos pintados | Paul Rivera\" \/>\n<meta property=\"og:description\" content=\"O champ\u00f4 True Color foi pensado para os cabelos pintados\" \/>\n<meta property=\"og:url\" content=\"https:\/\/paulrivera.it\/pt-pt\/prodotti\/tratamentos\/true-color-cabelos-pintados\/true-color-champo-iluminador-350-ml\/\" \/>\n<meta property=\"og:site_name\" content=\"Paul Rivera\" \/>\n<meta property=\"article:modified_time\" content=\"2024-05-13T10:36:29+00:00\" \/>\n<meta property=\"og:image\" content=\"https:\/\/paulrivera.it\/wp-content\/uploads\/2020\/02\/604657_paul_rivera_true_color_bleaching_shampoo_coloured_hair_350ml.png\" \/>\n\t<meta property=\"og:image:width\" content=\"800\" \/>\n\t<meta property=\"og:image:height\" content=\"800\" \/>\n\t<meta property=\"og:image:type\" content=\"image\/png\" \/>\n<meta name=\"twitter:card\" content=\"summary_large_image\" \/>\n<meta name=\"twitter:label1\" content=\"Est. reading time\" \/>\n\t<meta name=\"twitter:data1\" content=\"3 minutes\" \/>\n<script type=\"application\/ld+json\" class=\"yoast-schema-graph\">{\"@context\":\"https:\/\/schema.org\",\"@graph\":[{\"@type\":\"WebPage\",\"@id\":\"https:\/\/paulrivera.it\/pt-pt\/prodotti\/tratamentos\/true-color-cabelos-pintados\/true-color-champo-iluminador-350-ml\/\",\"url\":\"https:\/\/paulrivera.it\/pt-pt\/prodotti\/tratamentos\/true-color-cabelos-pintados\/true-color-champo-iluminador-350-ml\/\",\"name\":\"True Color - Champ\u00f4 iluminador para cabelos pintados | Paul Rivera\",\"isPartOf\":{\"@id\":\"https:\/\/paulrivera.it\/pt-pt\/#website\"},\"primaryImageOfPage\":{\"@id\":\"https:\/\/paulrivera.it\/pt-pt\/prodotti\/tratamentos\/true-color-cabelos-pintados\/true-color-champo-iluminador-350-ml\/#primaryimage\"},\"image\":{\"@id\":\"https:\/\/paulrivera.it\/pt-pt\/prodotti\/tratamentos\/true-color-cabelos-pintados\/true-color-champo-iluminador-350-ml\/#primaryimage\"},\"thumbnailUrl\":\"https:\/\/paulrivera.it\/wp-content\/uploads\/2020\/02\/604657_paul_rivera_true_color_bleaching_shampoo_coloured_hair_350ml.png\",\"datePublished\":\"2020-02-18T13:06:46+00:00\",\"dateModified\":\"2024-05-13T10:36:29+00:00\",\"description\":\"O champ\u00f4 True Color foi pensado para os cabelos pintados\",\"breadcrumb\":{\"@id\":\"https:\/\/paulrivera.it\/pt-pt\/prodotti\/tratamentos\/true-color-cabelos-pintados\/true-color-champo-iluminador-350-ml\/#breadcrumb\"},\"inLanguage\":\"pt-PT\",\"potentialAction\":[{\"@type\":\"ReadAction\",\"target\":[\"https:\/\/paulrivera.it\/pt-pt\/prodotti\/tratamentos\/true-color-cabelos-pintados\/true-color-champo-iluminador-350-ml\/\"]}]},{\"@type\":\"ImageObject\",\"inLanguage\":\"pt-PT\",\"@id\":\"https:\/\/paulrivera.it\/pt-pt\/prodotti\/tratamentos\/true-color-cabelos-pintados\/true-color-champo-iluminador-350-ml\/#primaryimage\",\"url\":\"https:\/\/paulrivera.it\/wp-content\/uploads\/2020\/02\/604657_paul_rivera_true_color_bleaching_shampoo_coloured_hair_350ml.png\",\"contentUrl\":\"https:\/\/paulrivera.it\/wp-content\/uploads\/2020\/02\/604657_paul_rivera_true_color_bleaching_shampoo_coloured_hair_350ml.png\",\"width\":800,\"height\":800,\"caption\":\"Champ\u00f4 iluminador para cabelos pintados\"},{\"@type\":\"BreadcrumbList\",\"@id\":\"https:\/\/paulrivera.it\/pt-pt\/prodotti\/tratamentos\/true-color-cabelos-pintados\/true-color-champo-iluminador-350-ml\/#breadcrumb\",\"itemListElement\":[{\"@type\":\"ListItem\",\"position\":1,\"name\":\"Home\",\"item\":\"https:\/\/paulrivera.it\/pt-pt\/\"},{\"@type\":\"ListItem\",\"position\":2,\"name\":\"Pagina shop\",\"item\":\"https:\/\/paulrivera.it\/prodotti\/\"},{\"@type\":\"ListItem\",\"position\":3,\"name\":\"True Color &#8211; Champ\u00f4 iluminador\"}]},{\"@type\":\"WebSite\",\"@id\":\"https:\/\/paulrivera.it\/pt-pt\/#website\",\"url\":\"https:\/\/paulrivera.it\/pt-pt\/\",\"name\":\"Paul Rivera\",\"description\":\"Hair Beauty Celebration\",\"publisher\":{\"@id\":\"https:\/\/paulrivera.it\/pt-pt\/#organization\"},\"potentialAction\":[{\"@type\":\"SearchAction\",\"target\":{\"@type\":\"EntryPoint\",\"urlTemplate\":\"https:\/\/paulrivera.it\/pt-pt\/?s={search_term_string}\"},\"query-input\":{\"@type\":\"PropertyValueSpecification\",\"valueRequired\":true,\"valueName\":\"search_term_string\"}}],\"inLanguage\":\"pt-PT\"},{\"@type\":\"Organization\",\"@id\":\"https:\/\/paulrivera.it\/pt-pt\/#organization\",\"name\":\"Paul Rivera\",\"url\":\"https:\/\/paulrivera.it\/pt-pt\/\",\"logo\":{\"@type\":\"ImageObject\",\"inLanguage\":\"pt-PT\",\"@id\":\"https:\/\/paulrivera.it\/pt-pt\/#\/schema\/logo\/image\/\",\"url\":\"https:\/\/paulrivera.it\/wp-content\/uploads\/2020\/02\/paul_rivera_logo_header_x2.png\",\"contentUrl\":\"https:\/\/paulrivera.it\/wp-content\/uploads\/2020\/02\/paul_rivera_logo_header_x2.png\",\"width\":470,\"height\":60,\"caption\":\"Paul Rivera\"},\"image\":{\"@id\":\"https:\/\/paulrivera.it\/pt-pt\/#\/schema\/logo\/image\/\"}}]}<\/script>\n<!-- \/ Yoast SEO plugin. -->","yoast_head_json":{"title":"True Color - Champ\u00f4 iluminador para cabelos pintados | Paul Rivera","description":"O champ\u00f4 True Color foi pensado para os cabelos pintados","robots":{"index":"index","follow":"follow","max-snippet":"max-snippet:-1","max-image-preview":"max-image-preview:large","max-video-preview":"max-video-preview:-1"},"canonical":"https:\/\/paulrivera.it\/pt-pt\/prodotti\/tratamentos\/true-color-cabelos-pintados\/true-color-champo-iluminador-350-ml\/","og_locale":"pt_PT","og_type":"article","og_title":"True Color - Champ\u00f4 iluminador para cabelos pintados | Paul Rivera","og_description":"O champ\u00f4 True Color foi pensado para os cabelos pintados","og_url":"https:\/\/paulrivera.it\/pt-pt\/prodotti\/tratamentos\/true-color-cabelos-pintados\/true-color-champo-iluminador-350-ml\/","og_site_name":"Paul Rivera","article_modified_time":"2024-05-13T10:36:29+00:00","og_image":[{"width":800,"height":800,"url":"https:\/\/paulrivera.it\/wp-content\/uploads\/2020\/02\/604657_paul_rivera_true_color_bleaching_shampoo_coloured_hair_350ml.png","type":"image\/png"}],"twitter_card":"summary_large_image","twitter_misc":{"Est. reading time":"3 minutes"},"schema":{"@context":"https:\/\/schema.org","@graph":[{"@type":"WebPage","@id":"https:\/\/paulrivera.it\/pt-pt\/prodotti\/tratamentos\/true-color-cabelos-pintados\/true-color-champo-iluminador-350-ml\/","url":"https:\/\/paulrivera.it\/pt-pt\/prodotti\/tratamentos\/true-color-cabelos-pintados\/true-color-champo-iluminador-350-ml\/","name":"True Color - Champ\u00f4 iluminador para cabelos pintados | Paul Rivera","isPartOf":{"@id":"https:\/\/paulrivera.it\/pt-pt\/#website"},"primaryImageOfPage":{"@id":"https:\/\/paulrivera.it\/pt-pt\/prodotti\/tratamentos\/true-color-cabelos-pintados\/true-color-champo-iluminador-350-ml\/#primaryimage"},"image":{"@id":"https:\/\/paulrivera.it\/pt-pt\/prodotti\/tratamentos\/true-color-cabelos-pintados\/true-color-champo-iluminador-350-ml\/#primaryimage"},"thumbnailUrl":"https:\/\/paulrivera.it\/wp-content\/uploads\/2020\/02\/604657_paul_rivera_true_color_bleaching_shampoo_coloured_hair_350ml.png","datePublished":"2020-02-18T13:06:46+00:00","dateModified":"2024-05-13T10:36:29+00:00","description":"O champ\u00f4 True Color foi pensado para os cabelos pintados","breadcrumb":{"@id":"https:\/\/paulrivera.it\/pt-pt\/prodotti\/tratamentos\/true-color-cabelos-pintados\/true-color-champo-iluminador-350-ml\/#breadcrumb"},"inLanguage":"pt-PT","potentialAction":[{"@type":"ReadAction","target":["https:\/\/paulrivera.it\/pt-pt\/prodotti\/tratamentos\/true-color-cabelos-pintados\/true-color-champo-iluminador-350-ml\/"]}]},{"@type":"ImageObject","inLanguage":"pt-PT","@id":"https:\/\/paulrivera.it\/pt-pt\/prodotti\/tratamentos\/true-color-cabelos-pintados\/true-color-champo-iluminador-350-ml\/#primaryimage","url":"https:\/\/paulrivera.it\/wp-content\/uploads\/2020\/02\/604657_paul_rivera_true_color_bleaching_shampoo_coloured_hair_350ml.png","contentUrl":"https:\/\/paulrivera.it\/wp-content\/uploads\/2020\/02\/604657_paul_rivera_true_color_bleaching_shampoo_coloured_hair_350ml.png","width":800,"height":800,"caption":"Champ\u00f4 iluminador para cabelos pintados"},{"@type":"BreadcrumbList","@id":"https:\/\/paulrivera.it\/pt-pt\/prodotti\/tratamentos\/true-color-cabelos-pintados\/true-color-champo-iluminador-350-ml\/#breadcrumb","itemListElement":[{"@type":"ListItem","position":1,"name":"Home","item":"https:\/\/paulrivera.it\/pt-pt\/"},{"@type":"ListItem","position":2,"name":"Pagina shop","item":"https:\/\/paulrivera.it\/prodotti\/"},{"@type":"ListItem","position":3,"name":"True Color &#8211; Champ\u00f4 iluminador"}]},{"@type":"WebSite","@id":"https:\/\/paulrivera.it\/pt-pt\/#website","url":"https:\/\/paulrivera.it\/pt-pt\/","name":"Paul Rivera","description":"Hair Beauty Celebration","publisher":{"@id":"https:\/\/paulrivera.it\/pt-pt\/#organization"},"potentialAction":[{"@type":"SearchAction","target":{"@type":"EntryPoint","urlTemplate":"https:\/\/paulrivera.it\/pt-pt\/?s={search_term_string}"},"query-input":{"@type":"PropertyValueSpecification","valueRequired":true,"valueName":"search_term_string"}}],"inLanguage":"pt-PT"},{"@type":"Organization","@id":"https:\/\/paulrivera.it\/pt-pt\/#organization","name":"Paul Rivera","url":"https:\/\/paulrivera.it\/pt-pt\/","logo":{"@type":"ImageObject","inLanguage":"pt-PT","@id":"https:\/\/paulrivera.it\/pt-pt\/#\/schema\/logo\/image\/","url":"https:\/\/paulrivera.it\/wp-content\/uploads\/2020\/02\/paul_rivera_logo_header_x2.png","contentUrl":"https:\/\/paulrivera.it\/wp-content\/uploads\/2020\/02\/paul_rivera_logo_header_x2.png","width":470,"height":60,"caption":"Paul Rivera"},"image":{"@id":"https:\/\/paulrivera.it\/pt-pt\/#\/schema\/logo\/image\/"}}]}},"_links":{"self":[{"href":"https:\/\/paulrivera.it\/pt-pt\/wp-json\/wp\/v2\/product\/2656","targetHints":{"allow":["GET"]}}],"collection":[{"href":"https:\/\/paulrivera.it\/pt-pt\/wp-json\/wp\/v2\/product"}],"about":[{"href":"https:\/\/paulrivera.it\/pt-pt\/wp-json\/wp\/v2\/types\/product"}],"wp:featuredmedia":[{"embeddable":true,"href":"https:\/\/paulrivera.it\/pt-pt\/wp-json\/wp\/v2\/media\/2657"}],"wp:attachment":[{"href":"https:\/\/paulrivera.it\/pt-pt\/wp-json\/wp\/v2\/media?parent=2656"}],"wp:term":[{"taxonomy":"product_brand","embeddable":true,"href":"https:\/\/paulrivera.it\/pt-pt\/wp-json\/wp\/v2\/product_brand?post=2656"},{"taxonomy":"product_cat","embeddable":true,"href":"https:\/\/paulrivera.it\/pt-pt\/wp-json\/wp\/v2\/product_cat?post=2656"},{"taxonomy":"product_tag","embeddable":true,"href":"https:\/\/paulrivera.it\/pt-pt\/wp-json\/wp\/v2\/product_tag?post=2656"}],"curies":[{"name":"wp","href":"https:\/\/api.w.org\/{rel}","templated":true}]}}