{"id":2690,"date":"2020-02-18T09:35:58","date_gmt":"2020-02-18T08:35:58","guid":{"rendered":"https:\/\/paulrivera.it\/product\/twister-curl-champo-elastizante-1000-ml\/"},"modified":"2024-05-13T12:50:50","modified_gmt":"2024-05-13T10:50:50","slug":"twister-curl-champo-elastizante-1000-ml","status":"publish","type":"product","link":"https:\/\/paulrivera.it\/pt-pt\/prodotti\/tratamentos\/twister-curl-cabelos-encaracolados\/twister-curl-champo-elastizante-1000-ml\/","title":{"rendered":"Twister Curl &#8211; Champ\u00f4 Elastizante"},"content":{"rendered":"<div class=\"wpb-content-wrapper\"><p>[vc_row full_width=&#8221;stretch_row&#8221;][vc_column][vc_row_inner el_id=&#8221;desktop&#8221;][vc_column_inner width=&#8221;1\/2&#8243; css=&#8221;.vc_custom_1582194227194{padding-top: 10% !important;padding-right: 10% !important;padding-bottom: 10% !important;padding-left: 30% !important;}&#8221; offset=&#8221;vc_hidden-md vc_hidden-sm vc_hidden-xs&#8221;][vc_column_text]<\/p>\n<h1>Ir\u00e1 am\u00e1-lo porque<\/h1>\n<ul>\n<li>\u00c9 um essencial dos cabelos encaracolados<\/li>\n<li>Proporciona cabelos com ondula\u00e7\u00f5es deliciosamente definidas e flex\u00edveis<\/li>\n<li>Lava sem pesar<\/li>\n<\/ul>\n<p>[\/vc_column_text][vc_column_text]<\/p>\n<h1>Ativos na f\u00f3rmula<\/h1>\n<ul>\n<li>Extratos de malva: os extratos da planta medicinal reconhecida pelas suas propriedades anti-inflamat\u00f3rias e analg\u00e9sicas t\u00eam um elevado poder hidratante e emoliente.<\/li>\n<li>Rom\u00e3: fruta com in\u00fameras propriedades terap\u00eauticas, a rom\u00e3 \u00e9 rica em vitaminas e sais minerais com a\u00e7\u00e3o regeneradora, antioxidante e flexibilizante.<\/li>\n<\/ul>\n<p>[\/vc_column_text][vc_column_text]<\/p>\n<h1>Como usar<\/h1>\n<p>Aplique o champ\u00f4 sobre o cabelo molhado e fa\u00e7a uma massagem. Enxague e repita se necess\u00e1rio. Aplique a m\u00e1scara para cabelos encaracolados Twister Curl.[\/vc_column_text][\/vc_column_inner][vc_column_inner width=&#8221;1\/2&#8243; css=&#8221;.vc_custom_1582817573620{background-image: url(https:\/\/paulrivera.it\/wp-content\/uploads\/2020\/02\/background_adv_product_twister_curl.png?id=881) !important;background-position: center !important;background-repeat: no-repeat !important;background-size: cover !important;}&#8221; offset=&#8221;vc_hidden-md vc_hidden-sm vc_hidden-xs&#8221;][vc_single_image image=&#8221;2680&#8243; img_size=&#8221;large&#8221; alignment=&#8221;center&#8221;][\/vc_column_inner][\/vc_row_inner][vc_row_inner el_id=&#8221;tablet&#8221;][vc_column_inner offset=&#8221;vc_hidden-lg vc_hidden-xs&#8221; css=&#8221;.vc_custom_1582192566827{padding-top: 10% !important;padding-bottom: 10% !important;}&#8221;][vc_column_text]<\/p>\n<h1>Ir\u00e1 am\u00e1-lo porque<\/h1>\n<ul>\n<li>\u00c9 um essencial dos cabelos encaracolados<\/li>\n<li>Proporciona cabelos com ondula\u00e7\u00f5es deliciosamente definidas e flex\u00edveis<\/li>\n<li>Lava sem pesar<\/li>\n<\/ul>\n<p>[\/vc_column_text][vc_column_text]<\/p>\n<h1>Ativos na f\u00f3rmula<\/h1>\n<ul>\n<li>Extratos de malva: os extratos da planta medicinal reconhecida pelas suas propriedades anti-inflamat\u00f3rias e analg\u00e9sicas t\u00eam um elevado poder hidratante e emoliente.<\/li>\n<li>Rom\u00e3: fruta com in\u00fameras propriedades terap\u00eauticas, a rom\u00e3 \u00e9 rica em vitaminas e sais minerais com a\u00e7\u00e3o regeneradora, antioxidante e flexibilizante.<\/li>\n<\/ul>\n<p>[\/vc_column_text][vc_column_text]<\/p>\n<h1>Como usar<\/h1>\n<p>Aplique o champ\u00f4 sobre o cabelo molhado e fa\u00e7a uma massagem. Enxague e repita se necess\u00e1rio. Aplique a m\u00e1scara para cabelos encaracolados Twister Curl.[\/vc_column_text][\/vc_column_inner][\/vc_row_inner][vc_row_inner el_id=&#8221;mobile&#8221;][vc_column_inner width=&#8221;1\/2&#8243; offset=&#8221;vc_hidden-lg vc_hidden-md vc_hidden-sm&#8221;][vc_column_text]<\/p>\n<h1>Ir\u00e1 am\u00e1-lo porque<\/h1>\n<ul>\n<li>\u00c9 um essencial dos cabelos encaracolados<\/li>\n<li>Proporciona cabelos com ondula\u00e7\u00f5es deliciosamente definidas e flex\u00edveis<\/li>\n<li>Lava sem pesar<\/li>\n<\/ul>\n<p>[\/vc_column_text][vc_column_text]<\/p>\n<h1>Ativos na f\u00f3rmula<\/h1>\n<ul>\n<li>Extratos de malva: os extratos da planta medicinal reconhecida pelas suas propriedades anti-inflamat\u00f3rias e analg\u00e9sicas t\u00eam um elevado poder hidratante e emoliente.<\/li>\n<li>Rom\u00e3: fruta com in\u00fameras propriedades terap\u00eauticas, a rom\u00e3 \u00e9 rica em vitaminas e sais minerais com a\u00e7\u00e3o regeneradora, antioxidante e flexibilizante.<\/li>\n<\/ul>\n<p>[\/vc_column_text][vc_column_text]<\/p>\n<h1>Como usar<\/h1>\n<p>Aplique o champ\u00f4 sobre o cabelo molhado e fa\u00e7a uma massagem. Enxague e repita se necess\u00e1rio. Aplique a m\u00e1scara para cabelos encaracolados Twister Curl.[\/vc_column_text][\/vc_column_inner][vc_column_inner width=&#8221;1\/2&#8243; css=&#8221;.vc_custom_1582817595063{background-image: url(https:\/\/paulrivera.it\/wp-content\/uploads\/2020\/02\/background_adv_product_twister_curl.png?id=881) !important;background-position: center !important;background-repeat: no-repeat !important;background-size: cover !important;}&#8221; offset=&#8221;vc_hidden-lg vc_hidden-md vc_hidden-sm&#8221;][vc_single_image image=&#8221;2680&#8243; img_size=&#8221;large&#8221; alignment=&#8221;center&#8221;][\/vc_column_inner][\/vc_row_inner][\/vc_column][\/vc_row][vc_row css=&#8221;.vc_custom_1582192829011{padding-top: 50px !important;}&#8221;][vc_column][vc_row_inner][vc_column_inner][vc_column_text]<\/p>\n<h1 style=\"text-align: center;\">Produtos relacionados<\/h1>\n<p>[\/vc_column_text][\/vc_column_inner][\/vc_row_inner][vc_raw_html]W3dwYi1wcm9kdWN0LXNsaWRlci1zaG9ydGNvZGUgaWQ9IjI4MCJd[\/vc_raw_html][\/vc_column][\/vc_row]<\/p>\n<\/div>","protected":false},"excerpt":{"rendered":"<p>O champ\u00f4 <strong>Twister Curl<\/strong> proporciona uma <strong>hidrata\u00e7\u00e3o e nutri\u00e7\u00e3o<\/strong> absolutas aos cabelos encaracolados, desembara\u00e7ando em suavidade os cabelos compridos. O segredo de ondula\u00e7\u00f5es el\u00e1sticas e encaracolados com defini\u00e7\u00e3o suprema reside na f\u00f3rmula com <strong>extratos de malva e rom\u00e3<\/strong>.<\/p>\n<p>A a\u00e7\u00e3o do champ\u00f4 \u00e9 excecional em <strong>carac\u00f3is rebeldes e dif\u00edceis de tratar<\/strong>: lava delicadamente e melhora a ondula\u00e7\u00e3o, luta <strong>contra o cabelo crespo<\/strong> e valoriza a configura\u00e7\u00e3o natural do cabelo.<\/p>\n<p>1000 ml<\/p>\n<p>&nbsp;<\/p>\n[maxbutton id=\"6\"]\n","protected":false},"featured_media":2691,"template":"","meta":[],"product_brand":[],"product_cat":[385],"product_tag":[],"class_list":{"0":"post-2690","1":"product","2":"type-product","3":"status-publish","4":"has-post-thumbnail","6":"product_cat-twister-curl-cabelos-encaracolados","7":"description-off","9":"first","10":"instock","11":"shipping-taxable","12":"product-type-simple"},"yoast_head":"<!-- This site is optimized with the Yoast SEO plugin v27.2 - https:\/\/yoast.com\/product\/yoast-seo-wordpress\/ -->\n<title>Twister Curl - Champ\u00f4 Elastizante | Paul Rivera<\/title>\n<meta name=\"description\" content=\"O champ\u00f4 Twister Curl proporciona uma hidrata\u00e7\u00e3o e nutri\u00e7\u00e3o absolutas aos cabelos encaracolados, desembara\u00e7ando em suavidade os cabelos compridos\" \/>\n<meta name=\"robots\" content=\"index, follow, max-snippet:-1, max-image-preview:large, max-video-preview:-1\" \/>\n<link rel=\"canonical\" href=\"https:\/\/paulrivera.it\/pt-pt\/prodotti\/tratamentos\/twister-curl-cabelos-encaracolados\/twister-curl-champo-elastizante-1000-ml\/\" \/>\n<meta property=\"og:locale\" content=\"pt_PT\" \/>\n<meta property=\"og:type\" content=\"article\" \/>\n<meta property=\"og:title\" content=\"Twister Curl - Champ\u00f4 Elastizante | Paul Rivera\" \/>\n<meta property=\"og:description\" content=\"O champ\u00f4 Twister Curl proporciona uma hidrata\u00e7\u00e3o e nutri\u00e7\u00e3o absolutas aos cabelos encaracolados, desembara\u00e7ando em suavidade os cabelos compridos\" \/>\n<meta property=\"og:url\" content=\"https:\/\/paulrivera.it\/pt-pt\/prodotti\/tratamentos\/twister-curl-cabelos-encaracolados\/twister-curl-champo-elastizante-1000-ml\/\" \/>\n<meta property=\"og:site_name\" content=\"Paul Rivera\" \/>\n<meta property=\"article:modified_time\" content=\"2024-05-13T10:50:50+00:00\" \/>\n<meta property=\"og:image\" content=\"https:\/\/paulrivera.it\/wp-content\/uploads\/2020\/02\/604552_paul_rivera_twister_curl_elasticizing_shampoo_curly_hair_1000ml.png\" \/>\n\t<meta property=\"og:image:width\" content=\"800\" \/>\n\t<meta property=\"og:image:height\" content=\"800\" \/>\n\t<meta property=\"og:image:type\" content=\"image\/png\" \/>\n<meta name=\"twitter:card\" content=\"summary_large_image\" \/>\n<meta name=\"twitter:label1\" content=\"Est. reading time\" \/>\n\t<meta name=\"twitter:data1\" content=\"3 minutes\" \/>\n<script type=\"application\/ld+json\" class=\"yoast-schema-graph\">{\"@context\":\"https:\/\/schema.org\",\"@graph\":[{\"@type\":\"WebPage\",\"@id\":\"https:\/\/paulrivera.it\/pt-pt\/prodotti\/tratamentos\/twister-curl-cabelos-encaracolados\/twister-curl-champo-elastizante-1000-ml\/\",\"url\":\"https:\/\/paulrivera.it\/pt-pt\/prodotti\/tratamentos\/twister-curl-cabelos-encaracolados\/twister-curl-champo-elastizante-1000-ml\/\",\"name\":\"Twister Curl - Champ\u00f4 Elastizante | Paul Rivera\",\"isPartOf\":{\"@id\":\"https:\/\/paulrivera.it\/pt-pt\/#website\"},\"primaryImageOfPage\":{\"@id\":\"https:\/\/paulrivera.it\/pt-pt\/prodotti\/tratamentos\/twister-curl-cabelos-encaracolados\/twister-curl-champo-elastizante-1000-ml\/#primaryimage\"},\"image\":{\"@id\":\"https:\/\/paulrivera.it\/pt-pt\/prodotti\/tratamentos\/twister-curl-cabelos-encaracolados\/twister-curl-champo-elastizante-1000-ml\/#primaryimage\"},\"thumbnailUrl\":\"https:\/\/paulrivera.it\/wp-content\/uploads\/2020\/02\/604552_paul_rivera_twister_curl_elasticizing_shampoo_curly_hair_1000ml.png\",\"datePublished\":\"2020-02-18T08:35:58+00:00\",\"dateModified\":\"2024-05-13T10:50:50+00:00\",\"description\":\"O champ\u00f4 Twister Curl proporciona uma hidrata\u00e7\u00e3o e nutri\u00e7\u00e3o absolutas aos cabelos encaracolados, desembara\u00e7ando em suavidade os cabelos compridos\",\"breadcrumb\":{\"@id\":\"https:\/\/paulrivera.it\/pt-pt\/prodotti\/tratamentos\/twister-curl-cabelos-encaracolados\/twister-curl-champo-elastizante-1000-ml\/#breadcrumb\"},\"inLanguage\":\"pt-PT\",\"potentialAction\":[{\"@type\":\"ReadAction\",\"target\":[\"https:\/\/paulrivera.it\/pt-pt\/prodotti\/tratamentos\/twister-curl-cabelos-encaracolados\/twister-curl-champo-elastizante-1000-ml\/\"]}]},{\"@type\":\"ImageObject\",\"inLanguage\":\"pt-PT\",\"@id\":\"https:\/\/paulrivera.it\/pt-pt\/prodotti\/tratamentos\/twister-curl-cabelos-encaracolados\/twister-curl-champo-elastizante-1000-ml\/#primaryimage\",\"url\":\"https:\/\/paulrivera.it\/wp-content\/uploads\/2020\/02\/604552_paul_rivera_twister_curl_elasticizing_shampoo_curly_hair_1000ml.png\",\"contentUrl\":\"https:\/\/paulrivera.it\/wp-content\/uploads\/2020\/02\/604552_paul_rivera_twister_curl_elasticizing_shampoo_curly_hair_1000ml.png\",\"width\":800,\"height\":800,\"caption\":\"Twister Curl - Champ\u00f4 Elastizante\"},{\"@type\":\"BreadcrumbList\",\"@id\":\"https:\/\/paulrivera.it\/pt-pt\/prodotti\/tratamentos\/twister-curl-cabelos-encaracolados\/twister-curl-champo-elastizante-1000-ml\/#breadcrumb\",\"itemListElement\":[{\"@type\":\"ListItem\",\"position\":1,\"name\":\"Home\",\"item\":\"https:\/\/paulrivera.it\/pt-pt\/\"},{\"@type\":\"ListItem\",\"position\":2,\"name\":\"Pagina shop\",\"item\":\"https:\/\/paulrivera.it\/prodotti\/\"},{\"@type\":\"ListItem\",\"position\":3,\"name\":\"Twister Curl &#8211; Champ\u00f4 Elastizante\"}]},{\"@type\":\"WebSite\",\"@id\":\"https:\/\/paulrivera.it\/pt-pt\/#website\",\"url\":\"https:\/\/paulrivera.it\/pt-pt\/\",\"name\":\"Paul Rivera\",\"description\":\"Hair Beauty Celebration\",\"publisher\":{\"@id\":\"https:\/\/paulrivera.it\/pt-pt\/#organization\"},\"potentialAction\":[{\"@type\":\"SearchAction\",\"target\":{\"@type\":\"EntryPoint\",\"urlTemplate\":\"https:\/\/paulrivera.it\/pt-pt\/?s={search_term_string}\"},\"query-input\":{\"@type\":\"PropertyValueSpecification\",\"valueRequired\":true,\"valueName\":\"search_term_string\"}}],\"inLanguage\":\"pt-PT\"},{\"@type\":\"Organization\",\"@id\":\"https:\/\/paulrivera.it\/pt-pt\/#organization\",\"name\":\"Paul Rivera\",\"url\":\"https:\/\/paulrivera.it\/pt-pt\/\",\"logo\":{\"@type\":\"ImageObject\",\"inLanguage\":\"pt-PT\",\"@id\":\"https:\/\/paulrivera.it\/pt-pt\/#\/schema\/logo\/image\/\",\"url\":\"https:\/\/paulrivera.it\/wp-content\/uploads\/2020\/02\/paul_rivera_logo_header_x2.png\",\"contentUrl\":\"https:\/\/paulrivera.it\/wp-content\/uploads\/2020\/02\/paul_rivera_logo_header_x2.png\",\"width\":470,\"height\":60,\"caption\":\"Paul Rivera\"},\"image\":{\"@id\":\"https:\/\/paulrivera.it\/pt-pt\/#\/schema\/logo\/image\/\"}}]}<\/script>\n<!-- \/ Yoast SEO plugin. -->","yoast_head_json":{"title":"Twister Curl - Champ\u00f4 Elastizante | Paul Rivera","description":"O champ\u00f4 Twister Curl proporciona uma hidrata\u00e7\u00e3o e nutri\u00e7\u00e3o absolutas aos cabelos encaracolados, desembara\u00e7ando em suavidade os cabelos compridos","robots":{"index":"index","follow":"follow","max-snippet":"max-snippet:-1","max-image-preview":"max-image-preview:large","max-video-preview":"max-video-preview:-1"},"canonical":"https:\/\/paulrivera.it\/pt-pt\/prodotti\/tratamentos\/twister-curl-cabelos-encaracolados\/twister-curl-champo-elastizante-1000-ml\/","og_locale":"pt_PT","og_type":"article","og_title":"Twister Curl - Champ\u00f4 Elastizante | Paul Rivera","og_description":"O champ\u00f4 Twister Curl proporciona uma hidrata\u00e7\u00e3o e nutri\u00e7\u00e3o absolutas aos cabelos encaracolados, desembara\u00e7ando em suavidade os cabelos compridos","og_url":"https:\/\/paulrivera.it\/pt-pt\/prodotti\/tratamentos\/twister-curl-cabelos-encaracolados\/twister-curl-champo-elastizante-1000-ml\/","og_site_name":"Paul Rivera","article_modified_time":"2024-05-13T10:50:50+00:00","og_image":[{"width":800,"height":800,"url":"https:\/\/paulrivera.it\/wp-content\/uploads\/2020\/02\/604552_paul_rivera_twister_curl_elasticizing_shampoo_curly_hair_1000ml.png","type":"image\/png"}],"twitter_card":"summary_large_image","twitter_misc":{"Est. reading time":"3 minutes"},"schema":{"@context":"https:\/\/schema.org","@graph":[{"@type":"WebPage","@id":"https:\/\/paulrivera.it\/pt-pt\/prodotti\/tratamentos\/twister-curl-cabelos-encaracolados\/twister-curl-champo-elastizante-1000-ml\/","url":"https:\/\/paulrivera.it\/pt-pt\/prodotti\/tratamentos\/twister-curl-cabelos-encaracolados\/twister-curl-champo-elastizante-1000-ml\/","name":"Twister Curl - Champ\u00f4 Elastizante | Paul Rivera","isPartOf":{"@id":"https:\/\/paulrivera.it\/pt-pt\/#website"},"primaryImageOfPage":{"@id":"https:\/\/paulrivera.it\/pt-pt\/prodotti\/tratamentos\/twister-curl-cabelos-encaracolados\/twister-curl-champo-elastizante-1000-ml\/#primaryimage"},"image":{"@id":"https:\/\/paulrivera.it\/pt-pt\/prodotti\/tratamentos\/twister-curl-cabelos-encaracolados\/twister-curl-champo-elastizante-1000-ml\/#primaryimage"},"thumbnailUrl":"https:\/\/paulrivera.it\/wp-content\/uploads\/2020\/02\/604552_paul_rivera_twister_curl_elasticizing_shampoo_curly_hair_1000ml.png","datePublished":"2020-02-18T08:35:58+00:00","dateModified":"2024-05-13T10:50:50+00:00","description":"O champ\u00f4 Twister Curl proporciona uma hidrata\u00e7\u00e3o e nutri\u00e7\u00e3o absolutas aos cabelos encaracolados, desembara\u00e7ando em suavidade os cabelos compridos","breadcrumb":{"@id":"https:\/\/paulrivera.it\/pt-pt\/prodotti\/tratamentos\/twister-curl-cabelos-encaracolados\/twister-curl-champo-elastizante-1000-ml\/#breadcrumb"},"inLanguage":"pt-PT","potentialAction":[{"@type":"ReadAction","target":["https:\/\/paulrivera.it\/pt-pt\/prodotti\/tratamentos\/twister-curl-cabelos-encaracolados\/twister-curl-champo-elastizante-1000-ml\/"]}]},{"@type":"ImageObject","inLanguage":"pt-PT","@id":"https:\/\/paulrivera.it\/pt-pt\/prodotti\/tratamentos\/twister-curl-cabelos-encaracolados\/twister-curl-champo-elastizante-1000-ml\/#primaryimage","url":"https:\/\/paulrivera.it\/wp-content\/uploads\/2020\/02\/604552_paul_rivera_twister_curl_elasticizing_shampoo_curly_hair_1000ml.png","contentUrl":"https:\/\/paulrivera.it\/wp-content\/uploads\/2020\/02\/604552_paul_rivera_twister_curl_elasticizing_shampoo_curly_hair_1000ml.png","width":800,"height":800,"caption":"Twister Curl - Champ\u00f4 Elastizante"},{"@type":"BreadcrumbList","@id":"https:\/\/paulrivera.it\/pt-pt\/prodotti\/tratamentos\/twister-curl-cabelos-encaracolados\/twister-curl-champo-elastizante-1000-ml\/#breadcrumb","itemListElement":[{"@type":"ListItem","position":1,"name":"Home","item":"https:\/\/paulrivera.it\/pt-pt\/"},{"@type":"ListItem","position":2,"name":"Pagina shop","item":"https:\/\/paulrivera.it\/prodotti\/"},{"@type":"ListItem","position":3,"name":"Twister Curl &#8211; Champ\u00f4 Elastizante"}]},{"@type":"WebSite","@id":"https:\/\/paulrivera.it\/pt-pt\/#website","url":"https:\/\/paulrivera.it\/pt-pt\/","name":"Paul Rivera","description":"Hair Beauty Celebration","publisher":{"@id":"https:\/\/paulrivera.it\/pt-pt\/#organization"},"potentialAction":[{"@type":"SearchAction","target":{"@type":"EntryPoint","urlTemplate":"https:\/\/paulrivera.it\/pt-pt\/?s={search_term_string}"},"query-input":{"@type":"PropertyValueSpecification","valueRequired":true,"valueName":"search_term_string"}}],"inLanguage":"pt-PT"},{"@type":"Organization","@id":"https:\/\/paulrivera.it\/pt-pt\/#organization","name":"Paul Rivera","url":"https:\/\/paulrivera.it\/pt-pt\/","logo":{"@type":"ImageObject","inLanguage":"pt-PT","@id":"https:\/\/paulrivera.it\/pt-pt\/#\/schema\/logo\/image\/","url":"https:\/\/paulrivera.it\/wp-content\/uploads\/2020\/02\/paul_rivera_logo_header_x2.png","contentUrl":"https:\/\/paulrivera.it\/wp-content\/uploads\/2020\/02\/paul_rivera_logo_header_x2.png","width":470,"height":60,"caption":"Paul Rivera"},"image":{"@id":"https:\/\/paulrivera.it\/pt-pt\/#\/schema\/logo\/image\/"}}]}},"_links":{"self":[{"href":"https:\/\/paulrivera.it\/pt-pt\/wp-json\/wp\/v2\/product\/2690","targetHints":{"allow":["GET"]}}],"collection":[{"href":"https:\/\/paulrivera.it\/pt-pt\/wp-json\/wp\/v2\/product"}],"about":[{"href":"https:\/\/paulrivera.it\/pt-pt\/wp-json\/wp\/v2\/types\/product"}],"wp:featuredmedia":[{"embeddable":true,"href":"https:\/\/paulrivera.it\/pt-pt\/wp-json\/wp\/v2\/media\/2691"}],"wp:attachment":[{"href":"https:\/\/paulrivera.it\/pt-pt\/wp-json\/wp\/v2\/media?parent=2690"}],"wp:term":[{"taxonomy":"product_brand","embeddable":true,"href":"https:\/\/paulrivera.it\/pt-pt\/wp-json\/wp\/v2\/product_brand?post=2690"},{"taxonomy":"product_cat","embeddable":true,"href":"https:\/\/paulrivera.it\/pt-pt\/wp-json\/wp\/v2\/product_cat?post=2690"},{"taxonomy":"product_tag","embeddable":true,"href":"https:\/\/paulrivera.it\/pt-pt\/wp-json\/wp\/v2\/product_tag?post=2690"}],"curies":[{"name":"wp","href":"https:\/\/api.w.org\/{rel}","templated":true}]}}