{"id":2717,"date":"2020-02-18T14:20:51","date_gmt":"2020-02-18T13:20:51","guid":{"rendered":"https:\/\/paulrivera.it\/product\/depurize-champo-normalizante-350-ml\/"},"modified":"2025-10-30T12:02:43","modified_gmt":"2025-10-30T11:02:43","slug":"depurize-champo-normalizante-350-ml","status":"publish","type":"product","link":"https:\/\/paulrivera.it\/pt-pt\/prodotti\/tratamentos\/depurize-raizes-oleosas\/depurize-champo-normalizante-350-ml\/","title":{"rendered":"Depurize &#8211; Champ\u00f4 Normalizante"},"content":{"rendered":"<div class=\"wpb-content-wrapper\"><p>[vc_row full_width=&#8221;stretch_row&#8221;][vc_column][vc_row_inner el_id=&#8221;desktop&#8221;][vc_column_inner width=&#8221;1\/2&#8243; css=&#8221;.vc_custom_1582194227194{padding-top: 10% !important;padding-right: 10% !important;padding-bottom: 10% !important;padding-left: 30% !important;}&#8221; offset=&#8221;vc_hidden-md vc_hidden-sm vc_hidden-xs&#8221;][vc_column_text]<\/p>\n<h1>Ir\u00e1 am\u00e1-lo porque<\/h1>\n<ul>\n<li>A sua fun\u00e7\u00e3o bivalente \u00e9 adequada em caso de ra\u00edzes oleosas e com caspa<\/li>\n<li>Elimina a caspa sem agredir o couro cabeludo<\/li>\n<li>Luta contra o excesso de sebo<\/li>\n<li>Elimina o inest\u00e9tico efeito oleoso<\/li>\n<\/ul>\n<p>[\/vc_column_text][vc_column_text]<\/p>\n<h1>Ativos na f\u00f3rmula<\/h1>\n<ul>\n<li>Extrato de salgueiro: particularmente rico em flavon\u00f3ides e gluc\u00f3sidos salic\u00edlicos, o salgueiro tem uma propriedade purificante, analg\u00e9sica, antipir\u00e9tica e anti-inflamat\u00f3ria.<\/li>\n<li>\u00d3leo de Tea Tree: possui preciosas propriedades curativas, desinfetantes, antibacterianas, cicatrizantes e antif\u00fangicas.<\/li>\n<\/ul>\n<p>[\/vc_column_text][vc_column_text]<\/p>\n<h1>Como usar<\/h1>\n<p>Aplique o champ\u00f4 sobre o cabelo molhado e fa\u00e7a uma massagem. Enxague e repita se necess\u00e1rio. Aplique o tratamento em ampolas Depurize.<\/p>\n<p>[\/vc_column_text][\/vc_column_inner][vc_column_inner width=&#8221;1\/2&#8243; css=&#8221;.vc_custom_1592818911213{background-color: #008074 !important;background-position: center !important;background-repeat: no-repeat !important;background-size: cover !important;}&#8221; offset=&#8221;vc_hidden-md vc_hidden-sm vc_hidden-xs&#8221;][vc_single_image image=&#8221;16103&#8243; img_size=&#8221;large&#8221; alignment=&#8221;center&#8221;][\/vc_column_inner][\/vc_row_inner][vc_row_inner el_id=&#8221;tablet&#8221;][vc_column_inner offset=&#8221;vc_hidden-lg vc_hidden-xs&#8221;][vc_column_text]<\/p>\n<h1>Ir\u00e1 am\u00e1-lo porque<\/h1>\n<ul>\n<li>A sua fun\u00e7\u00e3o bivalente \u00e9 adequada em caso de ra\u00edzes oleosas e com caspa<\/li>\n<li>Elimina a caspa sem agredir o couro cabeludo<\/li>\n<li>Luta contra o excesso de sebo<\/li>\n<li>Elimina o inest\u00e9tico efeito oleoso<\/li>\n<\/ul>\n<p>[\/vc_column_text][vc_column_text]<\/p>\n<h1>Ativos na f\u00f3rmula<\/h1>\n<ul>\n<li>Extrato de salgueiro: particularmente rico em flavon\u00f3ides e gluc\u00f3sidos salic\u00edlicos, o salgueiro tem uma propriedade purificante, analg\u00e9sica, antipir\u00e9tica e anti-inflamat\u00f3ria.<\/li>\n<li>\u00d3leo de Tea Tree: possui preciosas propriedades curativas, desinfetantes, antibacterianas, cicatrizantes e antif\u00fangicas.<\/li>\n<\/ul>\n<p>[\/vc_column_text][vc_column_text]<\/p>\n<h1>Como usar<\/h1>\n<p>Aplique o champ\u00f4 sobre o cabelo molhado e fa\u00e7a uma massagem. Enxague e repita se necess\u00e1rio. Aplique o tratamento em ampolas Depurize.<\/p>\n<p>[\/vc_column_text][\/vc_column_inner][\/vc_row_inner][vc_row_inner el_id=&#8221;mobile&#8221;][vc_column_inner width=&#8221;1\/2&#8243; offset=&#8221;vc_hidden-lg vc_hidden-md vc_hidden-sm&#8221;][vc_column_text]<\/p>\n<h1>Ir\u00e1 am\u00e1-lo porque<\/h1>\n<ul>\n<li>A sua fun\u00e7\u00e3o bivalente \u00e9 adequada em caso de ra\u00edzes oleosas e com caspa<\/li>\n<li>Elimina a caspa sem agredir o couro cabeludo<\/li>\n<li>Luta contra o excesso de sebo<\/li>\n<li>Elimina o inest\u00e9tico efeito oleoso<\/li>\n<\/ul>\n<p>[\/vc_column_text][vc_column_text]<\/p>\n<h1>Ativos na f\u00f3rmula<\/h1>\n<ul>\n<li>Extrato de salgueiro: particularmente rico em flavon\u00f3ides e gluc\u00f3sidos salic\u00edlicos, o salgueiro tem uma propriedade purificante, analg\u00e9sica, antipir\u00e9tica e anti-inflamat\u00f3ria.<\/li>\n<li>\u00d3leo de Tea Tree: possui preciosas propriedades curativas, desinfetantes, antibacterianas, cicatrizantes e antif\u00fangicas.<\/li>\n<\/ul>\n<p>[\/vc_column_text][vc_column_text]<\/p>\n<h1>Como usar<\/h1>\n<p>Aplique o champ\u00f4 sobre o cabelo molhado e fa\u00e7a uma massagem. Enxague e repita se necess\u00e1rio. Aplique o tratamento em ampolas Depurize.<\/p>\n<p>[\/vc_column_text][\/vc_column_inner][vc_column_inner width=&#8221;1\/2&#8243; css=&#8221;.vc_custom_1592818920359{background-color: #008074 !important;background-position: center !important;background-repeat: no-repeat !important;background-size: cover !important;}&#8221; offset=&#8221;vc_hidden-lg vc_hidden-md vc_hidden-sm&#8221;][vc_single_image image=&#8221;16103&#8243; img_size=&#8221;large&#8221; alignment=&#8221;center&#8221;][\/vc_column_inner][\/vc_row_inner][\/vc_column][\/vc_row][vc_row css=&#8221;.vc_custom_1582192829011{padding-top: 50px !important;}&#8221;][vc_column][vc_row_inner][vc_column_inner][vc_column_text]<\/p>\n<h1 style=\"text-align: center;\">Produtos relacionados<\/h1>\n<p>[\/vc_column_text][\/vc_column_inner][\/vc_row_inner][vc_raw_html]W3dwYi1wcm9kdWN0LXNsaWRlci1zaG9ydGNvZGUgaWQ9IjIzMyJd[\/vc_raw_html][\/vc_column][\/vc_row]<\/p>\n<\/div>","protected":false},"excerpt":{"rendered":"<p>Lava e protege contra a <strong>caspa e sebo<\/strong>. Utilizado com frequ\u00eancia, o <strong>champ\u00f4 Depurize<\/strong> desenvolve uma a\u00e7\u00e3o bivalente: a f\u00f3rmula equilibradora <strong>elimina a caspa<\/strong> delicadamente e <strong>purifica o couro cabeludo<\/strong> do excesso de sebo, proporcionando um ambiente cut\u00e2neo s\u00e3o e limpo.<\/p>\n<p>Ajuda a restaurar o equil\u00edbrio do couro cabeludo, desenvolvendo uma a\u00e7\u00e3o intensa de tratamento, mas n\u00e3o agressiva para o couro cabeludo. O champ\u00f4 Depurize \u00e9 enriquecido com <strong>extrato de salgueiro <\/strong>e<strong> \u00f3leo de Tea Tree<\/strong>, princ\u00edpios ativos que lutam contra as causas que produzem a caspa e as ra\u00edzes oleosas. A efic\u00e1cia e toler\u00e2ncia foram <strong>clinicamente testadas<\/strong>.<\/p>\n<p>350 ml<\/p>\n<p>&nbsp;<\/p>\n[maxbutton id=\"6\"]\n","protected":false},"featured_media":16152,"template":"","meta":[],"product_brand":[],"product_cat":[379],"product_tag":[],"class_list":{"0":"post-2717","1":"product","2":"type-product","3":"status-publish","4":"has-post-thumbnail","6":"product_cat-depurize-raizes-oleosas","7":"description-off","9":"first","10":"instock","11":"shipping-taxable","12":"product-type-simple"},"yoast_head":"<!-- This site is optimized with the Yoast SEO plugin v27.2 - https:\/\/yoast.com\/product\/yoast-seo-wordpress\/ -->\n<title>Depurize - Champ\u00f4 Normalizante | Paul Rivera<\/title>\n<meta name=\"description\" content=\"Utilizado com frequ\u00eancia, o champ\u00f4 Depurize desenvolve uma a\u00e7\u00e3o bivalente: a f\u00f3rmula equilibradora elimina a caspa delicadamente e purifica o couro cabeludo.\" \/>\n<meta name=\"robots\" content=\"index, follow, max-snippet:-1, max-image-preview:large, max-video-preview:-1\" \/>\n<link rel=\"canonical\" href=\"https:\/\/paulrivera.it\/pt-pt\/prodotti\/tratamentos\/depurize-raizes-oleosas\/depurize-champo-normalizante-350-ml\/\" \/>\n<meta property=\"og:locale\" content=\"pt_PT\" \/>\n<meta property=\"og:type\" content=\"article\" \/>\n<meta property=\"og:title\" content=\"Depurize - Champ\u00f4 Normalizante | Paul Rivera\" \/>\n<meta property=\"og:description\" content=\"Utilizado com frequ\u00eancia, o champ\u00f4 Depurize desenvolve uma a\u00e7\u00e3o bivalente: a f\u00f3rmula equilibradora elimina a caspa delicadamente e purifica o couro cabeludo.\" \/>\n<meta property=\"og:url\" content=\"https:\/\/paulrivera.it\/pt-pt\/prodotti\/tratamentos\/depurize-raizes-oleosas\/depurize-champo-normalizante-350-ml\/\" \/>\n<meta property=\"og:site_name\" content=\"Paul Rivera\" \/>\n<meta property=\"article:modified_time\" content=\"2025-10-30T11:02:43+00:00\" \/>\n<meta property=\"og:image\" content=\"https:\/\/paulrivera.it\/wp-content\/uploads\/2025\/10\/604835-paul-rivera-depurize-normalizing-shampoo-oily-scalp-dandruff-350ml.png\" \/>\n\t<meta property=\"og:image:width\" content=\"800\" \/>\n\t<meta property=\"og:image:height\" content=\"800\" \/>\n\t<meta property=\"og:image:type\" content=\"image\/png\" \/>\n<meta name=\"twitter:card\" content=\"summary_large_image\" \/>\n<meta name=\"twitter:label1\" content=\"Est. reading time\" \/>\n\t<meta name=\"twitter:data1\" content=\"3 minutes\" \/>\n<script type=\"application\/ld+json\" class=\"yoast-schema-graph\">{\"@context\":\"https:\/\/schema.org\",\"@graph\":[{\"@type\":\"WebPage\",\"@id\":\"https:\/\/paulrivera.it\/pt-pt\/prodotti\/tratamentos\/depurize-raizes-oleosas\/depurize-champo-normalizante-350-ml\/\",\"url\":\"https:\/\/paulrivera.it\/pt-pt\/prodotti\/tratamentos\/depurize-raizes-oleosas\/depurize-champo-normalizante-350-ml\/\",\"name\":\"Depurize - Champ\u00f4 Normalizante | Paul Rivera\",\"isPartOf\":{\"@id\":\"https:\/\/paulrivera.it\/pt-pt\/#website\"},\"primaryImageOfPage\":{\"@id\":\"https:\/\/paulrivera.it\/pt-pt\/prodotti\/tratamentos\/depurize-raizes-oleosas\/depurize-champo-normalizante-350-ml\/#primaryimage\"},\"image\":{\"@id\":\"https:\/\/paulrivera.it\/pt-pt\/prodotti\/tratamentos\/depurize-raizes-oleosas\/depurize-champo-normalizante-350-ml\/#primaryimage\"},\"thumbnailUrl\":\"https:\/\/paulrivera.it\/wp-content\/uploads\/2025\/10\/604835-paul-rivera-depurize-normalizing-shampoo-oily-scalp-dandruff-350ml.png\",\"datePublished\":\"2020-02-18T13:20:51+00:00\",\"dateModified\":\"2025-10-30T11:02:43+00:00\",\"description\":\"Utilizado com frequ\u00eancia, o champ\u00f4 Depurize desenvolve uma a\u00e7\u00e3o bivalente: a f\u00f3rmula equilibradora elimina a caspa delicadamente e purifica o couro cabeludo.\",\"breadcrumb\":{\"@id\":\"https:\/\/paulrivera.it\/pt-pt\/prodotti\/tratamentos\/depurize-raizes-oleosas\/depurize-champo-normalizante-350-ml\/#breadcrumb\"},\"inLanguage\":\"pt-PT\",\"potentialAction\":[{\"@type\":\"ReadAction\",\"target\":[\"https:\/\/paulrivera.it\/pt-pt\/prodotti\/tratamentos\/depurize-raizes-oleosas\/depurize-champo-normalizante-350-ml\/\"]}]},{\"@type\":\"ImageObject\",\"inLanguage\":\"pt-PT\",\"@id\":\"https:\/\/paulrivera.it\/pt-pt\/prodotti\/tratamentos\/depurize-raizes-oleosas\/depurize-champo-normalizante-350-ml\/#primaryimage\",\"url\":\"https:\/\/paulrivera.it\/wp-content\/uploads\/2025\/10\/604835-paul-rivera-depurize-normalizing-shampoo-oily-scalp-dandruff-350ml.png\",\"contentUrl\":\"https:\/\/paulrivera.it\/wp-content\/uploads\/2025\/10\/604835-paul-rivera-depurize-normalizing-shampoo-oily-scalp-dandruff-350ml.png\",\"width\":800,\"height\":800},{\"@type\":\"BreadcrumbList\",\"@id\":\"https:\/\/paulrivera.it\/pt-pt\/prodotti\/tratamentos\/depurize-raizes-oleosas\/depurize-champo-normalizante-350-ml\/#breadcrumb\",\"itemListElement\":[{\"@type\":\"ListItem\",\"position\":1,\"name\":\"Home\",\"item\":\"https:\/\/paulrivera.it\/pt-pt\/\"},{\"@type\":\"ListItem\",\"position\":2,\"name\":\"Pagina shop\",\"item\":\"https:\/\/paulrivera.it\/prodotti\/\"},{\"@type\":\"ListItem\",\"position\":3,\"name\":\"Depurize &#8211; Champ\u00f4 Normalizante\"}]},{\"@type\":\"WebSite\",\"@id\":\"https:\/\/paulrivera.it\/pt-pt\/#website\",\"url\":\"https:\/\/paulrivera.it\/pt-pt\/\",\"name\":\"Paul Rivera\",\"description\":\"Hair Beauty Celebration\",\"publisher\":{\"@id\":\"https:\/\/paulrivera.it\/pt-pt\/#organization\"},\"potentialAction\":[{\"@type\":\"SearchAction\",\"target\":{\"@type\":\"EntryPoint\",\"urlTemplate\":\"https:\/\/paulrivera.it\/pt-pt\/?s={search_term_string}\"},\"query-input\":{\"@type\":\"PropertyValueSpecification\",\"valueRequired\":true,\"valueName\":\"search_term_string\"}}],\"inLanguage\":\"pt-PT\"},{\"@type\":\"Organization\",\"@id\":\"https:\/\/paulrivera.it\/pt-pt\/#organization\",\"name\":\"Paul Rivera\",\"url\":\"https:\/\/paulrivera.it\/pt-pt\/\",\"logo\":{\"@type\":\"ImageObject\",\"inLanguage\":\"pt-PT\",\"@id\":\"https:\/\/paulrivera.it\/pt-pt\/#\/schema\/logo\/image\/\",\"url\":\"https:\/\/paulrivera.it\/wp-content\/uploads\/2020\/02\/paul_rivera_logo_header_x2.png\",\"contentUrl\":\"https:\/\/paulrivera.it\/wp-content\/uploads\/2020\/02\/paul_rivera_logo_header_x2.png\",\"width\":470,\"height\":60,\"caption\":\"Paul Rivera\"},\"image\":{\"@id\":\"https:\/\/paulrivera.it\/pt-pt\/#\/schema\/logo\/image\/\"}}]}<\/script>\n<!-- \/ Yoast SEO plugin. -->","yoast_head_json":{"title":"Depurize - Champ\u00f4 Normalizante | Paul Rivera","description":"Utilizado com frequ\u00eancia, o champ\u00f4 Depurize desenvolve uma a\u00e7\u00e3o bivalente: a f\u00f3rmula equilibradora elimina a caspa delicadamente e purifica o couro cabeludo.","robots":{"index":"index","follow":"follow","max-snippet":"max-snippet:-1","max-image-preview":"max-image-preview:large","max-video-preview":"max-video-preview:-1"},"canonical":"https:\/\/paulrivera.it\/pt-pt\/prodotti\/tratamentos\/depurize-raizes-oleosas\/depurize-champo-normalizante-350-ml\/","og_locale":"pt_PT","og_type":"article","og_title":"Depurize - Champ\u00f4 Normalizante | Paul Rivera","og_description":"Utilizado com frequ\u00eancia, o champ\u00f4 Depurize desenvolve uma a\u00e7\u00e3o bivalente: a f\u00f3rmula equilibradora elimina a caspa delicadamente e purifica o couro cabeludo.","og_url":"https:\/\/paulrivera.it\/pt-pt\/prodotti\/tratamentos\/depurize-raizes-oleosas\/depurize-champo-normalizante-350-ml\/","og_site_name":"Paul Rivera","article_modified_time":"2025-10-30T11:02:43+00:00","og_image":[{"width":800,"height":800,"url":"https:\/\/paulrivera.it\/wp-content\/uploads\/2025\/10\/604835-paul-rivera-depurize-normalizing-shampoo-oily-scalp-dandruff-350ml.png","type":"image\/png"}],"twitter_card":"summary_large_image","twitter_misc":{"Est. reading time":"3 minutes"},"schema":{"@context":"https:\/\/schema.org","@graph":[{"@type":"WebPage","@id":"https:\/\/paulrivera.it\/pt-pt\/prodotti\/tratamentos\/depurize-raizes-oleosas\/depurize-champo-normalizante-350-ml\/","url":"https:\/\/paulrivera.it\/pt-pt\/prodotti\/tratamentos\/depurize-raizes-oleosas\/depurize-champo-normalizante-350-ml\/","name":"Depurize - Champ\u00f4 Normalizante | Paul Rivera","isPartOf":{"@id":"https:\/\/paulrivera.it\/pt-pt\/#website"},"primaryImageOfPage":{"@id":"https:\/\/paulrivera.it\/pt-pt\/prodotti\/tratamentos\/depurize-raizes-oleosas\/depurize-champo-normalizante-350-ml\/#primaryimage"},"image":{"@id":"https:\/\/paulrivera.it\/pt-pt\/prodotti\/tratamentos\/depurize-raizes-oleosas\/depurize-champo-normalizante-350-ml\/#primaryimage"},"thumbnailUrl":"https:\/\/paulrivera.it\/wp-content\/uploads\/2025\/10\/604835-paul-rivera-depurize-normalizing-shampoo-oily-scalp-dandruff-350ml.png","datePublished":"2020-02-18T13:20:51+00:00","dateModified":"2025-10-30T11:02:43+00:00","description":"Utilizado com frequ\u00eancia, o champ\u00f4 Depurize desenvolve uma a\u00e7\u00e3o bivalente: a f\u00f3rmula equilibradora elimina a caspa delicadamente e purifica o couro cabeludo.","breadcrumb":{"@id":"https:\/\/paulrivera.it\/pt-pt\/prodotti\/tratamentos\/depurize-raizes-oleosas\/depurize-champo-normalizante-350-ml\/#breadcrumb"},"inLanguage":"pt-PT","potentialAction":[{"@type":"ReadAction","target":["https:\/\/paulrivera.it\/pt-pt\/prodotti\/tratamentos\/depurize-raizes-oleosas\/depurize-champo-normalizante-350-ml\/"]}]},{"@type":"ImageObject","inLanguage":"pt-PT","@id":"https:\/\/paulrivera.it\/pt-pt\/prodotti\/tratamentos\/depurize-raizes-oleosas\/depurize-champo-normalizante-350-ml\/#primaryimage","url":"https:\/\/paulrivera.it\/wp-content\/uploads\/2025\/10\/604835-paul-rivera-depurize-normalizing-shampoo-oily-scalp-dandruff-350ml.png","contentUrl":"https:\/\/paulrivera.it\/wp-content\/uploads\/2025\/10\/604835-paul-rivera-depurize-normalizing-shampoo-oily-scalp-dandruff-350ml.png","width":800,"height":800},{"@type":"BreadcrumbList","@id":"https:\/\/paulrivera.it\/pt-pt\/prodotti\/tratamentos\/depurize-raizes-oleosas\/depurize-champo-normalizante-350-ml\/#breadcrumb","itemListElement":[{"@type":"ListItem","position":1,"name":"Home","item":"https:\/\/paulrivera.it\/pt-pt\/"},{"@type":"ListItem","position":2,"name":"Pagina shop","item":"https:\/\/paulrivera.it\/prodotti\/"},{"@type":"ListItem","position":3,"name":"Depurize &#8211; Champ\u00f4 Normalizante"}]},{"@type":"WebSite","@id":"https:\/\/paulrivera.it\/pt-pt\/#website","url":"https:\/\/paulrivera.it\/pt-pt\/","name":"Paul Rivera","description":"Hair Beauty Celebration","publisher":{"@id":"https:\/\/paulrivera.it\/pt-pt\/#organization"},"potentialAction":[{"@type":"SearchAction","target":{"@type":"EntryPoint","urlTemplate":"https:\/\/paulrivera.it\/pt-pt\/?s={search_term_string}"},"query-input":{"@type":"PropertyValueSpecification","valueRequired":true,"valueName":"search_term_string"}}],"inLanguage":"pt-PT"},{"@type":"Organization","@id":"https:\/\/paulrivera.it\/pt-pt\/#organization","name":"Paul Rivera","url":"https:\/\/paulrivera.it\/pt-pt\/","logo":{"@type":"ImageObject","inLanguage":"pt-PT","@id":"https:\/\/paulrivera.it\/pt-pt\/#\/schema\/logo\/image\/","url":"https:\/\/paulrivera.it\/wp-content\/uploads\/2020\/02\/paul_rivera_logo_header_x2.png","contentUrl":"https:\/\/paulrivera.it\/wp-content\/uploads\/2020\/02\/paul_rivera_logo_header_x2.png","width":470,"height":60,"caption":"Paul Rivera"},"image":{"@id":"https:\/\/paulrivera.it\/pt-pt\/#\/schema\/logo\/image\/"}}]}},"_links":{"self":[{"href":"https:\/\/paulrivera.it\/pt-pt\/wp-json\/wp\/v2\/product\/2717","targetHints":{"allow":["GET"]}}],"collection":[{"href":"https:\/\/paulrivera.it\/pt-pt\/wp-json\/wp\/v2\/product"}],"about":[{"href":"https:\/\/paulrivera.it\/pt-pt\/wp-json\/wp\/v2\/types\/product"}],"wp:featuredmedia":[{"embeddable":true,"href":"https:\/\/paulrivera.it\/pt-pt\/wp-json\/wp\/v2\/media\/16152"}],"wp:attachment":[{"href":"https:\/\/paulrivera.it\/pt-pt\/wp-json\/wp\/v2\/media?parent=2717"}],"wp:term":[{"taxonomy":"product_brand","embeddable":true,"href":"https:\/\/paulrivera.it\/pt-pt\/wp-json\/wp\/v2\/product_brand?post=2717"},{"taxonomy":"product_cat","embeddable":true,"href":"https:\/\/paulrivera.it\/pt-pt\/wp-json\/wp\/v2\/product_cat?post=2717"},{"taxonomy":"product_tag","embeddable":true,"href":"https:\/\/paulrivera.it\/pt-pt\/wp-json\/wp\/v2\/product_tag?post=2717"}],"curies":[{"name":"wp","href":"https:\/\/api.w.org\/{rel}","templated":true}]}}