{"id":2729,"date":"2020-02-18T09:41:47","date_gmt":"2020-02-18T08:41:47","guid":{"rendered":"https:\/\/paulrivera.it\/product\/depurize-tratamento-normalizante\/"},"modified":"2024-05-13T12:46:55","modified_gmt":"2024-05-13T10:46:55","slug":"depurize-tratamento-normalizante","status":"publish","type":"product","link":"https:\/\/paulrivera.it\/pt-pt\/prodotti\/tratamentos\/depurize-raizes-oleosas\/depurize-tratamento-normalizante\/","title":{"rendered":"Depurize &#8211; Tratamento Normalizante"},"content":{"rendered":"<div class=\"wpb-content-wrapper\"><p>[vc_row full_width=&#8221;stretch_row&#8221;][vc_column][vc_row_inner el_id=&#8221;desktop&#8221;][vc_column_inner width=&#8221;1\/2&#8243; css=&#8221;.vc_custom_1582194227194{padding-top: 10% !important;padding-right: 10% !important;padding-bottom: 10% !important;padding-left: 30% !important;}&#8221; offset=&#8221;vc_hidden-md vc_hidden-sm vc_hidden-xs&#8221;][vc_column_text]<\/p>\n<h1>Ir\u00e1 am\u00e1-lo porque<\/h1>\n<ul>\n<li>A sua fun\u00e7\u00e3o bivalente \u00e9 adequada em caso de ra\u00edzes oleosas e com caspa<\/li>\n<li>Luta eficazmente contra caspa<\/li>\n<li>Elimina o excesso de sebo<\/li>\n<li>Equilibra delicadamente o couro cabeludo<\/li>\n<\/ul>\n<p>[\/vc_column_text][vc_column_text]<\/p>\n<h1>Ativos na f\u00f3rmula<\/h1>\n<ul>\n<li>Extrato de salgueiro: particularmente rico em flavon\u00f3ides e gluc\u00f3sidos salic\u00edlicos, o salgueiro tem uma propriedade purificante, analg\u00e9sica, antipir\u00e9tica e anti-inflamat\u00f3ria.<\/li>\n<li>\u00d3leo de Tea Tree: possui preciosas propriedades curativas, desinfetantes, antibacterianas, cicatrizantes e antif\u00fangicas.<\/li>\n<\/ul>\n<p>[\/vc_column_text][vc_column_text]<\/p>\n<h1>Como usar<\/h1>\n<p>Depois de lavar com o champ\u00f4 equilibrador Depurize, aplique a lo\u00e7\u00e3o no couro cabeludo. Massajai com movimentos circulares at\u00e9 \u00e0 absor\u00e7\u00e3o, sem necessidade de enxaguar.<\/p>\n<p><strong>Frequ\u00eancia de utiliza\u00e7\u00e3o<\/strong><\/p>\n<p>Tratamento intensivo: 3 ampolas por semana durante 5 a 6 semanas<\/p>\n<p>Manuten\u00e7\u00e3o\/Preven\u00e7\u00e3o: 1-2 ampolas por semana durante 8 semanas<\/p>\n<p>[\/vc_column_text][\/vc_column_inner][vc_column_inner width=&#8221;1\/2&#8243; css=&#8221;.vc_custom_1592816166932{background-color: #008074 !important;background-position: center !important;background-repeat: no-repeat !important;background-size: cover !important;}&#8221; offset=&#8221;vc_hidden-md vc_hidden-sm vc_hidden-xs&#8221;][vc_empty_space height=&#8221;50px&#8221;][vc_single_image image=&#8221;2731&#8243; img_size=&#8221;large&#8221; alignment=&#8221;center&#8221;][vc_empty_space height=&#8221;50px&#8221;][\/vc_column_inner][\/vc_row_inner][vc_row_inner el_id=&#8221;tablet&#8221;][vc_column_inner offset=&#8221;vc_hidden-lg vc_hidden-xs&#8221;][vc_column_text]<\/p>\n<h1>Ir\u00e1 am\u00e1-lo porque<\/h1>\n<ul>\n<li>A sua fun\u00e7\u00e3o bivalente \u00e9 adequada em caso de ra\u00edzes oleosas e com caspa<\/li>\n<li>Luta eficazmente contra caspa<\/li>\n<li>Elimina o excesso de sebo<\/li>\n<li>Equilibra delicadamente o couro cabeludo<\/li>\n<\/ul>\n<p>[\/vc_column_text][vc_column_text]<\/p>\n<h1>Ativos na f\u00f3rmula<\/h1>\n<ul>\n<li>Extrato de salgueiro: particularmente rico em flavon\u00f3ides e gluc\u00f3sidos salic\u00edlicos, o salgueiro tem uma propriedade purificante, analg\u00e9sica, antipir\u00e9tica e anti-inflamat\u00f3ria.<\/li>\n<li>\u00d3leo de Tea Tree: possui preciosas propriedades curativas, desinfetantes, antibacterianas, cicatrizantes e antif\u00fangicas.<\/li>\n<\/ul>\n<p>[\/vc_column_text][vc_column_text]<\/p>\n<h1>Como usar<\/h1>\n<p>Depois de lavar com o champ\u00f4 equilibrador Depurize, aplique a lo\u00e7\u00e3o no couro cabeludo. Massajai com movimentos circulares at\u00e9 \u00e0 absor\u00e7\u00e3o, sem necessidade de enxaguar.<\/p>\n<p><strong>Frequ\u00eancia de utiliza\u00e7\u00e3o<\/strong><\/p>\n<p>Tratamento intensivo: 3 ampolas por semana durante 5 a 6 semanas<\/p>\n<p>Manuten\u00e7\u00e3o\/Preven\u00e7\u00e3o: 1-2 ampolas por semana durante 8 semanas<\/p>\n<p>[\/vc_column_text][\/vc_column_inner][\/vc_row_inner][vc_row_inner el_id=&#8221;mobile&#8221;][vc_column_inner width=&#8221;1\/2&#8243; offset=&#8221;vc_hidden-lg vc_hidden-md vc_hidden-sm&#8221;][vc_column_text]<\/p>\n<h1>Ir\u00e1 am\u00e1-lo porque<\/h1>\n<ul>\n<li>A sua fun\u00e7\u00e3o bivalente \u00e9 adequada em caso de ra\u00edzes oleosas e com caspa<\/li>\n<li>Luta eficazmente contra caspa<\/li>\n<li>Elimina o excesso de sebo<\/li>\n<li>Equilibra delicadamente o couro cabeludo<\/li>\n<\/ul>\n<p>[\/vc_column_text][vc_column_text]<\/p>\n<h1>Ativos na f\u00f3rmula<\/h1>\n<ul>\n<li>Extrato de salgueiro: particularmente rico em flavon\u00f3ides e gluc\u00f3sidos salic\u00edlicos, o salgueiro tem uma propriedade purificante, analg\u00e9sica, antipir\u00e9tica e anti-inflamat\u00f3ria.<\/li>\n<li>\u00d3leo de Tea Tree: possui preciosas propriedades curativas, desinfetantes, antibacterianas, cicatrizantes e antif\u00fangicas.<\/li>\n<\/ul>\n<p>[\/vc_column_text][vc_column_text]<\/p>\n<h1>Como usar<\/h1>\n<p>Depois de lavar com o champ\u00f4 equilibrador Depurize, aplique a lo\u00e7\u00e3o no couro cabeludo. Massajai com movimentos circulares at\u00e9 \u00e0 absor\u00e7\u00e3o, sem necessidade de enxaguar.<\/p>\n<p><strong>Frequ\u00eancia de utiliza\u00e7\u00e3o<\/strong><\/p>\n<p>Tratamento intensivo: 3 ampolas por semana durante 5 a 6 semanas<\/p>\n<p>Manuten\u00e7\u00e3o\/Preven\u00e7\u00e3o: 1-2 ampolas por semana durante 8 semanas<\/p>\n<p>[\/vc_column_text][\/vc_column_inner][vc_column_inner width=&#8221;1\/2&#8243; css=&#8221;.vc_custom_1592816178879{background-color: #008074 !important;background-position: center !important;background-repeat: no-repeat !important;background-size: cover !important;}&#8221; offset=&#8221;vc_hidden-lg vc_hidden-md vc_hidden-sm&#8221;][vc_single_image image=&#8221;2731&#8243; img_size=&#8221;large&#8221; alignment=&#8221;center&#8221;][\/vc_column_inner][\/vc_row_inner][\/vc_column][\/vc_row][vc_row css=&#8221;.vc_custom_1582192829011{padding-top: 50px !important;}&#8221;][vc_column][vc_row_inner][vc_column_inner][vc_column_text]<\/p>\n<h1 style=\"text-align: center;\">Produtos relacionados<\/h1>\n<p>[\/vc_column_text][\/vc_column_inner][\/vc_row_inner][vc_raw_html]W3dwYi1wcm9kdWN0LXNsaWRlci1zaG9ydGNvZGUgaWQ9IjIzNSJd[\/vc_raw_html][\/vc_column][\/vc_row]<\/p>\n<\/div>","protected":false},"excerpt":{"rendered":"<p>Um tratamento com efic\u00e1cia profissional que <strong>luta contra a caspa e contra o excesso de sebo<\/strong>. Gra\u00e7as \u00e0 a\u00e7\u00e3o purificante e calmante do <strong>extrato de salgueiro<\/strong> e <strong>\u00f3leo de Tea Tree <\/strong>contido na f\u00f3rmula, a lo\u00e7\u00e3o bivalente em ampolas equilibra o couro cabeludo oleoso e com caspa.<\/p>\n<p>Leve, volumoso e sem caspa, o couro cabeludo e os cabelos ficam <strong>visivelmente mais s\u00e3os e limpos<\/strong>. A efic\u00e1cia e toler\u00e2ncia foram <strong>clinicamente testadas<\/strong>. Para um melhor resultado, combine o tratamento em ampolas com o champ\u00f4 Depurize.<\/p>\n<p>12 ampolas de 8 ml<\/p>\n<p>&nbsp;<\/p>\n[maxbutton id=\"6\"]\n","protected":false},"featured_media":16159,"template":"","meta":[],"product_brand":[],"product_cat":[379],"product_tag":[],"class_list":{"0":"post-2729","1":"product","2":"type-product","3":"status-publish","4":"has-post-thumbnail","6":"product_cat-depurize-raizes-oleosas","7":"description-off","9":"first","10":"instock","11":"shipping-taxable","12":"product-type-simple"},"yoast_head":"<!-- This site is optimized with the Yoast SEO plugin v27.2 - https:\/\/yoast.com\/product\/yoast-seo-wordpress\/ -->\n<title>Depurize - Tratamento Normalizante, a\u00e7\u00e3o bivalente | Paul Rivera<\/title>\n<meta name=\"description\" content=\"Um tratamento com efic\u00e1cia profissional que luta contra a caspa e contra o excesso de sebo.\" \/>\n<meta name=\"robots\" content=\"index, follow, max-snippet:-1, max-image-preview:large, max-video-preview:-1\" \/>\n<link rel=\"canonical\" href=\"https:\/\/paulrivera.it\/pt-pt\/prodotti\/tratamentos\/depurize-raizes-oleosas\/depurize-tratamento-normalizante\/\" \/>\n<meta property=\"og:locale\" content=\"pt_PT\" \/>\n<meta property=\"og:type\" content=\"article\" \/>\n<meta property=\"og:title\" content=\"Depurize - Tratamento Normalizante, a\u00e7\u00e3o bivalente | Paul Rivera\" \/>\n<meta property=\"og:description\" content=\"Um tratamento com efic\u00e1cia profissional que luta contra a caspa e contra o excesso de sebo.\" \/>\n<meta property=\"og:url\" content=\"https:\/\/paulrivera.it\/pt-pt\/prodotti\/tratamentos\/depurize-raizes-oleosas\/depurize-tratamento-normalizante\/\" \/>\n<meta property=\"og:site_name\" content=\"Paul Rivera\" \/>\n<meta property=\"article:modified_time\" content=\"2024-05-13T10:46:55+00:00\" \/>\n<meta property=\"og:image\" content=\"https:\/\/paulrivera.it\/wp-content\/uploads\/2020\/02\/604842_paul_rivera_depurize_normalizing_treatment_oily_scalp_dandruff-2.png\" \/>\n\t<meta property=\"og:image:width\" content=\"800\" \/>\n\t<meta property=\"og:image:height\" content=\"800\" \/>\n\t<meta property=\"og:image:type\" content=\"image\/png\" \/>\n<meta name=\"twitter:card\" content=\"summary_large_image\" \/>\n<meta name=\"twitter:label1\" content=\"Est. reading time\" \/>\n\t<meta name=\"twitter:data1\" content=\"3 minutes\" \/>\n<script type=\"application\/ld+json\" class=\"yoast-schema-graph\">{\"@context\":\"https:\/\/schema.org\",\"@graph\":[{\"@type\":\"WebPage\",\"@id\":\"https:\/\/paulrivera.it\/pt-pt\/prodotti\/tratamentos\/depurize-raizes-oleosas\/depurize-tratamento-normalizante\/\",\"url\":\"https:\/\/paulrivera.it\/pt-pt\/prodotti\/tratamentos\/depurize-raizes-oleosas\/depurize-tratamento-normalizante\/\",\"name\":\"Depurize - Tratamento Normalizante, a\u00e7\u00e3o bivalente | Paul Rivera\",\"isPartOf\":{\"@id\":\"https:\/\/paulrivera.it\/pt-pt\/#website\"},\"primaryImageOfPage\":{\"@id\":\"https:\/\/paulrivera.it\/pt-pt\/prodotti\/tratamentos\/depurize-raizes-oleosas\/depurize-tratamento-normalizante\/#primaryimage\"},\"image\":{\"@id\":\"https:\/\/paulrivera.it\/pt-pt\/prodotti\/tratamentos\/depurize-raizes-oleosas\/depurize-tratamento-normalizante\/#primaryimage\"},\"thumbnailUrl\":\"https:\/\/paulrivera.it\/wp-content\/uploads\/2025\/10\/604842-paul-rivera-depurize-normalizing-treatment-oily-scalp-dandruff.png\",\"datePublished\":\"2020-02-18T08:41:47+00:00\",\"dateModified\":\"2024-05-13T10:46:55+00:00\",\"description\":\"Um tratamento com efic\u00e1cia profissional que luta contra a caspa e contra o excesso de sebo.\",\"breadcrumb\":{\"@id\":\"https:\/\/paulrivera.it\/pt-pt\/prodotti\/tratamentos\/depurize-raizes-oleosas\/depurize-tratamento-normalizante\/#breadcrumb\"},\"inLanguage\":\"pt-PT\",\"potentialAction\":[{\"@type\":\"ReadAction\",\"target\":[\"https:\/\/paulrivera.it\/pt-pt\/prodotti\/tratamentos\/depurize-raizes-oleosas\/depurize-tratamento-normalizante\/\"]}]},{\"@type\":\"ImageObject\",\"inLanguage\":\"pt-PT\",\"@id\":\"https:\/\/paulrivera.it\/pt-pt\/prodotti\/tratamentos\/depurize-raizes-oleosas\/depurize-tratamento-normalizante\/#primaryimage\",\"url\":\"https:\/\/paulrivera.it\/wp-content\/uploads\/2025\/10\/604842-paul-rivera-depurize-normalizing-treatment-oily-scalp-dandruff.png\",\"contentUrl\":\"https:\/\/paulrivera.it\/wp-content\/uploads\/2025\/10\/604842-paul-rivera-depurize-normalizing-treatment-oily-scalp-dandruff.png\",\"width\":800,\"height\":800},{\"@type\":\"BreadcrumbList\",\"@id\":\"https:\/\/paulrivera.it\/pt-pt\/prodotti\/tratamentos\/depurize-raizes-oleosas\/depurize-tratamento-normalizante\/#breadcrumb\",\"itemListElement\":[{\"@type\":\"ListItem\",\"position\":1,\"name\":\"Home\",\"item\":\"https:\/\/paulrivera.it\/pt-pt\/\"},{\"@type\":\"ListItem\",\"position\":2,\"name\":\"Pagina shop\",\"item\":\"https:\/\/paulrivera.it\/prodotti\/\"},{\"@type\":\"ListItem\",\"position\":3,\"name\":\"Depurize &#8211; Tratamento Normalizante\"}]},{\"@type\":\"WebSite\",\"@id\":\"https:\/\/paulrivera.it\/pt-pt\/#website\",\"url\":\"https:\/\/paulrivera.it\/pt-pt\/\",\"name\":\"Paul Rivera\",\"description\":\"Hair Beauty Celebration\",\"publisher\":{\"@id\":\"https:\/\/paulrivera.it\/pt-pt\/#organization\"},\"potentialAction\":[{\"@type\":\"SearchAction\",\"target\":{\"@type\":\"EntryPoint\",\"urlTemplate\":\"https:\/\/paulrivera.it\/pt-pt\/?s={search_term_string}\"},\"query-input\":{\"@type\":\"PropertyValueSpecification\",\"valueRequired\":true,\"valueName\":\"search_term_string\"}}],\"inLanguage\":\"pt-PT\"},{\"@type\":\"Organization\",\"@id\":\"https:\/\/paulrivera.it\/pt-pt\/#organization\",\"name\":\"Paul Rivera\",\"url\":\"https:\/\/paulrivera.it\/pt-pt\/\",\"logo\":{\"@type\":\"ImageObject\",\"inLanguage\":\"pt-PT\",\"@id\":\"https:\/\/paulrivera.it\/pt-pt\/#\/schema\/logo\/image\/\",\"url\":\"https:\/\/paulrivera.it\/wp-content\/uploads\/2020\/02\/paul_rivera_logo_header_x2.png\",\"contentUrl\":\"https:\/\/paulrivera.it\/wp-content\/uploads\/2020\/02\/paul_rivera_logo_header_x2.png\",\"width\":470,\"height\":60,\"caption\":\"Paul Rivera\"},\"image\":{\"@id\":\"https:\/\/paulrivera.it\/pt-pt\/#\/schema\/logo\/image\/\"}}]}<\/script>\n<!-- \/ Yoast SEO plugin. -->","yoast_head_json":{"title":"Depurize - Tratamento Normalizante, a\u00e7\u00e3o bivalente | Paul Rivera","description":"Um tratamento com efic\u00e1cia profissional que luta contra a caspa e contra o excesso de sebo.","robots":{"index":"index","follow":"follow","max-snippet":"max-snippet:-1","max-image-preview":"max-image-preview:large","max-video-preview":"max-video-preview:-1"},"canonical":"https:\/\/paulrivera.it\/pt-pt\/prodotti\/tratamentos\/depurize-raizes-oleosas\/depurize-tratamento-normalizante\/","og_locale":"pt_PT","og_type":"article","og_title":"Depurize - Tratamento Normalizante, a\u00e7\u00e3o bivalente | Paul Rivera","og_description":"Um tratamento com efic\u00e1cia profissional que luta contra a caspa e contra o excesso de sebo.","og_url":"https:\/\/paulrivera.it\/pt-pt\/prodotti\/tratamentos\/depurize-raizes-oleosas\/depurize-tratamento-normalizante\/","og_site_name":"Paul Rivera","article_modified_time":"2024-05-13T10:46:55+00:00","og_image":[{"width":800,"height":800,"url":"https:\/\/paulrivera.it\/wp-content\/uploads\/2020\/02\/604842_paul_rivera_depurize_normalizing_treatment_oily_scalp_dandruff-2.png","type":"image\/png"}],"twitter_card":"summary_large_image","twitter_misc":{"Est. reading time":"3 minutes"},"schema":{"@context":"https:\/\/schema.org","@graph":[{"@type":"WebPage","@id":"https:\/\/paulrivera.it\/pt-pt\/prodotti\/tratamentos\/depurize-raizes-oleosas\/depurize-tratamento-normalizante\/","url":"https:\/\/paulrivera.it\/pt-pt\/prodotti\/tratamentos\/depurize-raizes-oleosas\/depurize-tratamento-normalizante\/","name":"Depurize - Tratamento Normalizante, a\u00e7\u00e3o bivalente | Paul Rivera","isPartOf":{"@id":"https:\/\/paulrivera.it\/pt-pt\/#website"},"primaryImageOfPage":{"@id":"https:\/\/paulrivera.it\/pt-pt\/prodotti\/tratamentos\/depurize-raizes-oleosas\/depurize-tratamento-normalizante\/#primaryimage"},"image":{"@id":"https:\/\/paulrivera.it\/pt-pt\/prodotti\/tratamentos\/depurize-raizes-oleosas\/depurize-tratamento-normalizante\/#primaryimage"},"thumbnailUrl":"https:\/\/paulrivera.it\/wp-content\/uploads\/2025\/10\/604842-paul-rivera-depurize-normalizing-treatment-oily-scalp-dandruff.png","datePublished":"2020-02-18T08:41:47+00:00","dateModified":"2024-05-13T10:46:55+00:00","description":"Um tratamento com efic\u00e1cia profissional que luta contra a caspa e contra o excesso de sebo.","breadcrumb":{"@id":"https:\/\/paulrivera.it\/pt-pt\/prodotti\/tratamentos\/depurize-raizes-oleosas\/depurize-tratamento-normalizante\/#breadcrumb"},"inLanguage":"pt-PT","potentialAction":[{"@type":"ReadAction","target":["https:\/\/paulrivera.it\/pt-pt\/prodotti\/tratamentos\/depurize-raizes-oleosas\/depurize-tratamento-normalizante\/"]}]},{"@type":"ImageObject","inLanguage":"pt-PT","@id":"https:\/\/paulrivera.it\/pt-pt\/prodotti\/tratamentos\/depurize-raizes-oleosas\/depurize-tratamento-normalizante\/#primaryimage","url":"https:\/\/paulrivera.it\/wp-content\/uploads\/2025\/10\/604842-paul-rivera-depurize-normalizing-treatment-oily-scalp-dandruff.png","contentUrl":"https:\/\/paulrivera.it\/wp-content\/uploads\/2025\/10\/604842-paul-rivera-depurize-normalizing-treatment-oily-scalp-dandruff.png","width":800,"height":800},{"@type":"BreadcrumbList","@id":"https:\/\/paulrivera.it\/pt-pt\/prodotti\/tratamentos\/depurize-raizes-oleosas\/depurize-tratamento-normalizante\/#breadcrumb","itemListElement":[{"@type":"ListItem","position":1,"name":"Home","item":"https:\/\/paulrivera.it\/pt-pt\/"},{"@type":"ListItem","position":2,"name":"Pagina shop","item":"https:\/\/paulrivera.it\/prodotti\/"},{"@type":"ListItem","position":3,"name":"Depurize &#8211; Tratamento Normalizante"}]},{"@type":"WebSite","@id":"https:\/\/paulrivera.it\/pt-pt\/#website","url":"https:\/\/paulrivera.it\/pt-pt\/","name":"Paul Rivera","description":"Hair Beauty Celebration","publisher":{"@id":"https:\/\/paulrivera.it\/pt-pt\/#organization"},"potentialAction":[{"@type":"SearchAction","target":{"@type":"EntryPoint","urlTemplate":"https:\/\/paulrivera.it\/pt-pt\/?s={search_term_string}"},"query-input":{"@type":"PropertyValueSpecification","valueRequired":true,"valueName":"search_term_string"}}],"inLanguage":"pt-PT"},{"@type":"Organization","@id":"https:\/\/paulrivera.it\/pt-pt\/#organization","name":"Paul Rivera","url":"https:\/\/paulrivera.it\/pt-pt\/","logo":{"@type":"ImageObject","inLanguage":"pt-PT","@id":"https:\/\/paulrivera.it\/pt-pt\/#\/schema\/logo\/image\/","url":"https:\/\/paulrivera.it\/wp-content\/uploads\/2020\/02\/paul_rivera_logo_header_x2.png","contentUrl":"https:\/\/paulrivera.it\/wp-content\/uploads\/2020\/02\/paul_rivera_logo_header_x2.png","width":470,"height":60,"caption":"Paul Rivera"},"image":{"@id":"https:\/\/paulrivera.it\/pt-pt\/#\/schema\/logo\/image\/"}}]}},"_links":{"self":[{"href":"https:\/\/paulrivera.it\/pt-pt\/wp-json\/wp\/v2\/product\/2729","targetHints":{"allow":["GET"]}}],"collection":[{"href":"https:\/\/paulrivera.it\/pt-pt\/wp-json\/wp\/v2\/product"}],"about":[{"href":"https:\/\/paulrivera.it\/pt-pt\/wp-json\/wp\/v2\/types\/product"}],"wp:featuredmedia":[{"embeddable":true,"href":"https:\/\/paulrivera.it\/pt-pt\/wp-json\/wp\/v2\/media\/16159"}],"wp:attachment":[{"href":"https:\/\/paulrivera.it\/pt-pt\/wp-json\/wp\/v2\/media?parent=2729"}],"wp:term":[{"taxonomy":"product_brand","embeddable":true,"href":"https:\/\/paulrivera.it\/pt-pt\/wp-json\/wp\/v2\/product_brand?post=2729"},{"taxonomy":"product_cat","embeddable":true,"href":"https:\/\/paulrivera.it\/pt-pt\/wp-json\/wp\/v2\/product_cat?post=2729"},{"taxonomy":"product_tag","embeddable":true,"href":"https:\/\/paulrivera.it\/pt-pt\/wp-json\/wp\/v2\/product_tag?post=2729"}],"curies":[{"name":"wp","href":"https:\/\/api.w.org\/{rel}","templated":true}]}}