{"id":2788,"date":"2020-02-18T09:49:24","date_gmt":"2020-02-18T08:49:24","guid":{"rendered":"https:\/\/paulrivera.it\/product\/hilarious-spray-eco-direcional\/"},"modified":"2024-05-13T12:41:47","modified_gmt":"2024-05-13T10:41:47","slug":"hilarious-spray-eco-direcional","status":"publish","type":"product","link":"https:\/\/paulrivera.it\/pt-pt\/prodotti\/finish-styling-pt\/hilarious-spray-eco-direcional\/","title":{"rendered":"Hilarious &#8211; Spray Eco-direcional"},"content":{"rendered":"<div class=\"wpb-content-wrapper\"><p>[vc_row full_width=&#8221;stretch_row&#8221;][vc_column][vc_row_inner el_id=&#8221;desktop&#8221;][vc_column_inner width=&#8221;1\/2&#8243; css=&#8221;.vc_custom_1582194227194{padding-top: 10% !important;padding-right: 10% !important;padding-bottom: 10% !important;padding-left: 30% !important;}&#8221; offset=&#8221;vc_hidden-md vc_hidden-sm vc_hidden-xs&#8221;][vc_column_text]<\/p>\n<h1>Ir\u00e1 am\u00e1-lo porque<\/h1>\n<ul>\n<li>Define e fixa o penteado<\/li>\n<li>N\u00e3o endurece e n\u00e3o cola<\/li>\n<li>Modela o penteado sem molhar o cabelo<\/li>\n<\/ul>\n<p>[\/vc_column_text][vc_column_text]<\/p>\n<h1>Ativos na f\u00f3rmula<\/h1>\n<ul>\n<li>Extratos de rom\u00e3: fruta com in\u00fameras propriedades terap\u00eauticas, a rom\u00e3 \u00e9 rica em vitaminas e sais minerais com a\u00e7\u00e3o regeneradora, antioxidante e flexibilizante.<\/li>\n<li>Arnica: reconhecida pelas suas propriedades anti-inflamat\u00f3rias e estimulantes, a arnica nutre e notifica o couro cabeludo.<\/li>\n<\/ul>\n<p>[\/vc_column_text][vc_column_text]<\/p>\n<h1>Como usar<\/h1>\n<p>Vaporize o spray a cerca de 20 cm de dist\u00e2ncia, em cabelo molhado ou seco.[\/vc_column_text][\/vc_column_inner][vc_column_inner width=&#8221;1\/2&#8243; css=&#8221;.vc_custom_1582891882060{background-image: url(https:\/\/paulrivera.it\/wp-content\/uploads\/2020\/02\/background_adv_hilarious.png?id=903) !important;background-position: center !important;background-repeat: no-repeat !important;background-size: cover !important;}&#8221; offset=&#8221;vc_hidden-md vc_hidden-sm vc_hidden-xs&#8221;][vc_single_image image=&#8221;10808&#8243; img_size=&#8221;large&#8221; alignment=&#8221;center&#8221;][\/vc_column_inner][\/vc_row_inner][vc_row_inner el_id=&#8221;tablet&#8221;][vc_column_inner offset=&#8221;vc_hidden-lg vc_hidden-xs&#8221;][vc_column_text]<\/p>\n<h1>Ir\u00e1 am\u00e1-lo porque<\/h1>\n<ul>\n<li>Define e fixa o penteado<\/li>\n<li>N\u00e3o endurece e n\u00e3o cola<\/li>\n<li>Modela o penteado sem molhar o cabelo<\/li>\n<\/ul>\n<p>[\/vc_column_text][vc_column_text]<\/p>\n<h1>Ativos na f\u00f3rmula<\/h1>\n<ul>\n<li>Extratos de rom\u00e3: fruta com in\u00fameras propriedades terap\u00eauticas, a rom\u00e3 \u00e9 rica em vitaminas e sais minerais com a\u00e7\u00e3o regeneradora, antioxidante e flexibilizante.<\/li>\n<li>Arnica: reconhecida pelas suas propriedades anti-inflamat\u00f3rias e estimulantes, a arnica nutre e notifica o couro cabeludo.<\/li>\n<\/ul>\n<p>[\/vc_column_text][vc_column_text]<\/p>\n<h1>Como usar<\/h1>\n<p>Vaporize o spray a cerca de 20 cm de dist\u00e2ncia, em cabelo molhado ou seco.[\/vc_column_text][\/vc_column_inner][\/vc_row_inner][vc_row_inner el_id=&#8221;mobile&#8221;][vc_column_inner width=&#8221;1\/2&#8243; offset=&#8221;vc_hidden-lg vc_hidden-md vc_hidden-sm&#8221;][vc_column_text]<\/p>\n<h1>Ir\u00e1 am\u00e1-lo porque<\/h1>\n<ul>\n<li>Define e fixa o penteado<\/li>\n<li>N\u00e3o endurece e n\u00e3o cola<\/li>\n<li>Modela o penteado sem molhar o cabelo<\/li>\n<\/ul>\n<p>[\/vc_column_text][vc_column_text]<\/p>\n<h1>Ativos na f\u00f3rmula<\/h1>\n<ul>\n<li>Extratos de rom\u00e3: fruta com in\u00fameras propriedades terap\u00eauticas, a rom\u00e3 \u00e9 rica em vitaminas e sais minerais com a\u00e7\u00e3o regeneradora, antioxidante e flexibilizante.<\/li>\n<li>Arnica: reconhecida pelas suas propriedades anti-inflamat\u00f3rias e estimulantes, a arnica nutre e notifica o couro cabeludo.<\/li>\n<\/ul>\n<p>[\/vc_column_text][vc_column_text]<\/p>\n<h1>Como usar<\/h1>\n<p>Vaporize o spray a cerca de 20 cm de dist\u00e2ncia, em cabelo molhado ou seco.[\/vc_column_text][\/vc_column_inner][vc_column_inner width=&#8221;1\/2&#8243; css=&#8221;.vc_custom_1582891911276{background-image: url(https:\/\/paulrivera.it\/wp-content\/uploads\/2020\/02\/background_adv_hilarious.png?id=903) !important;background-position: center !important;background-repeat: no-repeat !important;background-size: cover !important;}&#8221; offset=&#8221;vc_hidden-lg vc_hidden-md vc_hidden-sm&#8221;][vc_single_image image=&#8221;10808&#8243; img_size=&#8221;large&#8221; alignment=&#8221;center&#8221;][\/vc_column_inner][\/vc_row_inner][\/vc_column][\/vc_row][vc_row css=&#8221;.vc_custom_1582192829011{padding-top: 50px !important;}&#8221;][vc_column][vc_row_inner][vc_column_inner][vc_column_text]<\/p>\n<h1 style=\"text-align: center;\">Produtos relacionados<\/h1>\n<p>[\/vc_column_text][\/vc_column_inner][\/vc_row_inner][vc_raw_html]W3dwYi1wcm9kdWN0LXNsaWRlci1zaG9ydGNvZGUgaWQ9IjE4NyJd[\/vc_raw_html][\/vc_column][\/vc_row]<\/p>\n<\/div>","protected":false},"excerpt":{"rendered":"<p><strong>Hilarious<\/strong> \u00e9 o spray direcional sem g\u00e1s que fixa o penteando, garantindo uma fixa\u00e7\u00e3o forte e duradoura. Mant\u00e9m o penteado na forma desejada, <strong>sem endurecer<\/strong>: os cabelos ficam suaves e flex\u00edveis, protegidos com uma pel\u00edcula invis\u00edvel e leve que valoriza e mant\u00e9m a dobra.<\/p>\n<p>Gra\u00e7as \u00e0 sua textura direcional, <strong>modele o cabelo<\/strong> como desejar, dando-lhedefini\u00e7\u00e3o e suavidade com uma secagem r\u00e1pida e sem molhar o as pontas. F\u00f3rmula enriquecida com <strong>extratos de rom\u00e3 e arnica<\/strong>.<\/p>\n<p>300 ml<\/p>\n<p>&nbsp;<\/p>\n[maxbutton id=\"6\"]\n","protected":false},"featured_media":10815,"template":"","meta":[],"product_brand":[],"product_cat":[374],"product_tag":[],"class_list":{"0":"post-2788","1":"product","2":"type-product","3":"status-publish","4":"has-post-thumbnail","6":"product_cat-finish-styling-pt","7":"description-off","9":"first","10":"instock","11":"shipping-taxable","12":"product-type-simple"},"yoast_head":"<!-- This site is optimized with the Yoast SEO plugin v27.2 - https:\/\/yoast.com\/product\/yoast-seo-wordpress\/ -->\n<title>Hilarious - Spray Eco-direcional | Paul Rivera<\/title>\n<meta name=\"description\" content=\"Hilarious \u00e9 o spray direcional sem g\u00e1s que fixa o penteando, garantindo uma fixa\u00e7\u00e3o forte e duradoura.\" \/>\n<meta name=\"robots\" content=\"index, follow, max-snippet:-1, max-image-preview:large, max-video-preview:-1\" \/>\n<link rel=\"canonical\" href=\"https:\/\/paulrivera.it\/pt-pt\/prodotti\/finish-styling-pt\/hilarious-spray-eco-direcional\/\" \/>\n<meta property=\"og:locale\" content=\"pt_PT\" \/>\n<meta property=\"og:type\" content=\"article\" \/>\n<meta property=\"og:title\" content=\"Hilarious - Spray Eco-direcional | Paul Rivera\" \/>\n<meta property=\"og:description\" content=\"Hilarious \u00e9 o spray direcional sem g\u00e1s que fixa o penteando, garantindo uma fixa\u00e7\u00e3o forte e duradoura.\" \/>\n<meta property=\"og:url\" content=\"https:\/\/paulrivera.it\/pt-pt\/prodotti\/finish-styling-pt\/hilarious-spray-eco-direcional\/\" \/>\n<meta property=\"og:site_name\" content=\"Paul Rivera\" \/>\n<meta property=\"article:modified_time\" content=\"2024-05-13T10:41:47+00:00\" \/>\n<meta property=\"og:image\" content=\"https:\/\/paulrivera.it\/wp-content\/uploads\/2024\/02\/606020_paul_rivera_hilarious_eco_directional_spray_300ml.png\" \/>\n\t<meta property=\"og:image:width\" content=\"800\" \/>\n\t<meta property=\"og:image:height\" content=\"800\" \/>\n\t<meta property=\"og:image:type\" content=\"image\/png\" \/>\n<meta name=\"twitter:card\" content=\"summary_large_image\" \/>\n<meta name=\"twitter:label1\" content=\"Est. reading time\" \/>\n\t<meta name=\"twitter:data1\" content=\"3 minutes\" \/>\n<script type=\"application\/ld+json\" class=\"yoast-schema-graph\">{\"@context\":\"https:\/\/schema.org\",\"@graph\":[{\"@type\":\"WebPage\",\"@id\":\"https:\/\/paulrivera.it\/pt-pt\/prodotti\/finish-styling-pt\/hilarious-spray-eco-direcional\/\",\"url\":\"https:\/\/paulrivera.it\/pt-pt\/prodotti\/finish-styling-pt\/hilarious-spray-eco-direcional\/\",\"name\":\"Hilarious - Spray Eco-direcional | Paul Rivera\",\"isPartOf\":{\"@id\":\"https:\/\/paulrivera.it\/pt-pt\/#website\"},\"primaryImageOfPage\":{\"@id\":\"https:\/\/paulrivera.it\/pt-pt\/prodotti\/finish-styling-pt\/hilarious-spray-eco-direcional\/#primaryimage\"},\"image\":{\"@id\":\"https:\/\/paulrivera.it\/pt-pt\/prodotti\/finish-styling-pt\/hilarious-spray-eco-direcional\/#primaryimage\"},\"thumbnailUrl\":\"https:\/\/paulrivera.it\/wp-content\/uploads\/2024\/02\/606020_paul_rivera_hilarious_eco_directional_spray_300ml.png\",\"datePublished\":\"2020-02-18T08:49:24+00:00\",\"dateModified\":\"2024-05-13T10:41:47+00:00\",\"description\":\"Hilarious \u00e9 o spray direcional sem g\u00e1s que fixa o penteando, garantindo uma fixa\u00e7\u00e3o forte e duradoura.\",\"breadcrumb\":{\"@id\":\"https:\/\/paulrivera.it\/pt-pt\/prodotti\/finish-styling-pt\/hilarious-spray-eco-direcional\/#breadcrumb\"},\"inLanguage\":\"pt-PT\",\"potentialAction\":[{\"@type\":\"ReadAction\",\"target\":[\"https:\/\/paulrivera.it\/pt-pt\/prodotti\/finish-styling-pt\/hilarious-spray-eco-direcional\/\"]}]},{\"@type\":\"ImageObject\",\"inLanguage\":\"pt-PT\",\"@id\":\"https:\/\/paulrivera.it\/pt-pt\/prodotti\/finish-styling-pt\/hilarious-spray-eco-direcional\/#primaryimage\",\"url\":\"https:\/\/paulrivera.it\/wp-content\/uploads\/2024\/02\/606020_paul_rivera_hilarious_eco_directional_spray_300ml.png\",\"contentUrl\":\"https:\/\/paulrivera.it\/wp-content\/uploads\/2024\/02\/606020_paul_rivera_hilarious_eco_directional_spray_300ml.png\",\"width\":800,\"height\":800},{\"@type\":\"BreadcrumbList\",\"@id\":\"https:\/\/paulrivera.it\/pt-pt\/prodotti\/finish-styling-pt\/hilarious-spray-eco-direcional\/#breadcrumb\",\"itemListElement\":[{\"@type\":\"ListItem\",\"position\":1,\"name\":\"Home\",\"item\":\"https:\/\/paulrivera.it\/pt-pt\/\"},{\"@type\":\"ListItem\",\"position\":2,\"name\":\"Pagina shop\",\"item\":\"https:\/\/paulrivera.it\/prodotti\/\"},{\"@type\":\"ListItem\",\"position\":3,\"name\":\"Hilarious &#8211; Spray Eco-direcional\"}]},{\"@type\":\"WebSite\",\"@id\":\"https:\/\/paulrivera.it\/pt-pt\/#website\",\"url\":\"https:\/\/paulrivera.it\/pt-pt\/\",\"name\":\"Paul Rivera\",\"description\":\"Hair Beauty Celebration\",\"publisher\":{\"@id\":\"https:\/\/paulrivera.it\/pt-pt\/#organization\"},\"potentialAction\":[{\"@type\":\"SearchAction\",\"target\":{\"@type\":\"EntryPoint\",\"urlTemplate\":\"https:\/\/paulrivera.it\/pt-pt\/?s={search_term_string}\"},\"query-input\":{\"@type\":\"PropertyValueSpecification\",\"valueRequired\":true,\"valueName\":\"search_term_string\"}}],\"inLanguage\":\"pt-PT\"},{\"@type\":\"Organization\",\"@id\":\"https:\/\/paulrivera.it\/pt-pt\/#organization\",\"name\":\"Paul Rivera\",\"url\":\"https:\/\/paulrivera.it\/pt-pt\/\",\"logo\":{\"@type\":\"ImageObject\",\"inLanguage\":\"pt-PT\",\"@id\":\"https:\/\/paulrivera.it\/pt-pt\/#\/schema\/logo\/image\/\",\"url\":\"https:\/\/paulrivera.it\/wp-content\/uploads\/2020\/02\/paul_rivera_logo_header_x2.png\",\"contentUrl\":\"https:\/\/paulrivera.it\/wp-content\/uploads\/2020\/02\/paul_rivera_logo_header_x2.png\",\"width\":470,\"height\":60,\"caption\":\"Paul Rivera\"},\"image\":{\"@id\":\"https:\/\/paulrivera.it\/pt-pt\/#\/schema\/logo\/image\/\"}}]}<\/script>\n<!-- \/ Yoast SEO plugin. -->","yoast_head_json":{"title":"Hilarious - Spray Eco-direcional | Paul Rivera","description":"Hilarious \u00e9 o spray direcional sem g\u00e1s que fixa o penteando, garantindo uma fixa\u00e7\u00e3o forte e duradoura.","robots":{"index":"index","follow":"follow","max-snippet":"max-snippet:-1","max-image-preview":"max-image-preview:large","max-video-preview":"max-video-preview:-1"},"canonical":"https:\/\/paulrivera.it\/pt-pt\/prodotti\/finish-styling-pt\/hilarious-spray-eco-direcional\/","og_locale":"pt_PT","og_type":"article","og_title":"Hilarious - Spray Eco-direcional | Paul Rivera","og_description":"Hilarious \u00e9 o spray direcional sem g\u00e1s que fixa o penteando, garantindo uma fixa\u00e7\u00e3o forte e duradoura.","og_url":"https:\/\/paulrivera.it\/pt-pt\/prodotti\/finish-styling-pt\/hilarious-spray-eco-direcional\/","og_site_name":"Paul Rivera","article_modified_time":"2024-05-13T10:41:47+00:00","og_image":[{"width":800,"height":800,"url":"https:\/\/paulrivera.it\/wp-content\/uploads\/2024\/02\/606020_paul_rivera_hilarious_eco_directional_spray_300ml.png","type":"image\/png"}],"twitter_card":"summary_large_image","twitter_misc":{"Est. reading time":"3 minutes"},"schema":{"@context":"https:\/\/schema.org","@graph":[{"@type":"WebPage","@id":"https:\/\/paulrivera.it\/pt-pt\/prodotti\/finish-styling-pt\/hilarious-spray-eco-direcional\/","url":"https:\/\/paulrivera.it\/pt-pt\/prodotti\/finish-styling-pt\/hilarious-spray-eco-direcional\/","name":"Hilarious - Spray Eco-direcional | Paul Rivera","isPartOf":{"@id":"https:\/\/paulrivera.it\/pt-pt\/#website"},"primaryImageOfPage":{"@id":"https:\/\/paulrivera.it\/pt-pt\/prodotti\/finish-styling-pt\/hilarious-spray-eco-direcional\/#primaryimage"},"image":{"@id":"https:\/\/paulrivera.it\/pt-pt\/prodotti\/finish-styling-pt\/hilarious-spray-eco-direcional\/#primaryimage"},"thumbnailUrl":"https:\/\/paulrivera.it\/wp-content\/uploads\/2024\/02\/606020_paul_rivera_hilarious_eco_directional_spray_300ml.png","datePublished":"2020-02-18T08:49:24+00:00","dateModified":"2024-05-13T10:41:47+00:00","description":"Hilarious \u00e9 o spray direcional sem g\u00e1s que fixa o penteando, garantindo uma fixa\u00e7\u00e3o forte e duradoura.","breadcrumb":{"@id":"https:\/\/paulrivera.it\/pt-pt\/prodotti\/finish-styling-pt\/hilarious-spray-eco-direcional\/#breadcrumb"},"inLanguage":"pt-PT","potentialAction":[{"@type":"ReadAction","target":["https:\/\/paulrivera.it\/pt-pt\/prodotti\/finish-styling-pt\/hilarious-spray-eco-direcional\/"]}]},{"@type":"ImageObject","inLanguage":"pt-PT","@id":"https:\/\/paulrivera.it\/pt-pt\/prodotti\/finish-styling-pt\/hilarious-spray-eco-direcional\/#primaryimage","url":"https:\/\/paulrivera.it\/wp-content\/uploads\/2024\/02\/606020_paul_rivera_hilarious_eco_directional_spray_300ml.png","contentUrl":"https:\/\/paulrivera.it\/wp-content\/uploads\/2024\/02\/606020_paul_rivera_hilarious_eco_directional_spray_300ml.png","width":800,"height":800},{"@type":"BreadcrumbList","@id":"https:\/\/paulrivera.it\/pt-pt\/prodotti\/finish-styling-pt\/hilarious-spray-eco-direcional\/#breadcrumb","itemListElement":[{"@type":"ListItem","position":1,"name":"Home","item":"https:\/\/paulrivera.it\/pt-pt\/"},{"@type":"ListItem","position":2,"name":"Pagina shop","item":"https:\/\/paulrivera.it\/prodotti\/"},{"@type":"ListItem","position":3,"name":"Hilarious &#8211; Spray Eco-direcional"}]},{"@type":"WebSite","@id":"https:\/\/paulrivera.it\/pt-pt\/#website","url":"https:\/\/paulrivera.it\/pt-pt\/","name":"Paul Rivera","description":"Hair Beauty Celebration","publisher":{"@id":"https:\/\/paulrivera.it\/pt-pt\/#organization"},"potentialAction":[{"@type":"SearchAction","target":{"@type":"EntryPoint","urlTemplate":"https:\/\/paulrivera.it\/pt-pt\/?s={search_term_string}"},"query-input":{"@type":"PropertyValueSpecification","valueRequired":true,"valueName":"search_term_string"}}],"inLanguage":"pt-PT"},{"@type":"Organization","@id":"https:\/\/paulrivera.it\/pt-pt\/#organization","name":"Paul Rivera","url":"https:\/\/paulrivera.it\/pt-pt\/","logo":{"@type":"ImageObject","inLanguage":"pt-PT","@id":"https:\/\/paulrivera.it\/pt-pt\/#\/schema\/logo\/image\/","url":"https:\/\/paulrivera.it\/wp-content\/uploads\/2020\/02\/paul_rivera_logo_header_x2.png","contentUrl":"https:\/\/paulrivera.it\/wp-content\/uploads\/2020\/02\/paul_rivera_logo_header_x2.png","width":470,"height":60,"caption":"Paul Rivera"},"image":{"@id":"https:\/\/paulrivera.it\/pt-pt\/#\/schema\/logo\/image\/"}}]}},"_links":{"self":[{"href":"https:\/\/paulrivera.it\/pt-pt\/wp-json\/wp\/v2\/product\/2788","targetHints":{"allow":["GET"]}}],"collection":[{"href":"https:\/\/paulrivera.it\/pt-pt\/wp-json\/wp\/v2\/product"}],"about":[{"href":"https:\/\/paulrivera.it\/pt-pt\/wp-json\/wp\/v2\/types\/product"}],"wp:featuredmedia":[{"embeddable":true,"href":"https:\/\/paulrivera.it\/pt-pt\/wp-json\/wp\/v2\/media\/10815"}],"wp:attachment":[{"href":"https:\/\/paulrivera.it\/pt-pt\/wp-json\/wp\/v2\/media?parent=2788"}],"wp:term":[{"taxonomy":"product_brand","embeddable":true,"href":"https:\/\/paulrivera.it\/pt-pt\/wp-json\/wp\/v2\/product_brand?post=2788"},{"taxonomy":"product_cat","embeddable":true,"href":"https:\/\/paulrivera.it\/pt-pt\/wp-json\/wp\/v2\/product_cat?post=2788"},{"taxonomy":"product_tag","embeddable":true,"href":"https:\/\/paulrivera.it\/pt-pt\/wp-json\/wp\/v2\/product_tag?post=2788"}],"curies":[{"name":"wp","href":"https:\/\/api.w.org\/{rel}","templated":true}]}}