{"id":2794,"date":"2020-02-18T09:48:15","date_gmt":"2020-02-18T08:48:15","guid":{"rendered":"https:\/\/paulrivera.it\/product\/luster-oil-non-oil-fluido-modelador-de-protecao\/"},"modified":"2024-05-13T12:44:54","modified_gmt":"2024-05-13T10:44:54","slug":"luster-oil-non-oil-fluido-modelador-de-protecao","status":"publish","type":"product","link":"https:\/\/paulrivera.it\/pt-pt\/prodotti\/finish-styling-pt\/luster-oil-non-oil-fluido-modelador-de-protecao\/","title":{"rendered":"Luster Oil non Oil &#8211; Flu\u00eddo modelador de prote\u00e7\u00e3o"},"content":{"rendered":"<div class=\"wpb-content-wrapper\"><p>[vc_row full_width=&#8221;stretch_row&#8221;][vc_column][vc_row_inner el_id=&#8221;desktop&#8221;][vc_column_inner width=&#8221;1\/2&#8243; css=&#8221;.vc_custom_1582194227194{padding-top: 10% !important;padding-right: 10% !important;padding-bottom: 10% !important;padding-left: 30% !important;}&#8221; offset=&#8221;vc_hidden-md vc_hidden-sm vc_hidden-xs&#8221;][vc_column_text]<\/p>\n<h1>Ir\u00e1 am\u00e1-lo porque<\/h1>\n<ul>\n<li>Modela e protege os cabelos<\/li>\n<li>Hidrata o cabelo e tem uma a\u00e7\u00e3o anticrespo<\/li>\n<li>Permite criar um look e texturas naturais<\/li>\n<li>N\u00e3o gorduroso e n\u00e3o pegajoso<\/li>\n<\/ul>\n<p>[\/vc_column_text][vc_column_text]<\/p>\n<h1>Ativos na f\u00f3rmula<\/h1>\n<ul>\n<li>Extratos de sementes de linho: poderoso rem\u00e9dio natural para os cabelos que precisam de nutrimentos, as sementes de linho ajudam na hidrata\u00e7\u00e3o dos cabelos, que preservam a elasticidade e resist\u00eancia.<\/li>\n<li>Meliloto: rico em flavon\u00f3ides e cumarina, o meliloto tem propriedades regeneradoras, relaxantes e nutritivas que o tornam ideal para reestruturar e desembara\u00e7ar os cabelos, dando-lhes brilho e volume.<\/li>\n<\/ul>\n<p>[\/vc_column_text][vc_column_text]<\/p>\n<h1>Como usar<\/h1>\n<p>Aplique o \u00f3leo modelador Luster no cabelo molhado ou seco e penteie como desejado.[\/vc_column_text][\/vc_column_inner][vc_column_inner width=&#8221;1\/2&#8243; css=&#8221;.vc_custom_1582892326729{background-image: url(https:\/\/paulrivera.it\/wp-content\/uploads\/2020\/02\/background_adv_produc_luster.png?id=919) !important;background-position: center !important;background-repeat: no-repeat !important;background-size: cover !important;}&#8221; offset=&#8221;vc_hidden-md vc_hidden-sm vc_hidden-xs&#8221;][vc_single_image image=&#8221;2770&#8243; img_size=&#8221;large&#8221; alignment=&#8221;center&#8221;][\/vc_column_inner][\/vc_row_inner][vc_row_inner el_id=&#8221;tablet&#8221;][vc_column_inner offset=&#8221;vc_hidden-lg vc_hidden-xs&#8221;][vc_column_text]<\/p>\n<h1>Ir\u00e1 am\u00e1-lo porque<\/h1>\n<ul>\n<li>Modela e protege os cabelos<\/li>\n<li>Hidrata o cabelo e tem uma a\u00e7\u00e3o anticrespo<\/li>\n<li>Permite criar um look e texturas naturais<\/li>\n<li>N\u00e3o gorduroso e n\u00e3o pegajoso<\/li>\n<\/ul>\n<p>[\/vc_column_text][vc_column_text]<\/p>\n<h1>Ativos na f\u00f3rmula<\/h1>\n<ul>\n<li>Extratos de sementes de linho: poderoso rem\u00e9dio natural para os cabelos que precisam de nutrimentos, as sementes de linho ajudam na hidrata\u00e7\u00e3o dos cabelos, que preservam a elasticidade e resist\u00eancia.<\/li>\n<li>Meliloto: rico em flavon\u00f3ides e cumarina, o meliloto tem propriedades regeneradoras, relaxantes e nutritivas que o tornam ideal para reestruturar e desembara\u00e7ar os cabelos, dando-lhes brilho e volume.<\/li>\n<\/ul>\n<p>[\/vc_column_text][vc_column_text]<\/p>\n<h1>Como usar<\/h1>\n<p>Aplique o \u00f3leo modelador Luster no cabelo molhado ou seco e penteie como desejado.[\/vc_column_text][\/vc_column_inner][\/vc_row_inner][vc_row_inner el_id=&#8221;mobile&#8221;][vc_column_inner width=&#8221;1\/2&#8243; offset=&#8221;vc_hidden-lg vc_hidden-md vc_hidden-sm&#8221;][vc_column_text]<\/p>\n<h1>Ir\u00e1 am\u00e1-lo porque<\/h1>\n<ul>\n<li>Modela e protege os cabelos<\/li>\n<li>Hidrata o cabelo e tem uma a\u00e7\u00e3o anticrespo<\/li>\n<li>Permite criar um look e texturas naturais<\/li>\n<li>N\u00e3o gorduroso e n\u00e3o pegajoso<\/li>\n<\/ul>\n<p>[\/vc_column_text][vc_column_text]<\/p>\n<h1>Ativos na f\u00f3rmula<\/h1>\n<ul>\n<li>Extratos de sementes de linho: poderoso rem\u00e9dio natural para os cabelos que precisam de nutrimentos, as sementes de linho ajudam na hidrata\u00e7\u00e3o dos cabelos, que preservam a elasticidade e resist\u00eancia.<\/li>\n<li>Meliloto: rico em flavon\u00f3ides e cumarina, o meliloto tem propriedades regeneradoras, relaxantes e nutritivas que o tornam ideal para reestruturar e desembara\u00e7ar os cabelos, dando-lhes brilho e volume.<\/li>\n<\/ul>\n<p>[\/vc_column_text][vc_column_text]<\/p>\n<h1>Como usar<\/h1>\n<p>Aplique o \u00f3leo modelador Luster no cabelo molhado ou seco e penteie como desejado.[\/vc_column_text][\/vc_column_inner][vc_column_inner width=&#8221;1\/2&#8243; css=&#8221;.vc_custom_1582892345786{background-image: url(https:\/\/paulrivera.it\/wp-content\/uploads\/2020\/02\/background_adv_produc_luster.png?id=919) !important;background-position: center !important;background-repeat: no-repeat !important;background-size: cover !important;}&#8221; offset=&#8221;vc_hidden-lg vc_hidden-md vc_hidden-sm&#8221;][vc_single_image image=&#8221;2770&#8243; img_size=&#8221;large&#8221; alignment=&#8221;center&#8221;][\/vc_column_inner][\/vc_row_inner][\/vc_column][\/vc_row][vc_row css=&#8221;.vc_custom_1582192829011{padding-top: 50px !important;}&#8221;][vc_column][vc_row_inner][vc_column_inner][vc_column_text]<\/p>\n<h1 style=\"text-align: center;\">Produtos relacionados<\/h1>\n<p>[\/vc_column_text][\/vc_column_inner][\/vc_row_inner][vc_raw_html]W3dwYi1wcm9kdWN0LXNsaWRlci1zaG9ydGNvZGUgaWQ9IjE5MyJd[\/vc_raw_html][\/vc_column][\/vc_row]<\/p>\n<\/div>","protected":false},"excerpt":{"rendered":"<p>O Oil non Oil Luster \u00e9 um <strong>flu\u00eddo modelador protetor<\/strong>, ideal para looks e texturas naturais. Cria uma ligeira estrutura condicionante e elimina o efeito crespo sem deixar res\u00edduos nem pesar. Enriquecido com <strong>extratos de sementes de linho<\/strong> e<strong> meliloto<\/strong>, princ\u00edpios ativos funcionais com propriedades nutritivas e hidratantes.<\/p>\n<p>Envolve o cabelo comprido numa pel\u00edcula de prote\u00e7\u00e3o com uma ligeira fixa\u00e7\u00e3o. O resultado: o \u00f3leo Luster <strong>ilumina e modela num \u00fanico gesto<\/strong>, dando um efeito imediato de brilho ao cabelo. Os cabelos recuperam suavidade e vitalidade.<\/p>\n<p>200 ml<\/p>\n<p>&nbsp;<\/p>\n[maxbutton id=\"6\"]\n","protected":false},"featured_media":2795,"template":"","meta":[],"product_brand":[],"product_cat":[374],"product_tag":[],"class_list":{"0":"post-2794","1":"product","2":"type-product","3":"status-publish","4":"has-post-thumbnail","6":"product_cat-finish-styling-pt","7":"description-off","9":"first","10":"instock","11":"shipping-taxable","12":"product-type-simple"},"yoast_head":"<!-- This site is optimized with the Yoast SEO plugin v27.2 - https:\/\/yoast.com\/product\/yoast-seo-wordpress\/ -->\n<title>Luster Oil non Oil - Flu\u00eddo modelador de prote\u00e7\u00e3o | Paul Rivera<\/title>\n<meta name=\"description\" content=\"O Oil non Oil Luster \u00e9 um flu\u00eddo modelador protetor, ideal para looks e texturas naturais.\" \/>\n<meta name=\"robots\" content=\"index, follow, max-snippet:-1, max-image-preview:large, max-video-preview:-1\" \/>\n<link rel=\"canonical\" href=\"https:\/\/paulrivera.it\/pt-pt\/prodotti\/finish-styling-pt\/luster-oil-non-oil-fluido-modelador-de-protecao\/\" \/>\n<meta property=\"og:locale\" content=\"pt_PT\" \/>\n<meta property=\"og:type\" content=\"article\" \/>\n<meta property=\"og:title\" content=\"Luster Oil non Oil - Flu\u00eddo modelador de prote\u00e7\u00e3o | Paul Rivera\" \/>\n<meta property=\"og:description\" content=\"O Oil non Oil Luster \u00e9 um flu\u00eddo modelador protetor, ideal para looks e texturas naturais.\" \/>\n<meta property=\"og:url\" content=\"https:\/\/paulrivera.it\/pt-pt\/prodotti\/finish-styling-pt\/luster-oil-non-oil-fluido-modelador-de-protecao\/\" \/>\n<meta property=\"og:site_name\" content=\"Paul Rivera\" \/>\n<meta property=\"article:modified_time\" content=\"2024-05-13T10:44:54+00:00\" \/>\n<meta property=\"og:image\" content=\"https:\/\/paulrivera.it\/wp-content\/uploads\/2020\/02\/606129_paul_rivera_loster_protective_shaping_fluid_200ml.png\" \/>\n\t<meta property=\"og:image:width\" content=\"800\" \/>\n\t<meta property=\"og:image:height\" content=\"800\" \/>\n\t<meta property=\"og:image:type\" content=\"image\/png\" \/>\n<meta name=\"twitter:card\" content=\"summary_large_image\" \/>\n<meta name=\"twitter:label1\" content=\"Est. reading time\" \/>\n\t<meta name=\"twitter:data1\" content=\"3 minutes\" \/>\n<script type=\"application\/ld+json\" class=\"yoast-schema-graph\">{\"@context\":\"https:\/\/schema.org\",\"@graph\":[{\"@type\":\"WebPage\",\"@id\":\"https:\/\/paulrivera.it\/pt-pt\/prodotti\/finish-styling-pt\/luster-oil-non-oil-fluido-modelador-de-protecao\/\",\"url\":\"https:\/\/paulrivera.it\/pt-pt\/prodotti\/finish-styling-pt\/luster-oil-non-oil-fluido-modelador-de-protecao\/\",\"name\":\"Luster Oil non Oil - Flu\u00eddo modelador de prote\u00e7\u00e3o | Paul Rivera\",\"isPartOf\":{\"@id\":\"https:\/\/paulrivera.it\/pt-pt\/#website\"},\"primaryImageOfPage\":{\"@id\":\"https:\/\/paulrivera.it\/pt-pt\/prodotti\/finish-styling-pt\/luster-oil-non-oil-fluido-modelador-de-protecao\/#primaryimage\"},\"image\":{\"@id\":\"https:\/\/paulrivera.it\/pt-pt\/prodotti\/finish-styling-pt\/luster-oil-non-oil-fluido-modelador-de-protecao\/#primaryimage\"},\"thumbnailUrl\":\"https:\/\/paulrivera.it\/wp-content\/uploads\/2020\/02\/606129_paul_rivera_loster_protective_shaping_fluid_200ml.png\",\"datePublished\":\"2020-02-18T08:48:15+00:00\",\"dateModified\":\"2024-05-13T10:44:54+00:00\",\"description\":\"O Oil non Oil Luster \u00e9 um flu\u00eddo modelador protetor, ideal para looks e texturas naturais.\",\"breadcrumb\":{\"@id\":\"https:\/\/paulrivera.it\/pt-pt\/prodotti\/finish-styling-pt\/luster-oil-non-oil-fluido-modelador-de-protecao\/#breadcrumb\"},\"inLanguage\":\"pt-PT\",\"potentialAction\":[{\"@type\":\"ReadAction\",\"target\":[\"https:\/\/paulrivera.it\/pt-pt\/prodotti\/finish-styling-pt\/luster-oil-non-oil-fluido-modelador-de-protecao\/\"]}]},{\"@type\":\"ImageObject\",\"inLanguage\":\"pt-PT\",\"@id\":\"https:\/\/paulrivera.it\/pt-pt\/prodotti\/finish-styling-pt\/luster-oil-non-oil-fluido-modelador-de-protecao\/#primaryimage\",\"url\":\"https:\/\/paulrivera.it\/wp-content\/uploads\/2020\/02\/606129_paul_rivera_loster_protective_shaping_fluid_200ml.png\",\"contentUrl\":\"https:\/\/paulrivera.it\/wp-content\/uploads\/2020\/02\/606129_paul_rivera_loster_protective_shaping_fluid_200ml.png\",\"width\":800,\"height\":800,\"caption\":\"Luster Oil non Oil - Flu\u00eddo modelador de prote\u00e7\u00e3o\"},{\"@type\":\"BreadcrumbList\",\"@id\":\"https:\/\/paulrivera.it\/pt-pt\/prodotti\/finish-styling-pt\/luster-oil-non-oil-fluido-modelador-de-protecao\/#breadcrumb\",\"itemListElement\":[{\"@type\":\"ListItem\",\"position\":1,\"name\":\"Home\",\"item\":\"https:\/\/paulrivera.it\/pt-pt\/\"},{\"@type\":\"ListItem\",\"position\":2,\"name\":\"Pagina shop\",\"item\":\"https:\/\/paulrivera.it\/prodotti\/\"},{\"@type\":\"ListItem\",\"position\":3,\"name\":\"Luster Oil non Oil &#8211; Flu\u00eddo modelador de prote\u00e7\u00e3o\"}]},{\"@type\":\"WebSite\",\"@id\":\"https:\/\/paulrivera.it\/pt-pt\/#website\",\"url\":\"https:\/\/paulrivera.it\/pt-pt\/\",\"name\":\"Paul Rivera\",\"description\":\"Hair Beauty Celebration\",\"publisher\":{\"@id\":\"https:\/\/paulrivera.it\/pt-pt\/#organization\"},\"potentialAction\":[{\"@type\":\"SearchAction\",\"target\":{\"@type\":\"EntryPoint\",\"urlTemplate\":\"https:\/\/paulrivera.it\/pt-pt\/?s={search_term_string}\"},\"query-input\":{\"@type\":\"PropertyValueSpecification\",\"valueRequired\":true,\"valueName\":\"search_term_string\"}}],\"inLanguage\":\"pt-PT\"},{\"@type\":\"Organization\",\"@id\":\"https:\/\/paulrivera.it\/pt-pt\/#organization\",\"name\":\"Paul Rivera\",\"url\":\"https:\/\/paulrivera.it\/pt-pt\/\",\"logo\":{\"@type\":\"ImageObject\",\"inLanguage\":\"pt-PT\",\"@id\":\"https:\/\/paulrivera.it\/pt-pt\/#\/schema\/logo\/image\/\",\"url\":\"https:\/\/paulrivera.it\/wp-content\/uploads\/2020\/02\/paul_rivera_logo_header_x2.png\",\"contentUrl\":\"https:\/\/paulrivera.it\/wp-content\/uploads\/2020\/02\/paul_rivera_logo_header_x2.png\",\"width\":470,\"height\":60,\"caption\":\"Paul Rivera\"},\"image\":{\"@id\":\"https:\/\/paulrivera.it\/pt-pt\/#\/schema\/logo\/image\/\"}}]}<\/script>\n<!-- \/ Yoast SEO plugin. -->","yoast_head_json":{"title":"Luster Oil non Oil - Flu\u00eddo modelador de prote\u00e7\u00e3o | Paul Rivera","description":"O Oil non Oil Luster \u00e9 um flu\u00eddo modelador protetor, ideal para looks e texturas naturais.","robots":{"index":"index","follow":"follow","max-snippet":"max-snippet:-1","max-image-preview":"max-image-preview:large","max-video-preview":"max-video-preview:-1"},"canonical":"https:\/\/paulrivera.it\/pt-pt\/prodotti\/finish-styling-pt\/luster-oil-non-oil-fluido-modelador-de-protecao\/","og_locale":"pt_PT","og_type":"article","og_title":"Luster Oil non Oil - Flu\u00eddo modelador de prote\u00e7\u00e3o | Paul Rivera","og_description":"O Oil non Oil Luster \u00e9 um flu\u00eddo modelador protetor, ideal para looks e texturas naturais.","og_url":"https:\/\/paulrivera.it\/pt-pt\/prodotti\/finish-styling-pt\/luster-oil-non-oil-fluido-modelador-de-protecao\/","og_site_name":"Paul Rivera","article_modified_time":"2024-05-13T10:44:54+00:00","og_image":[{"width":800,"height":800,"url":"https:\/\/paulrivera.it\/wp-content\/uploads\/2020\/02\/606129_paul_rivera_loster_protective_shaping_fluid_200ml.png","type":"image\/png"}],"twitter_card":"summary_large_image","twitter_misc":{"Est. reading time":"3 minutes"},"schema":{"@context":"https:\/\/schema.org","@graph":[{"@type":"WebPage","@id":"https:\/\/paulrivera.it\/pt-pt\/prodotti\/finish-styling-pt\/luster-oil-non-oil-fluido-modelador-de-protecao\/","url":"https:\/\/paulrivera.it\/pt-pt\/prodotti\/finish-styling-pt\/luster-oil-non-oil-fluido-modelador-de-protecao\/","name":"Luster Oil non Oil - Flu\u00eddo modelador de prote\u00e7\u00e3o | Paul Rivera","isPartOf":{"@id":"https:\/\/paulrivera.it\/pt-pt\/#website"},"primaryImageOfPage":{"@id":"https:\/\/paulrivera.it\/pt-pt\/prodotti\/finish-styling-pt\/luster-oil-non-oil-fluido-modelador-de-protecao\/#primaryimage"},"image":{"@id":"https:\/\/paulrivera.it\/pt-pt\/prodotti\/finish-styling-pt\/luster-oil-non-oil-fluido-modelador-de-protecao\/#primaryimage"},"thumbnailUrl":"https:\/\/paulrivera.it\/wp-content\/uploads\/2020\/02\/606129_paul_rivera_loster_protective_shaping_fluid_200ml.png","datePublished":"2020-02-18T08:48:15+00:00","dateModified":"2024-05-13T10:44:54+00:00","description":"O Oil non Oil Luster \u00e9 um flu\u00eddo modelador protetor, ideal para looks e texturas naturais.","breadcrumb":{"@id":"https:\/\/paulrivera.it\/pt-pt\/prodotti\/finish-styling-pt\/luster-oil-non-oil-fluido-modelador-de-protecao\/#breadcrumb"},"inLanguage":"pt-PT","potentialAction":[{"@type":"ReadAction","target":["https:\/\/paulrivera.it\/pt-pt\/prodotti\/finish-styling-pt\/luster-oil-non-oil-fluido-modelador-de-protecao\/"]}]},{"@type":"ImageObject","inLanguage":"pt-PT","@id":"https:\/\/paulrivera.it\/pt-pt\/prodotti\/finish-styling-pt\/luster-oil-non-oil-fluido-modelador-de-protecao\/#primaryimage","url":"https:\/\/paulrivera.it\/wp-content\/uploads\/2020\/02\/606129_paul_rivera_loster_protective_shaping_fluid_200ml.png","contentUrl":"https:\/\/paulrivera.it\/wp-content\/uploads\/2020\/02\/606129_paul_rivera_loster_protective_shaping_fluid_200ml.png","width":800,"height":800,"caption":"Luster Oil non Oil - Flu\u00eddo modelador de prote\u00e7\u00e3o"},{"@type":"BreadcrumbList","@id":"https:\/\/paulrivera.it\/pt-pt\/prodotti\/finish-styling-pt\/luster-oil-non-oil-fluido-modelador-de-protecao\/#breadcrumb","itemListElement":[{"@type":"ListItem","position":1,"name":"Home","item":"https:\/\/paulrivera.it\/pt-pt\/"},{"@type":"ListItem","position":2,"name":"Pagina shop","item":"https:\/\/paulrivera.it\/prodotti\/"},{"@type":"ListItem","position":3,"name":"Luster Oil non Oil &#8211; Flu\u00eddo modelador de prote\u00e7\u00e3o"}]},{"@type":"WebSite","@id":"https:\/\/paulrivera.it\/pt-pt\/#website","url":"https:\/\/paulrivera.it\/pt-pt\/","name":"Paul Rivera","description":"Hair Beauty Celebration","publisher":{"@id":"https:\/\/paulrivera.it\/pt-pt\/#organization"},"potentialAction":[{"@type":"SearchAction","target":{"@type":"EntryPoint","urlTemplate":"https:\/\/paulrivera.it\/pt-pt\/?s={search_term_string}"},"query-input":{"@type":"PropertyValueSpecification","valueRequired":true,"valueName":"search_term_string"}}],"inLanguage":"pt-PT"},{"@type":"Organization","@id":"https:\/\/paulrivera.it\/pt-pt\/#organization","name":"Paul Rivera","url":"https:\/\/paulrivera.it\/pt-pt\/","logo":{"@type":"ImageObject","inLanguage":"pt-PT","@id":"https:\/\/paulrivera.it\/pt-pt\/#\/schema\/logo\/image\/","url":"https:\/\/paulrivera.it\/wp-content\/uploads\/2020\/02\/paul_rivera_logo_header_x2.png","contentUrl":"https:\/\/paulrivera.it\/wp-content\/uploads\/2020\/02\/paul_rivera_logo_header_x2.png","width":470,"height":60,"caption":"Paul Rivera"},"image":{"@id":"https:\/\/paulrivera.it\/pt-pt\/#\/schema\/logo\/image\/"}}]}},"_links":{"self":[{"href":"https:\/\/paulrivera.it\/pt-pt\/wp-json\/wp\/v2\/product\/2794","targetHints":{"allow":["GET"]}}],"collection":[{"href":"https:\/\/paulrivera.it\/pt-pt\/wp-json\/wp\/v2\/product"}],"about":[{"href":"https:\/\/paulrivera.it\/pt-pt\/wp-json\/wp\/v2\/types\/product"}],"wp:featuredmedia":[{"embeddable":true,"href":"https:\/\/paulrivera.it\/pt-pt\/wp-json\/wp\/v2\/media\/2795"}],"wp:attachment":[{"href":"https:\/\/paulrivera.it\/pt-pt\/wp-json\/wp\/v2\/media?parent=2794"}],"wp:term":[{"taxonomy":"product_brand","embeddable":true,"href":"https:\/\/paulrivera.it\/pt-pt\/wp-json\/wp\/v2\/product_brand?post=2794"},{"taxonomy":"product_cat","embeddable":true,"href":"https:\/\/paulrivera.it\/pt-pt\/wp-json\/wp\/v2\/product_cat?post=2794"},{"taxonomy":"product_tag","embeddable":true,"href":"https:\/\/paulrivera.it\/pt-pt\/wp-json\/wp\/v2\/product_tag?post=2794"}],"curies":[{"name":"wp","href":"https:\/\/api.w.org\/{rel}","templated":true}]}}