{"id":2796,"date":"2020-02-18T09:38:40","date_gmt":"2020-02-18T08:38:40","guid":{"rendered":"https:\/\/paulrivera.it\/product\/fabulous-spray-instantaneo-10-em-1\/"},"modified":"2024-05-13T12:48:49","modified_gmt":"2024-05-13T10:48:49","slug":"fabulous-spray-instantaneo-10-em-1","status":"publish","type":"product","link":"https:\/\/paulrivera.it\/pt-pt\/prodotti\/finish-styling-pt\/fabulous-spray-instantaneo-10-em-1\/","title":{"rendered":"Fabulous &#8211; Spray Instant\u00e2neo 10 em 1"},"content":{"rendered":"<div class=\"wpb-content-wrapper\"><p>[vc_row full_width=&#8221;stretch_row&#8221;][vc_column][vc_row_inner el_id=&#8221;desktop&#8221;][vc_column_inner width=&#8221;1\/2&#8243; css=&#8221;.vc_custom_1582194227194{padding-top: 10% !important;padding-right: 10% !important;padding-bottom: 10% !important;padding-left: 30% !important;}&#8221; offset=&#8221;vc_hidden-md vc_hidden-sm vc_hidden-xs&#8221;][vc_column_text]<\/p>\n<h1>Ir\u00e1 am\u00e1-lo porque<\/h1>\n<ol>\n<li>Desembara\u00e7a<\/li>\n<li>D\u00e1 volume<\/li>\n<li>Ilumina<\/li>\n<li>Regenera<\/li>\n<li>Hidrata<\/li>\n<li>Combate as pontas espigadas<\/li>\n<li>Desenvolve uma a\u00e7\u00e3o anti-crespo<\/li>\n<li>Protege a cor<\/li>\n<li>Simplifica a secagem<\/li>\n<li>Termoprotetor<\/li>\n<\/ol>\n<p>[\/vc_column_text][vc_column_text]<\/p>\n<h1>Ativos na f\u00f3rmula<\/h1>\n<ul>\n<li>Extratos de sabugueiro: excelente fonte de flavon\u00f3ides, vitamina E e C, o sabugueiro \u00e9 um antioxidante natural com propriedades regenerantes e nutritivas reconhecidas.<\/li>\n<li>Orqu\u00eddea: as suas incr\u00edveis propriedades suavizantes d\u00e3o suavidade ao cabelo, reparando as pontas espigadas e refor\u00e7ando-as em profundidade.<\/li>\n<\/ul>\n<p>[\/vc_column_text][vc_column_text]<\/p>\n<h1>Como usar<\/h1>\n<p>Vaporize o spray 10 em 1 no cabelo h\u00famido e proceda ao styling desejado. N\u00e3o enxaguar.[\/vc_column_text][\/vc_column_inner][vc_column_inner width=&#8221;1\/2&#8243; css=&#8221;.vc_custom_1582893559078{background-image: url(https:\/\/paulrivera.it\/wp-content\/uploads\/2020\/02\/background_adv_produc_fabolous.png?id=917) !important;background-position: center !important;background-repeat: no-repeat !important;background-size: cover !important;}&#8221; offset=&#8221;vc_hidden-md vc_hidden-sm vc_hidden-xs&#8221;][vc_single_image image=&#8221;2768&#8243; img_size=&#8221;large&#8221; alignment=&#8221;center&#8221;][\/vc_column_inner][\/vc_row_inner][vc_row_inner el_id=&#8221;tablet&#8221;][vc_column_inner offset=&#8221;vc_hidden-lg vc_hidden-xs&#8221;][vc_column_text]<\/p>\n<h1>Ir\u00e1 am\u00e1-lo porque<\/h1>\n<ol>\n<li>Desembara\u00e7a<\/li>\n<li>D\u00e1 volume<\/li>\n<li>Ilumina<\/li>\n<li>Regenera<\/li>\n<li>Hidrata<\/li>\n<li>Combate as pontas espigadas<\/li>\n<li>Desenvolve uma a\u00e7\u00e3o anti-crespo<\/li>\n<li>Protege a cor<\/li>\n<li>Simplifica a secagem<\/li>\n<li>Termoprotetor<\/li>\n<\/ol>\n<p>[\/vc_column_text][vc_column_text]<\/p>\n<h1>Ativos na f\u00f3rmula<\/h1>\n<ul>\n<li>Extratos de sabugueiro: excelente fonte de flavon\u00f3ides, vitamina E e C, o sabugueiro \u00e9 um antioxidante natural com propriedades regenerantes e nutritivas reconhecidas.<\/li>\n<li>Orqu\u00eddea: as suas incr\u00edveis propriedades suavizantes d\u00e3o suavidade ao cabelo, reparando as pontas espigadas e refor\u00e7ando-as em profundidade.<\/li>\n<\/ul>\n<p>[\/vc_column_text][vc_column_text]<\/p>\n<h1>Como usar<\/h1>\n<p>Vaporize o spray 10 em 1 no cabelo h\u00famido e proceda ao styling desejado. N\u00e3o enxaguar.[\/vc_column_text][\/vc_column_inner][\/vc_row_inner][vc_row_inner el_id=&#8221;mobile&#8221;][vc_column_inner width=&#8221;1\/2&#8243; offset=&#8221;vc_hidden-lg vc_hidden-md vc_hidden-sm&#8221;][vc_column_text]<\/p>\n<h1>Ir\u00e1 am\u00e1-lo porque<\/h1>\n<ol>\n<li>Desembara\u00e7a<\/li>\n<li>D\u00e1 volume<\/li>\n<li>Ilumina<\/li>\n<li>Regenera<\/li>\n<li>Hidrata<\/li>\n<li>Combate as pontas espigadas<\/li>\n<li>Desenvolve uma a\u00e7\u00e3o anti-crespo<\/li>\n<li>Protege a cor<\/li>\n<li>Simplifica a secagem<\/li>\n<li>Termoprotetor<\/li>\n<\/ol>\n<p>[\/vc_column_text][vc_column_text]<\/p>\n<h1>Ativos na f\u00f3rmula<\/h1>\n<ul>\n<li>Extratos de sabugueiro: excelente fonte de flavon\u00f3ides, vitamina E e C, o sabugueiro \u00e9 um antioxidante natural com propriedades regenerantes e nutritivas reconhecidas.<\/li>\n<li>Orqu\u00eddea: as suas incr\u00edveis propriedades suavizantes d\u00e3o suavidade ao cabelo, reparando as pontas espigadas e refor\u00e7ando-as em profundidade.<\/li>\n<\/ul>\n<p>[\/vc_column_text][vc_column_text]<\/p>\n<h1>Como usar<\/h1>\n<p>Vaporize o spray 10 em 1 no cabelo h\u00famido e proceda ao styling desejado. N\u00e3o enxaguar.[\/vc_column_text][\/vc_column_inner][vc_column_inner width=&#8221;1\/2&#8243; css=&#8221;.vc_custom_1582893578889{background-position: center !important;background-repeat: no-repeat !important;background-size: cover !important;}&#8221; offset=&#8221;vc_hidden-lg vc_hidden-md vc_hidden-sm&#8221;][vc_single_image image=&#8221;2768&#8243; img_size=&#8221;large&#8221; alignment=&#8221;center&#8221;][\/vc_column_inner][\/vc_row_inner][\/vc_column][\/vc_row][vc_row css=&#8221;.vc_custom_1582192829011{padding-top: 50px !important;}&#8221;][vc_column][vc_row_inner][vc_column_inner][vc_column_text]<\/p>\n<h1 style=\"text-align: center;\">Produtos relacionados<\/h1>\n<p>[\/vc_column_text][\/vc_column_inner][\/vc_row_inner][vc_raw_html]W3dwYi1wcm9kdWN0LXNsaWRlci1zaG9ydGNvZGUgaWQ9IjE5NCJd[\/vc_raw_html][\/vc_column][\/vc_row]<\/p>\n<\/div>","protected":false},"excerpt":{"rendered":"<p><strong>Fabulous<\/strong> \u00e9 o <strong>spray com a\u00e7\u00e3o instant\u00e2nea com 10 efeitos<\/strong>: estudado para proporcionar um cabelo fabuloso dia ap\u00f3s dia, a sua f\u00f3rmula \u00e9 \u00e0 base de <strong>extratos de sabugueiro e orqu\u00eddea<\/strong>.<\/p>\n<p>Gra\u00e7as \u00e0 tecnologia intensiva <strong>sem enxaguamento<\/strong>, \u00e9 perfeito quando se tem pouco tempo e que n\u00e3o queremos sacrificar a <strong>beleza e o bem-estar do cabelo<\/strong>.<\/p>\n<p>Regenera, hidrata, disciplina, ilumina e protege sem pesar: um <strong>tratamento completo<\/strong> para todos os tipos de cabelos num produto com m\u00faltiplos ativos sem precedentes.<\/p>\n<p>200 ml<\/p>\n<p>&nbsp;<\/p>\n[maxbutton id=\"6\"]\n","protected":false},"featured_media":2797,"template":"","meta":[],"product_brand":[],"product_cat":[374],"product_tag":[],"class_list":{"0":"post-2796","1":"product","2":"type-product","3":"status-publish","4":"has-post-thumbnail","6":"product_cat-finish-styling-pt","7":"description-off","9":"first","10":"instock","11":"shipping-taxable","12":"product-type-simple"},"yoast_head":"<!-- This site is optimized with the Yoast SEO plugin v27.2 - https:\/\/yoast.com\/product\/yoast-seo-wordpress\/ -->\n<title>Fabulous - Spray Instant\u00e2neo 10 em 1 | Paul Rivera<\/title>\n<meta name=\"description\" content=\"Fabulous \u00e9 o spray com a\u00e7\u00e3o instant\u00e2nea com 10 efeitos: estudado para proporcionar um cabelo fabuloso dia ap\u00f3s dia, a sua f\u00f3rmula \u00e9 \u00e0 base de extratos de sabugueiro e orqu\u00eddea.\" \/>\n<meta name=\"robots\" content=\"index, follow, max-snippet:-1, max-image-preview:large, max-video-preview:-1\" \/>\n<link rel=\"canonical\" href=\"https:\/\/paulrivera.it\/pt-pt\/prodotti\/finish-styling-pt\/fabulous-spray-instantaneo-10-em-1\/\" \/>\n<meta property=\"og:locale\" content=\"pt_PT\" \/>\n<meta property=\"og:type\" content=\"article\" \/>\n<meta property=\"og:title\" content=\"Fabulous - Spray Instant\u00e2neo 10 em 1 | Paul Rivera\" \/>\n<meta property=\"og:description\" content=\"Fabulous \u00e9 o spray com a\u00e7\u00e3o instant\u00e2nea com 10 efeitos: estudado para proporcionar um cabelo fabuloso dia ap\u00f3s dia, a sua f\u00f3rmula \u00e9 \u00e0 base de extratos de sabugueiro e orqu\u00eddea.\" \/>\n<meta property=\"og:url\" content=\"https:\/\/paulrivera.it\/pt-pt\/prodotti\/finish-styling-pt\/fabulous-spray-instantaneo-10-em-1\/\" \/>\n<meta property=\"og:site_name\" content=\"Paul Rivera\" \/>\n<meta property=\"article:modified_time\" content=\"2024-05-13T10:48:49+00:00\" \/>\n<meta property=\"og:image\" content=\"https:\/\/paulrivera.it\/wp-content\/uploads\/2020\/02\/606099_paul_rivera_fabulous_instant_spray_10_in_1_200ml.png\" \/>\n\t<meta property=\"og:image:width\" content=\"800\" \/>\n\t<meta property=\"og:image:height\" content=\"800\" \/>\n\t<meta property=\"og:image:type\" content=\"image\/png\" \/>\n<meta name=\"twitter:card\" content=\"summary_large_image\" \/>\n<meta name=\"twitter:label1\" content=\"Est. reading time\" \/>\n\t<meta name=\"twitter:data1\" content=\"2 minutes\" \/>\n<script type=\"application\/ld+json\" class=\"yoast-schema-graph\">{\"@context\":\"https:\/\/schema.org\",\"@graph\":[{\"@type\":\"WebPage\",\"@id\":\"https:\/\/paulrivera.it\/pt-pt\/prodotti\/finish-styling-pt\/fabulous-spray-instantaneo-10-em-1\/\",\"url\":\"https:\/\/paulrivera.it\/pt-pt\/prodotti\/finish-styling-pt\/fabulous-spray-instantaneo-10-em-1\/\",\"name\":\"Fabulous - Spray Instant\u00e2neo 10 em 1 | Paul Rivera\",\"isPartOf\":{\"@id\":\"https:\/\/paulrivera.it\/pt-pt\/#website\"},\"primaryImageOfPage\":{\"@id\":\"https:\/\/paulrivera.it\/pt-pt\/prodotti\/finish-styling-pt\/fabulous-spray-instantaneo-10-em-1\/#primaryimage\"},\"image\":{\"@id\":\"https:\/\/paulrivera.it\/pt-pt\/prodotti\/finish-styling-pt\/fabulous-spray-instantaneo-10-em-1\/#primaryimage\"},\"thumbnailUrl\":\"https:\/\/paulrivera.it\/wp-content\/uploads\/2020\/02\/606099_paul_rivera_fabulous_instant_spray_10_in_1_200ml.png\",\"datePublished\":\"2020-02-18T08:38:40+00:00\",\"dateModified\":\"2024-05-13T10:48:49+00:00\",\"description\":\"Fabulous \u00e9 o spray com a\u00e7\u00e3o instant\u00e2nea com 10 efeitos: estudado para proporcionar um cabelo fabuloso dia ap\u00f3s dia, a sua f\u00f3rmula \u00e9 \u00e0 base de extratos de sabugueiro e orqu\u00eddea.\",\"breadcrumb\":{\"@id\":\"https:\/\/paulrivera.it\/pt-pt\/prodotti\/finish-styling-pt\/fabulous-spray-instantaneo-10-em-1\/#breadcrumb\"},\"inLanguage\":\"pt-PT\",\"potentialAction\":[{\"@type\":\"ReadAction\",\"target\":[\"https:\/\/paulrivera.it\/pt-pt\/prodotti\/finish-styling-pt\/fabulous-spray-instantaneo-10-em-1\/\"]}]},{\"@type\":\"ImageObject\",\"inLanguage\":\"pt-PT\",\"@id\":\"https:\/\/paulrivera.it\/pt-pt\/prodotti\/finish-styling-pt\/fabulous-spray-instantaneo-10-em-1\/#primaryimage\",\"url\":\"https:\/\/paulrivera.it\/wp-content\/uploads\/2020\/02\/606099_paul_rivera_fabulous_instant_spray_10_in_1_200ml.png\",\"contentUrl\":\"https:\/\/paulrivera.it\/wp-content\/uploads\/2020\/02\/606099_paul_rivera_fabulous_instant_spray_10_in_1_200ml.png\",\"width\":800,\"height\":800,\"caption\":\"Fabulous - Spray Instant\u00e2neo 10 em 1\"},{\"@type\":\"BreadcrumbList\",\"@id\":\"https:\/\/paulrivera.it\/pt-pt\/prodotti\/finish-styling-pt\/fabulous-spray-instantaneo-10-em-1\/#breadcrumb\",\"itemListElement\":[{\"@type\":\"ListItem\",\"position\":1,\"name\":\"Home\",\"item\":\"https:\/\/paulrivera.it\/pt-pt\/\"},{\"@type\":\"ListItem\",\"position\":2,\"name\":\"Pagina shop\",\"item\":\"https:\/\/paulrivera.it\/prodotti\/\"},{\"@type\":\"ListItem\",\"position\":3,\"name\":\"Fabulous &#8211; Spray Instant\u00e2neo 10 em 1\"}]},{\"@type\":\"WebSite\",\"@id\":\"https:\/\/paulrivera.it\/pt-pt\/#website\",\"url\":\"https:\/\/paulrivera.it\/pt-pt\/\",\"name\":\"Paul Rivera\",\"description\":\"Hair Beauty Celebration\",\"publisher\":{\"@id\":\"https:\/\/paulrivera.it\/pt-pt\/#organization\"},\"potentialAction\":[{\"@type\":\"SearchAction\",\"target\":{\"@type\":\"EntryPoint\",\"urlTemplate\":\"https:\/\/paulrivera.it\/pt-pt\/?s={search_term_string}\"},\"query-input\":{\"@type\":\"PropertyValueSpecification\",\"valueRequired\":true,\"valueName\":\"search_term_string\"}}],\"inLanguage\":\"pt-PT\"},{\"@type\":\"Organization\",\"@id\":\"https:\/\/paulrivera.it\/pt-pt\/#organization\",\"name\":\"Paul Rivera\",\"url\":\"https:\/\/paulrivera.it\/pt-pt\/\",\"logo\":{\"@type\":\"ImageObject\",\"inLanguage\":\"pt-PT\",\"@id\":\"https:\/\/paulrivera.it\/pt-pt\/#\/schema\/logo\/image\/\",\"url\":\"https:\/\/paulrivera.it\/wp-content\/uploads\/2020\/02\/paul_rivera_logo_header_x2.png\",\"contentUrl\":\"https:\/\/paulrivera.it\/wp-content\/uploads\/2020\/02\/paul_rivera_logo_header_x2.png\",\"width\":470,\"height\":60,\"caption\":\"Paul Rivera\"},\"image\":{\"@id\":\"https:\/\/paulrivera.it\/pt-pt\/#\/schema\/logo\/image\/\"}}]}<\/script>\n<!-- \/ Yoast SEO plugin. -->","yoast_head_json":{"title":"Fabulous - Spray Instant\u00e2neo 10 em 1 | Paul Rivera","description":"Fabulous \u00e9 o spray com a\u00e7\u00e3o instant\u00e2nea com 10 efeitos: estudado para proporcionar um cabelo fabuloso dia ap\u00f3s dia, a sua f\u00f3rmula \u00e9 \u00e0 base de extratos de sabugueiro e orqu\u00eddea.","robots":{"index":"index","follow":"follow","max-snippet":"max-snippet:-1","max-image-preview":"max-image-preview:large","max-video-preview":"max-video-preview:-1"},"canonical":"https:\/\/paulrivera.it\/pt-pt\/prodotti\/finish-styling-pt\/fabulous-spray-instantaneo-10-em-1\/","og_locale":"pt_PT","og_type":"article","og_title":"Fabulous - Spray Instant\u00e2neo 10 em 1 | Paul Rivera","og_description":"Fabulous \u00e9 o spray com a\u00e7\u00e3o instant\u00e2nea com 10 efeitos: estudado para proporcionar um cabelo fabuloso dia ap\u00f3s dia, a sua f\u00f3rmula \u00e9 \u00e0 base de extratos de sabugueiro e orqu\u00eddea.","og_url":"https:\/\/paulrivera.it\/pt-pt\/prodotti\/finish-styling-pt\/fabulous-spray-instantaneo-10-em-1\/","og_site_name":"Paul Rivera","article_modified_time":"2024-05-13T10:48:49+00:00","og_image":[{"width":800,"height":800,"url":"https:\/\/paulrivera.it\/wp-content\/uploads\/2020\/02\/606099_paul_rivera_fabulous_instant_spray_10_in_1_200ml.png","type":"image\/png"}],"twitter_card":"summary_large_image","twitter_misc":{"Est. reading time":"2 minutes"},"schema":{"@context":"https:\/\/schema.org","@graph":[{"@type":"WebPage","@id":"https:\/\/paulrivera.it\/pt-pt\/prodotti\/finish-styling-pt\/fabulous-spray-instantaneo-10-em-1\/","url":"https:\/\/paulrivera.it\/pt-pt\/prodotti\/finish-styling-pt\/fabulous-spray-instantaneo-10-em-1\/","name":"Fabulous - Spray Instant\u00e2neo 10 em 1 | Paul Rivera","isPartOf":{"@id":"https:\/\/paulrivera.it\/pt-pt\/#website"},"primaryImageOfPage":{"@id":"https:\/\/paulrivera.it\/pt-pt\/prodotti\/finish-styling-pt\/fabulous-spray-instantaneo-10-em-1\/#primaryimage"},"image":{"@id":"https:\/\/paulrivera.it\/pt-pt\/prodotti\/finish-styling-pt\/fabulous-spray-instantaneo-10-em-1\/#primaryimage"},"thumbnailUrl":"https:\/\/paulrivera.it\/wp-content\/uploads\/2020\/02\/606099_paul_rivera_fabulous_instant_spray_10_in_1_200ml.png","datePublished":"2020-02-18T08:38:40+00:00","dateModified":"2024-05-13T10:48:49+00:00","description":"Fabulous \u00e9 o spray com a\u00e7\u00e3o instant\u00e2nea com 10 efeitos: estudado para proporcionar um cabelo fabuloso dia ap\u00f3s dia, a sua f\u00f3rmula \u00e9 \u00e0 base de extratos de sabugueiro e orqu\u00eddea.","breadcrumb":{"@id":"https:\/\/paulrivera.it\/pt-pt\/prodotti\/finish-styling-pt\/fabulous-spray-instantaneo-10-em-1\/#breadcrumb"},"inLanguage":"pt-PT","potentialAction":[{"@type":"ReadAction","target":["https:\/\/paulrivera.it\/pt-pt\/prodotti\/finish-styling-pt\/fabulous-spray-instantaneo-10-em-1\/"]}]},{"@type":"ImageObject","inLanguage":"pt-PT","@id":"https:\/\/paulrivera.it\/pt-pt\/prodotti\/finish-styling-pt\/fabulous-spray-instantaneo-10-em-1\/#primaryimage","url":"https:\/\/paulrivera.it\/wp-content\/uploads\/2020\/02\/606099_paul_rivera_fabulous_instant_spray_10_in_1_200ml.png","contentUrl":"https:\/\/paulrivera.it\/wp-content\/uploads\/2020\/02\/606099_paul_rivera_fabulous_instant_spray_10_in_1_200ml.png","width":800,"height":800,"caption":"Fabulous - Spray Instant\u00e2neo 10 em 1"},{"@type":"BreadcrumbList","@id":"https:\/\/paulrivera.it\/pt-pt\/prodotti\/finish-styling-pt\/fabulous-spray-instantaneo-10-em-1\/#breadcrumb","itemListElement":[{"@type":"ListItem","position":1,"name":"Home","item":"https:\/\/paulrivera.it\/pt-pt\/"},{"@type":"ListItem","position":2,"name":"Pagina shop","item":"https:\/\/paulrivera.it\/prodotti\/"},{"@type":"ListItem","position":3,"name":"Fabulous &#8211; Spray Instant\u00e2neo 10 em 1"}]},{"@type":"WebSite","@id":"https:\/\/paulrivera.it\/pt-pt\/#website","url":"https:\/\/paulrivera.it\/pt-pt\/","name":"Paul Rivera","description":"Hair Beauty Celebration","publisher":{"@id":"https:\/\/paulrivera.it\/pt-pt\/#organization"},"potentialAction":[{"@type":"SearchAction","target":{"@type":"EntryPoint","urlTemplate":"https:\/\/paulrivera.it\/pt-pt\/?s={search_term_string}"},"query-input":{"@type":"PropertyValueSpecification","valueRequired":true,"valueName":"search_term_string"}}],"inLanguage":"pt-PT"},{"@type":"Organization","@id":"https:\/\/paulrivera.it\/pt-pt\/#organization","name":"Paul Rivera","url":"https:\/\/paulrivera.it\/pt-pt\/","logo":{"@type":"ImageObject","inLanguage":"pt-PT","@id":"https:\/\/paulrivera.it\/pt-pt\/#\/schema\/logo\/image\/","url":"https:\/\/paulrivera.it\/wp-content\/uploads\/2020\/02\/paul_rivera_logo_header_x2.png","contentUrl":"https:\/\/paulrivera.it\/wp-content\/uploads\/2020\/02\/paul_rivera_logo_header_x2.png","width":470,"height":60,"caption":"Paul Rivera"},"image":{"@id":"https:\/\/paulrivera.it\/pt-pt\/#\/schema\/logo\/image\/"}}]}},"_links":{"self":[{"href":"https:\/\/paulrivera.it\/pt-pt\/wp-json\/wp\/v2\/product\/2796","targetHints":{"allow":["GET"]}}],"collection":[{"href":"https:\/\/paulrivera.it\/pt-pt\/wp-json\/wp\/v2\/product"}],"about":[{"href":"https:\/\/paulrivera.it\/pt-pt\/wp-json\/wp\/v2\/types\/product"}],"wp:featuredmedia":[{"embeddable":true,"href":"https:\/\/paulrivera.it\/pt-pt\/wp-json\/wp\/v2\/media\/2797"}],"wp:attachment":[{"href":"https:\/\/paulrivera.it\/pt-pt\/wp-json\/wp\/v2\/media?parent=2796"}],"wp:term":[{"taxonomy":"product_brand","embeddable":true,"href":"https:\/\/paulrivera.it\/pt-pt\/wp-json\/wp\/v2\/product_brand?post=2796"},{"taxonomy":"product_cat","embeddable":true,"href":"https:\/\/paulrivera.it\/pt-pt\/wp-json\/wp\/v2\/product_cat?post=2796"},{"taxonomy":"product_tag","embeddable":true,"href":"https:\/\/paulrivera.it\/pt-pt\/wp-json\/wp\/v2\/product_tag?post=2796"}],"curies":[{"name":"wp","href":"https:\/\/api.w.org\/{rel}","templated":true}]}}